{"id":6107,"date":"2013-04-04T08:32:11","date_gmt":"2013-04-04T08:32:11","guid":{"rendered":"https:\/\/snoeck.process-vision.de\/?post_type=product&#038;p=6107"},"modified":"2025-04-08T06:25:22","modified_gmt":"2025-04-08T06:25:22","slug":"bojan-sarcevic-a-curious-contortion-in-the-method-of-progress-lellipse-dellipse-2","status":"publish","type":"product","link":"https:\/\/snoeck.de\/es\/shop\/bojan-sarcevic-a-curious-contortion-in-the-method-of-progress-lellipse-dellipse-2\/","title":{"rendered":"Bojan \u0160ar\u010devi\u0107: Una curiosa contorsi\u00f3n en el m\u00e9todo del progreso - L'ellipse d'ellipse"},"content":{"rendered":"<h3>Ella \u00c9l<\/h3>\n<p>Es la forma abierta lo que preocupa fundamentalmente a Bojan \u0160ar\u010devi\u0107, que naci\u00f3 en Belgrado en 1974 y vive actualmente en Berl\u00edn y Par\u00eds; o, para que hable \u00e9l mismo: \"Mis exposiciones no son la expresi\u00f3n de una posici\u00f3n, sino el reflejo de los or\u00edgenes de cualquier posici\u00f3n.\" Y as\u00ed, este libro sobre las dos exposiciones en el Kunstmuseum Liechtenstein, Vaduz, y el Institut d'art contemporain, Villeurbann\/Rh\u00f4ne-Alpes, presenta una obra escult\u00f3rica que serpentea entre la escultura monumental, las piezas murales de filigrana y las pel\u00edculas de m\u00faltiples capas. Con Bojan \u0160ar\u010devi\u0107, el espectador nunca sabe lo que vendr\u00e1 despu\u00e9s. Lo \u00fanico cierto es que se trata de cuestiones est\u00e9ticas que, de una manera casi brechtiana simple, nos empujan a averiguar c\u00f3mo cruzar la frontera del arte a la vida. En contraste con esto, sin embargo, tambi\u00e9n hay una vena modernista en la obra de Bojan \u0160ar\u010devi\u0107, cuando desarrolla una forma resistente que tambi\u00e9n aparece como escultura y, por lo tanto, b\u00e1sicamente como el opuesto flagrante de una frontera cruzada entre la vida y el arte. Esta pr\u00e1ctica se inspira en muchos modelos hist\u00f3ricos, ya sean los constructivistas de Mosc\u00fa o los arquitectos Hans Poelzig, Erich Mendelsohn y Hans Scharoun. Sin embargo, deja atr\u00e1s todo formalismo. Porque \"el hecho de que el arte quiera transformarse en una forma de vida\", como escribe Michel Gauthier en su contribuci\u00f3n al cat\u00e1logo, \"no significa que la vida se deshaga de cualquier forma de arte\". Por supuesto, este cat\u00e1logo es tambi\u00e9n una peque\u00f1a sensaci\u00f3n, ya que por primera vez el artista ha permitido (y participado activamente) que se ilustren, describan e interpreten retrospectivamente un gran n\u00famero de sus muy diversas obras desde 1999, pero sobre todo de los \u00faltimos cinco a\u00f1os. Por fin est\u00e1 disponible el libro que el mundo del arte llevaba tiempo esperando.<\/p>\n<p>Exposiciones:<br \/>\nKunstmuseum Liechtenstein, Vaduz, 10\/2-6\/5\/2012<br \/>\nInstitut d'art contemporain, Villeurbann\/Rh\u00f4ne-Alpes, 21\/9-18\/11\/2012<\/p>","protected":false},"excerpt":{"rendered":"<div class=\"field field-name-field-pub-b029 field-type-text field-label-hidden\">\n<div class=\"field-items\">\n<div class=\"field-item even\">\n<h2 id=\"book-subtitle\">Cat. Kunstmuseum Liechtenstein, Institut d'art contemporain Villeurbanne\/Rh\u00f4ne-Alpes<\/h2>\n<\/div>\n<\/div>\n<\/div>\n<div class=\"field field-name-field-pub-tech-descr field-type-text-long field-label-hidden\">\n<div class=\"field-items\">\n<div class=\"field-item even\">\n<p>Cat\u00e1logo de la exposici\u00f3n, editado por Nathalie Ergino y Friedemann Malsch<br \/>\nTextos (en.) de Michel Gauthier, Martin Herbert, Christiane Meyer-Stoll<br \/>\n120 p. con 100 ilustraciones en color<br \/>\nFormato 23,5 x 20 cm<\/p>\n<\/div>\n<\/div>\n<\/div>","protected":false},"featured_media":6138,"template":"","meta":[],"product_brand":[],"product_cat":[101,76],"product_tag":[],"class_list":{"0":"post-6107","1":"product","2":"type-product","3":"status-publish","4":"has-post-thumbnail","6":"product_cat-101","7":"product_cat-s","9":"first","10":"instock","11":"taxable","12":"shipping-taxable","13":"purchasable","14":"product-type-simple"},"aioseo_notices":[],"_wp_attached_file":null,"_wp_attachment_metadata":null,"_wc_attachment_source":null,"_elementor_inline_svg":null,"_elementor_is_screenshot":null,"_elementor_source_image_hash":null,"_source_url":null,"_wp_attachment_context":null,"_menu_item_type":null,"_menu_item_menu_item_parent":null,"_menu_item_object_id":null,"_menu_item_object":null,"_menu_item_target":null,"_menu_item_classes":null,"_menu_item_xfn":null,"_menu_item_url":null,"__elementor_forms_snapshot":null,"_unit":"","_unit_base":"","_unit_product":"","_unit_price_auto":"no","_unit_price_regular":"","_unit_price":"","_unit_price_sale":"","_sale_price_label":"","_sale_price_regular_label":"","_manufacturer_slug":"","_mini_desc":"","_defect_description":"","_safety_instructions":"","_allergen_ids":[],"_warranty_attachment_id":"","_safety_attachment_ids":[],"_min_age":"","_ts_gtin":"","_ts_mpn":"","_delivery_time_countries":[],"_free_shipping":"no","_service":"no","_photovoltaic_system":"no","_used_good":"no","_defective_copy":"no","_wireless_electronic_device":"no","_device_contains_power_supply":"no","_device_charging_supports_usb_pd":"no","_device_charging_watt_min":"0","_device_charging_watt_max":"0","_is_food":"no","_differential_taxation":"no","_gzd_version":"3.18.7","_hs_code":"","_customs_description":"","_manufacture_country":"0","_is_non_returnable":"no","_shipping_length":"","_shipping_width":"","_shipping_height":"","_sku":"ISBN 978-3-86442-061-0","_global_unique_id":"978-3-86442-061-0","_regular_price":"29.80","total_sales":"0","_tax_status":"taxable","_tax_class":"","_manage_stock":"no","_backorders":"no","_sold_individually":"no","_weight":"1","_virtual":"no","_downloadable":"no","_download_limit":"-1","_download_expiry":"-1","_stock":"","_stock_status":"instock","_wc_average_rating":"0","_wc_review_count":"0","_product_version":"9.7.1","_price":"29.80","shopengine_product_views_count":"2761","_thumbnail_id":"6138","_product_attributes":null,"_nutrient_ids":null,"_upsell_ids":null,"pswc_subtitle":null,"_default_delivery_time":null,"_wp_desired_post_slug":null,"_isbn":null,"pageType":null,"isExternalUrl":null,"pageId":null,"externalUrl":null,"hideCookieBanner":null,"isTargetBlank":null,"isProviderCurrentWebsite":null,"isEmbeddingOnlyExternalResources":null,"legalBasis":null,"dataProcessingInCountries":null,"dataProcessingInCountriesSpecialTreatments":null,"technicalDefinitions":null,"googleConsentModeConsentTypes":null,"executePriority":null,"executeCodeOptInWhenNoTagManagerConsentIsGiven":null,"executeCodeOptOutWhenNoTagManagerConsentIsGiven":null,"deleteTechnicalDefinitionsAfterOptOut":null,"presetId":null,"presetVersion":null,"provider":null,"providerContactPhone":null,"providerContactEmail":null,"providerContactLink":null,"uniqueName":null,"providerPrivacyPolicyUrl":null,"providerLegalNoticeUrl":null,"codeOptIn":null,"codeOptOut":null,"codeOnPageLoad":null,"language_code":null,"shopengine_template__post_meta__type":null,"shopengine_template__post_meta":null,"shopengine_template__post_meta__edit_with":null,"origin":null,"_enabled":null,"_filters":null,"_layout":null,"_elementor_import_session_id":null,"_wp_trash_meta_status":null,"_wp_trash_meta_time":null,"_edit_lock":"1744178764:2","_elementor_floating_elements_type":null,"_elementor_edit_mode":null,"_elementor_template_type":null,"tc-thumb-fld":{"_thumb_id":6138,"_thumb_type":"thumb"},"_wp_page_template":"default","_elementor_version":null,"_elementor_pro_version":null,"_elementor_page_settings":null,"_elementor_data":null,"_elementor_conditions":null,"_elementor_popup_display_settings":null,"_edit_last":"1","_elementor_template_sub_type":null,"_elementor_controls_usage":null,"_elementor_screenshot":null,"_elementor_css":null,"_elementor_page_assets":[],"_elementor_element_cache":null,"_elementor_screenshot_failed":null,"_elementor_source":null,"_wp_old_date":"2025-04-04","layout_key":"","post_slider_check_key":"0","_links":{"self":[{"href":"https:\/\/snoeck.de\/es\/wp-json\/wp\/v2\/product\/6107","targetHints":{"allow":["GET"]}}],"collection":[{"href":"https:\/\/snoeck.de\/es\/wp-json\/wp\/v2\/product"}],"about":[{"href":"https:\/\/snoeck.de\/es\/wp-json\/wp\/v2\/types\/product"}],"wp:featuredmedia":[{"embeddable":true,"href":"https:\/\/snoeck.de\/es\/wp-json\/wp\/v2\/media\/6138"}],"wp:attachment":[{"href":"https:\/\/snoeck.de\/es\/wp-json\/wp\/v2\/media?parent=6107"}],"wp:term":[{"taxonomy":"product_brand","embeddable":true,"href":"https:\/\/snoeck.de\/es\/wp-json\/wp\/v2\/product_brand?post=6107"},{"taxonomy":"product_cat","embeddable":true,"href":"https:\/\/snoeck.de\/es\/wp-json\/wp\/v2\/product_cat?post=6107"},{"taxonomy":"product_tag","embeddable":true,"href":"https:\/\/snoeck.de\/es\/wp-json\/wp\/v2\/product_tag?post=6107"}],"curies":[{"name":"wp","href":"https:\/\/api.w.org\/{rel}","templated":true}]}}