{"id":6114,"date":"2019-04-04T08:39:12","date_gmt":"2019-04-04T08:39:12","guid":{"rendered":"https:\/\/snoeck.process-vision.de\/?post_type=product&#038;p=6114"},"modified":"2025-04-08T06:20:31","modified_gmt":"2025-04-08T06:20:31","slug":"hyper-a-journey-into-art-and-music-2","status":"publish","type":"product","link":"https:\/\/snoeck.de\/es\/shop\/hyper-a-journey-into-art-and-music-2\/","title":{"rendered":"\u00a1H\u00cdPER! Un viaje por el arte y la m\u00fasica"},"content":{"rendered":"<h3>Sonido, visi\u00f3n, cine, \u00a1y un piano destruido!<\/h3>\n<p>\u00bfQu\u00e9 ocurre cuando los m\u00fasicos utilizan ideas y estrategias del mundo del arte? \u00bfY qu\u00e9 tipo de cuadros resultan cuando los pintores se dejan influir por la m\u00fasica? \u00a1Interesarse por la vida de los dem\u00e1s, seguir lo desconocido, copiarlo, utilizarlo en la propia obra... en resumen, cruzar los mundos de la m\u00fasica y las artes visuales: \u00e9ste es el tema de la exposici\u00f3n y el cat\u00e1logo HYPER! A JOURNEY INTO ART AND MUSIC, comisariado por Max Dax, antiguo redactor jefe de Spex y Electronic Beats. El libro incluir\u00e1 obras cl\u00e1sicas como la rompedora portada del \u00e1lbum de Peter Saville para la obra maestra de New Order de 1983 \"Power, Corruption and Lies\" y las im\u00e1genes narrativas y minimalistas de Emil Schult en las que se bas\u00f3 la portada del \u00e1lbum de Kraftwerk de 1974 \"Autobahn\", y la aclamada instalaci\u00f3n en 3D de Cyprien Gaillard \"Night Life\" de 2015. Se mostrar\u00e1 la influencia de Richard Wagner en la obra del artista de performance Christoph Schlingensief, fallecido en 2010, as\u00ed como una videoinstalaci\u00f3n relacionada con ella con un minuto-\u00f3pera de Alexander Kluge. Las influencias mutuas entre m\u00fasica y arte se ilustrar\u00e1n con ejemplos de Albert Oehlen y Scooter, Thomas Scheibitz y los Melvins, as\u00ed como Daniel Blumberg. Fotograf\u00edas y v\u00eddeos de Andrea Stappert, Sven Marquardt, Andreas Gursky, The KLF, Mark Leckey y Bettina Pousttchi dar\u00e1n al libro una dimensi\u00f3n documental. El libro se sustenta narrativamente en numerosas entrevistas de fondo que Max Dax ha realizado a los participantes en HYPER! a lo largo de los \u00faltimos 30 a\u00f1os.<\/p>\n<p>Entrevistados:<br \/>\nKim Gordon, Alexander Kluge, Mark Leckey, Sven Marquardt, Michaela Meli\u00e1n, Olaf Nicolai, Albert Oehlen, Bettina Pousttchi, Daniel Richter, Peter Saville, Thomas Scheibitz, Bettina Scholz, Andrea Stappert, Britta Thie et al.<\/p>\n<p>Exposici\u00f3n:<br \/>\nDeichtorhallen Hamburg, del 1 de marzo al 11 de agosto de 2019<\/p>","protected":false},"excerpt":{"rendered":"<div class=\"field field-name-field-pub-b029 field-type-text field-label-hidden\">\n<div class=\"field-items\">\n<div class=\"field-item even\">\n<h2 id=\"book-subtitle\">Cat. Deichtorhallen Hamburg \/ Versi\u00f3n espa\u00f1ola<\/h2>\n<\/div>\n<\/div>\n<\/div>\n<div class=\"field field-name-field-pub-tech-descr field-type-text-long field-label-hidden\">\n<div class=\"field-items\">\n<div class=\"field-item even\">\n<p>Cat\u00e1logo de la exposici\u00f3n, editado por Max Dax, Dirk Luckow<br \/>\nentrevistas a artistas (en ingl\u00e9s) por Max Dax<br \/>\nuna conversaci\u00f3n entre Hans Ulrich Obrist y Max Dax<br \/>\nprefacio de Dirk Luckow<br \/>\n288 p con 650 ilustraciones en color<br \/>\n280 x 240 mm, tapa blanda<\/p>\n<\/div>\n<\/div>\n<\/div>","protected":false},"featured_media":6135,"template":"","meta":[],"product_brand":[],"product_cat":[110,72],"product_tag":[],"class_list":{"0":"post-6114","1":"product","2":"type-product","3":"status-publish","4":"has-post-thumbnail","6":"product_cat-110","7":"product_cat-o","9":"first","10":"instock","11":"taxable","12":"shipping-taxable","13":"purchasable","14":"product-type-simple"},"aioseo_notices":[],"_wp_attached_file":null,"_wp_attachment_metadata":null,"_wc_attachment_source":null,"_elementor_inline_svg":null,"_elementor_is_screenshot":null,"_elementor_source_image_hash":null,"_source_url":null,"_wp_attachment_context":null,"_menu_item_type":null,"_menu_item_menu_item_parent":null,"_menu_item_object_id":null,"_menu_item_object":null,"_menu_item_target":null,"_menu_item_classes":null,"_menu_item_xfn":null,"_menu_item_url":null,"__elementor_forms_snapshot":null,"_unit":"","_unit_base":"","_unit_product":"","_unit_price_auto":"no","_unit_price_regular":"","_unit_price":"","_unit_price_sale":"","_sale_price_label":"","_sale_price_regular_label":"","_manufacturer_slug":"","_mini_desc":"","_defect_description":"","_safety_instructions":"","_allergen_ids":[],"_warranty_attachment_id":"","_safety_attachment_ids":[],"_min_age":"","_ts_gtin":"","_ts_mpn":"","_delivery_time_countries":[],"_free_shipping":"no","_service":"no","_photovoltaic_system":"no","_used_good":"no","_defective_copy":"no","_wireless_electronic_device":"no","_device_contains_power_supply":"no","_device_charging_supports_usb_pd":"no","_device_charging_watt_min":"0","_device_charging_watt_max":"0","_is_food":"no","_differential_taxation":"no","_gzd_version":"3.18.7","_hs_code":"","_customs_description":"","_manufacture_country":"0","_is_non_returnable":"no","_shipping_length":"","_shipping_width":"","_shipping_height":"","_sku":"ISBN 978-3-86442-284-3","_global_unique_id":"978-3-86442-284-3","_regular_price":"49.80","total_sales":"0","_tax_status":"taxable","_tax_class":"","_manage_stock":"no","_backorders":"no","_sold_individually":"no","_weight":"1","_virtual":"no","_downloadable":"no","_download_limit":"-1","_download_expiry":"-1","_stock":"","_stock_status":"instock","_wc_average_rating":"0","_wc_review_count":"0","_product_version":"9.7.1","_price":"49.80","shopengine_product_views_count":"3074","_thumbnail_id":"6135","_product_attributes":null,"_nutrient_ids":null,"_upsell_ids":null,"pswc_subtitle":null,"_default_delivery_time":null,"_wp_desired_post_slug":null,"_isbn":null,"pageType":null,"isExternalUrl":null,"pageId":null,"externalUrl":null,"hideCookieBanner":null,"isTargetBlank":null,"isProviderCurrentWebsite":null,"isEmbeddingOnlyExternalResources":null,"legalBasis":null,"dataProcessingInCountries":null,"dataProcessingInCountriesSpecialTreatments":null,"technicalDefinitions":null,"googleConsentModeConsentTypes":null,"executePriority":null,"executeCodeOptInWhenNoTagManagerConsentIsGiven":null,"executeCodeOptOutWhenNoTagManagerConsentIsGiven":null,"deleteTechnicalDefinitionsAfterOptOut":null,"presetId":null,"presetVersion":null,"provider":null,"providerContactPhone":null,"providerContactEmail":null,"providerContactLink":null,"uniqueName":null,"providerPrivacyPolicyUrl":null,"providerLegalNoticeUrl":null,"codeOptIn":null,"codeOptOut":null,"codeOnPageLoad":null,"language_code":null,"shopengine_template__post_meta__type":null,"shopengine_template__post_meta":null,"shopengine_template__post_meta__edit_with":null,"origin":null,"_enabled":null,"_filters":null,"_layout":null,"_elementor_import_session_id":null,"_wp_trash_meta_status":null,"_wp_trash_meta_time":null,"_edit_lock":"1744093200:1","_elementor_floating_elements_type":null,"_elementor_edit_mode":null,"_elementor_template_type":null,"tc-thumb-fld":{"_thumb_id":6135,"_thumb_type":"thumb"},"_wp_page_template":"default","_elementor_version":null,"_elementor_pro_version":null,"_elementor_page_settings":null,"_elementor_data":null,"_elementor_conditions":null,"_elementor_popup_display_settings":null,"_edit_last":"1","_elementor_template_sub_type":null,"_elementor_controls_usage":null,"_elementor_screenshot":null,"_elementor_css":null,"_elementor_page_assets":[],"_elementor_element_cache":null,"_elementor_screenshot_failed":null,"_elementor_source":null,"_wp_old_date":"2025-04-04","layout_key":"","post_slider_check_key":"0","_links":{"self":[{"href":"https:\/\/snoeck.de\/es\/wp-json\/wp\/v2\/product\/6114","targetHints":{"allow":["GET"]}}],"collection":[{"href":"https:\/\/snoeck.de\/es\/wp-json\/wp\/v2\/product"}],"about":[{"href":"https:\/\/snoeck.de\/es\/wp-json\/wp\/v2\/types\/product"}],"wp:featuredmedia":[{"embeddable":true,"href":"https:\/\/snoeck.de\/es\/wp-json\/wp\/v2\/media\/6135"}],"wp:attachment":[{"href":"https:\/\/snoeck.de\/es\/wp-json\/wp\/v2\/media?parent=6114"}],"wp:term":[{"taxonomy":"product_brand","embeddable":true,"href":"https:\/\/snoeck.de\/es\/wp-json\/wp\/v2\/product_brand?post=6114"},{"taxonomy":"product_cat","embeddable":true,"href":"https:\/\/snoeck.de\/es\/wp-json\/wp\/v2\/product_cat?post=6114"},{"taxonomy":"product_tag","embeddable":true,"href":"https:\/\/snoeck.de\/es\/wp-json\/wp\/v2\/product_tag?post=6114"}],"curies":[{"name":"wp","href":"https:\/\/api.w.org\/{rel}","templated":true}]}}