{"id":6116,"date":"2021-04-04T08:41:07","date_gmt":"2021-04-04T08:41:07","guid":{"rendered":"https:\/\/snoeck.process-vision.de\/?post_type=product&#038;p=6116"},"modified":"2026-04-08T15:26:17","modified_gmt":"2026-04-08T14:26:17","slug":"tell-me-what-you-see-skrein-photo-collection-2","status":"publish","type":"product","link":"https:\/\/snoeck.de\/es\/shop\/tell-me-what-you-see-skrein-photo-collection-2\/","title":{"rendered":"Dime lo que ves - Colecci\u00f3n de fotos de Skrein"},"content":{"rendered":"<h3>Fotograf\u00eda documental y art\u00edstica de la historia contempor\u00e1nea<\/h3>\n<p>Christian Skrein, nacido en Viena en 1945, vive actualmente en el Salzkammergut. Comenz\u00f3 su carrera como fot\u00f3grafo en 1963, y data el inicio de su colecci\u00f3n en 1968. Hoy en d\u00eda, esta colecci\u00f3n es conocida en todo el mundo por su papel pionero en la recepci\u00f3n de la fotograf\u00eda amateur. A lo largo de los a\u00f1os, Christian Skrein ha desarrollado una pr\u00e1ctica como coleccionista, en la que temas como las formaciones compositivas, los juegos de sombras, la fotograf\u00eda forense y los retratos, as\u00ed como curiosidades, est\u00e1n representados por obras tanto art\u00edsticas como documentales de gran calidad. Su inter\u00e9s se remonta a las d\u00e9cadas de 1920 y 1930 y, sin duda en parte debido a su propia pr\u00e1ctica fotogr\u00e1fica, a la fotograf\u00eda de reportaje contempor\u00e1nea. En los a\u00f1os sesenta fue el fot\u00f3grafo m\u00e1s joven que trabaj\u00f3 para la revista Vogue, y se dio a conocer por sus retratos de la bohemia vienesa de la \u00e9poca, fruto del contacto personal directo, en los que figuran nombres como Christian Ludwig Attersee, Andr\u00e9 Heller, Hermann Nitsch, Walter Pichler, Arnulf Rainer y Oswald Wiener. La exposici\u00f3n y la publicaci\u00f3n se centran en los criterios fotohist\u00f3ricos y formales en una cronolog\u00eda narrativa, que da como resultado una breve historia de la fotograf\u00eda en im\u00e1genes ic\u00f3nicas e instant\u00e1neas an\u00f3nimas.<\/p>\n<p>Exposici\u00f3n:<br \/>\nMuseo de Arte Moderno de Salzburgo, 6\/12 - 17\/10\/2021<\/p>","protected":false},"excerpt":{"rendered":"<div class=\"field field-name-field-pub-b029 field-type-text field-label-hidden\">\n<div class=\"field-items\">\n<div class=\"field-item even\">\n<h2 id=\"book-subtitle\">Cat. Museo de Arte Moderno de Salzburgo<\/h2>\n<\/div>\n<\/div>\n<\/div>\n<div class=\"field field-name-field-pub-tech-descr field-type-text-long field-label-hidden\">\n<div class=\"field-items\">\n<div class=\"field-item even\">\n<p>Cat\u00e1logo de la exposici\u00f3n, editado por Thorsten Sadowsky<br \/>\ntextos (ingl\u00e9s) de Karl-Markus Gau\u00df, Kerstin Stremmel y prefacio de Thorsten Sadowsky<br \/>\n304 p con 250 ilustraciones a color<br \/>\n270 x 220 mm, tela gofrada<\/p>\n<\/div>\n<\/div>\n<\/div>","protected":false},"featured_media":6134,"template":"","meta":[],"product_brand":[],"product_cat":[95],"product_tag":[],"class_list":{"0":"post-6116","1":"product","2":"type-product","3":"status-publish","4":"has-post-thumbnail","6":"product_cat-vergriffen","8":"first","9":"outofstock","10":"taxable","11":"shipping-taxable","12":"product-type-simple"},"aioseo_notices":[],"_wp_attached_file":null,"_wp_attachment_metadata":null,"_wc_attachment_source":null,"_elementor_inline_svg":null,"_elementor_is_screenshot":null,"_elementor_source_image_hash":null,"_source_url":null,"_wp_attachment_context":null,"_menu_item_type":null,"_menu_item_menu_item_parent":null,"_menu_item_object_id":null,"_menu_item_object":null,"_menu_item_target":null,"_menu_item_classes":null,"_menu_item_xfn":null,"_menu_item_url":null,"__elementor_forms_snapshot":null,"_unit":"","_unit_base":"","_unit_product":"","_unit_price_auto":"no","_unit_price_regular":"","_unit_price":"","_unit_price_sale":"","_sale_price_label":"","_sale_price_regular_label":"","_manufacturer_slug":"","_mini_desc":"","_defect_description":"","_safety_instructions":"","_allergen_ids":[],"_warranty_attachment_id":"","_safety_attachment_ids":[],"_min_age":"","_ts_gtin":"","_ts_mpn":"","_delivery_time_countries":[],"_free_shipping":"no","_service":"no","_photovoltaic_system":"no","_used_good":"no","_defective_copy":"no","_wireless_electronic_device":"no","_device_contains_power_supply":"no","_device_charging_supports_usb_pd":"no","_device_charging_watt_min":"0","_device_charging_watt_max":"0","_is_food":"no","_differential_taxation":"no","_gzd_version":"3.18.7","_hs_code":"","_customs_description":"","_manufacture_country":"0","_is_non_returnable":"no","_shipping_length":"","_shipping_width":"","_shipping_height":"","_sku":"ISBN 978-3-86442-340-6","_global_unique_id":"978-3-86442-340-6","_regular_price":null,"total_sales":"0","_tax_status":"taxable","_tax_class":"","_manage_stock":"no","_backorders":"no","_sold_individually":"no","_weight":"2","_virtual":"no","_downloadable":"no","_download_limit":"-1","_download_expiry":"-1","_stock":"","_stock_status":"outofstock","_wc_average_rating":"0","_wc_review_count":"0","_product_version":"10.1.4","_price":"","shopengine_product_views_count":"2525","_thumbnail_id":"6134","_product_attributes":null,"_nutrient_ids":null,"_upsell_ids":null,"pswc_subtitle":null,"_default_delivery_time":null,"_wp_desired_post_slug":null,"_isbn":null,"pageType":null,"isExternalUrl":null,"pageId":null,"externalUrl":null,"hideCookieBanner":null,"isTargetBlank":null,"isProviderCurrentWebsite":null,"isEmbeddingOnlyExternalResources":null,"legalBasis":null,"dataProcessingInCountries":null,"dataProcessingInCountriesSpecialTreatments":null,"technicalDefinitions":null,"googleConsentModeConsentTypes":null,"executePriority":null,"executeCodeOptInWhenNoTagManagerConsentIsGiven":null,"executeCodeOptOutWhenNoTagManagerConsentIsGiven":null,"deleteTechnicalDefinitionsAfterOptOut":null,"presetId":null,"presetVersion":null,"provider":null,"providerContactPhone":null,"providerContactEmail":null,"providerContactLink":null,"uniqueName":null,"providerPrivacyPolicyUrl":null,"providerLegalNoticeUrl":null,"codeOptIn":null,"codeOptOut":null,"codeOnPageLoad":null,"language_code":null,"shopengine_template__post_meta__type":null,"shopengine_template__post_meta":null,"shopengine_template__post_meta__edit_with":null,"origin":null,"_enabled":null,"_filters":null,"_layout":null,"_elementor_import_session_id":null,"_wp_trash_meta_status":null,"_wp_trash_meta_time":null,"_edit_lock":"1744093559:1","_elementor_floating_elements_type":null,"_elementor_edit_mode":null,"_elementor_template_type":null,"tc-thumb-fld":{"_thumb_id":6134,"_thumb_type":"thumb"},"_wp_page_template":"default","_elementor_version":null,"_elementor_pro_version":null,"_elementor_page_settings":null,"_elementor_data":null,"_elementor_conditions":null,"_elementor_popup_display_settings":null,"_edit_last":"1","_elementor_template_sub_type":null,"_elementor_controls_usage":null,"_elementor_screenshot":null,"_elementor_css":null,"_elementor_page_assets":[],"_elementor_element_cache":null,"_elementor_screenshot_failed":null,"_elementor_source":null,"_wp_old_date":"2025-04-04","layout_key":"","post_slider_check_key":"0","_links":{"self":[{"href":"https:\/\/snoeck.de\/es\/wp-json\/wp\/v2\/product\/6116","targetHints":{"allow":["GET"]}}],"collection":[{"href":"https:\/\/snoeck.de\/es\/wp-json\/wp\/v2\/product"}],"about":[{"href":"https:\/\/snoeck.de\/es\/wp-json\/wp\/v2\/types\/product"}],"wp:featuredmedia":[{"embeddable":true,"href":"https:\/\/snoeck.de\/es\/wp-json\/wp\/v2\/media\/6134"}],"wp:attachment":[{"href":"https:\/\/snoeck.de\/es\/wp-json\/wp\/v2\/media?parent=6116"}],"wp:term":[{"taxonomy":"product_brand","embeddable":true,"href":"https:\/\/snoeck.de\/es\/wp-json\/wp\/v2\/product_brand?post=6116"},{"taxonomy":"product_cat","embeddable":true,"href":"https:\/\/snoeck.de\/es\/wp-json\/wp\/v2\/product_cat?post=6116"},{"taxonomy":"product_tag","embeddable":true,"href":"https:\/\/snoeck.de\/es\/wp-json\/wp\/v2\/product_tag?post=6116"}],"curies":[{"name":"wp","href":"https:\/\/api.w.org\/{rel}","templated":true}]}}