{"id":6120,"date":"2024-04-04T08:46:49","date_gmt":"2024-04-04T08:46:49","guid":{"rendered":"https:\/\/snoeck.process-vision.de\/?post_type=product&#038;p=6120"},"modified":"2025-05-13T18:34:32","modified_gmt":"2025-05-13T17:34:32","slug":"brasil-brasil-die-geburt-der-moderne","status":"publish","type":"product","link":"https:\/\/snoeck.de\/es\/shop\/brasil-brasil-die-geburt-der-moderne\/","title":{"rendered":"\u00a1Brasil! \u00a1Brasil! El amanecer de la modernidad"},"content":{"rendered":"<h3>Brasil Los albores de la modernidad<\/h3>\n<p>En el invierno de 1944, la Real Academia de Bellas Artes organiz\u00f3 la \"Exposici\u00f3n de pintura brasile\u00f1a moderna\" durante tres semanas en sus grandes galer\u00edas principales de estilo neocl\u00e1sico. El t\u00edtulo de la muestra es algo enga\u00f1oso, ya que en realidad se trataba de dos exposiciones diferentes en una: la primera, la \"Exposici\u00f3n de Pintura Moderna Brasile\u00f1a\", comprend\u00eda 80 pinturas y 86 obras sobre papel, mostradas en dos galer\u00edas; y la segunda, \"Brasil Construye\", conten\u00eda 192 fotograf\u00edas y ocupaba una sola galer\u00eda. Entre 1947 y 1948 se inauguraron tanto el Museu de Arte Moderna de S\u00e3o Paulo (MAM-SP) como el Museu de Arte de S\u00e3o Paulo (MASP) y el Museu de Arte Moderna do Rio de Janeiro (MAM-RJ), y un cr\u00edtico de arte describi\u00f3 estas iniciativas como \"signos del deseo de Brasil de comunicarse con sus propios artistas y de vincularse con estos centros internacionales de expresi\u00f3n art\u00edstica\". Poco despu\u00e9s, en 1951, Brasil inaugur\u00f3 la Bienal Internacional de S\u00e3o Paulo: la primera exposici\u00f3n bienal del mundo despu\u00e9s de Venecia y una demostraci\u00f3n del valor que Brasil conced\u00eda al arte y la cultura en aquella \u00e9poca, subrayando su determinaci\u00f3n de formar parte de la emergente escena art\u00edstica internacional de la posguerra. La Semana de Arte Moderna de 1922 se considera el pistoletazo de salida para el desarrollo del modernismo brasile\u00f1o, del que surgi\u00f3 una primera generaci\u00f3n de artistas, entre ellos Anita Malfatti (1889-1964) y Vicente do Rego Monteiro (1899-1970). El aspecto genuinamente brasile\u00f1o de este modernismo, postulado por el escritor Oswald de Andrade, fue el papel de la \"identidad nacional\". En un manifiesto, ped\u00eda que la cultura europea extranjera fuera devorada, \"digerida\" y utilizada a trav\u00e9s de su transformaci\u00f3n para forjar un arte brasile\u00f1o independiente. Esto inclu\u00eda tambi\u00e9n la \"devoraci\u00f3n\" de las culturas ind\u00edgenas y afrobrasile\u00f1as. A los dos artistas mencionados y a otros protagonistas como Lasar Segall (1891-1957) y Tarsila do Amaral (1886-1973) se les reconoce hoy una cierta distancia social respecto al lenguaje visual ind\u00edgena y a los rituales afrobrasile\u00f1os, que fue finalmente superada por una segunda generaci\u00f3n en torno a Djanira da Motta e Silva (1914-1979) y Rubem Valentim (1922-1991). Ahora todos estos artistas y sus obras causan revuelo en exposiciones como \"Foreigners Everywhere\" de la 60\u00aa Bienal de Venecia (comisariada por Adriano Pedrosa), ya que tras la \"digerida\" conquista formalista por parte del modernismo europeo, ha surgido en las obras un lenguaje visual completamente \u00fanico. El inter\u00e9s internacional por el concepto de modernismo global es fuerte desde hace tiempo y se est\u00e1n abordando los paralelismos cient\u00edficos con los retos del modernismo europeo, as\u00ed como las diferencias pol\u00edticas, sociales y culturales. \"\u00a1Brasil! Brasil! - El amanecer de la modernidad\" presenta en la exposici\u00f3n y con esta exhaustiva publicaci\u00f3n las diferentes formas en que los artistas brasile\u00f1os han desarrollado su distintivo lenguaje visual moderno y, al mismo tiempo, ofrece una introducci\u00f3n a las condiciones pol\u00edticas, sociales y econ\u00f3micas formativas mediante la presentaci\u00f3n de diez posiciones; tambi\u00e9n se abordaron estaciones clave en la literatura, la m\u00fasica, el dise\u00f1o y la arquitectura. El Zentrum Paul Klee tuvo su primera oportunidad de intercambio intercultural en 2019 con la exposici\u00f3n \"Paul Klee - Equilibrio inestable\", comisariada por Fabienne Eggelh\u00f6fer, que fue recibida con gran inter\u00e9s por el p\u00fablico brasile\u00f1o en su recorrido desde Sa\u00f5 Paulo, pasando por R\u00edo de Janeiro, hasta Belo Horizonte.<\/p>\n<p>Exposici\u00f3n:<br \/>\nCentro Paul Klee de Berna, 7\/9\/2024 - 5\/1\/2025<br \/>\nRoyal Academy of Arts, Londres, 28\/1 - 21\/4\/2025<\/p>\n<p>Artistas: Anita Malfatti, Vicente do Rego Monteiro, Tarsila do Amaral, Candido Portinari, Lasar Segall, Fl\u00e1vio de Carvalho, Alfredo Volpi, Djanira da Motta e Silva, Geraldo Barros, Rubem Valentim<\/p>\n<p><em>La exposici\u00f3n est\u00e1 organizada por el Zentrum Paul Klee de Berna, en colaboraci\u00f3n con la Royal Academy of Arts de Londres.<\/em><\/p>","protected":false},"excerpt":{"rendered":"<div class=\"field field-name-field-pub-b029 field-type-text field-label-hidden\">\n<div class=\"field-items\">\n<div class=\"field-item even\">\n<h2 id=\"book-subtitle\">Zentrum Paul Klee, Berna \/ Royal Academy of Arts, Londres<\/h2>\n<\/div>\n<\/div>\n<\/div>\n<div class=\"field field-name-field-pub-tech-descr field-type-text-long field-label-hidden\">\n<div class=\"field-items\">\n<div class=\"field-item even\">\n<p>Cat\u00e1logo de la exposici\u00f3n, editado por Fabienne Eggelh\u00f6fer, Nina Zimmer<br \/>\nTextos de G\u00eanese Andrade, Anna Paula Cavalcanti Simioni, Eduardo Jorge de Oliveira, Adrian Locke, Alecsandra Matias de Olivereia, Fabienne Eggelh\u00f6fer y Roberta Saraiva Coutinho, Giancarlo Hannud, Cac\u00e1 Machado, Guilherme Wisnik, pr\u00f3logo de Nina Zimmer, amplia cronolog\u00eda y bibliograf\u00eda.<br \/>\n304 p. con 200 ilustraciones en color<br \/>\n280 x 210 mm, tapa blanda con solapas<\/p>\n<\/div>\n<\/div>\n<\/div>","protected":false},"featured_media":6131,"template":"","meta":[],"product_brand":[],"product_cat":[88,59],"product_tag":[],"class_list":{"0":"post-6120","1":"product","2":"type-product","3":"status-publish","4":"has-post-thumbnail","6":"product_cat-88","7":"product_cat-b","9":"first","10":"instock","11":"taxable","12":"shipping-taxable","13":"purchasable","14":"product-type-simple"},"aioseo_notices":[],"_wp_attached_file":null,"_wp_attachment_metadata":null,"_wc_attachment_source":null,"_elementor_inline_svg":null,"_elementor_is_screenshot":null,"_elementor_source_image_hash":null,"_source_url":null,"_wp_attachment_context":null,"_menu_item_type":null,"_menu_item_menu_item_parent":null,"_menu_item_object_id":null,"_menu_item_object":null,"_menu_item_target":null,"_menu_item_classes":null,"_menu_item_xfn":null,"_menu_item_url":null,"__elementor_forms_snapshot":null,"_unit":"","_unit_base":"","_unit_product":"","_unit_price_auto":"no","_unit_price_regular":"","_unit_price":"","_unit_price_sale":"","_sale_price_label":"","_sale_price_regular_label":"","_manufacturer_slug":"","_mini_desc":"","_defect_description":"","_safety_instructions":"","_allergen_ids":[],"_warranty_attachment_id":"","_safety_attachment_ids":[],"_min_age":"","_ts_gtin":"","_ts_mpn":"","_delivery_time_countries":[],"_free_shipping":"no","_service":"no","_photovoltaic_system":"no","_used_good":"no","_defective_copy":"no","_wireless_electronic_device":"no","_device_contains_power_supply":"no","_device_charging_supports_usb_pd":"no","_device_charging_watt_min":"0","_device_charging_watt_max":"0","_is_food":"no","_differential_taxation":"no","_gzd_version":"3.19.10","_hs_code":"","_customs_description":"","_manufacture_country":"0","_is_non_returnable":"no","_shipping_length":"","_shipping_width":"","_shipping_height":"","_sku":"ISBN 978-3-86442-441-0","_global_unique_id":"978-3-86442-441-0","_regular_price":"48","total_sales":"0","_tax_status":"taxable","_tax_class":"","_manage_stock":"no","_backorders":"no","_sold_individually":"no","_weight":"2","_virtual":"no","_downloadable":"no","_download_limit":"-1","_download_expiry":"-1","_stock":"","_stock_status":"instock","_wc_average_rating":"0","_wc_review_count":"0","_product_version":"9.8.3","_price":"48","shopengine_product_views_count":"3021","_thumbnail_id":"6131","_product_attributes":null,"_nutrient_ids":null,"_upsell_ids":null,"pswc_subtitle":null,"_default_delivery_time":null,"_wp_desired_post_slug":null,"_isbn":null,"pageType":null,"isExternalUrl":null,"pageId":null,"externalUrl":null,"hideCookieBanner":null,"isTargetBlank":null,"isProviderCurrentWebsite":null,"isEmbeddingOnlyExternalResources":null,"legalBasis":null,"dataProcessingInCountries":null,"dataProcessingInCountriesSpecialTreatments":null,"technicalDefinitions":null,"googleConsentModeConsentTypes":null,"executePriority":null,"executeCodeOptInWhenNoTagManagerConsentIsGiven":null,"executeCodeOptOutWhenNoTagManagerConsentIsGiven":null,"deleteTechnicalDefinitionsAfterOptOut":null,"presetId":null,"presetVersion":null,"provider":null,"providerContactPhone":null,"providerContactEmail":null,"providerContactLink":null,"uniqueName":null,"providerPrivacyPolicyUrl":null,"providerLegalNoticeUrl":null,"codeOptIn":null,"codeOptOut":null,"codeOnPageLoad":null,"language_code":null,"shopengine_template__post_meta__type":null,"shopengine_template__post_meta":null,"shopengine_template__post_meta__edit_with":null,"origin":null,"_enabled":null,"_filters":null,"_layout":null,"_elementor_import_session_id":null,"_wp_trash_meta_status":null,"_wp_trash_meta_time":null,"_edit_lock":"1747157550:2","_elementor_floating_elements_type":null,"_elementor_edit_mode":null,"_elementor_template_type":null,"tc-thumb-fld":{"_thumb_id":6131,"_thumb_type":"thumb"},"_wp_page_template":"default","_elementor_version":null,"_elementor_pro_version":null,"_elementor_page_settings":null,"_elementor_data":null,"_elementor_conditions":null,"_elementor_popup_display_settings":null,"_edit_last":"2","_elementor_template_sub_type":null,"_elementor_controls_usage":null,"_elementor_screenshot":null,"_elementor_css":null,"_elementor_page_assets":[],"_elementor_element_cache":null,"_elementor_screenshot_failed":null,"_elementor_source":null,"_wp_old_date":"2025-04-04","layout_key":"","post_slider_check_key":"0","_links":{"self":[{"href":"https:\/\/snoeck.de\/es\/wp-json\/wp\/v2\/product\/6120","targetHints":{"allow":["GET"]}}],"collection":[{"href":"https:\/\/snoeck.de\/es\/wp-json\/wp\/v2\/product"}],"about":[{"href":"https:\/\/snoeck.de\/es\/wp-json\/wp\/v2\/types\/product"}],"wp:featuredmedia":[{"embeddable":true,"href":"https:\/\/snoeck.de\/es\/wp-json\/wp\/v2\/media\/6131"}],"wp:attachment":[{"href":"https:\/\/snoeck.de\/es\/wp-json\/wp\/v2\/media?parent=6120"}],"wp:term":[{"taxonomy":"product_brand","embeddable":true,"href":"https:\/\/snoeck.de\/es\/wp-json\/wp\/v2\/product_brand?post=6120"},{"taxonomy":"product_cat","embeddable":true,"href":"https:\/\/snoeck.de\/es\/wp-json\/wp\/v2\/product_cat?post=6120"},{"taxonomy":"product_tag","embeddable":true,"href":"https:\/\/snoeck.de\/es\/wp-json\/wp\/v2\/product_tag?post=6120"}],"curies":[{"name":"wp","href":"https:\/\/api.w.org\/{rel}","templated":true}]}}