{"id":6334,"date":"2025-05-06T12:48:41","date_gmt":"2025-05-06T11:48:41","guid":{"rendered":"https:\/\/snoeck.de\/shop\/rebellion-des-gemeinen-mannes-500-jahre-bauernaufstand-aus-kuenstlerischer-sicht\/"},"modified":"2026-04-08T14:15:10","modified_gmt":"2026-04-08T13:15:10","slug":"rebellion-des-gemeinen-mannes-500-jahre-bauernaufstand-aus-kuenstlerischer-sicht","status":"publish","type":"product","link":"https:\/\/snoeck.de\/es\/shop\/rebellion-des-gemeinen-mannes-500-jahre-bauernaufstand-aus-kuenstlerischer-sicht\/","title":{"rendered":"Rebeli\u00f3n del hombre com\u00fan. 500 a\u00f1os de revuelta campesina desde una perspectiva art\u00edstica"},"content":{"rendered":"<h3><strong>\"nos dicen que somos libres y queremos serlo\"<\/strong><\/h3>\n<p>Con motivo del 500 aniversario de la Guerra de los Campesinos, la Kunsthalle Vogelmann Heilbronn presenta una exposici\u00f3n ins\u00f3lita en la que los acontecimientos hist\u00f3ricos y sus protagonistas se iluminan desde tres perspectivas. El \"Altar de B\u00e1rbara\" del pintor Jerg Ratgeb, que pint\u00f3 entre 1509 y 1510 por encargo de la familia del conde Neipperg, ocupa un lugar central. Jerg Ratgeb, cuya esposa era sierva, se convirti\u00f3 en protagonista central del levantamiento como mediador de los campesinos y fue condenado a muerte por alta traici\u00f3n y ejecutado tras la batalla de B\u00f6blingen. Artistas como K\u00e4the Kollwitz con su ciclo \"Guerra de los campesinos\" (1902-08), HAP Grieshaber en su \"Hommage \u00e0 Ratgeb\" (1975) y Alfred Hrdlicka con su ciclo \"Guerra de los campesinos\" (1980) demuestran que los acontecimientos hist\u00f3ricos tuvieron una gran trascendencia hasta bien entrado el siglo XX. Muestran que la Revuelta de los Campesinos siempre se invoc\u00f3 por razones sociopol\u00edticas, por un lado, pero tambi\u00e9n fue una buena oportunidad para la autoescenificaci\u00f3n art\u00edstica, por otro. Para ello, cuatro posturas contempor\u00e1neas fueron invitadas especialmente para la exposici\u00f3n tras un concurso. Plantean preguntas sobre la relevancia de los acontecimientos hist\u00f3ricos en la actualidad, algunas de ellas de forma sutil, otras ir\u00f3nicamente, y pretenden ilustrar las complejas conexiones y retos de esta \u00e9poca ins\u00f3lita desde la perspectiva actual.<\/p>\n<p><strong>Y MUY ACTUAL:<\/strong> \"Bastante sexys\", escribe DER SPIEGEL (n\u00ba 18\/26.4.25), las figuras narrativas generadas por IA en la gran exposici\u00f3n estatal \"\u00a1UFFRUR!\" en el monasterio de Schussenried con motivo del 500 aniversario de la Guerra de los Campesinos (hasta el 5.10.25). El \"'canciller campesino' y pintor eclesi\u00e1stico Jerg Ratgeb es de pelo rizado y bien peinado con una camisa de raso entallada de color azul celeste\". Su Retablo de B\u00e1rbara (1509-10) se sit\u00faa entre el G\u00f3tico y el Renacimiento en su drrasticidad narrativa y fue encargado por el conde von Neipperg para la iglesia de San Juan en Schwaigern; el retablo es probablemente su obra \"m\u00e1s descarada\" - seg\u00fan la interpretaci\u00f3n anterior. Seg\u00fan la leyenda, la patrona de los mineros fue decapitada con una espada por su propio padre, pagano, despu\u00e9s de haber profesado el cristianismo; su padre fue entonces fulminado por un rayo. En 1525, tras la derrota de los campesinos cerca de B\u00f6blingen y la persecuci\u00f3n de los conocidos protagonistas del bando campesino, \"Jerg Ratgeb, la creaci\u00f3n de AI con camisa de raso, fue una de las v\u00edctimas: por haber luchado por la libertad, fue acuartelado en Pforzheim\", seg\u00fan DER SPIEGEL.<\/p>\n<p>Exposici\u00f3n:<br \/>\nMuseos municipales de Heilbronn\/Galer\u00eda de arte Vogelmann, 1\/2 - 25\/5\/2025<\/p>","protected":false},"excerpt":{"rendered":"<p>Cat\u00e1logo de la exposici\u00f3n Kunsthalle Vogelmann \/ Museos municipales de Heilbronn, editado por Marc Gundel<br \/>\nTextos (alem\u00e1n) de Angelina Balandin, Marc Gundel<br \/>\n120 p. con 100 ilustraciones en color<br \/>\nFormato 24,5 x 23 cm, tapa dura<\/p>","protected":false},"featured_media":6335,"template":"","meta":[],"product_brand":[],"product_cat":[95],"product_tag":[],"class_list":{"0":"post-6334","1":"product","2":"type-product","3":"status-publish","4":"has-post-thumbnail","6":"product_cat-vergriffen","8":"first","9":"outofstock","10":"taxable","11":"shipping-taxable","12":"product-type-simple"},"aioseo_notices":[],"_wp_attached_file":null,"_wp_attachment_metadata":null,"_wc_attachment_source":null,"_elementor_inline_svg":null,"_elementor_is_screenshot":null,"_elementor_source_image_hash":null,"_source_url":null,"_wp_attachment_context":null,"_menu_item_type":null,"_menu_item_menu_item_parent":null,"_menu_item_object_id":null,"_menu_item_object":null,"_menu_item_target":null,"_menu_item_classes":null,"_menu_item_xfn":null,"_menu_item_url":null,"__elementor_forms_snapshot":null,"_unit":"","_unit_base":"","_unit_product":"","_unit_price_auto":"no","_unit_price_regular":"","_unit_price":"","_unit_price_sale":"","_sale_price_label":"","_sale_price_regular_label":"","_manufacturer_slug":"","_mini_desc":"","_defect_description":"","_safety_instructions":"","_allergen_ids":[],"_warranty_attachment_id":"","_safety_attachment_ids":[],"_min_age":"","_ts_gtin":"","_ts_mpn":"","_delivery_time_countries":[],"_free_shipping":"no","_service":"no","_photovoltaic_system":"no","_used_good":"no","_defective_copy":"no","_wireless_electronic_device":"no","_device_contains_power_supply":"no","_device_charging_supports_usb_pd":"no","_device_charging_watt_min":"0","_device_charging_watt_max":"0","_is_food":"no","_differential_taxation":"no","_gzd_version":"3.19.10","_hs_code":"","_customs_description":"","_manufacture_country":"0","_is_non_returnable":"no","_shipping_length":"","_shipping_width":"","_shipping_height":"","_sku":"ISBN 978-3-86442-466-3","_global_unique_id":null,"_regular_price":null,"total_sales":"1","_tax_status":"taxable","_tax_class":"","_manage_stock":"no","_backorders":"no","_sold_individually":"no","_weight":"1","_virtual":"no","_downloadable":"no","_download_limit":"-1","_download_expiry":"-1","_stock":"","_stock_status":"outofstock","_wc_average_rating":"0","_wc_review_count":"0","_product_version":"10.1.4","_price":"","shopengine_product_views_count":"3170","_thumbnail_id":"6335","_product_attributes":null,"_nutrient_ids":null,"_upsell_ids":null,"pswc_subtitle":null,"_default_delivery_time":null,"_wp_desired_post_slug":null,"_isbn":"9783864424663","pageType":null,"isExternalUrl":null,"pageId":null,"externalUrl":null,"hideCookieBanner":null,"isTargetBlank":null,"isProviderCurrentWebsite":null,"isEmbeddingOnlyExternalResources":null,"legalBasis":null,"dataProcessingInCountries":null,"dataProcessingInCountriesSpecialTreatments":null,"technicalDefinitions":null,"googleConsentModeConsentTypes":null,"executePriority":null,"executeCodeOptInWhenNoTagManagerConsentIsGiven":null,"executeCodeOptOutWhenNoTagManagerConsentIsGiven":null,"deleteTechnicalDefinitionsAfterOptOut":null,"presetId":null,"presetVersion":null,"provider":null,"providerContactPhone":null,"providerContactEmail":null,"providerContactLink":null,"uniqueName":null,"providerPrivacyPolicyUrl":null,"providerLegalNoticeUrl":null,"codeOptIn":null,"codeOptOut":null,"codeOnPageLoad":null,"language_code":null,"shopengine_template__post_meta__type":null,"shopengine_template__post_meta":null,"shopengine_template__post_meta__edit_with":null,"origin":null,"_enabled":null,"_filters":null,"_layout":null,"_elementor_import_session_id":null,"_wp_trash_meta_status":null,"_wp_trash_meta_time":null,"_edit_lock":"1746966019:2","_elementor_floating_elements_type":null,"_elementor_edit_mode":null,"_elementor_template_type":null,"tc-thumb-fld":{"_thumb_id":6335,"_thumb_type":"thumb"},"_wp_page_template":null,"_elementor_version":null,"_elementor_pro_version":null,"_elementor_page_settings":null,"_elementor_data":null,"_elementor_conditions":null,"_elementor_popup_display_settings":null,"_edit_last":"2","_elementor_template_sub_type":null,"_elementor_controls_usage":null,"_elementor_screenshot":null,"_elementor_css":null,"_elementor_page_assets":[],"_elementor_element_cache":null,"_elementor_screenshot_failed":null,"_elementor_source":null,"_wp_old_date":null,"layout_key":"","post_slider_check_key":"0","_links":{"self":[{"href":"https:\/\/snoeck.de\/es\/wp-json\/wp\/v2\/product\/6334","targetHints":{"allow":["GET"]}}],"collection":[{"href":"https:\/\/snoeck.de\/es\/wp-json\/wp\/v2\/product"}],"about":[{"href":"https:\/\/snoeck.de\/es\/wp-json\/wp\/v2\/types\/product"}],"wp:featuredmedia":[{"embeddable":true,"href":"https:\/\/snoeck.de\/es\/wp-json\/wp\/v2\/media\/6335"}],"wp:attachment":[{"href":"https:\/\/snoeck.de\/es\/wp-json\/wp\/v2\/media?parent=6334"}],"wp:term":[{"taxonomy":"product_brand","embeddable":true,"href":"https:\/\/snoeck.de\/es\/wp-json\/wp\/v2\/product_brand?post=6334"},{"taxonomy":"product_cat","embeddable":true,"href":"https:\/\/snoeck.de\/es\/wp-json\/wp\/v2\/product_cat?post=6334"},{"taxonomy":"product_tag","embeddable":true,"href":"https:\/\/snoeck.de\/es\/wp-json\/wp\/v2\/product_tag?post=6334"}],"curies":[{"name":"wp","href":"https:\/\/api.w.org\/{rel}","templated":true}]}}