{"id":6431,"date":"2025-05-10T18:00:00","date_gmt":"2025-05-10T17:00:00","guid":{"rendered":"https:\/\/snoeck.de\/?post_type=product&#038;p=6431"},"modified":"2025-08-13T13:36:35","modified_gmt":"2025-08-13T11:36:35","slug":"monster-chetwynd-the-trompe-loeil-cleavage","status":"publish","type":"product","link":"https:\/\/snoeck.de\/es\/shop\/monster-chetwynd-the-trompe-loeil-cleavage\/","title":{"rendered":"Monster Chetwynd: El escote en trampantojo"},"content":{"rendered":"<h3><strong>\"Soy impaciente a la hora de hacer cosas y siempre cojo todo lo que me rodea, aunque no me pertenezca: lo uso\".<\/strong><\/h3>\n<p>La artista inglesa Monster Chetwynd (*1973 Londres) se dio a conocer internacionalmente con sus performances carnavalescas, que recuerdan a los juegos de misterio y carnaval medievales y retoman temas de la historia del arte y la cultura pop, aunque tambi\u00e9n se dio a conocer en la d\u00e9cada de 2000 como Spartacus o Marvin Gaye Chetwynd. En 2012, fue la primera artista de performance nominada al prestigioso Premio Turner y su obra sigue ocupando uno de los puestos m\u00e1s importantes en el campo de la performance contempor\u00e1nea. Sin embargo, la obra art\u00edstica de Chetwynd abarca mucho m\u00e1s: trabaja con pintura y escultura, instalaciones y pel\u00edculas. Su pr\u00e1ctica art\u00edstica se caracteriza por la invocaci\u00f3n y combinaci\u00f3n de las m\u00e1s diversas fuentes culturales. Crea algo nuevo, combina el humor con la curiosidad y busca colaboraciones: \u00e9stas son las caracter\u00edsticas m\u00e1s llamativas de su obra. La exposici\u00f3n de la Kunsthaus Z\u00fcrich es la primera presentaci\u00f3n completa de la obra de Monster Chetwynd en Suiza. M\u00e1s de 60 obras de los \u00faltimos 25 a\u00f1os formar\u00e1n parte de una arquitectura expositiva envolvente. El libro que acompa\u00f1a a la exposici\u00f3n, \"The Trompe-l'\u0153il Cleavage\", despliega la diversidad de su obra en un planteamiento est\u00e9tico coordinado con la artista.<\/p>\n<p>Exposici\u00f3n:<br \/>\nKunsthaus Z\u00farich, 16\/5 - 31\/8\/2025<\/p>\n<p>&nbsp;<\/p>","protected":false},"excerpt":{"rendered":"<p>Cat\u00e1logo de la exposici\u00f3n Kunsthaus Z\u00fcrich<br \/>\nTextos (alem\u00e1n\/ingl\u00e9s) de Elisabeth Bronfen, Emily Pathick, entrevista con el artista por Raphael Gygax, pr\u00f3logo de Ann Demeester<br \/>\n192 p. con 150 ilustraciones en color<br \/>\nFormato 28 x 21 cm, r\u00fastica con sobrecubierta<\/p>","protected":false},"featured_media":6432,"template":"","meta":[],"product_brand":[],"product_cat":[89,60],"product_tag":[],"class_list":{"0":"post-6431","1":"product","2":"type-product","3":"status-publish","4":"has-post-thumbnail","6":"product_cat-89","7":"product_cat-c","9":"first","10":"instock","11":"taxable","12":"shipping-taxable","13":"purchasable","14":"product-type-simple"},"aioseo_notices":[],"_wp_attached_file":null,"_wp_attachment_metadata":null,"_wc_attachment_source":null,"_elementor_inline_svg":null,"_elementor_is_screenshot":null,"_elementor_source_image_hash":null,"_source_url":null,"_wp_attachment_context":null,"_menu_item_type":null,"_menu_item_menu_item_parent":null,"_menu_item_object_id":null,"_menu_item_object":null,"_menu_item_target":null,"_menu_item_classes":null,"_menu_item_xfn":null,"_menu_item_url":null,"__elementor_forms_snapshot":null,"_unit":"","_unit_base":"","_unit_product":"","_unit_price_auto":"no","_unit_price_regular":"","_unit_price":"","_unit_price_sale":"","_sale_price_label":"","_sale_price_regular_label":"","_manufacturer_slug":"","_mini_desc":"","_defect_description":"","_safety_instructions":"","_allergen_ids":[],"_warranty_attachment_id":"","_safety_attachment_ids":[],"_min_age":"","_ts_gtin":"","_ts_mpn":"","_delivery_time_countries":[],"_free_shipping":"no","_service":"no","_photovoltaic_system":"no","_used_good":"no","_defective_copy":"no","_wireless_electronic_device":"no","_device_contains_power_supply":"no","_device_charging_supports_usb_pd":"no","_device_charging_watt_min":"0","_device_charging_watt_max":"0","_is_food":"no","_differential_taxation":"no","_gzd_version":"3.20.1","_hs_code":"","_customs_description":"","_manufacture_country":"0","_is_non_returnable":"no","_shipping_length":"","_shipping_width":"","_shipping_height":"","_sku":"ISBN 978-3-86442-462-5","_global_unique_id":null,"_regular_price":"48","total_sales":"1","_tax_status":"taxable","_tax_class":"","_manage_stock":"no","_backorders":"no","_sold_individually":"no","_weight":"0.7","_virtual":"no","_downloadable":"no","_download_limit":"-1","_download_expiry":"-1","_stock":"","_stock_status":"instock","_wc_average_rating":"0","_wc_review_count":"0","_product_version":"10.1.0","_price":"48","shopengine_product_views_count":"3539","_thumbnail_id":"6432","_product_attributes":null,"_nutrient_ids":null,"_upsell_ids":null,"pswc_subtitle":null,"_default_delivery_time":null,"_wp_desired_post_slug":null,"_isbn":"9783864424625","pageType":null,"isExternalUrl":null,"pageId":null,"externalUrl":null,"hideCookieBanner":null,"isTargetBlank":null,"isProviderCurrentWebsite":null,"isEmbeddingOnlyExternalResources":null,"legalBasis":null,"dataProcessingInCountries":null,"dataProcessingInCountriesSpecialTreatments":null,"technicalDefinitions":null,"googleConsentModeConsentTypes":null,"executePriority":null,"executeCodeOptInWhenNoTagManagerConsentIsGiven":null,"executeCodeOptOutWhenNoTagManagerConsentIsGiven":null,"deleteTechnicalDefinitionsAfterOptOut":null,"presetId":null,"presetVersion":null,"provider":null,"providerContactPhone":null,"providerContactEmail":null,"providerContactLink":null,"uniqueName":null,"providerPrivacyPolicyUrl":null,"providerLegalNoticeUrl":null,"codeOptIn":null,"codeOptOut":null,"codeOnPageLoad":null,"language_code":null,"shopengine_template__post_meta__type":null,"shopengine_template__post_meta":null,"shopengine_template__post_meta__edit_with":null,"origin":null,"_enabled":null,"_filters":null,"_layout":null,"_elementor_import_session_id":null,"_wp_trash_meta_status":null,"_wp_trash_meta_time":null,"_edit_lock":"1755159085:2","_elementor_floating_elements_type":null,"_elementor_edit_mode":null,"_elementor_template_type":null,"tc-thumb-fld":{"_thumb_id":6432,"_thumb_type":"thumb"},"_wp_page_template":null,"_elementor_version":null,"_elementor_pro_version":null,"_elementor_page_settings":null,"_elementor_data":null,"_elementor_conditions":null,"_elementor_popup_display_settings":null,"_edit_last":"1","_elementor_template_sub_type":null,"_elementor_controls_usage":null,"_elementor_screenshot":null,"_elementor_css":null,"_elementor_page_assets":[],"_elementor_element_cache":null,"_elementor_screenshot_failed":null,"_elementor_source":null,"_wp_old_date":"2025-05-12","layout_key":"","post_slider_check_key":"0","_links":{"self":[{"href":"https:\/\/snoeck.de\/es\/wp-json\/wp\/v2\/product\/6431","targetHints":{"allow":["GET"]}}],"collection":[{"href":"https:\/\/snoeck.de\/es\/wp-json\/wp\/v2\/product"}],"about":[{"href":"https:\/\/snoeck.de\/es\/wp-json\/wp\/v2\/types\/product"}],"wp:featuredmedia":[{"embeddable":true,"href":"https:\/\/snoeck.de\/es\/wp-json\/wp\/v2\/media\/6432"}],"wp:attachment":[{"href":"https:\/\/snoeck.de\/es\/wp-json\/wp\/v2\/media?parent=6431"}],"wp:term":[{"taxonomy":"product_brand","embeddable":true,"href":"https:\/\/snoeck.de\/es\/wp-json\/wp\/v2\/product_brand?post=6431"},{"taxonomy":"product_cat","embeddable":true,"href":"https:\/\/snoeck.de\/es\/wp-json\/wp\/v2\/product_cat?post=6431"},{"taxonomy":"product_tag","embeddable":true,"href":"https:\/\/snoeck.de\/es\/wp-json\/wp\/v2\/product_tag?post=6431"}],"curies":[{"name":"wp","href":"https:\/\/api.w.org\/{rel}","templated":true}]}}