{"id":6533,"date":"2025-06-27T08:00:00","date_gmt":"2025-06-27T07:00:00","guid":{"rendered":"https:\/\/snoeck.de\/?post_type=product&#038;p=6533"},"modified":"2025-10-09T11:24:51","modified_gmt":"2025-10-09T09:24:51","slug":"hows-my-painting-malerei-aus-der-sammlung-falckenberg","status":"publish","type":"product","link":"https:\/\/snoeck.de\/es\/shop\/hows-my-painting-malerei-aus-der-sammlung-falckenberg\/","title":{"rendered":"\u00bfC\u00f3mo est\u00e1 mi cuadro? Cuadros de la colecci\u00f3n Falckenberg"},"content":{"rendered":"<p><iframe hcb-fetch-image-from=\"https:\/\/youtu.be\/ar1sMyUD4ew\" title=\"c\u00f3mo est\u00e1 mi pintura\" width=\"800\" height=\"450\" src=\"https:\/\/www.youtube.com\/embed\/ar1sMyUD4ew?feature=oembed\" frameborder=\"0\" allow=\"accelerometer; autoplay; clipboard-write; encrypted-media; gyroscope; picture-in-picture; web-share\" referrerpolicy=\"strict-origin-when-cross-origin\" allowfullscreen><\/iframe><\/p>\n<h3>\u00bfEl coleccionista de arte que nos merecemos?<\/h3>\n<p>Esta es la pregunta que plantea el artista, cr\u00edtico y organizador de exposiciones neoyorquino Kenny Schachter en su personal\u00edsimo texto sobre su amistad con Harald Falckenberg. Tras la exposici\u00f3n de aniversario \"25 a\u00f1os de la Colecci\u00f3n Falckenberg\" en 2019, dedicada a las instalaciones como medio central de la Colecci\u00f3n Falckenberg, el foco de atenci\u00f3n se desplazar\u00e1 a la pintura en 2025. En la exposici\u00f3n \"\u00bfC\u00f3mo est\u00e1 mi pintura?\", este medio se presentar\u00e1 de forma exhaustiva por primera vez con m\u00e1s de 100 obras de la Colecci\u00f3n Falckenberg. Empezando por Werner B\u00fcttner, Albert Oehlen y Martin Kippenberger, que agitaron la escena art\u00edstica establecida de los a\u00f1os ochenta con su actitud inspirada en el punk y, junto con sus colegas estadounidenses de la misma \u00e9poca, Raymond Pettibon y Mike Kelley, representaron el concepto de contracultura que caracteriz\u00f3 a la Colecci\u00f3n Falckenberg, la exposici\u00f3n abarca una amplia gama de variaciones del medio, desde la pintura sobre tabla hasta sus formas instalativas, deconstructivas y conceptuales. Muchas de las obras no se hab\u00edan expuesto en la colecci\u00f3n desde hac\u00eda muchos a\u00f1os. Adem\u00e1s de los artistas mencionados, entre ellos figuran Vito Acconci, Donald Baechler, John Baldessari, Heike Kati Barath, Robert Barry, Monica Bonvicini, Nicole Eisenman, Urs Fischer, G\u00fcnter F\u00f6rg, Anna Gudjohnsdottir, Philip Guston, Hans Haacke, Georg Herold, Michel Majerus, Jonathan Meese, Manuel Ocampo, Joyce Pensato, Charlotte Posenenske, Daniel Richter, Kay Rosen, Peter Saul, Andreas Schulze, Ena Swansea, Norbert Schwontkowski, Franz West, Johannes Wohnseifer, Thomas Zipp y muchos otros. muchos m\u00e1s<\/p>\n<p>Exposici\u00f3n: Deichtorhallen \/ Colecci\u00f3n Falckenberg, Hamburgo-Harburgo, 1\/3 -7\/9\/2025<\/p>","protected":false},"excerpt":{"rendered":"<p>Cat. Colecci\u00f3n Falckenberg \/ Deichtorhallen Hamburg, editado por Dirk Luckow y Goesta Diercks<br \/>\nTextos (alem\u00e1n\/ingl\u00e9s) de Dirk Luckow, Kenny Schachter y una conversaci\u00f3n de Dirk Luckow y Goesta Diercks con Isabelle Graw.<br \/>\n192 p. con 200 col. ill.<br \/>\nFormato 29 x 21,5 cm, folleto<\/p>","protected":false},"featured_media":6534,"template":"","meta":[],"product_brand":[],"product_cat":[89,65,70,73],"product_tag":[],"class_list":{"0":"post-6533","1":"product","2":"type-product","3":"status-publish","4":"has-post-thumbnail","6":"product_cat-89","7":"product_cat-h","8":"product_cat-m","9":"product_cat-p","11":"first","12":"instock","13":"taxable","14":"shipping-taxable","15":"purchasable","16":"product-type-simple"},"aioseo_notices":[],"_wp_attached_file":null,"_wp_attachment_metadata":null,"_wc_attachment_source":null,"_elementor_inline_svg":null,"_elementor_is_screenshot":null,"_elementor_source_image_hash":null,"_source_url":null,"_wp_attachment_context":null,"_menu_item_type":null,"_menu_item_menu_item_parent":null,"_menu_item_object_id":null,"_menu_item_object":null,"_menu_item_target":null,"_menu_item_classes":null,"_menu_item_xfn":null,"_menu_item_url":null,"__elementor_forms_snapshot":null,"_unit":"","_unit_base":"","_unit_product":"","_unit_price_auto":"no","_unit_price_regular":"","_unit_price":"","_unit_price_sale":"","_sale_price_label":"","_sale_price_regular_label":"","_manufacturer_slug":"","_mini_desc":"","_defect_description":"","_safety_instructions":"","_allergen_ids":[],"_warranty_attachment_id":"","_safety_attachment_ids":[],"_min_age":"","_ts_gtin":"","_ts_mpn":"","_delivery_time_countries":[],"_free_shipping":"no","_service":"no","_photovoltaic_system":"no","_used_good":"no","_defective_copy":"no","_wireless_electronic_device":"no","_device_contains_power_supply":"no","_device_charging_supports_usb_pd":"no","_device_charging_watt_min":"0","_device_charging_watt_max":"0","_is_food":"no","_differential_taxation":"no","_gzd_version":"3.20.1","_hs_code":"","_customs_description":"","_manufacture_country":"0","_is_non_returnable":"no","_shipping_length":"","_shipping_width":"","_shipping_height":"","_sku":"ISBN 978-3-86442-461-8","_global_unique_id":null,"_regular_price":"39.9","total_sales":"0","_tax_status":"taxable","_tax_class":"","_manage_stock":"no","_backorders":"no","_sold_individually":"no","_weight":"0.65","_virtual":"no","_downloadable":"no","_download_limit":"-1","_download_expiry":"-1","_stock":"","_stock_status":"instock","_wc_average_rating":"0","_wc_review_count":"0","_product_version":"10.1.0","_price":"39.9","shopengine_product_views_count":"3301","_thumbnail_id":"6534","_product_attributes":null,"_nutrient_ids":null,"_upsell_ids":null,"pswc_subtitle":null,"_default_delivery_time":"","_wp_desired_post_slug":null,"_isbn":"9783864424618","pageType":null,"isExternalUrl":null,"pageId":null,"externalUrl":null,"hideCookieBanner":null,"isTargetBlank":null,"isProviderCurrentWebsite":null,"isEmbeddingOnlyExternalResources":null,"legalBasis":null,"dataProcessingInCountries":null,"dataProcessingInCountriesSpecialTreatments":null,"technicalDefinitions":null,"googleConsentModeConsentTypes":null,"executePriority":null,"executeCodeOptInWhenNoTagManagerConsentIsGiven":null,"executeCodeOptOutWhenNoTagManagerConsentIsGiven":null,"deleteTechnicalDefinitionsAfterOptOut":null,"presetId":null,"presetVersion":null,"provider":null,"providerContactPhone":null,"providerContactEmail":null,"providerContactLink":null,"uniqueName":null,"providerPrivacyPolicyUrl":null,"providerLegalNoticeUrl":null,"codeOptIn":null,"codeOptOut":null,"codeOnPageLoad":null,"language_code":null,"shopengine_template__post_meta__type":null,"shopengine_template__post_meta":null,"shopengine_template__post_meta__edit_with":null,"origin":null,"_enabled":null,"_filters":null,"_layout":null,"_elementor_import_session_id":null,"_wp_trash_meta_status":null,"_wp_trash_meta_time":null,"_edit_lock":"1760001946:1","_elementor_floating_elements_type":null,"_elementor_edit_mode":null,"_elementor_template_type":null,"tc-thumb-fld":{"_thumb_id":6534,"_thumb_type":"thumb"},"_wp_page_template":null,"_elementor_version":null,"_elementor_pro_version":null,"_elementor_page_settings":null,"_elementor_data":null,"_elementor_conditions":null,"_elementor_popup_display_settings":null,"_edit_last":"1","_elementor_template_sub_type":null,"_elementor_controls_usage":null,"_elementor_screenshot":null,"_elementor_css":null,"_elementor_page_assets":[],"_elementor_element_cache":null,"_elementor_screenshot_failed":null,"_elementor_source":null,"_wp_old_date":null,"layout_key":"","post_slider_check_key":"0","_links":{"self":[{"href":"https:\/\/snoeck.de\/es\/wp-json\/wp\/v2\/product\/6533","targetHints":{"allow":["GET"]}}],"collection":[{"href":"https:\/\/snoeck.de\/es\/wp-json\/wp\/v2\/product"}],"about":[{"href":"https:\/\/snoeck.de\/es\/wp-json\/wp\/v2\/types\/product"}],"wp:featuredmedia":[{"embeddable":true,"href":"https:\/\/snoeck.de\/es\/wp-json\/wp\/v2\/media\/6534"}],"wp:attachment":[{"href":"https:\/\/snoeck.de\/es\/wp-json\/wp\/v2\/media?parent=6533"}],"wp:term":[{"taxonomy":"product_brand","embeddable":true,"href":"https:\/\/snoeck.de\/es\/wp-json\/wp\/v2\/product_brand?post=6533"},{"taxonomy":"product_cat","embeddable":true,"href":"https:\/\/snoeck.de\/es\/wp-json\/wp\/v2\/product_cat?post=6533"},{"taxonomy":"product_tag","embeddable":true,"href":"https:\/\/snoeck.de\/es\/wp-json\/wp\/v2\/product_tag?post=6533"}],"curies":[{"name":"wp","href":"https:\/\/api.w.org\/{rel}","templated":true}]}}