{"id":6700,"date":"2025-07-24T12:07:18","date_gmt":"2025-07-24T11:07:18","guid":{"rendered":"https:\/\/snoeck.de\/?post_type=product&#038;p=6700"},"modified":"2026-04-08T14:14:05","modified_gmt":"2026-04-08T13:14:05","slug":"rose-wylie-flick-and-float","status":"publish","type":"product","link":"https:\/\/snoeck.de\/es\/shop\/rose-wylie-flick-and-float\/","title":{"rendered":"Rose Wylie: Flotar y flotar"},"content":{"rendered":"<h3>\"Toujours la diff\u00e9rence\"<\/h3>\n<p><iframe hcb-fetch-image-from=\"https:\/\/www.youtube.com\/watch?v=lgyUC3E-ltA&amp;feature=youtu.be\" title=\"Rose Wylie flick y float\" width=\"800\" height=\"450\" src=\"https:\/\/www.youtube.com\/embed\/lgyUC3E-ltA?feature=oembed\" frameborder=\"0\" allow=\"accelerometer; autoplay; clipboard-write; encrypted-media; gyroscope; picture-in-picture; web-share\" referrerpolicy=\"strict-origin-when-cross-origin\" allowfullscreen><\/iframe><\/p>\n<p>As\u00ed cita Fabienne Eggelh\u00f6fer a la artista brit\u00e1nica Rose Wylie (*1934) en su texto, que inicia con una visita a su estudio. Se trata de una frase que ha o\u00eddo repetidamente a Rose Wylie en una conversaci\u00f3n, ya que, en \u00faltima instancia, un detalle puede marcar la diferencia y cambiar por completo un dibujo o un \u00f3leo. En sus lienzos de gran formato parece predominar una pincelada aplicada con rapidez, pero \"la diff\u00e9rance\" en particular requiere mucho trabajo. El libro \"Rose Wylie: Flick and Float\" presenta la obra inconformista y fascinante de la artista brit\u00e1nica. Su pr\u00e1ctica art\u00edstica \u00fanica y su amplia gama de temas le han valido el reconocimiento mundial. Los cuadros de gran formato de Wylie son una mezcla de representaci\u00f3n figurativa, abstracci\u00f3n e historias ilustradas. Expresivos, directos y con un humor subversivo, son testimonio del compromiso de la artista con la cultura pop, la literatura, la historia y la experiencia personal. El lenguaje art\u00edstico de Wylie es deliberadamente sencillo y recuerda a la est\u00e9tica de Bad Paintings y Post Pop. Con obras de los \u00faltimos treinta a\u00f1os, el cat\u00e1logo ofrece una visi\u00f3n de la obra desenfrenada de un artista que trasciende los l\u00edmites convencionales y ocupa un lugar \u00fanico en el panorama del arte contempor\u00e1neo. Adem\u00e1s, algunos cuadros fueron pintados especialmente para la exposici\u00f3n de Berna y se presentan ahora al p\u00fablico por primera vez, al igual que las fotograf\u00edas de Juergen Teller, que, con su estilo inconfundible, nos introducen en el mundo completamente diferente del artista.<\/p>\n<p>Exposici\u00f3n: Zentrum Paul Klee Bern, 19\/7 - 5\/10\/2025<\/p>","protected":false},"excerpt":{"rendered":"<p>Cat. Centro Paul Klee de Berna, editado por Fabienne Eggelh\u00f6fer<br \/>\nTextos (eng.) de Fabienne Eggelh\u00f6fer, pr\u00f3logo de Nina Zimmer y Fabienne Eggelh\u00f6fer y un A-Z de Rose Wylie<br \/>\n136 p. con 60 col. con 15 retratos y fotograf\u00edas de estudio de Juergen Teller<br \/>\nFormato 30 x 22,5 cm, folleto<\/p>","protected":false},"featured_media":6662,"template":"","meta":[],"product_brand":[],"product_cat":[95],"product_tag":[],"class_list":{"0":"post-6700","1":"product","2":"type-product","3":"status-publish","4":"has-post-thumbnail","6":"product_cat-vergriffen","8":"first","9":"outofstock","10":"taxable","11":"shipping-taxable","12":"product-type-simple"},"aioseo_notices":[],"_wp_attached_file":null,"_wp_attachment_metadata":null,"_wc_attachment_source":null,"_elementor_inline_svg":null,"_elementor_is_screenshot":null,"_elementor_source_image_hash":null,"_source_url":null,"_wp_attachment_context":null,"_menu_item_type":null,"_menu_item_menu_item_parent":null,"_menu_item_object_id":null,"_menu_item_object":null,"_menu_item_target":null,"_menu_item_classes":null,"_menu_item_xfn":null,"_menu_item_url":null,"__elementor_forms_snapshot":null,"_unit":"","_unit_base":"","_unit_product":"","_unit_price_auto":"no","_unit_price_regular":"","_unit_price":"","_unit_price_sale":"","_sale_price_label":"","_sale_price_regular_label":"","_manufacturer_slug":"","_mini_desc":"","_defect_description":"","_safety_instructions":"","_allergen_ids":[],"_warranty_attachment_id":"","_safety_attachment_ids":[],"_min_age":"","_ts_gtin":"","_ts_mpn":"","_delivery_time_countries":[],"_free_shipping":"no","_service":"no","_photovoltaic_system":"no","_used_good":"no","_defective_copy":"no","_wireless_electronic_device":"no","_device_contains_power_supply":"no","_device_charging_supports_usb_pd":"no","_device_charging_watt_min":"0","_device_charging_watt_max":"0","_is_food":"no","_differential_taxation":"no","_gzd_version":"3.20.1","_hs_code":"","_customs_description":"","_manufacture_country":"0","_is_non_returnable":"no","_shipping_length":"","_shipping_width":"","_shipping_height":"","_sku":"ISBN 978-3-86442-464-9","_global_unique_id":null,"_regular_price":null,"total_sales":"0","_tax_status":"taxable","_tax_class":"","_manage_stock":"no","_backorders":"no","_sold_individually":"no","_weight":"0.78","_virtual":"no","_downloadable":"no","_download_limit":"-1","_download_expiry":"-1","_stock":"","_stock_status":"outofstock","_wc_average_rating":"0","_wc_review_count":"0","_product_version":"10.1.4","_price":"","shopengine_product_views_count":"4755","_thumbnail_id":"6662","_product_attributes":null,"_nutrient_ids":null,"_upsell_ids":null,"pswc_subtitle":null,"_default_delivery_time":"","_wp_desired_post_slug":null,"_isbn":"9783864424649","pageType":null,"isExternalUrl":null,"pageId":null,"externalUrl":null,"hideCookieBanner":null,"isTargetBlank":null,"isProviderCurrentWebsite":null,"isEmbeddingOnlyExternalResources":null,"legalBasis":null,"dataProcessingInCountries":null,"dataProcessingInCountriesSpecialTreatments":null,"technicalDefinitions":null,"googleConsentModeConsentTypes":null,"executePriority":null,"executeCodeOptInWhenNoTagManagerConsentIsGiven":null,"executeCodeOptOutWhenNoTagManagerConsentIsGiven":null,"deleteTechnicalDefinitionsAfterOptOut":null,"presetId":null,"presetVersion":null,"provider":null,"providerContactPhone":null,"providerContactEmail":null,"providerContactLink":null,"uniqueName":null,"providerPrivacyPolicyUrl":null,"providerLegalNoticeUrl":null,"codeOptIn":null,"codeOptOut":null,"codeOnPageLoad":null,"language_code":null,"shopengine_template__post_meta__type":null,"shopengine_template__post_meta":null,"shopengine_template__post_meta__edit_with":null,"origin":null,"_enabled":null,"_filters":null,"_layout":null,"_elementor_import_session_id":null,"_wp_trash_meta_status":null,"_wp_trash_meta_time":null,"_edit_lock":"1759390508:1","_elementor_floating_elements_type":null,"_elementor_edit_mode":null,"_elementor_template_type":null,"tc-thumb-fld":{"_thumb_id":6662,"_thumb_type":"thumb"},"_wp_page_template":null,"_elementor_version":null,"_elementor_pro_version":null,"_elementor_page_settings":null,"_elementor_data":null,"_elementor_conditions":null,"_elementor_popup_display_settings":null,"_edit_last":"1","_elementor_template_sub_type":null,"_elementor_controls_usage":null,"_elementor_screenshot":null,"_elementor_css":null,"_elementor_page_assets":[],"_elementor_element_cache":null,"_elementor_screenshot_failed":null,"_elementor_source":null,"_wp_old_date":"2025-07-14","layout_key":"","post_slider_check_key":"0","_links":{"self":[{"href":"https:\/\/snoeck.de\/es\/wp-json\/wp\/v2\/product\/6700","targetHints":{"allow":["GET"]}}],"collection":[{"href":"https:\/\/snoeck.de\/es\/wp-json\/wp\/v2\/product"}],"about":[{"href":"https:\/\/snoeck.de\/es\/wp-json\/wp\/v2\/types\/product"}],"wp:featuredmedia":[{"embeddable":true,"href":"https:\/\/snoeck.de\/es\/wp-json\/wp\/v2\/media\/6662"}],"wp:attachment":[{"href":"https:\/\/snoeck.de\/es\/wp-json\/wp\/v2\/media?parent=6700"}],"wp:term":[{"taxonomy":"product_brand","embeddable":true,"href":"https:\/\/snoeck.de\/es\/wp-json\/wp\/v2\/product_brand?post=6700"},{"taxonomy":"product_cat","embeddable":true,"href":"https:\/\/snoeck.de\/es\/wp-json\/wp\/v2\/product_cat?post=6700"},{"taxonomy":"product_tag","embeddable":true,"href":"https:\/\/snoeck.de\/es\/wp-json\/wp\/v2\/product_tag?post=6700"}],"curies":[{"name":"wp","href":"https:\/\/api.w.org\/{rel}","templated":true}]}}