{"id":6724,"date":"2025-08-11T14:17:03","date_gmt":"2025-08-11T12:17:03","guid":{"rendered":"https:\/\/snoeck.de\/?post_type=product&#038;p=6724"},"modified":"2025-10-02T09:37:18","modified_gmt":"2025-10-02T07:37:18","slug":"tony-oursler-hoisted-from-the-pit-2","status":"publish","type":"product","link":"https:\/\/snoeck.de\/es\/shop\/tony-oursler-hoisted-from-the-pit-2\/","title":{"rendered":"Tony Oursler: Sacado del pozo"},"content":{"rendered":"<h3>Del Gigante de Cardiff a las Fake News<\/h3>\n<p><iframe hcb-fetch-image-from=\"https:\/\/www.youtube.com\/watch?v=2qGsTKZGztY\" title=\"tony oursler izado de la fosa\" width=\"800\" height=\"450\" src=\"https:\/\/www.youtube.com\/embed\/2qGsTKZGztY?feature=oembed\" frameborder=\"0\" allow=\"accelerometer; autoplay; clipboard-write; encrypted-media; gyroscope; picture-in-picture; web-share\" referrerpolicy=\"strict-origin-when-cross-origin\" allowfullscreen><\/iframe><\/p>\n<p>El \"Gigante de Cardiff\" sigue siendo una de las falsificaciones cient\u00edficas m\u00e1s incre\u00edbles de la historia de la arqueolog\u00eda norteamericana. La figura de piedra debe su nombre al lugar donde fue hallada, en el estado de Nueva York. En una reuni\u00f3n metodista, el ateo George Hull se aprendi\u00f3 el pasaje b\u00edblico del libro del G\u00e9nesis 6.4: \"En aquel tiempo, y tambi\u00e9n despu\u00e9s, cuando los hijos de Dios entraron en las hijas de los hombres y ellas les dieron hijos, se convirtieron en gigantes en la tierra\". Hull mand\u00f3 entonces hacer la estatua de piedra de gran tama\u00f1o y la enterr\u00f3 en la propiedad de su c\u00f3mplice William Newell. Un a\u00f1o m\u00e1s tarde mandaron construir un pozo en el mismo lugar, y el gigante fue \"descubierto\" por casualidad durante su construcci\u00f3n en 1869. El descubrimiento supuestamente sensacional del gigante prehist\u00f3rico se difundi\u00f3 por todo el pa\u00eds. El plan funcion\u00f3, atrayendo a numerosos curiosos a los que se permiti\u00f3 echar un vistazo al gigante a cambio de una tarifa. Aunque pronto se descubri\u00f3 que la figura era falsa, la historia del gigante cobr\u00f3 un impulso propio que llev\u00f3 a los investigadores a elaborar teor\u00edas sobre los primeros tiempos de Estados Unidos basadas en el enga\u00f1o. Tony Oursler, nacido en Nueva York en 1957, investig\u00f3 la historia y su trasfondo y utiliz\u00f3 los resultados para crear una instalaci\u00f3n multimedia que combina hechos hist\u00f3ricos con artefactos especialmente producidos en una est\u00e9tica teatral y de feria. Transporta al p\u00fablico a un mundo fant\u00e1stico lleno de trucos de ilusionismo que, como un gabinete de curiosidades, hace estremecer de placer. En la actualidad, todos estamos demasiado familiarizados con la mezcla de investigaci\u00f3n hist\u00f3rica, hechos cient\u00edficos, fraudes selectivos y seducci\u00f3n de las masas. Las crisis de fe, las fake news y las teor\u00edas conspirativas son omnipresentes y el papel de los medios de comunicaci\u00f3n (sociales) es un factor importante en el \u00e9xito de los negocios fraudulentos. Con su apropiaci\u00f3n de los \"Gigantes de Cardiff\", el videoartista de fama internacional Tony Oursler crea una par\u00e1bola sobre la doble moral y la p\u00e9rdida de confianza en la gran narrativa occidental de la ciencia y el progreso que resulta tan entretenida como abismal. Su detallado ensayo en este libro no s\u00f3lo se adentra en los falsos mundos de EE.UU., sino que tambi\u00e9n demuestra sin lugar a dudas que la idea del pa\u00eds de la libertad parece ser hoy una quimera por algo.<br \/>\nExposici\u00f3n:<br \/>\nMuseo de Arte de Winterthur, 24\/5 -10\/8\/2025<\/p>\n<p>&nbsp;<\/p>","protected":false},"excerpt":{"rendered":"<p>Cat. Museo de Arte de Winterthur<br \/>\nEditado por Lynn Kost<br \/>\nTextos (en ingl\u00e9s) de Marina Isgro, Lynn Kost, Pascal Rousseau y Tony Oursler<br \/>\n248 p. con 280 ilustraciones en color y 50 en blanco y negro.<br \/>\nFormato 24 x 17 cm, encuadernaci\u00f3n en tela gofrada<\/p>","protected":false},"featured_media":6723,"template":"","meta":[],"product_brand":[],"product_cat":[89,72],"product_tag":[],"class_list":{"0":"post-6724","1":"product","2":"type-product","3":"status-publish","4":"has-post-thumbnail","6":"product_cat-89","7":"product_cat-o","9":"first","10":"instock","11":"taxable","12":"shipping-taxable","13":"purchasable","14":"product-type-simple"},"aioseo_notices":[],"_wp_attached_file":null,"_wp_attachment_metadata":null,"_wc_attachment_source":null,"_elementor_inline_svg":null,"_elementor_is_screenshot":null,"_elementor_source_image_hash":null,"_source_url":null,"_wp_attachment_context":null,"_menu_item_type":null,"_menu_item_menu_item_parent":null,"_menu_item_object_id":null,"_menu_item_object":null,"_menu_item_target":null,"_menu_item_classes":null,"_menu_item_xfn":null,"_menu_item_url":null,"__elementor_forms_snapshot":null,"_unit":"","_unit_base":"","_unit_product":"","_unit_price_auto":"no","_unit_price_regular":"","_unit_price":"","_unit_price_sale":"","_sale_price_label":"","_sale_price_regular_label":"","_manufacturer_slug":"","_mini_desc":"","_defect_description":"","_safety_instructions":"","_allergen_ids":[],"_warranty_attachment_id":"","_safety_attachment_ids":[],"_min_age":"","_ts_gtin":"","_ts_mpn":"","_delivery_time_countries":[],"_free_shipping":"no","_service":"no","_photovoltaic_system":"no","_used_good":"no","_defective_copy":"no","_wireless_electronic_device":"no","_device_contains_power_supply":"no","_device_charging_supports_usb_pd":"no","_device_charging_watt_min":"0","_device_charging_watt_max":"0","_is_food":"no","_differential_taxation":"no","_gzd_version":"3.20.1","_hs_code":"","_customs_description":"","_manufacture_country":"0","_is_non_returnable":"no","_shipping_length":"","_shipping_width":"","_shipping_height":"","_sku":"ISBN 978-3-86442-463-2","_global_unique_id":null,"_regular_price":"58","total_sales":"0","_tax_status":"taxable","_tax_class":"","_manage_stock":"no","_backorders":"no","_sold_individually":"no","_weight":"0.95","_virtual":"no","_downloadable":"no","_download_limit":"-1","_download_expiry":"-1","_stock":"","_stock_status":"instock","_wc_average_rating":"0","_wc_review_count":"0","_product_version":"10.1.0","_price":"58","shopengine_product_views_count":"3474","_thumbnail_id":"6723","_product_attributes":null,"_nutrient_ids":null,"_upsell_ids":null,"pswc_subtitle":null,"_default_delivery_time":"","_wp_desired_post_slug":null,"_isbn":"9783864424632","pageType":null,"isExternalUrl":null,"pageId":null,"externalUrl":null,"hideCookieBanner":null,"isTargetBlank":null,"isProviderCurrentWebsite":null,"isEmbeddingOnlyExternalResources":null,"legalBasis":null,"dataProcessingInCountries":null,"dataProcessingInCountriesSpecialTreatments":null,"technicalDefinitions":null,"googleConsentModeConsentTypes":null,"executePriority":null,"executeCodeOptInWhenNoTagManagerConsentIsGiven":null,"executeCodeOptOutWhenNoTagManagerConsentIsGiven":null,"deleteTechnicalDefinitionsAfterOptOut":null,"presetId":null,"presetVersion":null,"provider":null,"providerContactPhone":null,"providerContactEmail":null,"providerContactLink":null,"uniqueName":null,"providerPrivacyPolicyUrl":null,"providerLegalNoticeUrl":null,"codeOptIn":null,"codeOptOut":null,"codeOnPageLoad":null,"language_code":null,"shopengine_template__post_meta__type":null,"shopengine_template__post_meta":null,"shopengine_template__post_meta__edit_with":null,"origin":null,"_enabled":null,"_filters":null,"_layout":null,"_elementor_import_session_id":null,"_wp_trash_meta_status":null,"_wp_trash_meta_time":null,"_edit_lock":"1759390506:1","_elementor_floating_elements_type":null,"_elementor_edit_mode":null,"_elementor_template_type":null,"tc-thumb-fld":{"_thumb_id":6723,"_thumb_type":"thumb"},"_wp_page_template":null,"_elementor_version":null,"_elementor_pro_version":null,"_elementor_page_settings":null,"_elementor_data":null,"_elementor_conditions":null,"_elementor_popup_display_settings":null,"_edit_last":"1","_elementor_template_sub_type":null,"_elementor_controls_usage":null,"_elementor_screenshot":null,"_elementor_css":null,"_elementor_page_assets":[],"_elementor_element_cache":null,"_elementor_screenshot_failed":null,"_elementor_source":null,"_wp_old_date":"2025-08-04","layout_key":"","post_slider_check_key":"0","_links":{"self":[{"href":"https:\/\/snoeck.de\/es\/wp-json\/wp\/v2\/product\/6724","targetHints":{"allow":["GET"]}}],"collection":[{"href":"https:\/\/snoeck.de\/es\/wp-json\/wp\/v2\/product"}],"about":[{"href":"https:\/\/snoeck.de\/es\/wp-json\/wp\/v2\/types\/product"}],"wp:featuredmedia":[{"embeddable":true,"href":"https:\/\/snoeck.de\/es\/wp-json\/wp\/v2\/media\/6723"}],"wp:attachment":[{"href":"https:\/\/snoeck.de\/es\/wp-json\/wp\/v2\/media?parent=6724"}],"wp:term":[{"taxonomy":"product_brand","embeddable":true,"href":"https:\/\/snoeck.de\/es\/wp-json\/wp\/v2\/product_brand?post=6724"},{"taxonomy":"product_cat","embeddable":true,"href":"https:\/\/snoeck.de\/es\/wp-json\/wp\/v2\/product_cat?post=6724"},{"taxonomy":"product_tag","embeddable":true,"href":"https:\/\/snoeck.de\/es\/wp-json\/wp\/v2\/product_tag?post=6724"}],"curies":[{"name":"wp","href":"https:\/\/api.w.org\/{rel}","templated":true}]}}