{"id":6767,"date":"2025-09-10T08:00:00","date_gmt":"2025-09-10T06:00:00","guid":{"rendered":"https:\/\/snoeck.de\/?post_type=product&#038;p=6767"},"modified":"2025-10-02T09:35:32","modified_gmt":"2025-10-02T07:35:32","slug":"marius-luescher-untitled-paintings","status":"publish","type":"product","link":"https:\/\/snoeck.de\/es\/shop\/marius-luescher-untitled-paintings\/","title":{"rendered":"Marius L\u00fcscher: Pinturas sin t\u00edtulo"},"content":{"rendered":"<h3>Abstracci\u00f3n de la abstracci\u00f3n<\/h3>\n<p><iframe hcb-fetch-image-from=\"https:\/\/www.youtube.com\/watch?v=kwJ7K00Wn10\" title=\"Marius L\u00fcscher cuadros sin t\u00edtulo\" width=\"800\" height=\"450\" src=\"https:\/\/www.youtube.com\/embed\/kwJ7K00Wn10?feature=oembed\" frameborder=\"0\" allow=\"accelerometer; autoplay; clipboard-write; encrypted-media; gyroscope; picture-in-picture; web-share\" referrerpolicy=\"strict-origin-when-cross-origin\" allowfullscreen><\/iframe><\/p>\n<p><span style=\"font-size: 11.0pt;\">Como escribe Dieter Schwarz, antiguo director del Kunstmuseum Winterthur, en el ensayo que acompa\u00f1a a la obra, los cuadros abstractos de Marius L\u00fcscher nos presentan un extra\u00f1o \"orden que no apela a ning\u00fan conocimiento previo\". Con una altura de 160 a 220 cm y en formato vertical, los cuadros niegan una impresi\u00f3n paisaj\u00edstica, del mismo modo que evitan cualquier alusi\u00f3n a la figura humana, para la que tradicionalmente se reservaba este formato. \"No hay una organizaci\u00f3n interna de la superficie pict\u00f3rica que recuerde a la anatom\u00eda, ni las formas utilizadas forman conjuntos que inviten al espectador a encontrarse f\u00edsicamente dentro de ellos. Ni siquiera se aplica la met\u00e1fora de las construcciones arquitect\u00f3nicas\".  M\u00e1s bien, la identidad de la superficie pintada y del plano pict\u00f3rico se disuelve, las formas se sit\u00faan sobre un fondo blanco neutro con el que interact\u00faan: la transparencia sustituye a la opulencia. \"La pintura de Marius L\u00fcscher se ha constituido desde 2010 a partir de las posibilidades heredadas de \u00e9sta, que no representan una cantidad estable sino variable. Frente a la abstracci\u00f3n hist\u00f3rica y la abstracci\u00f3n de la posguerra, el propio pintor describe esta obra como \"abstracci\u00f3n de la abstracci\u00f3n\", porque no pretende representar la pintura abstracta como una ficci\u00f3n hist\u00f3rica como Roy Lichtenstein, sino que intenta permanecer del lado de la pintura no representativa e historizarla, mantenerla viva como una posibilidad real de trabajo.\"<\/span><\/p>","protected":false},"excerpt":{"rendered":"<p>Texto (alem\u00e1n\/ingl\u00e9s) de Dieter Schwarz<br \/>\n112 p. con 65 ilustraciones col. ilustraciones<br \/>\nFormato 30 x 24 cm, tapa dura<\/p>","protected":false},"featured_media":6768,"template":"","meta":[],"product_brand":[],"product_cat":[89,69],"product_tag":[],"class_list":{"0":"post-6767","1":"product","2":"type-product","3":"status-publish","4":"has-post-thumbnail","6":"product_cat-89","7":"product_cat-l","9":"first","10":"instock","11":"taxable","12":"shipping-taxable","13":"purchasable","14":"product-type-simple"},"aioseo_notices":[],"_wp_attached_file":null,"_wp_attachment_metadata":null,"_wc_attachment_source":null,"_elementor_inline_svg":null,"_elementor_is_screenshot":null,"_elementor_source_image_hash":null,"_source_url":null,"_wp_attachment_context":null,"_menu_item_type":null,"_menu_item_menu_item_parent":null,"_menu_item_object_id":null,"_menu_item_object":null,"_menu_item_target":null,"_menu_item_classes":null,"_menu_item_xfn":null,"_menu_item_url":null,"__elementor_forms_snapshot":null,"_unit":"","_unit_base":"","_unit_product":"","_unit_price_auto":"no","_unit_price_regular":"","_unit_price":"","_unit_price_sale":"","_sale_price_label":"","_sale_price_regular_label":"","_manufacturer_slug":"","_mini_desc":"","_defect_description":"","_safety_instructions":"","_allergen_ids":[],"_warranty_attachment_id":"","_safety_attachment_ids":[],"_min_age":"","_ts_gtin":"","_ts_mpn":"","_delivery_time_countries":[],"_free_shipping":"no","_service":"no","_photovoltaic_system":"no","_used_good":"no","_defective_copy":"no","_wireless_electronic_device":"no","_device_contains_power_supply":"no","_device_charging_supports_usb_pd":"no","_device_charging_watt_min":"","_device_charging_watt_max":"","_is_food":"no","_differential_taxation":"no","_gzd_version":"3.20.1","_hs_code":"","_customs_description":"","_manufacture_country":"0","_is_non_returnable":"no","_shipping_length":"","_shipping_width":"","_shipping_height":"","_sku":"ISBN 978-3-86442-467-0","_global_unique_id":null,"_regular_price":"39.80","total_sales":"1","_tax_status":"taxable","_tax_class":"","_manage_stock":"no","_backorders":"no","_sold_individually":"no","_weight":"0.89","_virtual":"no","_downloadable":"no","_download_limit":"-1","_download_expiry":"-1","_stock":"","_stock_status":"instock","_wc_average_rating":"0","_wc_review_count":"0","_product_version":"10.1.0","_price":"39.80","shopengine_product_views_count":"3488","_thumbnail_id":"6768","_product_attributes":null,"_nutrient_ids":null,"_upsell_ids":null,"pswc_subtitle":null,"_default_delivery_time":null,"_wp_desired_post_slug":null,"_isbn":"9783864424670","pageType":null,"isExternalUrl":null,"pageId":null,"externalUrl":null,"hideCookieBanner":null,"isTargetBlank":null,"isProviderCurrentWebsite":null,"isEmbeddingOnlyExternalResources":null,"legalBasis":null,"dataProcessingInCountries":null,"dataProcessingInCountriesSpecialTreatments":null,"technicalDefinitions":null,"googleConsentModeConsentTypes":null,"executePriority":null,"executeCodeOptInWhenNoTagManagerConsentIsGiven":null,"executeCodeOptOutWhenNoTagManagerConsentIsGiven":null,"deleteTechnicalDefinitionsAfterOptOut":null,"presetId":null,"presetVersion":null,"provider":null,"providerContactPhone":null,"providerContactEmail":null,"providerContactLink":null,"uniqueName":null,"providerPrivacyPolicyUrl":null,"providerLegalNoticeUrl":null,"codeOptIn":null,"codeOptOut":null,"codeOnPageLoad":null,"language_code":null,"shopengine_template__post_meta__type":null,"shopengine_template__post_meta":null,"shopengine_template__post_meta__edit_with":null,"origin":null,"_enabled":null,"_filters":null,"_layout":null,"_elementor_import_session_id":null,"_wp_trash_meta_status":null,"_wp_trash_meta_time":null,"_edit_lock":"1762772810:2","_elementor_floating_elements_type":null,"_elementor_edit_mode":null,"_elementor_template_type":null,"tc-thumb-fld":{"_thumb_id":6768,"_thumb_type":"thumb"},"_wp_page_template":null,"_elementor_version":null,"_elementor_pro_version":null,"_elementor_page_settings":null,"_elementor_data":null,"_elementor_conditions":null,"_elementor_popup_display_settings":null,"_edit_last":"1","_elementor_template_sub_type":null,"_elementor_controls_usage":null,"_elementor_screenshot":null,"_elementor_css":null,"_elementor_page_assets":[],"_elementor_element_cache":null,"_elementor_screenshot_failed":null,"_elementor_source":null,"_wp_old_date":null,"layout_key":"","post_slider_check_key":"0","_links":{"self":[{"href":"https:\/\/snoeck.de\/es\/wp-json\/wp\/v2\/product\/6767","targetHints":{"allow":["GET"]}}],"collection":[{"href":"https:\/\/snoeck.de\/es\/wp-json\/wp\/v2\/product"}],"about":[{"href":"https:\/\/snoeck.de\/es\/wp-json\/wp\/v2\/types\/product"}],"wp:featuredmedia":[{"embeddable":true,"href":"https:\/\/snoeck.de\/es\/wp-json\/wp\/v2\/media\/6768"}],"wp:attachment":[{"href":"https:\/\/snoeck.de\/es\/wp-json\/wp\/v2\/media?parent=6767"}],"wp:term":[{"taxonomy":"product_brand","embeddable":true,"href":"https:\/\/snoeck.de\/es\/wp-json\/wp\/v2\/product_brand?post=6767"},{"taxonomy":"product_cat","embeddable":true,"href":"https:\/\/snoeck.de\/es\/wp-json\/wp\/v2\/product_cat?post=6767"},{"taxonomy":"product_tag","embeddable":true,"href":"https:\/\/snoeck.de\/es\/wp-json\/wp\/v2\/product_tag?post=6767"}],"curies":[{"name":"wp","href":"https:\/\/api.w.org\/{rel}","templated":true}]}}