{"id":6791,"date":"2025-10-19T14:47:55","date_gmt":"2025-10-19T12:47:55","guid":{"rendered":"https:\/\/snoeck.de\/?post_type=product&#038;p=6791"},"modified":"2025-10-19T14:24:59","modified_gmt":"2025-10-19T12:24:59","slug":"vorzugsausgabe-georg-baselitz-peintre-graveur-v-weissgruen-ueber-rot","status":"publish","type":"product","link":"https:\/\/snoeck.de\/es\/shop\/vorzugsausgabe-georg-baselitz-peintre-graveur-v-weissgruen-ueber-rot\/","title":{"rendered":"Edici\u00f3n especial 02 - Georg Baselitz: Peintre - Graveur V"},"content":{"rendered":"<p>Este quinto volumen del cat\u00e1logo razonado de los grabados de Georg Baselitz documenta un arco que va de 1993 a principios de 1998. En m\u00e1s de 250 obras, desde los aguafuertes de la serie \"Chicas g\u00f3ticas\" hasta las l\u00e1minas con esp\u00edritu de pintura sobre vidrio invertido, el 'peintre-graveur' alem\u00e1n combina representaciones pict\u00f3ricas sorprendentemente en\u00e9rgicas con un arte de la ornamentaci\u00f3n muy libre.<\/p>","protected":false},"excerpt":{"rendered":"<p>\"\u00c9l vuela\", 2022<br \/>\n<strong>25 Ex. Blanco-verde sobre rojo<\/strong><br \/>\nAguatinta (tinta de az\u00facar) de<br \/>\n2 planchas de cobre : 66,4 x 64 cm<br \/>\nsobre Somerset White Satin (300 g\/m\u00b2)<br \/>\nPapel hecho a mano : 86 x 64 cm<br \/>\n<strong>firmado y numerado<\/strong><\/p>\n<p>impreso por Mette Ulstrup<br \/>\nen Niels Borch Jensen Copenhague<\/p>\n<hr \/>\n<p>Editado por Rainer Michael Mason y Detlev Gretenkort<br \/>\nTexto (alem\u00e1n\/ingl\u00e9s\/franc\u00e9s) de Rainer Michael Mason<br \/>\n376 p. con unas 300 ilustraciones en color<br \/>\nFormato 34 x 24,5 cm, lino con sobrecubierta<br \/>\nISBN 978-3-86442-475-5<\/p>","protected":false},"featured_media":6784,"template":"","meta":[],"product_brand":[],"product_cat":[89,59],"product_tag":[],"class_list":{"0":"post-6791","1":"product","2":"type-product","3":"status-publish","4":"has-post-thumbnail","6":"product_cat-89","7":"product_cat-b","9":"first","10":"instock","11":"taxable","12":"shipping-taxable","13":"purchasable","14":"product-type-simple"},"aioseo_notices":[],"_wp_attached_file":null,"_wp_attachment_metadata":null,"_wc_attachment_source":null,"_elementor_inline_svg":null,"_elementor_is_screenshot":null,"_elementor_source_image_hash":null,"_source_url":null,"_wp_attachment_context":null,"_menu_item_type":null,"_menu_item_menu_item_parent":null,"_menu_item_object_id":null,"_menu_item_object":null,"_menu_item_target":null,"_menu_item_classes":null,"_menu_item_xfn":null,"_menu_item_url":null,"__elementor_forms_snapshot":null,"_unit":"","_unit_base":"","_unit_product":"","_unit_price_auto":"no","_unit_price_regular":"","_unit_price":"","_unit_price_sale":"","_sale_price_label":"","_sale_price_regular_label":"","_manufacturer_slug":"","_mini_desc":"","_defect_description":"","_safety_instructions":"","_allergen_ids":[],"_warranty_attachment_id":"","_safety_attachment_ids":[],"_min_age":"","_ts_gtin":"","_ts_mpn":"","_delivery_time_countries":[],"_free_shipping":"yes","_service":"no","_photovoltaic_system":"no","_used_good":"no","_defective_copy":"no","_wireless_electronic_device":"no","_device_contains_power_supply":"no","_device_charging_supports_usb_pd":"no","_device_charging_watt_min":"","_device_charging_watt_max":"","_is_food":"no","_differential_taxation":"no","_gzd_version":"3.20.1","_hs_code":"","_customs_description":"","_manufacture_country":"0","_is_non_returnable":"no","_shipping_length":"","_shipping_width":"","_shipping_height":"","_sku":"Bestellnummer: 475-02","_global_unique_id":"475-02","_regular_price":"2580","total_sales":"0","_tax_status":"taxable","_tax_class":"","_manage_stock":"yes","_backorders":"no","_sold_individually":"no","_weight":"2","_virtual":"no","_downloadable":"no","_download_limit":"-1","_download_expiry":"-1","_stock":"25.000000","_stock_status":"instock","_wc_average_rating":"0","_wc_review_count":"0","_product_version":"10.1.0","_price":"2580","shopengine_product_views_count":"1722","_thumbnail_id":"6784","_product_attributes":null,"_nutrient_ids":null,"_upsell_ids":null,"pswc_subtitle":null,"_default_delivery_time":"","_wp_desired_post_slug":null,"_isbn":"9783864424755","pageType":null,"isExternalUrl":null,"pageId":null,"externalUrl":null,"hideCookieBanner":null,"isTargetBlank":null,"isProviderCurrentWebsite":null,"isEmbeddingOnlyExternalResources":null,"legalBasis":null,"dataProcessingInCountries":null,"dataProcessingInCountriesSpecialTreatments":null,"technicalDefinitions":null,"googleConsentModeConsentTypes":null,"executePriority":null,"executeCodeOptInWhenNoTagManagerConsentIsGiven":null,"executeCodeOptOutWhenNoTagManagerConsentIsGiven":null,"deleteTechnicalDefinitionsAfterOptOut":null,"presetId":null,"presetVersion":null,"provider":null,"providerContactPhone":null,"providerContactEmail":null,"providerContactLink":null,"uniqueName":null,"providerPrivacyPolicyUrl":null,"providerLegalNoticeUrl":null,"codeOptIn":null,"codeOptOut":null,"codeOnPageLoad":null,"language_code":null,"shopengine_template__post_meta__type":null,"shopengine_template__post_meta":null,"shopengine_template__post_meta__edit_with":null,"origin":null,"_enabled":null,"_filters":null,"_layout":null,"_elementor_import_session_id":null,"_wp_trash_meta_status":null,"_wp_trash_meta_time":null,"_edit_lock":"1760876699:1","_elementor_floating_elements_type":null,"_elementor_edit_mode":null,"_elementor_template_type":null,"tc-thumb-fld":null,"_wp_page_template":null,"_elementor_version":null,"_elementor_pro_version":null,"_elementor_page_settings":null,"_elementor_data":null,"_elementor_conditions":null,"_elementor_popup_display_settings":null,"_edit_last":"1","_elementor_template_sub_type":null,"_elementor_controls_usage":null,"_elementor_screenshot":null,"_elementor_css":null,"_elementor_page_assets":[],"_elementor_element_cache":null,"_elementor_screenshot_failed":null,"_elementor_source":null,"_wp_old_date":null,"layout_key":null,"post_slider_check_key":null,"_links":{"self":[{"href":"https:\/\/snoeck.de\/es\/wp-json\/wp\/v2\/product\/6791","targetHints":{"allow":["GET"]}}],"collection":[{"href":"https:\/\/snoeck.de\/es\/wp-json\/wp\/v2\/product"}],"about":[{"href":"https:\/\/snoeck.de\/es\/wp-json\/wp\/v2\/types\/product"}],"wp:featuredmedia":[{"embeddable":true,"href":"https:\/\/snoeck.de\/es\/wp-json\/wp\/v2\/media\/6784"}],"wp:attachment":[{"href":"https:\/\/snoeck.de\/es\/wp-json\/wp\/v2\/media?parent=6791"}],"wp:term":[{"taxonomy":"product_brand","embeddable":true,"href":"https:\/\/snoeck.de\/es\/wp-json\/wp\/v2\/product_brand?post=6791"},{"taxonomy":"product_cat","embeddable":true,"href":"https:\/\/snoeck.de\/es\/wp-json\/wp\/v2\/product_cat?post=6791"},{"taxonomy":"product_tag","embeddable":true,"href":"https:\/\/snoeck.de\/es\/wp-json\/wp\/v2\/product_tag?post=6791"}],"curies":[{"name":"wp","href":"https:\/\/api.w.org\/{rel}","templated":true}]}}