{"id":6861,"date":"2025-11-14T08:00:00","date_gmt":"2025-11-14T06:00:00","guid":{"rendered":"https:\/\/snoeck.de\/?post_type=product&#038;p=6861"},"modified":"2025-12-08T17:08:14","modified_gmt":"2025-12-08T15:08:14","slug":"rolf-glasmeier-frieden-im-kopf-retrospektive","status":"publish","type":"product","link":"https:\/\/snoeck.de\/es\/shop\/rolf-glasmeier-frieden-im-kopf-retrospektive\/","title":{"rendered":"Rolf Glasmeier: Frieden im Kopf \u2013 Retrospektive"},"content":{"rendered":"<p><iframe hcb-fetch-image-from=\"https:\/\/www.youtube.com\/watch?v=NdVRSrJs4Yc\" title=\"Rolf Glasmeier\" width=\"800\" height=\"450\" src=\"https:\/\/www.youtube.com\/embed\/NdVRSrJs4Yc?feature=oembed\" frameborder=\"0\" allow=\"accelerometer; autoplay; clipboard-write; encrypted-media; gyroscope; picture-in-picture; web-share\" referrerpolicy=\"strict-origin-when-cross-origin\" allowfullscreen><\/iframe><\/p>\n<h4><strong>Cosmos de las cosas<\/strong><\/h4>\n<p><span style=\"font-size: 12.0pt; color: black;\">Rolf Glasmeier (1945-2003) fue un artista, dise\u00f1ador gr\u00e1fico y organizador de exposiciones que configur\u00f3 la escena art\u00edstica de la regi\u00f3n del Ruhr a partir de la d\u00e9cada de 1960. Tras su formaci\u00f3n en la Escuela de Dise\u00f1o de Ulm, desarroll\u00f3 un estilo reconocido internacionalmente entre la abstracci\u00f3n geom\u00e9trica, las estructuras seriadas y la participaci\u00f3n: Sus esculturas interactivas invitan a tocarlas y modificarlas. En la d\u00e9cada de 1970, se volc\u00f3 en nuevos materiales y temas como el consumo de masas y el reciclaje. Toda su obra se caracteriza por el pensamiento humanista y la convicci\u00f3n de que el arte puede ser un espacio en el que la sociedad se cuestione y cambie a s\u00ed misma. Con motivo de su retrospectiva en el Kunstmuseum Gelsenkirchen, la obra multimedia de Rolf Glasmeier -desde la escultura, la fotograf\u00eda y la gr\u00e1fica hasta las acciones en espacios p\u00fablicos- es homenajeada en esta publicaci\u00f3n profusamente ilustrada con numerosas fotos hist\u00f3ricas a lo largo de su desarrollo e iluminada exhaustivamente en ensayos en profundidad.<\/span><\/p>\n<p>Exposici\u00f3n:<br \/>\nMuseo de Arte de Gelsenkirchen, 16\/11\/2025 - 8\/3\/2026<\/p>","protected":false},"excerpt":{"rendered":"<p>Cat. Museo de Arte de Gelsenkirchen<br \/>\nEditado por Julia H\u00f6ner<br \/>\nTextos (alem\u00e1n\/ingl\u00e9s) de Michael Glasmeier, Julia H\u00f6ner, Barbara Martin, Vanessa Joan M\u00fcller<br \/>\n176 p. con 150 ilustraciones en color y 80 en blanco y negro.<br \/>\nFormato 30,5 x 22 cm, tapa dura<\/p>","protected":false},"featured_media":6862,"template":"","meta":[],"product_brand":[],"product_cat":[89,64],"product_tag":[],"class_list":{"0":"post-6861","1":"product","2":"type-product","3":"status-publish","4":"has-post-thumbnail","6":"product_cat-89","7":"product_cat-g","9":"first","10":"instock","11":"taxable","12":"shipping-taxable","13":"purchasable","14":"product-type-simple"},"aioseo_notices":[],"_wp_attached_file":null,"_wp_attachment_metadata":null,"_wc_attachment_source":null,"_elementor_inline_svg":null,"_elementor_is_screenshot":null,"_elementor_source_image_hash":null,"_source_url":null,"_wp_attachment_context":null,"_menu_item_type":null,"_menu_item_menu_item_parent":null,"_menu_item_object_id":null,"_menu_item_object":null,"_menu_item_target":null,"_menu_item_classes":null,"_menu_item_xfn":null,"_menu_item_url":null,"__elementor_forms_snapshot":null,"_unit":"","_unit_base":"","_unit_product":"","_unit_price_auto":"no","_unit_price_regular":"","_unit_price":"","_unit_price_sale":"","_sale_price_label":"","_sale_price_regular_label":"","_manufacturer_slug":"","_mini_desc":"","_defect_description":"","_safety_instructions":"","_allergen_ids":[],"_warranty_attachment_id":"","_safety_attachment_ids":[],"_min_age":"","_ts_gtin":"","_ts_mpn":"","_delivery_time_countries":[],"_free_shipping":"no","_service":"no","_photovoltaic_system":"no","_used_good":"no","_defective_copy":"no","_wireless_electronic_device":"no","_device_contains_power_supply":"no","_device_charging_supports_usb_pd":"no","_device_charging_watt_min":"","_device_charging_watt_max":"","_is_food":"no","_differential_taxation":"no","_gzd_version":"3.20.1","_hs_code":"","_customs_description":"","_manufacture_country":"0","_is_non_returnable":"no","_shipping_length":"","_shipping_width":"","_shipping_height":"","_sku":"ISBN 978-3-86442-474-8","_global_unique_id":null,"_regular_price":"39.8","total_sales":"2","_tax_status":"taxable","_tax_class":"","_manage_stock":"no","_backorders":"no","_sold_individually":"no","_weight":"1.15","_virtual":"no","_downloadable":"no","_download_limit":"-1","_download_expiry":"-1","_stock":"","_stock_status":"instock","_wc_average_rating":"0","_wc_review_count":"0","_product_version":"10.1.0","_price":"39.8","shopengine_product_views_count":"2031","_thumbnail_id":"6862","_product_attributes":null,"_nutrient_ids":null,"_upsell_ids":null,"pswc_subtitle":null,"_default_delivery_time":null,"_wp_desired_post_slug":null,"_isbn":"9783864424748","pageType":null,"isExternalUrl":null,"pageId":null,"externalUrl":null,"hideCookieBanner":null,"isTargetBlank":null,"isProviderCurrentWebsite":null,"isEmbeddingOnlyExternalResources":null,"legalBasis":null,"dataProcessingInCountries":null,"dataProcessingInCountriesSpecialTreatments":null,"technicalDefinitions":null,"googleConsentModeConsentTypes":null,"executePriority":null,"executeCodeOptInWhenNoTagManagerConsentIsGiven":null,"executeCodeOptOutWhenNoTagManagerConsentIsGiven":null,"deleteTechnicalDefinitionsAfterOptOut":null,"presetId":null,"presetVersion":null,"provider":null,"providerContactPhone":null,"providerContactEmail":null,"providerContactLink":null,"uniqueName":null,"providerPrivacyPolicyUrl":null,"providerLegalNoticeUrl":null,"codeOptIn":null,"codeOptOut":null,"codeOnPageLoad":null,"language_code":null,"shopengine_template__post_meta__type":null,"shopengine_template__post_meta":null,"shopengine_template__post_meta__edit_with":null,"origin":null,"_enabled":null,"_filters":null,"_layout":null,"_elementor_import_session_id":null,"_wp_trash_meta_status":null,"_wp_trash_meta_time":null,"_edit_lock":"1765268878:1","_elementor_floating_elements_type":null,"_elementor_edit_mode":null,"_elementor_template_type":null,"tc-thumb-fld":null,"_wp_page_template":null,"_elementor_version":null,"_elementor_pro_version":null,"_elementor_page_settings":null,"_elementor_data":null,"_elementor_conditions":null,"_elementor_popup_display_settings":null,"_edit_last":"2","_elementor_template_sub_type":null,"_elementor_controls_usage":null,"_elementor_screenshot":null,"_elementor_css":null,"_elementor_page_assets":[],"_elementor_element_cache":null,"_elementor_screenshot_failed":null,"_elementor_source":null,"_wp_old_date":null,"layout_key":null,"post_slider_check_key":null,"_links":{"self":[{"href":"https:\/\/snoeck.de\/es\/wp-json\/wp\/v2\/product\/6861","targetHints":{"allow":["GET"]}}],"collection":[{"href":"https:\/\/snoeck.de\/es\/wp-json\/wp\/v2\/product"}],"about":[{"href":"https:\/\/snoeck.de\/es\/wp-json\/wp\/v2\/types\/product"}],"wp:featuredmedia":[{"embeddable":true,"href":"https:\/\/snoeck.de\/es\/wp-json\/wp\/v2\/media\/6862"}],"wp:attachment":[{"href":"https:\/\/snoeck.de\/es\/wp-json\/wp\/v2\/media?parent=6861"}],"wp:term":[{"taxonomy":"product_brand","embeddable":true,"href":"https:\/\/snoeck.de\/es\/wp-json\/wp\/v2\/product_brand?post=6861"},{"taxonomy":"product_cat","embeddable":true,"href":"https:\/\/snoeck.de\/es\/wp-json\/wp\/v2\/product_cat?post=6861"},{"taxonomy":"product_tag","embeddable":true,"href":"https:\/\/snoeck.de\/es\/wp-json\/wp\/v2\/product_tag?post=6861"}],"curies":[{"name":"wp","href":"https:\/\/api.w.org\/{rel}","templated":true}]}}