{"id":6863,"date":"2025-11-14T08:00:00","date_gmt":"2025-11-14T06:00:00","guid":{"rendered":"https:\/\/snoeck.de\/?post_type=product&#038;p=6863"},"modified":"2025-12-27T15:55:36","modified_gmt":"2025-12-27T14:55:36","slug":"ben-de-biel-elegantly-wasted-ritter-butzke-berlin","status":"publish","type":"product","link":"https:\/\/snoeck.de\/es\/shop\/ben-de-biel-elegantly-wasted-ritter-butzke-berlin\/","title":{"rendered":"Ben de Biel: Elegantly Wasted \/ Ritter Butzke Berl\u00edn"},"content":{"rendered":"<p><iframe hcb-fetch-image-from=\"https:\/\/www.youtube.com\/watch?v=EPkoUcEr9w4\" title=\"Elegante y borracha\" width=\"800\" height=\"450\" src=\"https:\/\/www.youtube.com\/embed\/EPkoUcEr9w4?feature=oembed\" frameborder=\"0\" allow=\"accelerometer; autoplay; clipboard-write; encrypted-media; gyroscope; picture-in-picture; web-share\" referrerpolicy=\"strict-origin-when-cross-origin\" allowfullscreen><\/iframe><\/p>\n<h4><\/h4>\n<p class=\"MsoNormal\" style=\"line-height: 150%;\">\"\u00a1Baila sobre ello\" o \"ven y d\u00e9jate llevar\" y \"tu cerebro necesita urgentemente unas vacaciones\"! Estas eran las palabras de los folletos de Ritter Butzke y el resultado es, por supuesto, \"De la euforia al agotamiento\". Ritter Butzke fue fundado por Johannes von Jena en 2006, cuando buscaba un local para fiestas temporales en las instalaciones vac\u00edas de la f\u00e1brica Aqua Butzke Werke, en la calle Ritterstra\u00dfe de Kreuzberg. El club funcion\u00f3 ilegalmente desde principios de 2007 hasta 2009, fue cerrado por las autoridades y reabri\u00f3 legalmente en 2010. \"Era probablemente el mayor club ilegal del mundo\", dice Johannes von Jena. En la d\u00e9cada de 2010, \"Berl\u00edn es considerada la ciudad donde se reinvent\u00f3 la cultura de la fiesta del siglo XXI\", como explica Max Dax en su entrevista con Johannes von Jena y Ben de Biel. Las series fotogr\u00e1ficas de este volumen fueron tomadas por Ben de Biel, que lleva fotografiando en Ritter Butzke desde el principio. Esto no s\u00f3lo estaba mal visto en los clubes, sino que estaba prohibido. Sin embargo, Ben de Biel, que regentaba el legendario Maria am Ostbahnhof, era alguien muy arraigado en el ambiente y lo aceptaba, sobre todo porque todos los visitantes eran conscientes de que estaban siendo fotografiados por \u00e9l. En los a\u00f1os 90, fotografi\u00f3 por primera vez la escena okupa de Friedrichshain: \"10 a\u00f1os despu\u00e9s, mis viajes nocturnos en taxi a casa desde el Club Maria. Entonces empec\u00e9 a fotografiar fiestas yo mismo en Ritter Butzke, porque era la cultura de club que me hab\u00eda tra\u00eddo a Berl\u00edn hac\u00eda m\u00e1s de 35 a\u00f1os. Tambi\u00e9n sab\u00eda que nadie hab\u00eda fotografiado clubes berlineses hasta ese punto antes que yo, y ten\u00eda un enfoque muy personal... Sab\u00eda que la cultura de club es una parte esencial de Berl\u00edn\". Thomas Wochnick tambi\u00e9n escribi\u00f3 sobre la exposici\u00f3n \"Elegantly Wasted\" en Urban Spree (14\/11 - 20\/12\/25) en el TAGESSPIEGEL el 21\/11\/25: \"Si te paras en la exposici\u00f3n de la galer\u00eda Urban Spree ... b\u00e1sicamente miras este mundo desde fuera. Y lo haces, porque no hay otra manera, con una mirada voyeurista ... Por un lado, puedes sentir c\u00f3mo tu propia mirada se convierte en intrusa. Por otro lado, sin embargo, tambi\u00e9n percibes la calma con la que el fot\u00f3grafo se mueve por este mundo, no como un cuerpo extra\u00f1o, sino como parte de la gente que baila. Ning\u00fan otro fot\u00f3grafo ha logrado esto de forma comparable\".<\/p>\n<p>&nbsp;<\/p>","protected":false},"excerpt":{"rendered":"<p>editado por Johannes von Jena<br \/>\nConversaci\u00f3n (alem\u00e1n\/ingl\u00e9s) de Max Dax con Ben de Biel y Johannes von Jena<br \/>\n256 p. con 120 ilustraciones a doble p\u00e1gina. Ilust. en color<br \/>\nFormato 28 x 24 cm, tapa blanda<\/p>","protected":false},"featured_media":6864,"template":"","meta":[],"product_brand":[],"product_cat":[89,59,61,62,80],"product_tag":[],"class_list":{"0":"post-6863","1":"product","2":"type-product","3":"status-publish","4":"has-post-thumbnail","6":"product_cat-89","7":"product_cat-b","8":"product_cat-d","9":"product_cat-e","10":"product_cat-w","12":"first","13":"instock","14":"taxable","15":"shipping-taxable","16":"purchasable","17":"product-type-simple"},"aioseo_notices":[],"_wp_attached_file":null,"_wp_attachment_metadata":null,"_wc_attachment_source":null,"_elementor_inline_svg":null,"_elementor_is_screenshot":null,"_elementor_source_image_hash":null,"_source_url":null,"_wp_attachment_context":null,"_menu_item_type":null,"_menu_item_menu_item_parent":null,"_menu_item_object_id":null,"_menu_item_object":null,"_menu_item_target":null,"_menu_item_classes":null,"_menu_item_xfn":null,"_menu_item_url":null,"__elementor_forms_snapshot":null,"_unit":"","_unit_base":"","_unit_product":"","_unit_price_auto":"no","_unit_price_regular":"","_unit_price":"","_unit_price_sale":"","_sale_price_label":"","_sale_price_regular_label":"","_manufacturer_slug":"","_mini_desc":"","_defect_description":"","_safety_instructions":"","_allergen_ids":[],"_warranty_attachment_id":"","_safety_attachment_ids":[],"_min_age":"","_ts_gtin":"","_ts_mpn":"","_delivery_time_countries":[],"_free_shipping":"no","_service":"no","_photovoltaic_system":"no","_used_good":"no","_defective_copy":"no","_wireless_electronic_device":"no","_device_contains_power_supply":"no","_device_charging_supports_usb_pd":"no","_device_charging_watt_min":"","_device_charging_watt_max":"","_is_food":"no","_differential_taxation":"no","_gzd_version":"3.20.1","_hs_code":"","_customs_description":"","_manufacture_country":"0","_is_non_returnable":"no","_shipping_length":"","_shipping_width":"","_shipping_height":"","_sku":"ISBN 978-3-86442-471-7","_global_unique_id":null,"_regular_price":"39.8","total_sales":"2","_tax_status":"taxable","_tax_class":"","_manage_stock":"no","_backorders":"no","_sold_individually":"no","_weight":"2.1","_virtual":"no","_downloadable":"no","_download_limit":"-1","_download_expiry":"-1","_stock":"","_stock_status":"instock","_wc_average_rating":"0","_wc_review_count":"0","_product_version":"10.1.3","_price":"39.8","shopengine_product_views_count":"2641","_thumbnail_id":"6864","_product_attributes":null,"_nutrient_ids":null,"_upsell_ids":null,"pswc_subtitle":null,"_default_delivery_time":"","_wp_desired_post_slug":null,"_isbn":"9783864424717","pageType":null,"isExternalUrl":null,"pageId":null,"externalUrl":null,"hideCookieBanner":null,"isTargetBlank":null,"isProviderCurrentWebsite":null,"isEmbeddingOnlyExternalResources":null,"legalBasis":null,"dataProcessingInCountries":null,"dataProcessingInCountriesSpecialTreatments":null,"technicalDefinitions":null,"googleConsentModeConsentTypes":null,"executePriority":null,"executeCodeOptInWhenNoTagManagerConsentIsGiven":null,"executeCodeOptOutWhenNoTagManagerConsentIsGiven":null,"deleteTechnicalDefinitionsAfterOptOut":null,"presetId":null,"presetVersion":null,"provider":null,"providerContactPhone":null,"providerContactEmail":null,"providerContactLink":null,"uniqueName":null,"providerPrivacyPolicyUrl":null,"providerLegalNoticeUrl":null,"codeOptIn":null,"codeOptOut":null,"codeOnPageLoad":null,"language_code":null,"shopengine_template__post_meta__type":null,"shopengine_template__post_meta":null,"shopengine_template__post_meta__edit_with":null,"origin":null,"_enabled":null,"_filters":null,"_layout":null,"_elementor_import_session_id":null,"_wp_trash_meta_status":null,"_wp_trash_meta_time":null,"_edit_lock":"1766847339:2","_elementor_floating_elements_type":null,"_elementor_edit_mode":null,"_elementor_template_type":null,"tc-thumb-fld":null,"_wp_page_template":null,"_elementor_version":null,"_elementor_pro_version":null,"_elementor_page_settings":null,"_elementor_data":null,"_elementor_conditions":null,"_elementor_popup_display_settings":null,"_edit_last":"2","_elementor_template_sub_type":null,"_elementor_controls_usage":null,"_elementor_screenshot":null,"_elementor_css":null,"_elementor_page_assets":[],"_elementor_element_cache":null,"_elementor_screenshot_failed":null,"_elementor_source":null,"_wp_old_date":null,"layout_key":null,"post_slider_check_key":null,"_links":{"self":[{"href":"https:\/\/snoeck.de\/es\/wp-json\/wp\/v2\/product\/6863","targetHints":{"allow":["GET"]}}],"collection":[{"href":"https:\/\/snoeck.de\/es\/wp-json\/wp\/v2\/product"}],"about":[{"href":"https:\/\/snoeck.de\/es\/wp-json\/wp\/v2\/types\/product"}],"wp:featuredmedia":[{"embeddable":true,"href":"https:\/\/snoeck.de\/es\/wp-json\/wp\/v2\/media\/6864"}],"wp:attachment":[{"href":"https:\/\/snoeck.de\/es\/wp-json\/wp\/v2\/media?parent=6863"}],"wp:term":[{"taxonomy":"product_brand","embeddable":true,"href":"https:\/\/snoeck.de\/es\/wp-json\/wp\/v2\/product_brand?post=6863"},{"taxonomy":"product_cat","embeddable":true,"href":"https:\/\/snoeck.de\/es\/wp-json\/wp\/v2\/product_cat?post=6863"},{"taxonomy":"product_tag","embeddable":true,"href":"https:\/\/snoeck.de\/es\/wp-json\/wp\/v2\/product_tag?post=6863"}],"curies":[{"name":"wp","href":"https:\/\/api.w.org\/{rel}","templated":true}]}}