{"id":6944,"date":"2025-11-25T08:00:00","date_gmt":"2025-11-25T06:00:00","guid":{"rendered":"https:\/\/snoeck.de\/?post_type=product&#038;p=6944"},"modified":"2025-12-09T10:28:22","modified_gmt":"2025-12-09T08:28:22","slug":"sven-julien-kanclerski-sprengel-preis-2025","status":"publish","type":"product","link":"https:\/\/snoeck.de\/es\/shop\/sven-julien-kanclerski-sprengel-preis-2025\/","title":{"rendered":"Sven-Julien Kanclerski \u2013 Premio Sprengel 2025"},"content":{"rendered":"<p><iframe hcb-fetch-image-from=\"https:\/\/www.youtube.com\/watch?v=VXSBhoJP6w0\" title=\"Sven Kaclerski\" width=\"800\" height=\"450\" src=\"https:\/\/www.youtube.com\/embed\/VXSBhoJP6w0?feature=oembed\" frameborder=\"0\" allow=\"accelerometer; autoplay; clipboard-write; encrypted-media; gyroscope; picture-in-picture; web-share\" referrerpolicy=\"strict-origin-when-cross-origin\" allowfullscreen><\/iframe><\/p>\n<h4 style=\"line-height: 150%; margin: 0cm 0cm 14.4pt 0cm;\"><b><span style=\"color: black;\">Como escultor, trabaja r\u00e1pido, con precisi\u00f3n milim\u00e9trica, met\u00f3dicamente y con alta concentraci\u00f3n.<br \/>\nComo fot\u00f3grafo, Kanclerski se convierte en un vagabundo.<\/span><\/b><\/h4>\n<p style=\"line-height: 150%;\">Con los viajes y las estancias de investigaci\u00f3n que forman parte del PREMIO SPRENGEL, se abre constantemente una nueva perspectiva art\u00edstica sobre diferentes regiones de Europa. Sven-Julien Kanclerski es el primero, desde la reorientaci\u00f3n del PREMIO SPRENGEL, que mira hacia Europa del Este y explora Ruman\u00eda desde su perspectiva art\u00edstica. Lejos de cualquier inter\u00e9s tur\u00edstico, desarrolla una visi\u00f3n muy particular que, curiosamente, revela un perfil art\u00edstico tan claro como crea una imagen atmosf\u00e9rica densa. Son escenarios secundarios, peculiaridades al margen, que en realidad nadie ve y nadie quiere ver, pero que revelan por un lado la mirada del escultor, que reconoce formas y correspondencias formales en todas partes, encuentra asociaciones formales extra\u00f1as en objetos completamente diferentes y, de manera conmovedora, descubre una y otra vez las huellas de la acci\u00f3n humana en lo aparentemente casual.<\/p>\n<p style=\"line-height: 150%;\">Exposici\u00f3n:<br \/>\nMuseo Sprengel Hannover, 22\/11\/2025 \u2013 1\/3\/2026<\/p>\n<p>&nbsp;<\/p>\n<p>&nbsp;<\/p>","protected":false},"excerpt":{"rendered":"<p>Museo Sprengel de Han\u00f3ver<br \/>\nHrsg. Sprengel Museum Hannover<br \/>\nen colaboraci\u00f3n con el estado de Baja Sajonia y la Nieders\u00e4chsische Sparkassenstiftung<br \/>\nTexto (alem\u00e1n\/ingl\u00e9s) de Nora Niefanger, Felix Koberstein, pr\u00f3logo de Reinhard Spieler<br \/>\n124 p\u00e1gs. con 86 ilustraciones en color y 23 en blanco y negro.<br \/>\nFormato 29 x 23,5 cm, r\u00fastica con t\u00edtulo en relieve<\/p>","protected":false},"featured_media":6945,"template":"","meta":[],"product_brand":[],"product_cat":[89,68,76],"product_tag":[],"class_list":{"0":"post-6944","1":"product","2":"type-product","3":"status-publish","4":"has-post-thumbnail","6":"product_cat-89","7":"product_cat-k","8":"product_cat-s","10":"first","11":"instock","12":"taxable","13":"shipping-taxable","14":"purchasable","15":"product-type-simple"},"aioseo_notices":[],"_wp_attached_file":null,"_wp_attachment_metadata":null,"_wc_attachment_source":null,"_elementor_inline_svg":null,"_elementor_is_screenshot":null,"_elementor_source_image_hash":null,"_source_url":null,"_wp_attachment_context":null,"_menu_item_type":null,"_menu_item_menu_item_parent":null,"_menu_item_object_id":null,"_menu_item_object":null,"_menu_item_target":null,"_menu_item_classes":null,"_menu_item_xfn":null,"_menu_item_url":null,"__elementor_forms_snapshot":null,"_unit":"","_unit_base":"","_unit_product":"","_unit_price_auto":"no","_unit_price_regular":"","_unit_price":"","_unit_price_sale":"","_sale_price_label":"","_sale_price_regular_label":"","_manufacturer_slug":"","_mini_desc":"","_defect_description":"","_safety_instructions":"","_allergen_ids":[],"_warranty_attachment_id":"","_safety_attachment_ids":[],"_min_age":"","_ts_gtin":"","_ts_mpn":"","_delivery_time_countries":[],"_free_shipping":"no","_service":"no","_photovoltaic_system":"no","_used_good":"no","_defective_copy":"no","_wireless_electronic_device":"no","_device_contains_power_supply":"no","_device_charging_supports_usb_pd":"no","_device_charging_watt_min":"","_device_charging_watt_max":"","_is_food":"no","_differential_taxation":"no","_gzd_version":"3.20.1","_hs_code":"","_customs_description":"","_manufacture_country":"0","_is_non_returnable":"no","_shipping_length":"","_shipping_width":"","_shipping_height":"","_sku":"ISBN 978-3-86442-478-6","_global_unique_id":null,"_regular_price":"29.80","total_sales":"0","_tax_status":"taxable","_tax_class":"","_manage_stock":"no","_backorders":"no","_sold_individually":"no","_weight":"0.7","_virtual":"no","_downloadable":"no","_download_limit":"-1","_download_expiry":"-1","_stock":"","_stock_status":"instock","_wc_average_rating":"0","_wc_review_count":"0","_product_version":"10.1.0","_price":"29.80","shopengine_product_views_count":"2298","_thumbnail_id":"6945","_product_attributes":null,"_nutrient_ids":null,"_upsell_ids":null,"pswc_subtitle":null,"_default_delivery_time":null,"_wp_desired_post_slug":null,"_isbn":"9783864424786","pageType":null,"isExternalUrl":null,"pageId":null,"externalUrl":null,"hideCookieBanner":null,"isTargetBlank":null,"isProviderCurrentWebsite":null,"isEmbeddingOnlyExternalResources":null,"legalBasis":null,"dataProcessingInCountries":null,"dataProcessingInCountriesSpecialTreatments":null,"technicalDefinitions":null,"googleConsentModeConsentTypes":null,"executePriority":null,"executeCodeOptInWhenNoTagManagerConsentIsGiven":null,"executeCodeOptOutWhenNoTagManagerConsentIsGiven":null,"deleteTechnicalDefinitionsAfterOptOut":null,"presetId":null,"presetVersion":null,"provider":null,"providerContactPhone":null,"providerContactEmail":null,"providerContactLink":null,"uniqueName":null,"providerPrivacyPolicyUrl":null,"providerLegalNoticeUrl":null,"codeOptIn":null,"codeOptOut":null,"codeOnPageLoad":null,"language_code":null,"shopengine_template__post_meta__type":null,"shopengine_template__post_meta":null,"shopengine_template__post_meta__edit_with":null,"origin":null,"_enabled":null,"_filters":null,"_layout":null,"_elementor_import_session_id":null,"_wp_trash_meta_status":null,"_wp_trash_meta_time":null,"_edit_lock":"1765268776:1","_elementor_floating_elements_type":null,"_elementor_edit_mode":null,"_elementor_template_type":null,"tc-thumb-fld":null,"_wp_page_template":null,"_elementor_version":null,"_elementor_pro_version":null,"_elementor_page_settings":null,"_elementor_data":null,"_elementor_conditions":null,"_elementor_popup_display_settings":null,"_edit_last":"1","_elementor_template_sub_type":null,"_elementor_controls_usage":null,"_elementor_screenshot":null,"_elementor_css":null,"_elementor_page_assets":[],"_elementor_element_cache":null,"_elementor_screenshot_failed":null,"_elementor_source":null,"_wp_old_date":null,"layout_key":null,"post_slider_check_key":null,"_links":{"self":[{"href":"https:\/\/snoeck.de\/es\/wp-json\/wp\/v2\/product\/6944","targetHints":{"allow":["GET"]}}],"collection":[{"href":"https:\/\/snoeck.de\/es\/wp-json\/wp\/v2\/product"}],"about":[{"href":"https:\/\/snoeck.de\/es\/wp-json\/wp\/v2\/types\/product"}],"wp:featuredmedia":[{"embeddable":true,"href":"https:\/\/snoeck.de\/es\/wp-json\/wp\/v2\/media\/6945"}],"wp:attachment":[{"href":"https:\/\/snoeck.de\/es\/wp-json\/wp\/v2\/media?parent=6944"}],"wp:term":[{"taxonomy":"product_brand","embeddable":true,"href":"https:\/\/snoeck.de\/es\/wp-json\/wp\/v2\/product_brand?post=6944"},{"taxonomy":"product_cat","embeddable":true,"href":"https:\/\/snoeck.de\/es\/wp-json\/wp\/v2\/product_cat?post=6944"},{"taxonomy":"product_tag","embeddable":true,"href":"https:\/\/snoeck.de\/es\/wp-json\/wp\/v2\/product_tag?post=6944"}],"curies":[{"name":"wp","href":"https:\/\/api.w.org\/{rel}","templated":true}]}}