{"id":7163,"date":"2026-01-05T09:00:00","date_gmt":"2026-01-05T08:00:00","guid":{"rendered":"https:\/\/snoeck.de\/?post_type=product&p=7163"},"modified":"2025-12-26T14:28:31","modified_gmt":"2025-12-26T13:28:31","slug":"daniel-spoerri-i-liebe-widersprueche-i-like-contradictions","status":"publish","type":"product","link":"https:\/\/snoeck.de\/es\/shop\/daniel-spoerri-i-liebe-widersprueche-i-like-contradictions\/","title":{"rendered":"Daniel Spoerri: Me encantan las contradicciones"},"content":{"rendered":"<h3>Fuera de las im\u00e1genes, dentro de la vida<\/h3>\n<p>La exposici\u00f3n \"Me encantan las contradicciones\" en la Colecci\u00f3n Falckenberg abre una nueva perspectiva sobre la obra de Daniel Spoerri (1930-2024) y la vigencia ininterrumpida de su pensamiento art\u00edstico. Tras su primera carrera como bailar\u00edn cl\u00e1sico, Spoerri fund\u00f3 el grupo Nouveaux R\u00e9alistes en Par\u00eds en 1960 junto con Yves Klein, Jean Tinguely, Niki de Saint-Phalle y otros artistas amigos y se convirti\u00f3 en un representante formativo del arte objetual. En contraste con el arte abstracto y siguiendo la estela de los readymades y el neodada de la d\u00e9cada de 1960, Spoerri cre\u00f3 su propio g\u00e9nero art\u00edstico con sus \"cuadros trampa\" y fund\u00f3 Eat Art en la d\u00e9cada de 1970. En di\u00e1logo con obras de la Colecci\u00f3n Falckenberg, se despliegan las diversas referencias entre el planteamiento art\u00edstico de Daniel Spoerri y las actitudes consumistas y socialmente cr\u00edticas que se encuentran en la colecci\u00f3n. Artistas como Dieter Roth y Emmett Williams fueron compa\u00f1eros de Spoerri en las d\u00e9cadas de 1960 y 1970; Gianfranco Baruchello, \u00d6yvind Fahlstr\u00f6m y Spoerri expusieron juntos con los Nouveaux R\u00e9alistes por primera vez en Nueva York en 1962. A su vez, se pueden encontrar paralelismos est\u00e9tico-materiales y conceptuales en la obra de Mark Dion, Mariella Mosler, Pope.L, Thomas Gr\u00fcnfeld, Cosima von Bonin y John Miller; por ejemplo, el t\u00edpico juego de Spoerri con materiales cotidianos, su cr\u00edtica al concepto de obra y su enfoque ir\u00f3nico del significado de la autor\u00eda. Las obras de la Colecci\u00f3n Falckenberg reflejan los v\u00ednculos interdisciplinarios con el arte de Spoerri, que se han desarrollado m\u00e1s all\u00e1 de las fronteras nacionales a trav\u00e9s del Fluxus, el Nouveau R\u00e9alisme y el Arte Conceptual hasta nuestros d\u00edas.<\/p>\n<p>Exposici\u00f3n: Colecci\u00f3n Falckenberg \/ Deichtorhallen Hamburgo: hasta el 26 de abril de 2026<\/p>","protected":false},"excerpt":{"rendered":"<p>Kat. Colecci\u00f3n Falckenberg \/ Deichtorhallen Hamburgo<br \/>\neditado por Dirk Luckow y Goesta Diercks<br \/>\nTexto (alem.\/ingl.) de Beatrice von Bismarck, Belinda Grace Gardener, Barbara R\u00e4derscheidt, Pr\u00f3logo de Dirk Luckow<br \/>\n192 p\u00e1gs. con 100 figs. en color y 10 en b\/n, en su mayor\u00eda a p\u00e1gina completa o doble.<br \/>\nFormato 24 x 18 cm, tapa blanda<\/p>","protected":false},"featured_media":7164,"template":"","meta":[],"product_brand":[],"product_cat":[157,76],"product_tag":[],"class_list":{"0":"post-7163","1":"product","2":"type-product","3":"status-publish","4":"has-post-thumbnail","6":"product_cat-157","7":"product_cat-s","9":"first","10":"instock","11":"taxable","12":"shipping-taxable","13":"purchasable","14":"product-type-simple"},"aioseo_notices":[],"_wp_attached_file":null,"_wp_attachment_metadata":null,"_wc_attachment_source":null,"_elementor_inline_svg":null,"_elementor_is_screenshot":null,"_elementor_source_image_hash":null,"_source_url":null,"_wp_attachment_context":null,"_menu_item_type":null,"_menu_item_menu_item_parent":null,"_menu_item_object_id":null,"_menu_item_object":null,"_menu_item_target":null,"_menu_item_classes":null,"_menu_item_xfn":null,"_menu_item_url":null,"__elementor_forms_snapshot":null,"_unit":null,"_unit_base":null,"_unit_product":null,"_unit_price_auto":null,"_unit_price_regular":null,"_unit_price":null,"_unit_price_sale":null,"_sale_price_label":null,"_sale_price_regular_label":null,"_manufacturer_slug":null,"_mini_desc":null,"_defect_description":null,"_safety_instructions":null,"_allergen_ids":null,"_warranty_attachment_id":null,"_safety_attachment_ids":null,"_min_age":null,"_ts_gtin":null,"_ts_mpn":null,"_delivery_time_countries":null,"_free_shipping":null,"_service":null,"_photovoltaic_system":null,"_used_good":null,"_defective_copy":null,"_wireless_electronic_device":null,"_device_contains_power_supply":null,"_device_charging_supports_usb_pd":null,"_device_charging_watt_min":null,"_device_charging_watt_max":null,"_is_food":null,"_differential_taxation":null,"_gzd_version":null,"_hs_code":null,"_customs_description":null,"_manufacture_country":null,"_is_non_returnable":null,"_shipping_length":null,"_shipping_width":null,"_shipping_height":null,"_sku":"ISBN 978-3-86442-477-9","_global_unique_id":null,"_regular_price":"39.9","total_sales":"0","_tax_status":"taxable","_tax_class":"","_manage_stock":"no","_backorders":"no","_sold_individually":"no","_weight":"0.75","_virtual":"no","_downloadable":"no","_download_limit":"-1","_download_expiry":"-1","_stock":"","_stock_status":"instock","_wc_average_rating":"0","_wc_review_count":"0","_product_version":"10.1.3","_price":"39.9","shopengine_product_views_count":"2245","_thumbnail_id":"7164","_product_attributes":null,"_nutrient_ids":null,"_upsell_ids":null,"pswc_subtitle":null,"_default_delivery_time":null,"_wp_desired_post_slug":null,"_isbn":"9783864424779","pageType":null,"isExternalUrl":null,"pageId":null,"externalUrl":null,"hideCookieBanner":null,"isTargetBlank":null,"isProviderCurrentWebsite":null,"isEmbeddingOnlyExternalResources":null,"legalBasis":null,"dataProcessingInCountries":null,"dataProcessingInCountriesSpecialTreatments":null,"technicalDefinitions":null,"googleConsentModeConsentTypes":null,"executePriority":null,"executeCodeOptInWhenNoTagManagerConsentIsGiven":null,"executeCodeOptOutWhenNoTagManagerConsentIsGiven":null,"deleteTechnicalDefinitionsAfterOptOut":null,"presetId":null,"presetVersion":null,"provider":null,"providerContactPhone":null,"providerContactEmail":null,"providerContactLink":null,"uniqueName":null,"providerPrivacyPolicyUrl":null,"providerLegalNoticeUrl":null,"codeOptIn":null,"codeOptOut":null,"codeOnPageLoad":null,"language_code":null,"shopengine_template__post_meta__type":null,"shopengine_template__post_meta":null,"shopengine_template__post_meta__edit_with":null,"origin":null,"_enabled":null,"_filters":null,"_layout":null,"_elementor_import_session_id":null,"_wp_trash_meta_status":null,"_wp_trash_meta_time":null,"_edit_lock":null,"_elementor_floating_elements_type":null,"_elementor_edit_mode":null,"_elementor_template_type":null,"tc-thumb-fld":null,"_wp_page_template":null,"_elementor_version":null,"_elementor_pro_version":null,"_elementor_page_settings":null,"_elementor_data":null,"_elementor_conditions":null,"_elementor_popup_display_settings":null,"_edit_last":null,"_elementor_template_sub_type":null,"_elementor_controls_usage":null,"_elementor_screenshot":null,"_elementor_css":null,"_elementor_page_assets":[],"_elementor_element_cache":null,"_elementor_screenshot_failed":null,"_elementor_source":null,"_wp_old_date":null,"layout_key":null,"post_slider_check_key":null,"_links":{"self":[{"href":"https:\/\/snoeck.de\/es\/wp-json\/wp\/v2\/product\/7163","targetHints":{"allow":["GET"]}}],"collection":[{"href":"https:\/\/snoeck.de\/es\/wp-json\/wp\/v2\/product"}],"about":[{"href":"https:\/\/snoeck.de\/es\/wp-json\/wp\/v2\/types\/product"}],"wp:featuredmedia":[{"embeddable":true,"href":"https:\/\/snoeck.de\/es\/wp-json\/wp\/v2\/media\/7164"}],"wp:attachment":[{"href":"https:\/\/snoeck.de\/es\/wp-json\/wp\/v2\/media?parent=7163"}],"wp:term":[{"taxonomy":"product_brand","embeddable":true,"href":"https:\/\/snoeck.de\/es\/wp-json\/wp\/v2\/product_brand?post=7163"},{"taxonomy":"product_cat","embeddable":true,"href":"https:\/\/snoeck.de\/es\/wp-json\/wp\/v2\/product_cat?post=7163"},{"taxonomy":"product_tag","embeddable":true,"href":"https:\/\/snoeck.de\/es\/wp-json\/wp\/v2\/product_tag?post=7163"}],"curies":[{"name":"wp","href":"https:\/\/api.w.org\/{rel}","templated":true}]}}