{"id":7181,"date":"2026-02-20T09:00:00","date_gmt":"2026-02-20T08:00:00","guid":{"rendered":"https:\/\/snoeck.de\/?post_type=product&#038;p=7181"},"modified":"2026-02-19T14:31:55","modified_gmt":"2026-02-19T13:31:55","slug":"nikola-ukic-about-the-sense-of-possibilities","status":"publish","type":"product","link":"https:\/\/snoeck.de\/es\/shop\/nikola-ukic-about-the-sense-of-possibilities\/","title":{"rendered":"Nikola Uki\u0107: Sobre el Sentido de las Posibilidades"},"content":{"rendered":"<h3>Los l\u00edmites de lo posible<\/h3>\n<p>La pr\u00e1ctica art\u00edstica de Nikola Uki\u0107 se caracteriza por el crecimiento y la decadencia, constituyendo por as\u00ed decirlo una met\u00e1fora de la ecolog\u00eda del capitalismo, como se\u00f1alan muchos cr\u00edticos, aunque \u00e9l no formula una relaci\u00f3n directa entre ambos conceptos. Sus reflexiones giran en torno a cuestiones fundamentales del trabajo art\u00edstico, y retoma las tradiciones propulsoras de los a\u00f1os sesenta del readymade y el minimal, con las que la escultura se apart\u00f3 consciente y radicalmente de los conceptos representativos y monumentales. La obra de Nikola Uki\u0107 pretende reinterpretar cr\u00edticamente las estrategias escult\u00f3ricas, abordando la crisis de las experiencias corporales coherentes y la relaci\u00f3n entre autenticidad y ficci\u00f3n. Obras como sus cubos de poliuretano \"Exhalan mientras se elevan\" lo ilustran. Mezclados con diferentes dosis de pigmentos de color, los cubos de poliuretano alcanzan su volumen m\u00e1ximo cuando han asumido el tama\u00f1o de su molde y vuelven a desinflarse gradualmente a su propio ritmo. Su formaci\u00f3n est\u00e1 sujeta a una transformaci\u00f3n permanente que los hace tan flexibles y fr\u00e1giles como el cuerpo humano. Sin embargo, no se trata de un proceso de envejecimiento lineal: un cubo encogido no es en absoluto inferior a uno nuevo y liso. No es casualidad que las exposiciones de Uki\u0107 se comparen repetidamente con los jardines zen, porque en ellas la naturaleza y el trabajo humano se articulan, no en disonancia apolog\u00e9tica, sino en una nueva forma de crecimiento y de ser que se asemeja a una nueva ecolog\u00eda, que parece basarse en la investigaci\u00f3n de los l\u00edmites de la naturaleza y la cultura, lo vivo y lo muerto, el crecimiento y la permanencia. La ecolog\u00eda de Uki\u0107 resulta de su reflexi\u00f3n sobre la forma. Insiste en su irreductibilidad y en nuestra capacidad para soportarla. En este sentido, su pr\u00e1ctica explora los l\u00edmites de lo que es posible yuxtaponer sin neutralizarlo. A Nikola Uki\u0107 le interesa la idea de c\u00f3mo las masas de cuerpos pueden imprimirse en una superficie sin representar esto en un realismo mim\u00e9tico.<\/p>","protected":false},"excerpt":{"rendered":"<p>Kat. MMSU Museo de Arte Moderno y Contempor\u00e1neo de Rijeka<br \/>\neditado por Branca Ben\u010di\u0107<br \/>\nText (alem\u00e1n\/ingl\u00e9s\/croata) de Rolf Hengesbach, Sabina Salamon, Thorsten Schneider, Vladimir Vidmar<br \/>\n176 p\u00e1gs. con 115 ilustraciones en color.<br \/>\nFormato 29 x 23,5, Cubierta flexible<\/p>","protected":false},"featured_media":7185,"template":"","meta":[],"product_brand":[],"product_cat":[157,78],"product_tag":[],"class_list":{"0":"post-7181","1":"product","2":"type-product","3":"status-publish","4":"has-post-thumbnail","6":"product_cat-157","7":"product_cat-u","9":"first","10":"instock","11":"taxable","12":"shipping-taxable","13":"purchasable","14":"product-type-simple"},"aioseo_notices":[],"_wp_attached_file":null,"_wp_attachment_metadata":null,"_wc_attachment_source":null,"_elementor_inline_svg":null,"_elementor_is_screenshot":null,"_elementor_source_image_hash":null,"_source_url":null,"_wp_attachment_context":null,"_menu_item_type":null,"_menu_item_menu_item_parent":null,"_menu_item_object_id":null,"_menu_item_object":null,"_menu_item_target":null,"_menu_item_classes":null,"_menu_item_xfn":null,"_menu_item_url":null,"__elementor_forms_snapshot":null,"_unit":"","_unit_base":"","_unit_product":"","_unit_price_auto":"no","_unit_price_regular":"","_unit_price":"","_unit_price_sale":"","_sale_price_label":"","_sale_price_regular_label":"","_manufacturer_slug":"","_mini_desc":"","_defect_description":"","_safety_instructions":"","_allergen_ids":[],"_warranty_attachment_id":"","_safety_attachment_ids":[],"_min_age":"","_ts_gtin":"","_ts_mpn":"","_delivery_time_countries":[],"_free_shipping":"no","_service":"no","_photovoltaic_system":"no","_used_good":"no","_defective_copy":"no","_wireless_electronic_device":"no","_device_contains_power_supply":"no","_device_charging_supports_usb_pd":"no","_device_charging_watt_min":"","_device_charging_watt_max":"","_is_food":"no","_differential_taxation":"no","_gzd_version":"3.20.1","_hs_code":"","_customs_description":"","_manufacture_country":"0","_is_non_returnable":"no","_shipping_length":"","_shipping_width":"","_shipping_height":"","_sku":"ISBN 978-3-86442-468-7","_global_unique_id":null,"_regular_price":"39.8","total_sales":"0","_tax_status":"taxable","_tax_class":"","_manage_stock":"no","_backorders":"no","_sold_individually":"no","_weight":"1.08","_virtual":"no","_downloadable":"no","_download_limit":"-1","_download_expiry":"-1","_stock":"","_stock_status":"instock","_wc_average_rating":"0","_wc_review_count":"0","_product_version":"10.1.3","_price":"39.8","shopengine_product_views_count":"1086","_thumbnail_id":"7185","_product_attributes":null,"_nutrient_ids":null,"_upsell_ids":null,"pswc_subtitle":null,"_default_delivery_time":null,"_wp_desired_post_slug":null,"_isbn":"9783864424687","pageType":null,"isExternalUrl":null,"pageId":null,"externalUrl":null,"hideCookieBanner":null,"isTargetBlank":null,"isProviderCurrentWebsite":null,"isEmbeddingOnlyExternalResources":null,"legalBasis":null,"dataProcessingInCountries":null,"dataProcessingInCountriesSpecialTreatments":null,"technicalDefinitions":null,"googleConsentModeConsentTypes":null,"executePriority":null,"executeCodeOptInWhenNoTagManagerConsentIsGiven":null,"executeCodeOptOutWhenNoTagManagerConsentIsGiven":null,"deleteTechnicalDefinitionsAfterOptOut":null,"presetId":null,"presetVersion":null,"provider":null,"providerContactPhone":null,"providerContactEmail":null,"providerContactLink":null,"uniqueName":null,"providerPrivacyPolicyUrl":null,"providerLegalNoticeUrl":null,"codeOptIn":null,"codeOptOut":null,"codeOnPageLoad":null,"language_code":null,"shopengine_template__post_meta__type":null,"shopengine_template__post_meta":null,"shopengine_template__post_meta__edit_with":null,"origin":null,"_enabled":null,"_filters":null,"_layout":null,"_elementor_import_session_id":null,"_wp_trash_meta_status":null,"_wp_trash_meta_time":null,"_edit_lock":"1772800993:2","_elementor_floating_elements_type":null,"_elementor_edit_mode":null,"_elementor_template_type":null,"tc-thumb-fld":null,"_wp_page_template":null,"_elementor_version":null,"_elementor_pro_version":null,"_elementor_page_settings":null,"_elementor_data":null,"_elementor_conditions":null,"_elementor_popup_display_settings":null,"_edit_last":"2","_elementor_template_sub_type":null,"_elementor_controls_usage":null,"_elementor_screenshot":null,"_elementor_css":null,"_elementor_page_assets":[],"_elementor_element_cache":null,"_elementor_screenshot_failed":null,"_elementor_source":null,"_wp_old_date":null,"layout_key":null,"post_slider_check_key":null,"_links":{"self":[{"href":"https:\/\/snoeck.de\/es\/wp-json\/wp\/v2\/product\/7181","targetHints":{"allow":["GET"]}}],"collection":[{"href":"https:\/\/snoeck.de\/es\/wp-json\/wp\/v2\/product"}],"about":[{"href":"https:\/\/snoeck.de\/es\/wp-json\/wp\/v2\/types\/product"}],"wp:featuredmedia":[{"embeddable":true,"href":"https:\/\/snoeck.de\/es\/wp-json\/wp\/v2\/media\/7185"}],"wp:attachment":[{"href":"https:\/\/snoeck.de\/es\/wp-json\/wp\/v2\/media?parent=7181"}],"wp:term":[{"taxonomy":"product_brand","embeddable":true,"href":"https:\/\/snoeck.de\/es\/wp-json\/wp\/v2\/product_brand?post=7181"},{"taxonomy":"product_cat","embeddable":true,"href":"https:\/\/snoeck.de\/es\/wp-json\/wp\/v2\/product_cat?post=7181"},{"taxonomy":"product_tag","embeddable":true,"href":"https:\/\/snoeck.de\/es\/wp-json\/wp\/v2\/product_tag?post=7181"}],"curies":[{"name":"wp","href":"https:\/\/api.w.org\/{rel}","templated":true}]}}