{"id":7191,"date":"2026-02-27T09:00:00","date_gmt":"2026-02-27T08:00:00","guid":{"rendered":"https:\/\/snoeck.de\/?post_type=product&p=7191"},"modified":"2026-02-26T19:45:23","modified_gmt":"2026-02-26T18:45:23","slug":"radenko-milak-post-millennium-tension","status":"publish","type":"product","link":"https:\/\/snoeck.de\/es\/shop\/radenko-milak-post-millennium-tension\/","title":{"rendered":"Radenko Milak: Tensi\u00f3n Post-Milenio"},"content":{"rendered":"<p>Cuando vemos por primera vez una de las acuarelas de Radenko Milak (*1980 Travnik, cerca de Banja Luka), creemos \"reconocerla\", porque siempre hay un antes y un despu\u00e9s, como en un bucle de pel\u00edcula, y \u00e9sa es una cualidad \u00fanica de esta obra, escribe Udo Kittelmann en su art\u00edculo. Ante un cuadro de Radenko Milak, creemos ver una secci\u00f3n de algo m\u00e1s grande, un todo mayor, del mundo, del universo, igual que una fotograf\u00eda es siempre una secci\u00f3n de un cuadro te\u00f3ricamente infinito. Adem\u00e1s, casi todos sus motivos se basan en una imagen que ya conocemos porque ya la hemos visto y memorizado. As\u00ed pues, en su obra intervienen muchos factores: el cambio de soporte, de la fotograf\u00eda a la acuarela, la cuesti\u00f3n del original y la reproducci\u00f3n, la elecci\u00f3n de los temas, la manera en que sus cuadros apelan a nuestro subconsciente y al subconsciente colectivo, porque nuestra memoria no s\u00f3lo est\u00e1 determinada por el lenguaje, sino sobre todo por las im\u00e1genes. Es este dominio congenial del medio, la ilusi\u00f3n que surge al contemplar las fotograf\u00edas, pero sobre todo la experiencia de asistir a un cambio de soporte. La fotograf\u00eda original se convierte en una acuarela, que el ojo humano percibe primero como fotograf\u00eda y s\u00f3lo despu\u00e9s como pintura. Queremos captar su creaci\u00f3n, verla por nosotros mismos, y acercarnos siempre tanto que estemos directamente delante de ella: delante del trazo, del gesto, de la abstracci\u00f3n, de la artesan\u00eda. A lo largo de los a\u00f1os, Radenko Milak ha desarrollado varias series: Vistas arquitect\u00f3nicas y urbanas, tecnolog\u00edas del futuro, momentos clave de la historia de la m\u00fasica, feminismo, vigilancia, big data, soledad y aislamiento durante la pandemia de la corona, fotogramas de pel\u00edculas. Radenko Milak lleva 20 a\u00f1os trabajando de forma asim\u00e9trica en estas series de acuarelas y, al utilizar siempre la misma tinta negra sobre papel blanco, los cuadros desarrollan una forma serial que les confiere algo absolutamente atemporal.<\/p>\n<p>Exposici\u00f3n:<br \/>\nHaus am L\u00fctzowplatz, Berl\u00edn, 16\/1 \u2013 8\/3\/2026<\/p>\n<p>Conversaci\u00f3n con el artista y presentaci\u00f3n de libro: 27\/2\/2026, 19:00<br \/>\nConversaci\u00f3n con Udo Kittelmann: 3\/6\/2026, 7 p.m.<\/p>","protected":false},"excerpt":{"rendered":"<p>Kat. Haus am L\u00fctzowplatz Berl\u00edn, publ. por Max Dax, Marc Wellmann<br \/>\nTexto (ing.) de Udo Kittelmann, Marc Wellmann, Conversaci\u00f3n con el artista de Max Dax<br \/>\n304 p\u00e1g. con 210 ilustraciones en duotono y 20 ilustraciones en color.<br \/>\nFormato 28 x 24 cm, tapa dura<\/p>","protected":false},"featured_media":7192,"template":"","meta":[],"product_brand":[],"product_cat":[157,70],"product_tag":[],"class_list":{"0":"post-7191","1":"product","2":"type-product","3":"status-publish","4":"has-post-thumbnail","6":"product_cat-157","7":"product_cat-m","9":"first","10":"instock","11":"taxable","12":"shipping-taxable","13":"purchasable","14":"product-type-simple"},"aioseo_notices":[],"_wp_attached_file":null,"_wp_attachment_metadata":null,"_wc_attachment_source":null,"_elementor_inline_svg":null,"_elementor_is_screenshot":null,"_elementor_source_image_hash":null,"_source_url":null,"_wp_attachment_context":null,"_menu_item_type":null,"_menu_item_menu_item_parent":null,"_menu_item_object_id":null,"_menu_item_object":null,"_menu_item_target":null,"_menu_item_classes":null,"_menu_item_xfn":null,"_menu_item_url":null,"__elementor_forms_snapshot":null,"_unit":null,"_unit_base":null,"_unit_product":null,"_unit_price_auto":null,"_unit_price_regular":null,"_unit_price":null,"_unit_price_sale":null,"_sale_price_label":null,"_sale_price_regular_label":null,"_manufacturer_slug":null,"_mini_desc":null,"_defect_description":null,"_safety_instructions":null,"_allergen_ids":null,"_warranty_attachment_id":null,"_safety_attachment_ids":null,"_min_age":null,"_ts_gtin":null,"_ts_mpn":null,"_delivery_time_countries":null,"_free_shipping":null,"_service":null,"_photovoltaic_system":null,"_used_good":null,"_defective_copy":null,"_wireless_electronic_device":null,"_device_contains_power_supply":null,"_device_charging_supports_usb_pd":null,"_device_charging_watt_min":null,"_device_charging_watt_max":null,"_is_food":null,"_differential_taxation":null,"_gzd_version":null,"_hs_code":null,"_customs_description":null,"_manufacture_country":null,"_is_non_returnable":null,"_shipping_length":null,"_shipping_width":null,"_shipping_height":null,"_sku":"ISBN 978-386442-470-0","_global_unique_id":null,"_regular_price":"78","total_sales":"2","_tax_status":"taxable","_tax_class":"","_manage_stock":"no","_backorders":"no","_sold_individually":"no","_weight":"1.95","_virtual":"no","_downloadable":"no","_download_limit":"-1","_download_expiry":"-1","_stock":"","_stock_status":"instock","_wc_average_rating":"0","_wc_review_count":"0","_product_version":"10.1.3","_price":"78","shopengine_product_views_count":"2036","_thumbnail_id":"7192","_product_attributes":null,"_nutrient_ids":null,"_upsell_ids":null,"pswc_subtitle":null,"_default_delivery_time":null,"_wp_desired_post_slug":null,"_isbn":"9783864424700","pageType":null,"isExternalUrl":null,"pageId":null,"externalUrl":null,"hideCookieBanner":null,"isTargetBlank":null,"isProviderCurrentWebsite":null,"isEmbeddingOnlyExternalResources":null,"legalBasis":null,"dataProcessingInCountries":null,"dataProcessingInCountriesSpecialTreatments":null,"technicalDefinitions":null,"googleConsentModeConsentTypes":null,"executePriority":null,"executeCodeOptInWhenNoTagManagerConsentIsGiven":null,"executeCodeOptOutWhenNoTagManagerConsentIsGiven":null,"deleteTechnicalDefinitionsAfterOptOut":null,"presetId":null,"presetVersion":null,"provider":null,"providerContactPhone":null,"providerContactEmail":null,"providerContactLink":null,"uniqueName":null,"providerPrivacyPolicyUrl":null,"providerLegalNoticeUrl":null,"codeOptIn":null,"codeOptOut":null,"codeOnPageLoad":null,"language_code":null,"shopengine_template__post_meta__type":null,"shopengine_template__post_meta":null,"shopengine_template__post_meta__edit_with":null,"origin":null,"_enabled":null,"_filters":null,"_layout":null,"_elementor_import_session_id":null,"_wp_trash_meta_status":null,"_wp_trash_meta_time":null,"_edit_lock":"1772131626:2","_elementor_floating_elements_type":null,"_elementor_edit_mode":null,"_elementor_template_type":null,"tc-thumb-fld":null,"_wp_page_template":null,"_elementor_version":null,"_elementor_pro_version":null,"_elementor_page_settings":null,"_elementor_data":null,"_elementor_conditions":null,"_elementor_popup_display_settings":null,"_edit_last":null,"_elementor_template_sub_type":null,"_elementor_controls_usage":null,"_elementor_screenshot":null,"_elementor_css":null,"_elementor_page_assets":[],"_elementor_element_cache":null,"_elementor_screenshot_failed":null,"_elementor_source":null,"_wp_old_date":null,"layout_key":null,"post_slider_check_key":null,"_links":{"self":[{"href":"https:\/\/snoeck.de\/es\/wp-json\/wp\/v2\/product\/7191","targetHints":{"allow":["GET"]}}],"collection":[{"href":"https:\/\/snoeck.de\/es\/wp-json\/wp\/v2\/product"}],"about":[{"href":"https:\/\/snoeck.de\/es\/wp-json\/wp\/v2\/types\/product"}],"wp:featuredmedia":[{"embeddable":true,"href":"https:\/\/snoeck.de\/es\/wp-json\/wp\/v2\/media\/7192"}],"wp:attachment":[{"href":"https:\/\/snoeck.de\/es\/wp-json\/wp\/v2\/media?parent=7191"}],"wp:term":[{"taxonomy":"product_brand","embeddable":true,"href":"https:\/\/snoeck.de\/es\/wp-json\/wp\/v2\/product_brand?post=7191"},{"taxonomy":"product_cat","embeddable":true,"href":"https:\/\/snoeck.de\/es\/wp-json\/wp\/v2\/product_cat?post=7191"},{"taxonomy":"product_tag","embeddable":true,"href":"https:\/\/snoeck.de\/es\/wp-json\/wp\/v2\/product_tag?post=7191"}],"curies":[{"name":"wp","href":"https:\/\/api.w.org\/{rel}","templated":true}]}}