{"id":7240,"date":"2026-03-27T16:00:00","date_gmt":"2026-03-27T15:00:00","guid":{"rendered":"https:\/\/snoeck.de\/?post_type=product&#038;p=7240"},"modified":"2026-04-14T13:34:02","modified_gmt":"2026-04-14T12:34:02","slug":"philip-topolovac","status":"publish","type":"product","link":"https:\/\/snoeck.de\/es\/shop\/philip-topolovac\/","title":{"rendered":"Felipe Topolovac"},"content":{"rendered":"<p>En sus proyectos, que a primera vista parecen heterog\u00e9neos, Philip Topolovac analiza las condiciones en que percibimos la realidad y cuestiona el significado que atribuimos a lo que percibimos. \u00bfQu\u00e9 es real? \u00bfQu\u00e9 est\u00e1 hist\u00f3ricamente condicionado? \u00bfQu\u00e9 juzgamos por su valor? \u00bfEs nuestro mundo realmente como hemos aprendido a imaginarlo? La creaci\u00f3n art\u00edstica es un tema que, para el artista, tiene lugar principalmente en la mente del espectador: la percepci\u00f3n como proyecci\u00f3n e interpretaci\u00f3n es un tema central en muchas obras. El objetivo de esta publicaci\u00f3n es, por tanto, captar el tema central de la obra de Topolovac. El mundo como modelo, la obra de arte como atrezzo: este aspecto central de su obra se refleja tambi\u00e9n en la \u00faltima serie de \"Profetas\" (2025), en la que impresiones faciales \"ext\u00e1ticas\" de modelos barrocos de figuras de santos se moldean en modelos de cabeza realistas hechos de poliestireno y plastilina. Como escultura, tambi\u00e9n ha recreado una columna de hormig\u00f3n (2023) de la cervecer\u00eda Berghain convertida en fuente. En los \u00faltimos a\u00f1os, Philip Topolovac tambi\u00e9n ha conseguido reunir una extensa colecci\u00f3n de objetos da\u00f1ados por la guerra que ha rescatado de los vertederos de Berl\u00edn. Los numerosos terrenos bald\u00edos de posguerra a lo largo del Muro y en el resto dividido de la ciudad se han edificado a toda velocidad desde la reunificaci\u00f3n. El boom inmobiliario s\u00f3lo abre una peque\u00f1a ventana al dram\u00e1tico pasado, del que siguen surgiendo pruebas de la gran destrucci\u00f3n de Berl\u00edn durante la guerra. En el proceso, los lugares contaminados destinados a la eliminaci\u00f3n asoman del suelo como si salieran del subconsciente de la ciudad. La obra \"Orfeo\", una cabeza curtida que puede verse como una escultura flotante en un lago berlin\u00e9s, procede de un contexto similar -aunque es claramente m\u00e1s on\u00edrica- y pueden escucharse arias de la \u00f3pera de Gluck \"Orfeo ed Euridice\" (1762) en diferentes intervalos. Topolovac siempre funde la tragedia del mito y la realidad en enigmas surrealistas y simboliza as\u00ed la g\u00e9nesis del libro.<\/p>\n<p>Lanzamiento de libro: 18:30 h, 23.4.2026 Caf\u00e9 Dix, en la Berlinische Galerie<\/p>","protected":false},"excerpt":{"rendered":"<p>Texto (alem. \/ ingl.) de Knut Ebeling, Christine Heidemann, Anne Waak, as\u00ed como una conversaci\u00f3n de Max Dax con Alexander Kluge sobre parcelas de escombros en Berl\u00edn.<br \/>\n208 p\u00e1gs. con 195 ill. en color y 50 ill. en blanco y negro.<br \/>\nFormato 30 x 24 cm, encuadernaci\u00f3n en tela gofrada<\/p>","protected":false},"featured_media":7241,"template":"","meta":[],"product_brand":[],"product_cat":[157,77],"product_tag":[],"class_list":{"0":"post-7240","1":"product","2":"type-product","3":"status-publish","4":"has-post-thumbnail","6":"product_cat-157","7":"product_cat-t","9":"first","10":"instock","11":"taxable","12":"shipping-taxable","13":"purchasable","14":"product-type-simple"},"aioseo_notices":[],"_wp_attached_file":null,"_wp_attachment_metadata":null,"_wc_attachment_source":null,"_elementor_inline_svg":null,"_elementor_is_screenshot":null,"_elementor_source_image_hash":null,"_source_url":null,"_wp_attachment_context":null,"_menu_item_type":null,"_menu_item_menu_item_parent":null,"_menu_item_object_id":null,"_menu_item_object":null,"_menu_item_target":null,"_menu_item_classes":null,"_menu_item_xfn":null,"_menu_item_url":null,"__elementor_forms_snapshot":null,"_unit":"","_unit_base":"","_unit_product":"","_unit_price_auto":"no","_unit_price_regular":"","_unit_price":"","_unit_price_sale":"","_sale_price_label":"","_sale_price_regular_label":"","_manufacturer_slug":"","_mini_desc":"","_defect_description":"","_safety_instructions":"","_allergen_ids":[],"_warranty_attachment_id":"","_safety_attachment_ids":[],"_min_age":"","_ts_gtin":"","_ts_mpn":"","_delivery_time_countries":[],"_free_shipping":"no","_service":"no","_photovoltaic_system":"no","_used_good":"no","_defective_copy":"no","_wireless_electronic_device":"no","_device_contains_power_supply":"no","_device_charging_supports_usb_pd":"no","_device_charging_watt_min":"","_device_charging_watt_max":"","_is_food":"no","_differential_taxation":"no","_gzd_version":"3.20.1","_hs_code":"","_customs_description":"","_manufacture_country":"0","_is_non_returnable":"no","_shipping_length":"","_shipping_width":"","_shipping_height":"","_sku":"ISBN 978-3-86442-472-4","_global_unique_id":null,"_regular_price":"58","total_sales":"0","_tax_status":"taxable","_tax_class":"","_manage_stock":"no","_backorders":"no","_sold_individually":"no","_weight":"1400","_virtual":"no","_downloadable":"no","_download_limit":"-1","_download_expiry":"-1","_stock":"","_stock_status":"instock","_wc_average_rating":"0","_wc_review_count":"0","_product_version":"10.1.4","_price":"58","shopengine_product_views_count":"953","_thumbnail_id":"7241","_product_attributes":null,"_nutrient_ids":null,"_upsell_ids":null,"pswc_subtitle":null,"_default_delivery_time":null,"_wp_desired_post_slug":null,"_isbn":"9783864424724","pageType":null,"isExternalUrl":null,"pageId":null,"externalUrl":null,"hideCookieBanner":null,"isTargetBlank":null,"isProviderCurrentWebsite":null,"isEmbeddingOnlyExternalResources":null,"legalBasis":null,"dataProcessingInCountries":null,"dataProcessingInCountriesSpecialTreatments":null,"technicalDefinitions":null,"googleConsentModeConsentTypes":null,"executePriority":null,"executeCodeOptInWhenNoTagManagerConsentIsGiven":null,"executeCodeOptOutWhenNoTagManagerConsentIsGiven":null,"deleteTechnicalDefinitionsAfterOptOut":null,"presetId":null,"presetVersion":null,"provider":null,"providerContactPhone":null,"providerContactEmail":null,"providerContactLink":null,"uniqueName":null,"providerPrivacyPolicyUrl":null,"providerLegalNoticeUrl":null,"codeOptIn":null,"codeOptOut":null,"codeOnPageLoad":null,"language_code":null,"shopengine_template__post_meta__type":null,"shopengine_template__post_meta":null,"shopengine_template__post_meta__edit_with":null,"origin":null,"_enabled":null,"_filters":null,"_layout":null,"_elementor_import_session_id":null,"_wp_trash_meta_status":null,"_wp_trash_meta_time":null,"_edit_lock":"1776170060:2","_elementor_floating_elements_type":null,"_elementor_edit_mode":null,"_elementor_template_type":null,"tc-thumb-fld":null,"_wp_page_template":null,"_elementor_version":null,"_elementor_pro_version":null,"_elementor_page_settings":null,"_elementor_data":null,"_elementor_conditions":null,"_elementor_popup_display_settings":null,"_edit_last":"2","_elementor_template_sub_type":null,"_elementor_controls_usage":null,"_elementor_screenshot":null,"_elementor_css":null,"_elementor_page_assets":[],"_elementor_element_cache":null,"_elementor_screenshot_failed":null,"_elementor_source":null,"_wp_old_date":null,"layout_key":null,"post_slider_check_key":null,"_links":{"self":[{"href":"https:\/\/snoeck.de\/es\/wp-json\/wp\/v2\/product\/7240","targetHints":{"allow":["GET"]}}],"collection":[{"href":"https:\/\/snoeck.de\/es\/wp-json\/wp\/v2\/product"}],"about":[{"href":"https:\/\/snoeck.de\/es\/wp-json\/wp\/v2\/types\/product"}],"wp:featuredmedia":[{"embeddable":true,"href":"https:\/\/snoeck.de\/es\/wp-json\/wp\/v2\/media\/7241"}],"wp:attachment":[{"href":"https:\/\/snoeck.de\/es\/wp-json\/wp\/v2\/media?parent=7240"}],"wp:term":[{"taxonomy":"product_brand","embeddable":true,"href":"https:\/\/snoeck.de\/es\/wp-json\/wp\/v2\/product_brand?post=7240"},{"taxonomy":"product_cat","embeddable":true,"href":"https:\/\/snoeck.de\/es\/wp-json\/wp\/v2\/product_cat?post=7240"},{"taxonomy":"product_tag","embeddable":true,"href":"https:\/\/snoeck.de\/es\/wp-json\/wp\/v2\/product_tag?post=7240"}],"curies":[{"name":"wp","href":"https:\/\/api.w.org\/{rel}","templated":true}]}}