{"id":3461,"date":"2025-01-31T11:29:21","date_gmt":"2025-01-31T11:29:21","guid":{"rendered":"https:\/\/snoeck.process-vision.de\/shop\/1914-die-avantgarden-im-kampf\/"},"modified":"2025-06-20T12:00:56","modified_gmt":"2025-06-20T11:00:56","slug":"1914-die-avantgarden-im-kampf","status":"publish","type":"product","link":"https:\/\/snoeck.de\/fr\/shop\/1914-die-avantgarden-im-kampf\/","title":{"rendered":"1914 Les avant-gardes en lutte"},"content":{"rendered":"<h3>Une grande r\u00e9trospective en cette ann\u00e9e de jubil\u00e9<\/h3>\n<p>En raison de l'utilisation de techniques et de mat\u00e9riaux d\u00e9passant la mesure humaine, la Premi\u00e8re Guerre mondiale est consid\u00e9r\u00e9e comme la \"catastrophe originelle du XXe si\u00e8cle\", un si\u00e8cle dont la politique de guerre et d'extermination nazie constituera ensuite le point le plus bas sur le plan moral. Mais ces mondes qui se sont effondr\u00e9s en 1914, lorsque 70 millions de soldats se sont engag\u00e9s en Europe, en Afrique et en Asie dans une guerre qui a co\u00fbt\u00e9 la vie \u00e0 17 millions de personnes - ces mondes \u00e9taient d\u00e9j\u00e0 devenus fragiles dans les ann\u00e9es pr\u00e9c\u00e9dentes, et bon nombre d'\u00e9crivains, de musiciens et d'artistes en \u00e9taient depuis longtemps lass\u00e9s et ont donc, comme beaucoup de leurs concitoyens, acclam\u00e9 le d\u00e9clenchement de la guerre. Franz Marc r\u00e9sumait ainsi cet esprit du temps - en accord avec d'innombrables d\u00e9clarations de ses contemporains : \"A notre \u00e9poque de grande lutte pour l'art nouveau, nous nous battons en tant que \"sauvages\", non organis\u00e9s, contre un vieux pouvoir organis\u00e9. Le combat semble in\u00e9gal ; mais en mati\u00e8re spirituelle, ce n'est jamais le nombre qui l'emporte mais la force des id\u00e9es\". L'exposition de la Bundeskunsthalle \u00e0 Bonn et le catalogue soigneusement \u00e9dit\u00e9 par le curateur Uwe M. Schneede ne se contentent toutefois pas de rassembler les sources et les protagonistes connus, mais font un pas d\u00e9cisif en s'int\u00e9ressant aux processus de transmission dans les mouvements artistiques internationaux de l'\u00e9poque. Comment ceux-ci sont-ils entr\u00e9s dans la guerre, l'ont travers\u00e9e et en sont sortis ? Qu'est-ce qui est rest\u00e9, comment les avant-gardes ont-elles \u00e9t\u00e9 sur- ou d\u00e9form\u00e9es et sont-elles devenues le point de d\u00e9part d'une toute nouvelle conception de soi dans l'art ? Quelles sont les \u00e9tapes interm\u00e9diaires que l'on peut retracer, dans quelles conditions historiques et quelle est la relation entre l'expressionnisme, le cubisme, le dada\u00efsme ou d'autres conceptions artistiques concurrentes jusque dans les ann\u00e9es 1930 ? Ce pas de g\u00e9ant dans l'histoire de la culture - on pourrait presque dire : dans l'histoire de l'humanit\u00e9 - qui a conduit le 20e si\u00e8cle \u00e0 travers tous les hauts et les bas, est pr\u00e9sent\u00e9 de mani\u00e8re vari\u00e9e \u00e0 l'aide d'\u0153uvres et de photographies ainsi que d'auto-t\u00e9moignages. En marge, on peut consid\u00e9rer comme une petite sensation la mani\u00e8re dont presque tous les protagonistes se sont fait photographier en uniforme dans leur atelier - certains des tableaux que l'on peut voir en arri\u00e8re-plan sur les murs de ces photos sont \u00e9galement pr\u00e9sent\u00e9s dans le livre et dans l'exposition.<\/p>\n<p>\u0152uvres pr\u00e9sent\u00e9es dans l'exposition de : Jean Arp, Roberto Marcello Iras Baldessari, Ernst Barlach, Max Beckmann, Carlo Carr\u00e0, Lovis Corinth, Robert Delaunay, Otto Dix, Marcel Duchamp, Raoul Dufy, Heinrich Ehmsen, Conrad Felixm\u00fcller, Andr\u00e9 Fraye, August Gaul, Albert Gleizes, Natalia Gontcharova, Walter Gramatt\u00e9, George Grosz, Otto Gutfreund, Raoul Hausmann, Erich Heckel, Richard Huelsenbeck, Willy Jaeckel, Marcel Janco, Alexej von Jawlensky, Wassily Kandinsky, Ernst Ludwig Kirchner, Paul Klee, Oskar Kokoschka, K\u00e4the Kollwitz, Alfred Kubin, Franti\u0161ek Kupka, Fernand L\u00e9ger, Wilhelm Lehmbruck, Aristarkh Lentulov, Max Liebermann, August Macke, Vladimir Majakovsky, Kasimir Malevitsch, Franz Marc, Andr\u00e9 Mare, Frans Masereel, Ludwig Meidner, Jean Metzinger, Gabriele M\u00fcnter, Christopher Richard Wynne Nevinson, Emil Nolde, Francis Picabia, Pablo Picasso, Hans Richter, Luigi Russolo, Egon Schiele, Gino Severini, Max Slevogt, Jacob Steinhardt, Franz von Stuck, Vladimir Tatlin, Leon Underwood, Henry Valensi, Theo van Doesburg, \u00c9douard Vuillard, Albert Weisgerber, Ossip Zadkine<\/p>\n<p>Exposition :<br \/>\nBundeskunsthalle Bonn, 8\/11\/2013 - 23\/2\/2014<\/p>","protected":false},"excerpt":{"rendered":"<p>Catalogue d'exposition, \u00e9dit\u00e9 par la Bundeskunsthalle Bonn, sous le commissariat de Uwe M. Schneede<br \/>\nTextes (en allemand) de R\u00e9gine Bonnefoit et Gertrud Held, Uwe Fleckner, Eckhart Gillen, Christine Hopfengart, Lucian H\u00f6lscher, Friederike Kitschen, Joes Segal, Uwe M. Schneede, Jay Winter ainsi que des donn\u00e9es biographiques sur les artistes pour les ann\u00e9es 1914 \u00e0 1918 par Natascha Bolle<br \/>\n352 p. avec 400 illustrations en couleur<br \/>\nformat 28 x 24,5 cm, reli\u00e9 avec jaquette<\/p>","protected":false},"featured_media":4879,"template":"","meta":[],"product_brand":[],"product_cat":[101,58,68],"product_tag":[],"class_list":{"0":"post-3461","1":"product","2":"type-product","3":"status-publish","4":"has-post-thumbnail","6":"product_cat-101","7":"product_cat-a","8":"product_cat-k","10":"first","11":"instock","12":"taxable","13":"shipping-taxable","14":"purchasable","15":"product-type-simple"},"aioseo_notices":[],"_wp_attached_file":null,"_wp_attachment_metadata":null,"_wc_attachment_source":null,"_elementor_inline_svg":null,"_elementor_is_screenshot":null,"_elementor_source_image_hash":null,"_source_url":null,"_wp_attachment_context":null,"_menu_item_type":null,"_menu_item_menu_item_parent":null,"_menu_item_object_id":null,"_menu_item_object":null,"_menu_item_target":null,"_menu_item_classes":null,"_menu_item_xfn":null,"_menu_item_url":null,"__elementor_forms_snapshot":null,"_unit":"","_unit_base":"","_unit_product":"","_unit_price_auto":"no","_unit_price_regular":"","_unit_price":"","_unit_price_sale":"","_sale_price_label":"","_sale_price_regular_label":"","_manufacturer_slug":"","_mini_desc":"","_defect_description":"","_safety_instructions":"","_allergen_ids":[],"_warranty_attachment_id":"","_safety_attachment_ids":[],"_min_age":"","_ts_gtin":"","_ts_mpn":"","_delivery_time_countries":[],"_free_shipping":"no","_service":"no","_photovoltaic_system":"no","_used_good":"no","_defective_copy":"no","_wireless_electronic_device":"no","_device_contains_power_supply":"no","_device_charging_supports_usb_pd":"no","_device_charging_watt_min":"0","_device_charging_watt_max":"0","_is_food":"no","_differential_taxation":"no","_gzd_version":"3.18.7","_hs_code":"","_customs_description":"","_manufacture_country":"0","_is_non_returnable":"no","_shipping_length":"","_shipping_width":"","_shipping_height":"","_sku":"ISBN 978-3-86442-052-8","_global_unique_id":"978-3-86442-052-8","_regular_price":"98","total_sales":"1","_tax_status":"taxable","_tax_class":"","_manage_stock":"no","_backorders":"no","_sold_individually":"no","_weight":"3","_virtual":"no","_downloadable":"no","_download_limit":"-1","_download_expiry":"-1","_stock":"","_stock_status":"instock","_wc_average_rating":"0","_wc_review_count":"0","_product_version":"9.8.3","_price":"98","shopengine_product_views_count":"3383","_thumbnail_id":"4879","_product_attributes":{"erscheinungsdatum":{"name":"Erscheinungsdatum","value":"08.11.2013","position":0,"is_visible":1,"is_variation":0,"is_taxonomy":0,"checkout_visible":0}},"_nutrient_ids":[],"_upsell_ids":null,"pswc_subtitle":null,"_default_delivery_time":null,"_wp_desired_post_slug":null,"_isbn":null,"pageType":null,"isExternalUrl":null,"pageId":null,"externalUrl":null,"hideCookieBanner":null,"isTargetBlank":null,"isProviderCurrentWebsite":null,"isEmbeddingOnlyExternalResources":null,"legalBasis":null,"dataProcessingInCountries":null,"dataProcessingInCountriesSpecialTreatments":null,"technicalDefinitions":null,"googleConsentModeConsentTypes":null,"executePriority":null,"executeCodeOptInWhenNoTagManagerConsentIsGiven":null,"executeCodeOptOutWhenNoTagManagerConsentIsGiven":null,"deleteTechnicalDefinitionsAfterOptOut":null,"presetId":null,"presetVersion":null,"provider":null,"providerContactPhone":null,"providerContactEmail":null,"providerContactLink":null,"uniqueName":null,"providerPrivacyPolicyUrl":null,"providerLegalNoticeUrl":null,"codeOptIn":null,"codeOptOut":null,"codeOnPageLoad":null,"language_code":null,"shopengine_template__post_meta__type":null,"shopengine_template__post_meta":null,"shopengine_template__post_meta__edit_with":null,"origin":null,"_enabled":null,"_filters":null,"_layout":null,"_elementor_import_session_id":null,"_wp_trash_meta_status":null,"_wp_trash_meta_time":null,"_edit_lock":"1750416091:1","_elementor_floating_elements_type":null,"_elementor_edit_mode":null,"_elementor_template_type":null,"tc-thumb-fld":{"_thumb_id":4879,"_thumb_type":"thumb"},"_wp_page_template":"default","_elementor_version":null,"_elementor_pro_version":null,"_elementor_page_settings":null,"_elementor_data":null,"_elementor_conditions":null,"_elementor_popup_display_settings":null,"_edit_last":"2","_elementor_template_sub_type":null,"_elementor_controls_usage":null,"_elementor_screenshot":null,"_elementor_css":null,"_elementor_page_assets":[],"_elementor_element_cache":null,"_elementor_screenshot_failed":null,"_elementor_source":null,"_wp_old_date":null,"layout_key":"","post_slider_check_key":"0","_links":{"self":[{"href":"https:\/\/snoeck.de\/fr\/wp-json\/wp\/v2\/product\/3461","targetHints":{"allow":["GET"]}}],"collection":[{"href":"https:\/\/snoeck.de\/fr\/wp-json\/wp\/v2\/product"}],"about":[{"href":"https:\/\/snoeck.de\/fr\/wp-json\/wp\/v2\/types\/product"}],"wp:featuredmedia":[{"embeddable":true,"href":"https:\/\/snoeck.de\/fr\/wp-json\/wp\/v2\/media\/4879"}],"wp:attachment":[{"href":"https:\/\/snoeck.de\/fr\/wp-json\/wp\/v2\/media?parent=3461"}],"wp:term":[{"taxonomy":"product_brand","embeddable":true,"href":"https:\/\/snoeck.de\/fr\/wp-json\/wp\/v2\/product_brand?post=3461"},{"taxonomy":"product_cat","embeddable":true,"href":"https:\/\/snoeck.de\/fr\/wp-json\/wp\/v2\/product_cat?post=3461"},{"taxonomy":"product_tag","embeddable":true,"href":"https:\/\/snoeck.de\/fr\/wp-json\/wp\/v2\/product_tag?post=3461"}],"curies":[{"name":"wp","href":"https:\/\/api.w.org\/{rel}","templated":true}]}}