{"id":3462,"date":"2025-01-31T11:29:21","date_gmt":"2025-01-31T11:29:21","guid":{"rendered":"https:\/\/snoeck.process-vision.de\/shop\/about-trees\/"},"modified":"2026-04-08T15:06:11","modified_gmt":"2026-04-08T14:06:11","slug":"about-trees","status":"publish","type":"product","link":"https:\/\/snoeck.de\/fr\/shop\/about-trees\/","title":{"rendered":"ABOUT TREES"},"content":{"rendered":"<h3>R\u00e9fl\u00e9chir aux arbres<\/h3>\n<p>Plus de 100 \u0153uvres ont \u00e9t\u00e9 rassembl\u00e9es par Peter Fischer et son \u00e9quipe pour l'exposition et le volume ABOUT TREES. Qu'il s'agisse des souches d'arbres aux reflets cireux envelopp\u00e9es d'\u00e9normes chiffons de Berlinde De Bruyckere, de la peinture \u00e0 l'huile d'un bois clairsem\u00e9 avec des fragments d'un b\u00e2timent du Corbusier en arri\u00e8re-plan de Peter Doig, de l'imposante photographie N&amp;B d'un ch\u00eane \u00e0 l'envers de Rodney Graham ou de la photo d'un arbre fruitier explos\u00e9 dans les airs de Michael Sailstorfer, les travaux artistiques repr\u00e9sentent toujours l'arbre comme un motif aux multiples interpr\u00e9tations. Concr\u00e8tement, il s'agit de voir comment le th\u00e8me de l'arbre peut soulever \"symboliquement des questions fondamentales de l'existence\". L'art est ici avantag\u00e9 par rapport aux sciences naturelles et \u00e0 la religion, il doit soulever des questions et non donner des r\u00e9ponses. Il peut ainsi pr\u00e9senter l'arbre comme \"symbole, miroir et objet de projection\", montrer comment il repr\u00e9sente la vie et\/ou la mort. Mais l'arbre se pr\u00eate \u00e9galement comme th\u00e8me de \"clashs et d'inspirations\", car il permet de retracer de mani\u00e8re exemplaire l'histoire du rapport de l'homme avec la nature ; ce qui souligne en m\u00eame temps que la dichotomie entre nature et culture ne doit pas n\u00e9cessairement aboutir \u00e0 la destruction. Car, comme l'explique Robert Macfarlane dans son article \"Buchenhain\", du haut d'une branche ou d'une couronne, l'homme ne regarde pas seulement le monde d'un \u0153il lib\u00e9r\u00e9, mais peut m\u00eame s'y sentir en s\u00e9curit\u00e9, comme une sorte d'hybride entre \"l'arbre et l'homme\". En cons\u00e9quence, selon l'\u00e9diteur de l'ouvrage Peter Fischer, l'arbre est aussi parfaitement adapt\u00e9 comme \"image de mondes imaginaires et incarnation de mondes r\u00e9els\", par exemple lorsqu'il se met \u00e0 parler et \u00e0 formuler ses propres lois comme dans un conte ; et \"durable et r\u00e9sistant comme il l'est, l'arbre poss\u00e8de la capacit\u00e9 de conf\u00e9rer une identit\u00e9 au lieu o\u00f9 il se trouve. En tant qu'objet marquant, il contribue \u00e0 l'image individuelle d'un lieu. Il est le t\u00e9moin de l'histoire de son lieu. Sous un arbre, la justice a \u00e9t\u00e9 rendue et rendue, on y fait la f\u00eate et on y festoie\".<\/p>\n<p>Artistes* :<br \/>\nCarlos Amorales, Ursula Biemann &amp; Paulo Tavares, Merijn Bolink, Louise Bourgeois, Berlinde De Bruyckere, Mark Dion, Peter Doig, Val\u00e9rie Favre, Anya Gallaccio, Rodney Graham, Katie Holten, John Isaacs, Naoko Ito, Wiliam Kentridge, Anselm Kiefer, Paul Klee, Rosemary Laing, \u017dilvinas Landzbergas, Ndary Lo, Paul McCarthy, Ana Mendieta, Agnes Meyer-Brandis, Paul Morrison, Shirin Neshat, Jill Orr, Renzo Piano, Pipilotti Rist, Ugo Rondinone, Julian Rosefeldt, Michael Sailstorfer, George Steinmann, Wolfgang Tillmans, Su-Mei Tse, Shinji Turner-Yamamoto<\/p>\n<p>Exposition :<br \/>\nCentre Paul Klee Berne, 17\/10\/2015 - 24\/1\/2016<\/p>","protected":false},"excerpt":{"rendered":"<p>Catalogue d'exposition, Centre Paul Klee Berne, \u00e9d. Peter Fischer, Brigitt B\u00fcrgi<br \/>\nTextes (all.\/angl.) de Peter Fischer, Robert Macfarlane ainsi que Maria Bremer, Simone B\u00fcsch-K\u00fcng et Delphine Calmettes<br \/>\n184 p. avec 90 illustrations en couleur<br \/>\nformat 26,5 x 19,5 cm, couverture rigide<\/p>","protected":false},"featured_media":4874,"template":"","meta":[],"product_brand":[],"product_cat":[95],"product_tag":[],"class_list":{"0":"post-3462","1":"product","2":"type-product","3":"status-publish","4":"has-post-thumbnail","6":"product_cat-vergriffen","8":"first","9":"outofstock","10":"taxable","11":"shipping-taxable","12":"product-type-simple"},"aioseo_notices":[],"_wp_attached_file":null,"_wp_attachment_metadata":null,"_wc_attachment_source":null,"_elementor_inline_svg":null,"_elementor_is_screenshot":null,"_elementor_source_image_hash":null,"_source_url":null,"_wp_attachment_context":null,"_menu_item_type":null,"_menu_item_menu_item_parent":null,"_menu_item_object_id":null,"_menu_item_object":null,"_menu_item_target":null,"_menu_item_classes":null,"_menu_item_xfn":null,"_menu_item_url":null,"__elementor_forms_snapshot":null,"_unit":"","_unit_base":"","_unit_product":"","_unit_price_auto":"no","_unit_price_regular":"","_unit_price":"","_unit_price_sale":"","_sale_price_label":"","_sale_price_regular_label":"","_manufacturer_slug":"","_mini_desc":"","_defect_description":"","_safety_instructions":"","_allergen_ids":[],"_warranty_attachment_id":"","_safety_attachment_ids":[],"_min_age":"","_ts_gtin":"","_ts_mpn":"","_delivery_time_countries":[],"_free_shipping":"no","_service":"no","_photovoltaic_system":"no","_used_good":"no","_defective_copy":"no","_wireless_electronic_device":"no","_device_contains_power_supply":"no","_device_charging_supports_usb_pd":"no","_device_charging_watt_min":"0","_device_charging_watt_max":"0","_is_food":"no","_differential_taxation":"no","_gzd_version":"3.18.7","_hs_code":"","_customs_description":"","_manufacture_country":"0","_is_non_returnable":"no","_shipping_length":"","_shipping_width":"","_shipping_height":"","_sku":"ISBN 978-3-86442-146-4","_global_unique_id":"978-3-86442-146-4","_regular_price":null,"total_sales":"1","_tax_status":"taxable","_tax_class":"","_manage_stock":"no","_backorders":"no","_sold_individually":"no","_weight":"1","_virtual":"no","_downloadable":"no","_download_limit":"-1","_download_expiry":"-1","_stock":"","_stock_status":"outofstock","_wc_average_rating":"0","_wc_review_count":"0","_product_version":"10.1.4","_price":"","shopengine_product_views_count":"4250","_thumbnail_id":"4874","_product_attributes":{"erscheinungsdatum":{"name":"Erscheinungsdatum","value":"16.10.2015","position":0,"is_visible":1,"is_variation":0,"is_taxonomy":0,"checkout_visible":0}},"_nutrient_ids":[],"_upsell_ids":null,"pswc_subtitle":"","_default_delivery_time":null,"_wp_desired_post_slug":null,"_isbn":null,"pageType":null,"isExternalUrl":null,"pageId":null,"externalUrl":null,"hideCookieBanner":null,"isTargetBlank":null,"isProviderCurrentWebsite":null,"isEmbeddingOnlyExternalResources":null,"legalBasis":null,"dataProcessingInCountries":null,"dataProcessingInCountriesSpecialTreatments":null,"technicalDefinitions":null,"googleConsentModeConsentTypes":null,"executePriority":null,"executeCodeOptInWhenNoTagManagerConsentIsGiven":null,"executeCodeOptOutWhenNoTagManagerConsentIsGiven":null,"deleteTechnicalDefinitionsAfterOptOut":null,"presetId":null,"presetVersion":null,"provider":null,"providerContactPhone":null,"providerContactEmail":null,"providerContactLink":null,"uniqueName":null,"providerPrivacyPolicyUrl":null,"providerLegalNoticeUrl":null,"codeOptIn":null,"codeOptOut":null,"codeOnPageLoad":null,"language_code":null,"shopengine_template__post_meta__type":null,"shopengine_template__post_meta":null,"shopengine_template__post_meta__edit_with":null,"origin":null,"_enabled":null,"_filters":null,"_layout":null,"_elementor_import_session_id":null,"_wp_trash_meta_status":null,"_wp_trash_meta_time":null,"_edit_lock":"1743604276:2","_elementor_floating_elements_type":null,"_elementor_edit_mode":null,"_elementor_template_type":null,"tc-thumb-fld":{"_thumb_id":4874,"_thumb_type":"thumb"},"_wp_page_template":"default","_elementor_version":null,"_elementor_pro_version":null,"_elementor_page_settings":null,"_elementor_data":null,"_elementor_conditions":null,"_elementor_popup_display_settings":null,"_edit_last":"2","_elementor_template_sub_type":null,"_elementor_controls_usage":null,"_elementor_screenshot":null,"_elementor_css":null,"_elementor_page_assets":[],"_elementor_element_cache":null,"_elementor_screenshot_failed":null,"_elementor_source":null,"_wp_old_date":null,"layout_key":"","post_slider_check_key":"0","_links":{"self":[{"href":"https:\/\/snoeck.de\/fr\/wp-json\/wp\/v2\/product\/3462","targetHints":{"allow":["GET"]}}],"collection":[{"href":"https:\/\/snoeck.de\/fr\/wp-json\/wp\/v2\/product"}],"about":[{"href":"https:\/\/snoeck.de\/fr\/wp-json\/wp\/v2\/types\/product"}],"wp:featuredmedia":[{"embeddable":true,"href":"https:\/\/snoeck.de\/fr\/wp-json\/wp\/v2\/media\/4874"}],"wp:attachment":[{"href":"https:\/\/snoeck.de\/fr\/wp-json\/wp\/v2\/media?parent=3462"}],"wp:term":[{"taxonomy":"product_brand","embeddable":true,"href":"https:\/\/snoeck.de\/fr\/wp-json\/wp\/v2\/product_brand?post=3462"},{"taxonomy":"product_cat","embeddable":true,"href":"https:\/\/snoeck.de\/fr\/wp-json\/wp\/v2\/product_cat?post=3462"},{"taxonomy":"product_tag","embeddable":true,"href":"https:\/\/snoeck.de\/fr\/wp-json\/wp\/v2\/product_tag?post=3462"}],"curies":[{"name":"wp","href":"https:\/\/api.w.org\/{rel}","templated":true}]}}