{"id":3463,"date":"2025-01-31T11:29:22","date_gmt":"2025-01-31T11:29:22","guid":{"rendered":"https:\/\/snoeck.process-vision.de\/shop\/sonja-alhaeuser\/"},"modified":"2025-04-02T14:29:03","modified_gmt":"2025-04-02T14:29:03","slug":"sonja-alhaeuser","status":"publish","type":"product","link":"https:\/\/snoeck.de\/fr\/shop\/sonja-alhaeuser\/","title":{"rendered":"Sonja Alh\u00e4user"},"content":{"rendered":"<h3>Circuits et transitions<\/h3>\n<p>Ce sont des r\u00e9flexions existentielles fondamentales que Sonja Alh\u00e4user poursuit dans son \u0153uvre. On y rencontre le drame de la vie dans toute sa pl\u00e9nitude, qui se manifeste par des sensualit\u00e9s satur\u00e9es, des festivit\u00e9s collectives jusqu'\u00e0 un sombre m\u00e9tabolisme. Outre ses beaux dessins de grand format, discr\u00e8tement color\u00e9s, qui peuvent aussi \u00eatre lus comme des instructions d'action ou des recettes, l'artiste, qui vit \u00e0 Berlin, s'est fait conna\u00eetre d'un plus large public avec ses \"machines \u00e0 chocolat\" et ses sculptures de margarine dans des vitrines r\u00e9frig\u00e9r\u00e9es. Pour ses Gelage ou \"6 banquets sans occasion\", elle a ensuite invit\u00e9 des mangeuses et mangeurs \u00e0 d\u00e9vorer de mani\u00e8re quasi orgiaque ses installations, chacune consacr\u00e9e \u00e0 un th\u00e8me sp\u00e9cifique. La structure exub\u00e9rante et sensuelle des installations de panneaux, avec des sculptures, des fanions peints \u00e0 la main, des crustac\u00e9s comme des homards ou des \u00e9crevisses, des poissons de grande taille ou de gros morceaux de gibier, n'est pas seulement destin\u00e9e \u00e0 stimuler le plaisir gastronomique, mais repr\u00e9sente de mani\u00e8re g\u00e9n\u00e9rale la contradiction qui caract\u00e9rise notre vie entre la recherche permanente du plaisir et l'optimisation de soi. Ainsi, l'art de Sonja Alh\u00e4user nous confronte de mani\u00e8re troublante \u00e0 la vision \u00e9picurienne du monde, avant de nous replonger sto\u00efquement dans les bas-fonds de la gestion de la forme et du corps.<\/p>","protected":false},"excerpt":{"rendered":"<p>Textes (all.\/ang.) de Dirk Dobke, Annett Reckert, interview avec l'artiste par Ina Jessen<br \/>\n168 p. avec 190 illustrations en couleur<br \/>\nFormat 32,5 x 24,5 cm, couverture souple avec tranche argent\u00e9e<\/p>","protected":false},"featured_media":4875,"template":"","meta":[],"product_brand":[],"product_cat":[85,58],"product_tag":[],"class_list":{"0":"post-3463","1":"product","2":"type-product","3":"status-publish","4":"has-post-thumbnail","6":"product_cat-85","7":"product_cat-a","9":"first","10":"instock","11":"taxable","12":"shipping-taxable","13":"purchasable","14":"product-type-simple"},"aioseo_notices":[],"_wp_attached_file":null,"_wp_attachment_metadata":null,"_wc_attachment_source":null,"_elementor_inline_svg":null,"_elementor_is_screenshot":null,"_elementor_source_image_hash":null,"_source_url":null,"_wp_attachment_context":null,"_menu_item_type":null,"_menu_item_menu_item_parent":null,"_menu_item_object_id":null,"_menu_item_object":null,"_menu_item_target":null,"_menu_item_classes":null,"_menu_item_xfn":null,"_menu_item_url":null,"__elementor_forms_snapshot":null,"_unit":"","_unit_base":"","_unit_product":"","_unit_price_auto":"no","_unit_price_regular":"","_unit_price":"","_unit_price_sale":"","_sale_price_label":"","_sale_price_regular_label":"","_manufacturer_slug":"","_mini_desc":"","_defect_description":"","_safety_instructions":"","_allergen_ids":[],"_warranty_attachment_id":"","_safety_attachment_ids":[],"_min_age":"","_ts_gtin":"","_ts_mpn":"","_delivery_time_countries":[],"_free_shipping":"no","_service":"no","_photovoltaic_system":"no","_used_good":"no","_defective_copy":"no","_wireless_electronic_device":"no","_device_contains_power_supply":"no","_device_charging_supports_usb_pd":"no","_device_charging_watt_min":"0","_device_charging_watt_max":"0","_is_food":"no","_differential_taxation":"no","_gzd_version":"3.18.7","_hs_code":"","_customs_description":"","_manufacture_country":"0","_is_non_returnable":"no","_shipping_length":"","_shipping_width":"","_shipping_height":"","_sku":"ISBN 978-3-86442-338-3","_global_unique_id":"978-3-86442-338-3","_regular_price":"39.8","total_sales":"0","_tax_status":"taxable","_tax_class":"","_manage_stock":"no","_backorders":"no","_sold_individually":"no","_weight":"2","_virtual":"no","_downloadable":"no","_download_limit":"-1","_download_expiry":"-1","_stock":"","_stock_status":"instock","_wc_average_rating":"0","_wc_review_count":"0","_product_version":"9.7.1","_price":"39.8","shopengine_product_views_count":"2842","_thumbnail_id":"4875","_product_attributes":{"erscheinungsdatum":{"name":"Date de publication","value":"09.08.2021","position":0,"is_visible":1,"is_variation":0,"is_taxonomy":0,"checkout_visible":0}},"_nutrient_ids":[],"_upsell_ids":null,"pswc_subtitle":null,"_default_delivery_time":null,"_wp_desired_post_slug":null,"_isbn":null,"pageType":null,"isExternalUrl":null,"pageId":null,"externalUrl":null,"hideCookieBanner":null,"isTargetBlank":null,"isProviderCurrentWebsite":null,"isEmbeddingOnlyExternalResources":null,"legalBasis":null,"dataProcessingInCountries":null,"dataProcessingInCountriesSpecialTreatments":null,"technicalDefinitions":null,"googleConsentModeConsentTypes":null,"executePriority":null,"executeCodeOptInWhenNoTagManagerConsentIsGiven":null,"executeCodeOptOutWhenNoTagManagerConsentIsGiven":null,"deleteTechnicalDefinitionsAfterOptOut":null,"presetId":null,"presetVersion":null,"provider":null,"providerContactPhone":null,"providerContactEmail":null,"providerContactLink":null,"uniqueName":null,"providerPrivacyPolicyUrl":null,"providerLegalNoticeUrl":null,"codeOptIn":null,"codeOptOut":null,"codeOnPageLoad":null,"language_code":null,"shopengine_template__post_meta__type":null,"shopengine_template__post_meta":null,"shopengine_template__post_meta__edit_with":null,"origin":null,"_enabled":null,"_filters":null,"_layout":null,"_elementor_import_session_id":null,"_wp_trash_meta_status":null,"_wp_trash_meta_time":null,"_edit_lock":"1743604004:2","_elementor_floating_elements_type":null,"_elementor_edit_mode":null,"_elementor_template_type":null,"tc-thumb-fld":{"_thumb_id":4875,"_thumb_type":"thumb"},"_wp_page_template":"default","_elementor_version":null,"_elementor_pro_version":null,"_elementor_page_settings":null,"_elementor_data":null,"_elementor_conditions":null,"_elementor_popup_display_settings":null,"_edit_last":"2","_elementor_template_sub_type":null,"_elementor_controls_usage":null,"_elementor_screenshot":null,"_elementor_css":null,"_elementor_page_assets":[],"_elementor_element_cache":null,"_elementor_screenshot_failed":null,"_elementor_source":null,"_wp_old_date":null,"layout_key":"","post_slider_check_key":"0","_links":{"self":[{"href":"https:\/\/snoeck.de\/fr\/wp-json\/wp\/v2\/product\/3463","targetHints":{"allow":["GET"]}}],"collection":[{"href":"https:\/\/snoeck.de\/fr\/wp-json\/wp\/v2\/product"}],"about":[{"href":"https:\/\/snoeck.de\/fr\/wp-json\/wp\/v2\/types\/product"}],"wp:featuredmedia":[{"embeddable":true,"href":"https:\/\/snoeck.de\/fr\/wp-json\/wp\/v2\/media\/4875"}],"wp:attachment":[{"href":"https:\/\/snoeck.de\/fr\/wp-json\/wp\/v2\/media?parent=3463"}],"wp:term":[{"taxonomy":"product_brand","embeddable":true,"href":"https:\/\/snoeck.de\/fr\/wp-json\/wp\/v2\/product_brand?post=3463"},{"taxonomy":"product_cat","embeddable":true,"href":"https:\/\/snoeck.de\/fr\/wp-json\/wp\/v2\/product_cat?post=3463"},{"taxonomy":"product_tag","embeddable":true,"href":"https:\/\/snoeck.de\/fr\/wp-json\/wp\/v2\/product_tag?post=3463"}],"curies":[{"name":"wp","href":"https:\/\/api.w.org\/{rel}","templated":true}]}}