{"id":3464,"date":"2025-01-31T11:29:22","date_gmt":"2025-01-31T11:29:22","guid":{"rendered":"https:\/\/snoeck.process-vision.de\/shop\/darren-almond-nocturne\/"},"modified":"2026-04-08T15:38:49","modified_gmt":"2026-04-08T14:38:49","slug":"darren-almond-nocturne","status":"publish","type":"product","link":"https:\/\/snoeck.de\/fr\/shop\/darren-almond-nocturne\/","title":{"rendered":"Darren Almond : Nocturne"},"content":{"rendered":"<h3>N\u00e9 en 1971, Darren Almond est sans aucun doute l'un des plus grands artistes anglais contemporains.<\/h3>\n<p>Cela commence par sa participation en 1997 \u00e0 l'exposition l\u00e9gendaire Sensation, le lancement des Young British Artists, se poursuit en 2003 dans le pavillon de la Biennale de Venise et aboutit en 2005 \u00e0 une nomination pour le Turner Prize. On peut donc dire que ceux qui ont eu la chance de voir la pr\u00e9sentation sensible et concentr\u00e9e de son \u0153uvre \u00e0 la Villa Merkel \u00e0 Esslingen en \u00e9t\u00e9 2011 ont eu de la chance. Les grands formats Nachtst\u00fccke (2004-2010) donnent leur titre \u00e0 la publication, comme \u00e0 l'exposition Nocturne, et montrent des paysages photographi\u00e9s sous la pleine lune avec une longue exposition, qui rappellent les paysages des romantiques dans leurs variantes europ\u00e9ennes, et la peinture de paysage classique japonaise et chinoise dans leurs motifs asiatiques. L'absence d'ombre de ces clich\u00e9s est la preuve visible d'un temps qui semble fig\u00e9, dont la lumi\u00e8re additionn\u00e9e n'\u00e9claire pas les sc\u00e8nes, mais se pose sur les surfaces ouvertes comme une \u00e9manation du paysage, une substance volatile. Ces photos prennent ainsi place \u00e0 un croisement singulier entre peinture et photographie ainsi qu'entre perception et imagination. L\u00e0 o\u00f9 les travaux photographiques font du temps la mesure de leur cr\u00e9ation parfaite, l'artiste formule, avec l'\u00e9norme travail vid\u00e9o Sometimes Still (2010), l'exp\u00e9rience du temps comme une r\u00e9p\u00e9tition sans fin d'une retraite \u00e9puisante et prolong\u00e9e. Darren Almond a en effet \u00e9t\u00e9 autoris\u00e9 \u00e0 suivre au pas de course, avec sa cam\u00e9ra, un moine novice de l'\u00e9cole bouddhiste Tendai lors d'une course de fond nocturne de 30 kilom\u00e8tres \u00e0 travers une zone bois\u00e9e le long de la montagne sacr\u00e9e Hiei, un exercice asc\u00e9tique, \u00e0 la fois physique et spirituel, d'une extr\u00eame duret\u00e9, que le novice doit r\u00e9p\u00e9ter 1000 fois r\u00e9parties sur sept ans. Il doit s'arr\u00eater \u00e0 plusieurs reprises \u00e0 des endroits pr\u00e9cis et r\u00e9citer des pri\u00e8res qu'il termine en frappant deux fois dans ses mains. La particularit\u00e9 de la pr\u00e9sente publication sous forme de cassette r\u00e9side dans la r\u00e9alisation individuelle des diff\u00e9rents travaux, tant\u00f4t sous forme de leporello, tant\u00f4t sous forme de simple cahier. Ainsi, toutes les photos expos\u00e9es sont reproduites de mani\u00e8re ad\u00e9quate et le film en particulier re\u00e7oit une forme de publication qui peut \u00eatre comprise comme un miroir des exp\u00e9riences de l'artiste.<\/p>\n<p>Exposition :<br \/>\nVilla Merkel, Galeries municipales de la ville d'Esslingen, 29\/5 - 21\/8\/2011<\/p>","protected":false},"excerpt":{"rendered":"<p>Cassette, Villa Merkel Esslingen, \u00e9d. par Andreas Baur<br \/>\nTextes (all.\/ang.) d'Andreas Baur, Tim Ingold, Johannes Meinhardt<br \/>\n3 leporellos de 18, 6 &amp; 32 p., deux brochures agraf\u00e9es de 44 p. chacune, 400 illustrations en couleur au total<br \/>\n31 x 30,5 cm, cassette<\/p>","protected":false},"featured_media":4876,"template":"","meta":[],"product_brand":[],"product_cat":[95],"product_tag":[],"class_list":{"0":"post-3464","1":"product","2":"type-product","3":"status-publish","4":"has-post-thumbnail","6":"product_cat-vergriffen","8":"first","9":"outofstock","10":"taxable","11":"shipping-taxable","12":"product-type-simple"},"aioseo_notices":[],"_wp_attached_file":null,"_wp_attachment_metadata":null,"_wc_attachment_source":null,"_elementor_inline_svg":null,"_elementor_is_screenshot":null,"_elementor_source_image_hash":null,"_source_url":null,"_wp_attachment_context":null,"_menu_item_type":null,"_menu_item_menu_item_parent":null,"_menu_item_object_id":null,"_menu_item_object":null,"_menu_item_target":null,"_menu_item_classes":null,"_menu_item_xfn":null,"_menu_item_url":null,"__elementor_forms_snapshot":null,"_unit":"","_unit_base":"","_unit_product":"","_unit_price_auto":"no","_unit_price_regular":"","_unit_price":"","_unit_price_sale":"","_sale_price_label":"","_sale_price_regular_label":"","_manufacturer_slug":"","_mini_desc":"","_defect_description":"","_safety_instructions":"","_allergen_ids":[],"_warranty_attachment_id":"","_safety_attachment_ids":[],"_min_age":"","_ts_gtin":"","_ts_mpn":"","_delivery_time_countries":[],"_free_shipping":"no","_service":"no","_photovoltaic_system":"no","_used_good":"no","_defective_copy":"no","_wireless_electronic_device":"no","_device_contains_power_supply":"no","_device_charging_supports_usb_pd":"no","_device_charging_watt_min":"0","_device_charging_watt_max":"0","_is_food":"no","_differential_taxation":"no","_gzd_version":"3.18.7","_hs_code":"","_customs_description":"","_manufacture_country":"0","_is_non_returnable":"no","_shipping_length":"","_shipping_width":"","_shipping_height":"","_sku":"ISBN 978-3-940953-91-9","_global_unique_id":"978-3-940953-91-9","_regular_price":null,"total_sales":"1","_tax_status":"taxable","_tax_class":"","_manage_stock":"no","_backorders":"no","_sold_individually":"no","_weight":"2","_virtual":"no","_downloadable":"no","_download_limit":"-1","_download_expiry":"-1","_stock":"","_stock_status":"outofstock","_wc_average_rating":"0","_wc_review_count":"0","_product_version":"10.1.4","_price":"","shopengine_product_views_count":"2917","_thumbnail_id":"4876","_product_attributes":{"erscheinungsdatum":{"name":"Date de publication","value":"20.04.2012","position":0,"is_visible":1,"is_variation":0,"is_taxonomy":0,"checkout_visible":0}},"_nutrient_ids":[],"_upsell_ids":null,"pswc_subtitle":"","_default_delivery_time":null,"_wp_desired_post_slug":null,"_isbn":null,"pageType":null,"isExternalUrl":null,"pageId":null,"externalUrl":null,"hideCookieBanner":null,"isTargetBlank":null,"isProviderCurrentWebsite":null,"isEmbeddingOnlyExternalResources":null,"legalBasis":null,"dataProcessingInCountries":null,"dataProcessingInCountriesSpecialTreatments":null,"technicalDefinitions":null,"googleConsentModeConsentTypes":null,"executePriority":null,"executeCodeOptInWhenNoTagManagerConsentIsGiven":null,"executeCodeOptOutWhenNoTagManagerConsentIsGiven":null,"deleteTechnicalDefinitionsAfterOptOut":null,"presetId":null,"presetVersion":null,"provider":null,"providerContactPhone":null,"providerContactEmail":null,"providerContactLink":null,"uniqueName":null,"providerPrivacyPolicyUrl":null,"providerLegalNoticeUrl":null,"codeOptIn":null,"codeOptOut":null,"codeOnPageLoad":null,"language_code":null,"shopengine_template__post_meta__type":null,"shopengine_template__post_meta":null,"shopengine_template__post_meta__edit_with":null,"origin":null,"_enabled":null,"_filters":null,"_layout":null,"_elementor_import_session_id":null,"_wp_trash_meta_status":null,"_wp_trash_meta_time":null,"_edit_lock":"1743603927:2","_elementor_floating_elements_type":null,"_elementor_edit_mode":null,"_elementor_template_type":null,"tc-thumb-fld":{"_thumb_id":4876,"_thumb_type":"thumb"},"_wp_page_template":"default","_elementor_version":null,"_elementor_pro_version":null,"_elementor_page_settings":null,"_elementor_data":null,"_elementor_conditions":null,"_elementor_popup_display_settings":null,"_edit_last":"2","_elementor_template_sub_type":null,"_elementor_controls_usage":null,"_elementor_screenshot":null,"_elementor_css":null,"_elementor_page_assets":[],"_elementor_element_cache":null,"_elementor_screenshot_failed":null,"_elementor_source":null,"_wp_old_date":null,"layout_key":"","post_slider_check_key":"0","_links":{"self":[{"href":"https:\/\/snoeck.de\/fr\/wp-json\/wp\/v2\/product\/3464","targetHints":{"allow":["GET"]}}],"collection":[{"href":"https:\/\/snoeck.de\/fr\/wp-json\/wp\/v2\/product"}],"about":[{"href":"https:\/\/snoeck.de\/fr\/wp-json\/wp\/v2\/types\/product"}],"wp:featuredmedia":[{"embeddable":true,"href":"https:\/\/snoeck.de\/fr\/wp-json\/wp\/v2\/media\/4876"}],"wp:attachment":[{"href":"https:\/\/snoeck.de\/fr\/wp-json\/wp\/v2\/media?parent=3464"}],"wp:term":[{"taxonomy":"product_brand","embeddable":true,"href":"https:\/\/snoeck.de\/fr\/wp-json\/wp\/v2\/product_brand?post=3464"},{"taxonomy":"product_cat","embeddable":true,"href":"https:\/\/snoeck.de\/fr\/wp-json\/wp\/v2\/product_cat?post=3464"},{"taxonomy":"product_tag","embeddable":true,"href":"https:\/\/snoeck.de\/fr\/wp-json\/wp\/v2\/product_tag?post=3464"}],"curies":[{"name":"wp","href":"https:\/\/api.w.org\/{rel}","templated":true}]}}