{"id":3466,"date":"2025-01-31T11:29:23","date_gmt":"2025-01-31T11:29:23","guid":{"rendered":"https:\/\/snoeck.process-vision.de\/shop\/siegfried-anzinger\/"},"modified":"2026-04-08T15:36:35","modified_gmt":"2026-04-08T14:36:35","slug":"siegfried-anzinger","status":"publish","type":"product","link":"https:\/\/snoeck.de\/fr\/shop\/siegfried-anzinger\/","title":{"rendered":"Siegfried Anzinger"},"content":{"rendered":"<h3>Nouveaux travaux brillants<\/h3>\n<p>Avec ses nouvelles peintures \u00e0 l'huile et ses sculptures, Siegfried Anzinger op\u00e8re une rupture radicale. Il rompt notamment avec le processus d'application de la peinture sans p\u00e2te, si typique chez lui, dans ses tableaux, avec sa mani\u00e8re picturale particuli\u00e8re de l'apparence figurative, avec une palette de couleurs qui ressemble parfois \u00e0 celle de l'Italie du Nord, bref avec ce qui a \u00e9t\u00e9 peint en pensant \u00e0 la peinture. Et cela fait l'effet d'une lumi\u00e8re soudainement \u00e9clatante. En effet, Siegfried Anzinger applique maintenant les tons de fond de mani\u00e8re rapide et dilu\u00e9e, et \u00e0 partir d'un d\u00e9tail, comme un mouvement de boucle dans une cha\u00eene de montagnes, il construit une \u00e9pop\u00e9e clairement \u00e9chelonn\u00e9e sur diff\u00e9rents niveaux d'image. Jusqu'\u00e0 pr\u00e9sent, les personnages et les sc\u00e8nes \u00e9taient mis en valeur dans un espace ferm\u00e9, un peu comme dans une pi\u00e8ce de chambre. Avec sa nouvelle peinture, Siegfried Anzinger a ouvert grand le rideau et lui a pr\u00e9par\u00e9 une grande sc\u00e8ne. Il n'est pas seulement fantastique de voir comment les images issues de toutes sortes de techniques culturelles (rock, pop, bande dessin\u00e9e, renaissance et western) rivalisent entre elles pour la conqu\u00eate du train d'or, mais aussi de voir comment, avec une dramaturgie cibl\u00e9e, s'ouvre un panorama pictural dans lequel les \u00e9pop\u00e9es de David, Delacroix ou Gerricault avaient d\u00e9j\u00e0 donn\u00e9 mati\u00e8re \u00e0 r\u00eaver.<\/p>\n<p>Exposition :<br \/>\nMus\u00e9e d'art Lentos Linz, 26\/11\/2010 - 6\/3\/2011<\/p>","protected":false},"excerpt":{"rendered":"<p>Catalogue d'exposition, Lentos Kunstmuseum Linz<br \/>\nTextes (all.\/ang.) d'Elisabeth Nowak-Thaller, Guido Reuter, Stella Rollig<br \/>\n194 p. avec 120 illustrations en couleur<br \/>\nformat 30 x 24 cm, couverture rigide<\/p>","protected":false},"featured_media":4881,"template":"","meta":[],"product_brand":[],"product_cat":[95],"product_tag":[],"class_list":{"0":"post-3466","1":"product","2":"type-product","3":"status-publish","4":"has-post-thumbnail","6":"product_cat-vergriffen","8":"first","9":"outofstock","10":"taxable","11":"shipping-taxable","12":"product-type-simple"},"aioseo_notices":[],"_wp_attached_file":null,"_wp_attachment_metadata":null,"_wc_attachment_source":null,"_elementor_inline_svg":null,"_elementor_is_screenshot":null,"_elementor_source_image_hash":null,"_source_url":null,"_wp_attachment_context":null,"_menu_item_type":null,"_menu_item_menu_item_parent":null,"_menu_item_object_id":null,"_menu_item_object":null,"_menu_item_target":null,"_menu_item_classes":null,"_menu_item_xfn":null,"_menu_item_url":null,"__elementor_forms_snapshot":null,"_unit":"","_unit_base":"","_unit_product":"","_unit_price_auto":"no","_unit_price_regular":"","_unit_price":"","_unit_price_sale":"","_sale_price_label":"","_sale_price_regular_label":"","_manufacturer_slug":"","_mini_desc":"","_defect_description":"","_safety_instructions":"","_allergen_ids":[],"_warranty_attachment_id":"","_safety_attachment_ids":[],"_min_age":"","_ts_gtin":"","_ts_mpn":"","_delivery_time_countries":[],"_free_shipping":"no","_service":"no","_photovoltaic_system":"no","_used_good":"no","_defective_copy":"no","_wireless_electronic_device":"no","_device_contains_power_supply":"no","_device_charging_supports_usb_pd":"no","_device_charging_watt_min":"0","_device_charging_watt_max":"0","_is_food":"no","_differential_taxation":"no","_gzd_version":"3.18.7","_hs_code":"","_customs_description":"","_manufacture_country":"0","_is_non_returnable":"no","_shipping_length":"","_shipping_width":"","_shipping_height":"","_sku":"ISBN 978-3-940953-63-6","_global_unique_id":"978-3-940953-63-6","_regular_price":null,"total_sales":"1","_tax_status":"taxable","_tax_class":"","_manage_stock":"no","_backorders":"no","_sold_individually":"no","_weight":"1","_virtual":"no","_downloadable":"no","_download_limit":"-1","_download_expiry":"-1","_stock":"","_stock_status":"outofstock","_wc_average_rating":"0","_wc_review_count":"0","_product_version":"10.1.4","_price":"","shopengine_product_views_count":"2831","_thumbnail_id":"4881","_product_attributes":{"erscheinungsdatum":{"name":"Date de publication","value":"26.11.2010","position":0,"is_visible":1,"is_variation":0,"is_taxonomy":0,"checkout_visible":0}},"_nutrient_ids":[],"_upsell_ids":null,"pswc_subtitle":null,"_default_delivery_time":null,"_wp_desired_post_slug":null,"_isbn":null,"pageType":null,"isExternalUrl":null,"pageId":null,"externalUrl":null,"hideCookieBanner":null,"isTargetBlank":null,"isProviderCurrentWebsite":null,"isEmbeddingOnlyExternalResources":null,"legalBasis":null,"dataProcessingInCountries":null,"dataProcessingInCountriesSpecialTreatments":null,"technicalDefinitions":null,"googleConsentModeConsentTypes":null,"executePriority":null,"executeCodeOptInWhenNoTagManagerConsentIsGiven":null,"executeCodeOptOutWhenNoTagManagerConsentIsGiven":null,"deleteTechnicalDefinitionsAfterOptOut":null,"presetId":null,"presetVersion":null,"provider":null,"providerContactPhone":null,"providerContactEmail":null,"providerContactLink":null,"uniqueName":null,"providerPrivacyPolicyUrl":null,"providerLegalNoticeUrl":null,"codeOptIn":null,"codeOptOut":null,"codeOnPageLoad":null,"language_code":null,"shopengine_template__post_meta__type":null,"shopengine_template__post_meta":null,"shopengine_template__post_meta__edit_with":null,"origin":null,"_enabled":null,"_filters":null,"_layout":null,"_elementor_import_session_id":null,"_wp_trash_meta_status":null,"_wp_trash_meta_time":null,"_edit_lock":"1743603755:2","_elementor_floating_elements_type":null,"_elementor_edit_mode":null,"_elementor_template_type":null,"tc-thumb-fld":{"_thumb_id":4881,"_thumb_type":"thumb"},"_wp_page_template":"default","_elementor_version":null,"_elementor_pro_version":null,"_elementor_page_settings":null,"_elementor_data":null,"_elementor_conditions":null,"_elementor_popup_display_settings":null,"_edit_last":"2","_elementor_template_sub_type":null,"_elementor_controls_usage":null,"_elementor_screenshot":null,"_elementor_css":null,"_elementor_page_assets":[],"_elementor_element_cache":null,"_elementor_screenshot_failed":null,"_elementor_source":null,"_wp_old_date":null,"layout_key":"","post_slider_check_key":"0","_links":{"self":[{"href":"https:\/\/snoeck.de\/fr\/wp-json\/wp\/v2\/product\/3466","targetHints":{"allow":["GET"]}}],"collection":[{"href":"https:\/\/snoeck.de\/fr\/wp-json\/wp\/v2\/product"}],"about":[{"href":"https:\/\/snoeck.de\/fr\/wp-json\/wp\/v2\/types\/product"}],"wp:featuredmedia":[{"embeddable":true,"href":"https:\/\/snoeck.de\/fr\/wp-json\/wp\/v2\/media\/4881"}],"wp:attachment":[{"href":"https:\/\/snoeck.de\/fr\/wp-json\/wp\/v2\/media?parent=3466"}],"wp:term":[{"taxonomy":"product_brand","embeddable":true,"href":"https:\/\/snoeck.de\/fr\/wp-json\/wp\/v2\/product_brand?post=3466"},{"taxonomy":"product_cat","embeddable":true,"href":"https:\/\/snoeck.de\/fr\/wp-json\/wp\/v2\/product_cat?post=3466"},{"taxonomy":"product_tag","embeddable":true,"href":"https:\/\/snoeck.de\/fr\/wp-json\/wp\/v2\/product_tag?post=3466"}],"curies":[{"name":"wp","href":"https:\/\/api.w.org\/{rel}","templated":true}]}}