{"id":3467,"date":"2025-01-31T11:29:24","date_gmt":"2025-01-31T11:29:24","guid":{"rendered":"https:\/\/snoeck.process-vision.de\/shop\/siegfried-anzinger-werke-auf-papier\/"},"modified":"2025-04-02T14:22:14","modified_gmt":"2025-04-02T14:22:14","slug":"siegfried-anzinger-werke-auf-papier","status":"publish","type":"product","link":"https:\/\/snoeck.de\/fr\/shop\/siegfried-anzinger-werke-auf-papier\/","title":{"rendered":"Siegfried Anzinger : \u0152uvres sur papier"},"content":{"rendered":"<h3>Flotter avec l\u00e9g\u00e8ret\u00e9 entre un profond s\u00e9rieux et une grande s\u00e9r\u00e9nit\u00e9<\/h3>\n<p>Avec le \"Grand Prix de l'Etat autrichien 2003\", le travail de Siegfried Anzinger a re\u00e7u la plus haute cons\u00e9cration de l'Etat de la R\u00e9publique alpine. C'est aussi la reconnaissance d'un artiste tr\u00e8s discret, surtout dans le domaine de la peinture des ann\u00e9es quatre-vingt et quatre-vingt-dix, que les autorit\u00e9s et les artistes ont toujours eu du mal \u00e0 accepter \u00e0 Vienne - l'\u00e9chec des institutions semble trop important, le scandale de l'actionnisme est encore trop profond\u00e9ment ressenti. C'est peut-\u00eatre pour cette raison que Siegfried Anzinger s'est d\u00e9tourn\u00e9 de la sc\u00e8ne locale d\u00e8s 1982 et s'est install\u00e9 en Rh\u00e9nanie, o\u00f9 il enseigne depuis 1997 en tant que professeur \u00e0 l'Acad\u00e9mie de D\u00fcsseldorf. C'est l\u00e0 qu'il vit, c'est l\u00e0 que na\u00eet, loin du monde viennois, une \u0153uvre formellement aboutie, rigoureuse, mais aussi incroyablement stricte et, ce faisant, tr\u00e8s surprenante. Dans des fragments, des figures mythologiques rencontrent la sensibilit\u00e9 contemporaine, la formation des l\u00e9gendes est mesur\u00e9e \u00e0 l'aune du nu et du phallus. Car m\u00eame dans le monde mythique, le vrai ne semble pas exister dans le faux, la volont\u00e9 absolue l'emporte encore sur toute forme. C'est la contradiction qu'expose Siegfried Anzinger dans sa magnifique s\u00e9rie d'aquarelles : la sc\u00e8ne est vite g\u00e2ch\u00e9e par le sexe, on trouve vite des d\u00e9valorisations l\u00e0 o\u00f9 le sentiment ne voit pas d'issue. Mais Siegfried Anzinger sait magistralement s'\u00e9quilibrer, comme le montrent ses derni\u00e8res feuilles, r\u00e9alis\u00e9es entre 2001 et 2004 : elles flottent avec l\u00e9g\u00e8ret\u00e9 entre un profond s\u00e9rieux et une grande s\u00e9r\u00e9nit\u00e9.<\/p>\n<p>Expositions :<br \/>\nAlbertina, Vienne, 17\/5 - 29\/8\/2004<br \/>\nGemeentemuseum La Haye, 5\/2 - 16\/5\/2005<\/p>","protected":false},"excerpt":{"rendered":"<p>Catalogue d'exposition, \u00e9dit\u00e9 par Klaus Thoman<br \/>\nTextes (all.\/angl.) de Siegfried Gohr et Antonia Hoerschelmann<br \/>\n224 p. avec 99 illustrations en couleur<br \/>\nformat 24,2 x 32,5 cm, couverture rigide avec jaquette<\/p>","protected":false},"featured_media":4882,"template":"","meta":[],"product_brand":[],"product_cat":[106,58,90],"product_tag":[],"class_list":{"0":"post-3467","1":"product","2":"type-product","3":"status-publish","4":"has-post-thumbnail","6":"product_cat-106","7":"product_cat-a","8":"product_cat-rare-books","10":"first","11":"instock","12":"taxable","13":"shipping-taxable","14":"purchasable","15":"product-type-simple"},"aioseo_notices":[],"_wp_attached_file":null,"_wp_attachment_metadata":null,"_wc_attachment_source":null,"_elementor_inline_svg":null,"_elementor_is_screenshot":null,"_elementor_source_image_hash":null,"_source_url":null,"_wp_attachment_context":null,"_menu_item_type":null,"_menu_item_menu_item_parent":null,"_menu_item_object_id":null,"_menu_item_object":null,"_menu_item_target":null,"_menu_item_classes":null,"_menu_item_xfn":null,"_menu_item_url":null,"__elementor_forms_snapshot":null,"_unit":"","_unit_base":"","_unit_product":"","_unit_price_auto":"no","_unit_price_regular":"","_unit_price":"","_unit_price_sale":"","_sale_price_label":"","_sale_price_regular_label":"","_manufacturer_slug":"","_mini_desc":"","_defect_description":"","_safety_instructions":"","_allergen_ids":[],"_warranty_attachment_id":"","_safety_attachment_ids":[],"_min_age":"","_ts_gtin":"","_ts_mpn":"","_delivery_time_countries":[],"_free_shipping":"no","_service":"no","_photovoltaic_system":"no","_used_good":"no","_defective_copy":"no","_wireless_electronic_device":"no","_device_contains_power_supply":"no","_device_charging_supports_usb_pd":"no","_device_charging_watt_min":"0","_device_charging_watt_max":"0","_is_food":"no","_differential_taxation":"no","_gzd_version":"3.18.7","_hs_code":"","_customs_description":"","_manufacture_country":"0","_is_non_returnable":"no","_shipping_length":"","_shipping_width":"","_shipping_height":"","_sku":"ISBN 978-3-936859-11-9","_global_unique_id":"978-3-936859-11-9","_regular_price":"98","total_sales":"0","_tax_status":"taxable","_tax_class":"","_manage_stock":"no","_backorders":"no","_sold_individually":"no","_weight":"2","_virtual":"no","_downloadable":"no","_download_limit":"-1","_download_expiry":"-1","_stock":"","_stock_status":"instock","_wc_average_rating":"0","_wc_review_count":"0","_product_version":"9.7.1","_price":"98","shopengine_product_views_count":"3334","_thumbnail_id":"4882","_product_attributes":{"erscheinungsdatum":{"name":"Date de publication","value":"17.05.2004","position":0,"is_visible":1,"is_variation":0,"is_taxonomy":0,"checkout_visible":0}},"_nutrient_ids":[],"_upsell_ids":null,"pswc_subtitle":null,"_default_delivery_time":"","_wp_desired_post_slug":null,"_isbn":null,"pageType":null,"isExternalUrl":null,"pageId":null,"externalUrl":null,"hideCookieBanner":null,"isTargetBlank":null,"isProviderCurrentWebsite":null,"isEmbeddingOnlyExternalResources":null,"legalBasis":null,"dataProcessingInCountries":null,"dataProcessingInCountriesSpecialTreatments":null,"technicalDefinitions":null,"googleConsentModeConsentTypes":null,"executePriority":null,"executeCodeOptInWhenNoTagManagerConsentIsGiven":null,"executeCodeOptOutWhenNoTagManagerConsentIsGiven":null,"deleteTechnicalDefinitionsAfterOptOut":null,"presetId":null,"presetVersion":null,"provider":null,"providerContactPhone":null,"providerContactEmail":null,"providerContactLink":null,"uniqueName":null,"providerPrivacyPolicyUrl":null,"providerLegalNoticeUrl":null,"codeOptIn":null,"codeOptOut":null,"codeOnPageLoad":null,"language_code":null,"shopengine_template__post_meta__type":null,"shopengine_template__post_meta":null,"shopengine_template__post_meta__edit_with":null,"origin":null,"_enabled":null,"_filters":null,"_layout":null,"_elementor_import_session_id":null,"_wp_trash_meta_status":null,"_wp_trash_meta_time":null,"_edit_lock":"1743603595:2","_elementor_floating_elements_type":null,"_elementor_edit_mode":null,"_elementor_template_type":null,"tc-thumb-fld":{"_thumb_id":4882,"_thumb_type":"thumb"},"_wp_page_template":"default","_elementor_version":null,"_elementor_pro_version":null,"_elementor_page_settings":null,"_elementor_data":null,"_elementor_conditions":null,"_elementor_popup_display_settings":null,"_edit_last":"2","_elementor_template_sub_type":null,"_elementor_controls_usage":null,"_elementor_screenshot":null,"_elementor_css":null,"_elementor_page_assets":[],"_elementor_element_cache":null,"_elementor_screenshot_failed":null,"_elementor_source":null,"_wp_old_date":null,"layout_key":"","post_slider_check_key":"0","_links":{"self":[{"href":"https:\/\/snoeck.de\/fr\/wp-json\/wp\/v2\/product\/3467","targetHints":{"allow":["GET"]}}],"collection":[{"href":"https:\/\/snoeck.de\/fr\/wp-json\/wp\/v2\/product"}],"about":[{"href":"https:\/\/snoeck.de\/fr\/wp-json\/wp\/v2\/types\/product"}],"wp:featuredmedia":[{"embeddable":true,"href":"https:\/\/snoeck.de\/fr\/wp-json\/wp\/v2\/media\/4882"}],"wp:attachment":[{"href":"https:\/\/snoeck.de\/fr\/wp-json\/wp\/v2\/media?parent=3467"}],"wp:term":[{"taxonomy":"product_brand","embeddable":true,"href":"https:\/\/snoeck.de\/fr\/wp-json\/wp\/v2\/product_brand?post=3467"},{"taxonomy":"product_cat","embeddable":true,"href":"https:\/\/snoeck.de\/fr\/wp-json\/wp\/v2\/product_cat?post=3467"},{"taxonomy":"product_tag","embeddable":true,"href":"https:\/\/snoeck.de\/fr\/wp-json\/wp\/v2\/product_tag?post=3467"}],"curies":[{"name":"wp","href":"https:\/\/api.w.org\/{rel}","templated":true}]}}