{"id":3470,"date":"2025-01-31T11:29:25","date_gmt":"2025-01-31T11:29:25","guid":{"rendered":"https:\/\/snoeck.process-vision.de\/shop\/otto-arnold-von-siegen-aus\/"},"modified":"2025-04-02T14:17:53","modified_gmt":"2025-04-02T14:17:53","slug":"otto-arnold-von-siegen-aus","status":"publish","type":"product","link":"https:\/\/snoeck.de\/fr\/shop\/otto-arnold-von-siegen-aus\/","title":{"rendered":"Otto Arnold : A partir de Siegen - Balades photographiques \u00e0 travers le paysage culturel et le monde du travail"},"content":{"rendered":"<h3>Otto Arnold - Pionnier de la photographie dans le Siegerland<\/h3>\n<p>En 1905, Otto Arnold (1881-1944) est arriv\u00e9 \u00e0 Siegen en tant qu'enseignant, o\u00f9 il est devenu plus tard recteur de la Nordschule et de la Siegh\u00fctter Hauptschule. Au milieu des ann\u00e9es 1920, il acheta un appareil photo \u00e0 plaque Zeiss-Ikon et commen\u00e7a \u00e0 r\u00e9aliser une vaste documentation photographique du Siegerland. Lors de nombreuses excursions, \u00e0 pied, en bus ou en train, en famille ou avec des amis, avec des coll\u00e8gues ou avec ses classes d'\u00e9cole, il s'est int\u00e9ress\u00e9 de pr\u00e8s aux relations entre le paysage et le travail. Ses photos parlent de l'\u00e9conomie de montagne, une forme durable d'exploitation foresti\u00e8re communautaire, de la tannerie, de la charbonnerie, du travail dans les mines et les usines sid\u00e9rurgiques, dans l'industrie ainsi que du travail \u00e0 domicile dans la production textile. Il \u00e9tait motiv\u00e9 par un objectif p\u00e9dagogique, car il utilisait les photographies pour ses projections de diapositives en classe, afin de montrer \u00e0 ses \u00e9l\u00e8ves la vie r\u00e9gionale. Ses archives photographiques retracent aujourd'hui une image unique du Siegerland en pleine mutation dans les ann\u00e9es 1920 et 1930. L'\u0153uvre d'Otto Arnold a \u00e9t\u00e9 mise en valeur et expos\u00e9e pour la premi\u00e8re fois par sa belle-fille et son petit-fils dans les ann\u00e9es 1980. Quarante ans plus tard, \u00e0 l'occasion du 800e anniversaire de la ville de Siegen, l'exposition 2024 se focalise \u00e0 nouveau sur le regard d'Otto Arnold sur les hommes, l'architecture et le paysage, leurs liens avec les processus de travail traditionnels et industriels. Eva Schmidt a r\u00e9uni et \u00e9dit\u00e9 les textes du livre \"Von Siegen aus - Photographische Streifz\u00fcge durch Kulturlandschaft und Arbeitswelt\", dont ceux de Dieter Pfau, historien du Siegerland, qui suit les motifs d'Otto Arnold, de Joseph Imorde, professeur d'histoire de l'art \u00e0 la Kunsthochschule Wei\u00dfensee de Berlin, qui \u00e9crit sur les s\u00e9ries d'images d'Arnold et sur le m\u00e9dium photographique dans l'enseignement des ann\u00e9es 1920 et 1930, de Gabriele Conrath-Scholl, directrice de la Photographische Sammlung\/SK Stiftung K\u00f6ln, qui ose une comparaison entre Otto Arnold et des contemporains comme August Sander, et de l'\u00e9ditrice qui m\u00e8ne un entretien avec Detlev Arnold sur l'histoire des archives de son grand-p\u00e8re.<\/p>\n<p>Exposition :<br \/>\nGalerie municipale Haus Seel, Siegen, 11\/7 - 25\/8\/2024<\/p>","protected":false},"excerpt":{"rendered":"<p>Catalogue d'exposition, St\u00e4dtische Galerie Haus Seel Siegen, \u00e9d. par Eva Schmidt<br \/>\n\u00c0 l'occasion du 800e anniversaire de la ville de Siegen<br \/>\nTextes (all.) Gabriele Conrath-Scholl, Joseph Imorde, Dieter Pfau, entretien d'Eva Schmidt avec Detlev Arnold<br \/>\n200 p. avec 146 illustrations en duplex<br \/>\nformat 29 x 24 cm, brochure \u00e0 rabats<\/p>","protected":false},"featured_media":4885,"template":"","meta":[],"product_brand":[],"product_cat":[88,58],"product_tag":[],"class_list":{"0":"post-3470","1":"product","2":"type-product","3":"status-publish","4":"has-post-thumbnail","6":"product_cat-88","7":"product_cat-a","9":"first","10":"instock","11":"taxable","12":"shipping-taxable","13":"purchasable","14":"product-type-simple"},"aioseo_notices":[],"_wp_attached_file":null,"_wp_attachment_metadata":null,"_wc_attachment_source":null,"_elementor_inline_svg":null,"_elementor_is_screenshot":null,"_elementor_source_image_hash":null,"_source_url":null,"_wp_attachment_context":null,"_menu_item_type":null,"_menu_item_menu_item_parent":null,"_menu_item_object_id":null,"_menu_item_object":null,"_menu_item_target":null,"_menu_item_classes":null,"_menu_item_xfn":null,"_menu_item_url":null,"__elementor_forms_snapshot":null,"_unit":"","_unit_base":"","_unit_product":"","_unit_price_auto":"no","_unit_price_regular":"","_unit_price":"","_unit_price_sale":"","_sale_price_label":"","_sale_price_regular_label":"","_manufacturer_slug":"","_mini_desc":"","_defect_description":"","_safety_instructions":"","_allergen_ids":[],"_warranty_attachment_id":"","_safety_attachment_ids":[],"_min_age":"","_ts_gtin":"","_ts_mpn":"","_delivery_time_countries":[],"_free_shipping":"no","_service":"no","_photovoltaic_system":"no","_used_good":"no","_defective_copy":"no","_wireless_electronic_device":"no","_device_contains_power_supply":"no","_device_charging_supports_usb_pd":"no","_device_charging_watt_min":"0","_device_charging_watt_max":"0","_is_food":"no","_differential_taxation":"no","_gzd_version":"3.18.7","_hs_code":"","_customs_description":"","_manufacture_country":"0","_is_non_returnable":"no","_shipping_length":"","_shipping_width":"","_shipping_height":"","_sku":"ISBN 978-3-86442-438-0","_global_unique_id":"978-3-86442-438-0","_regular_price":"48","total_sales":"0","_tax_status":"taxable","_tax_class":"","_manage_stock":"no","_backorders":"no","_sold_individually":"no","_weight":"2","_virtual":"no","_downloadable":"no","_download_limit":"-1","_download_expiry":"-1","_stock":"","_stock_status":"instock","_wc_average_rating":"0","_wc_review_count":"0","_product_version":"9.7.1","_price":"48","shopengine_product_views_count":"2460","_thumbnail_id":"4885","_product_attributes":{"erscheinungsdatum":{"name":"Erscheinungsdatum","value":"04.07.2024","position":0,"is_visible":1,"is_variation":0,"is_taxonomy":0,"checkout_visible":0}},"_nutrient_ids":[],"_upsell_ids":null,"pswc_subtitle":null,"_default_delivery_time":null,"_wp_desired_post_slug":null,"_isbn":null,"pageType":null,"isExternalUrl":null,"pageId":null,"externalUrl":null,"hideCookieBanner":null,"isTargetBlank":null,"isProviderCurrentWebsite":null,"isEmbeddingOnlyExternalResources":null,"legalBasis":null,"dataProcessingInCountries":null,"dataProcessingInCountriesSpecialTreatments":null,"technicalDefinitions":null,"googleConsentModeConsentTypes":null,"executePriority":null,"executeCodeOptInWhenNoTagManagerConsentIsGiven":null,"executeCodeOptOutWhenNoTagManagerConsentIsGiven":null,"deleteTechnicalDefinitionsAfterOptOut":null,"presetId":null,"presetVersion":null,"provider":null,"providerContactPhone":null,"providerContactEmail":null,"providerContactLink":null,"uniqueName":null,"providerPrivacyPolicyUrl":null,"providerLegalNoticeUrl":null,"codeOptIn":null,"codeOptOut":null,"codeOnPageLoad":null,"language_code":null,"shopengine_template__post_meta__type":null,"shopengine_template__post_meta":null,"shopengine_template__post_meta__edit_with":null,"origin":null,"_enabled":null,"_filters":null,"_layout":null,"_elementor_import_session_id":null,"_wp_trash_meta_status":null,"_wp_trash_meta_time":null,"_edit_lock":"1743603334:2","_elementor_floating_elements_type":null,"_elementor_edit_mode":null,"_elementor_template_type":null,"tc-thumb-fld":{"_thumb_id":4885,"_thumb_type":"thumb"},"_wp_page_template":"default","_elementor_version":null,"_elementor_pro_version":null,"_elementor_page_settings":null,"_elementor_data":null,"_elementor_conditions":null,"_elementor_popup_display_settings":null,"_edit_last":"2","_elementor_template_sub_type":null,"_elementor_controls_usage":null,"_elementor_screenshot":null,"_elementor_css":null,"_elementor_page_assets":[],"_elementor_element_cache":null,"_elementor_screenshot_failed":null,"_elementor_source":null,"_wp_old_date":null,"layout_key":"","post_slider_check_key":"0","_links":{"self":[{"href":"https:\/\/snoeck.de\/fr\/wp-json\/wp\/v2\/product\/3470","targetHints":{"allow":["GET"]}}],"collection":[{"href":"https:\/\/snoeck.de\/fr\/wp-json\/wp\/v2\/product"}],"about":[{"href":"https:\/\/snoeck.de\/fr\/wp-json\/wp\/v2\/types\/product"}],"wp:featuredmedia":[{"embeddable":true,"href":"https:\/\/snoeck.de\/fr\/wp-json\/wp\/v2\/media\/4885"}],"wp:attachment":[{"href":"https:\/\/snoeck.de\/fr\/wp-json\/wp\/v2\/media?parent=3470"}],"wp:term":[{"taxonomy":"product_brand","embeddable":true,"href":"https:\/\/snoeck.de\/fr\/wp-json\/wp\/v2\/product_brand?post=3470"},{"taxonomy":"product_cat","embeddable":true,"href":"https:\/\/snoeck.de\/fr\/wp-json\/wp\/v2\/product_cat?post=3470"},{"taxonomy":"product_tag","embeddable":true,"href":"https:\/\/snoeck.de\/fr\/wp-json\/wp\/v2\/product_tag?post=3470"}],"curies":[{"name":"wp","href":"https:\/\/api.w.org\/{rel}","templated":true}]}}