{"id":3472,"date":"2025-01-31T11:29:26","date_gmt":"2025-01-31T11:29:26","guid":{"rendered":"https:\/\/snoeck.process-vision.de\/shop\/silvia-baechli-dass-eins-zum-andern-wurde-welches-welches-ist\/"},"modified":"2025-04-02T14:08:22","modified_gmt":"2025-04-02T14:08:22","slug":"silvia-baechli-dass-eins-zum-andern-wurde-welches-welches-ist","status":"publish","type":"product","link":"https:\/\/snoeck.de\/fr\/shop\/silvia-baechli-dass-eins-zum-andern-wurde-welches-welches-ist\/","title":{"rendered":"Silvia B\u00e4chli : Que l'un est devenu l'autre. Lequel est lequel ?"},"content":{"rendered":"<h3>Dessiner, c'est s'aventurer en terre inconnue et s'y promener<\/h3>\n<p>Depuis la fin des ann\u00e9es 1970, Silvia B\u00e4chli (*1956) d\u00e9veloppe son travail de dessin avec autant de prudence que de coh\u00e9rence. L'acc\u00e8s expressif \u00e0 la corporalit\u00e9 a fait place \u00e0 une vision presque introspective de la r\u00e9alit\u00e9. La perception quotidienne constitue le point de d\u00e9part du processus artistique de Silvia B\u00e4chli, au cours duquel elle s'approprie les choses pour leur donner une forme graphique autonome. Et depuis 1984, elle assemble ses dessins de petit format en compositions de plusieurs parties sur le mur. \u00c0 partir de 2001, elle a travaill\u00e9 sur des \u0153uvres sur papier de grand format avec des lin\u00e9aments superpos\u00e9s et finement structur\u00e9s ; ces derni\u00e8res ann\u00e9es, la surface color\u00e9e est en outre entr\u00e9e en relation avec le fond du tableau. L'\u0153uvre silencieuse de Silvia B\u00e4chli est d\u00e9sormais reconnue dans le monde entier, comme en t\u00e9moignent les expositions de 2007 au Centre Pompidou \u00e0 Paris, de 2014 \u00e0 la Staatliche Graphische Sammlung \u00e0 Munich, de 2022 au Museum Weserburg \u00e0 Br\u00eame et de 2024 au Centro Botin \u00e0 Santander. En 2009, elle a repr\u00e9sent\u00e9 la Suisse \u00e0 la 53e Biennale de Venise. L'exposition du Kunst Museum Winterthur, intitul\u00e9e \"dass eins zum andern wurde. Lequel est lequel ?\" se r\u00e9f\u00e8re \u00e0 une citation de la po\u00e9tesse am\u00e9ricaine Elizabeth Bishop, et le livre d'images con\u00e7u par Silvia B\u00e4chli permet d'avoir une vue d'ensemble de cette \u0153uvre artistique aux multiples facettes - c'est la premi\u00e8re fois qu'une s\u00e9rie de petites sculptures est pr\u00e9sent\u00e9e en Suisse. \"Mon travail est une approche de quelque chose que je ne connais pas exactement et que je ne d\u00e9couvre qu'en le faisant\", dit-elle.<\/p>\n<p>Expositions :<br \/>\nMus\u00e9e d'art de Winterthur, 25\/5 - 18\/8\/2024<br \/>\nCentro Bot\u00cdn, Santander 11\/5 - 20\/10\/2024<\/p>","protected":false},"excerpt":{"rendered":"<p>Catalogue d'exposition, Kunst Museum Winterthur, \u00e9d. Konrad Bitterli<br \/>\nTexte (all.\/ang.) de Konrad Bitterli et avec un po\u00e8me d'Elizabeth Bishop<br \/>\nformat 32 x 24 cm, bloc de livre cousu avec jaquette non attach\u00e9e<\/p>","protected":false},"featured_media":4887,"template":"","meta":[],"product_brand":[],"product_cat":[88,59],"product_tag":[],"class_list":{"0":"post-3472","1":"product","2":"type-product","3":"status-publish","4":"has-post-thumbnail","6":"product_cat-88","7":"product_cat-b","9":"first","10":"instock","11":"taxable","12":"shipping-taxable","13":"purchasable","14":"product-type-simple"},"aioseo_notices":[],"_wp_attached_file":null,"_wp_attachment_metadata":null,"_wc_attachment_source":null,"_elementor_inline_svg":null,"_elementor_is_screenshot":null,"_elementor_source_image_hash":null,"_source_url":null,"_wp_attachment_context":null,"_menu_item_type":null,"_menu_item_menu_item_parent":null,"_menu_item_object_id":null,"_menu_item_object":null,"_menu_item_target":null,"_menu_item_classes":null,"_menu_item_xfn":null,"_menu_item_url":null,"__elementor_forms_snapshot":null,"_unit":"","_unit_base":"","_unit_product":"","_unit_price_auto":"no","_unit_price_regular":"","_unit_price":"","_unit_price_sale":"","_sale_price_label":"","_sale_price_regular_label":"","_manufacturer_slug":"","_mini_desc":"","_defect_description":"","_safety_instructions":"","_allergen_ids":[],"_warranty_attachment_id":"","_safety_attachment_ids":[],"_min_age":"","_ts_gtin":"","_ts_mpn":"","_delivery_time_countries":[],"_free_shipping":"no","_service":"no","_photovoltaic_system":"no","_used_good":"no","_defective_copy":"no","_wireless_electronic_device":"no","_device_contains_power_supply":"no","_device_charging_supports_usb_pd":"no","_device_charging_watt_min":"0","_device_charging_watt_max":"0","_is_food":"no","_differential_taxation":"no","_gzd_version":"3.18.7","_hs_code":"","_customs_description":"","_manufacture_country":"0","_is_non_returnable":"no","_shipping_length":"","_shipping_width":"","_shipping_height":"","_sku":"ISBN 978-3-86442-436-6","_global_unique_id":"978-3-86442-436-6","_regular_price":"29.8","total_sales":"1","_tax_status":"taxable","_tax_class":"","_manage_stock":"no","_backorders":"no","_sold_individually":"no","_weight":"1","_virtual":"no","_downloadable":"no","_download_limit":"-1","_download_expiry":"-1","_stock":"","_stock_status":"instock","_wc_average_rating":"0","_wc_review_count":"0","_product_version":"9.7.1","_price":"29.8","shopengine_product_views_count":"3194","_thumbnail_id":"4887","_product_attributes":{"erscheinungsdatum":{"name":"Date de publication","value":"13.05.2024","position":0,"is_visible":1,"is_variation":0,"is_taxonomy":0,"checkout_visible":0}},"_nutrient_ids":[],"_upsell_ids":null,"pswc_subtitle":null,"_default_delivery_time":null,"_wp_desired_post_slug":null,"_isbn":null,"pageType":null,"isExternalUrl":null,"pageId":null,"externalUrl":null,"hideCookieBanner":null,"isTargetBlank":null,"isProviderCurrentWebsite":null,"isEmbeddingOnlyExternalResources":null,"legalBasis":null,"dataProcessingInCountries":null,"dataProcessingInCountriesSpecialTreatments":null,"technicalDefinitions":null,"googleConsentModeConsentTypes":null,"executePriority":null,"executeCodeOptInWhenNoTagManagerConsentIsGiven":null,"executeCodeOptOutWhenNoTagManagerConsentIsGiven":null,"deleteTechnicalDefinitionsAfterOptOut":null,"presetId":null,"presetVersion":null,"provider":null,"providerContactPhone":null,"providerContactEmail":null,"providerContactLink":null,"uniqueName":null,"providerPrivacyPolicyUrl":null,"providerLegalNoticeUrl":null,"codeOptIn":null,"codeOptOut":null,"codeOnPageLoad":null,"language_code":null,"shopengine_template__post_meta__type":null,"shopengine_template__post_meta":null,"shopengine_template__post_meta__edit_with":null,"origin":null,"_enabled":null,"_filters":null,"_layout":null,"_elementor_import_session_id":null,"_wp_trash_meta_status":null,"_wp_trash_meta_time":null,"_edit_lock":"1743602765:2","_elementor_floating_elements_type":null,"_elementor_edit_mode":null,"_elementor_template_type":null,"tc-thumb-fld":{"_thumb_id":4887,"_thumb_type":"thumb"},"_wp_page_template":"default","_elementor_version":null,"_elementor_pro_version":null,"_elementor_page_settings":null,"_elementor_data":null,"_elementor_conditions":null,"_elementor_popup_display_settings":null,"_edit_last":"2","_elementor_template_sub_type":null,"_elementor_controls_usage":null,"_elementor_screenshot":null,"_elementor_css":null,"_elementor_page_assets":[],"_elementor_element_cache":null,"_elementor_screenshot_failed":null,"_elementor_source":null,"_wp_old_date":null,"layout_key":"","post_slider_check_key":"0","_links":{"self":[{"href":"https:\/\/snoeck.de\/fr\/wp-json\/wp\/v2\/product\/3472","targetHints":{"allow":["GET"]}}],"collection":[{"href":"https:\/\/snoeck.de\/fr\/wp-json\/wp\/v2\/product"}],"about":[{"href":"https:\/\/snoeck.de\/fr\/wp-json\/wp\/v2\/types\/product"}],"wp:featuredmedia":[{"embeddable":true,"href":"https:\/\/snoeck.de\/fr\/wp-json\/wp\/v2\/media\/4887"}],"wp:attachment":[{"href":"https:\/\/snoeck.de\/fr\/wp-json\/wp\/v2\/media?parent=3472"}],"wp:term":[{"taxonomy":"product_brand","embeddable":true,"href":"https:\/\/snoeck.de\/fr\/wp-json\/wp\/v2\/product_brand?post=3472"},{"taxonomy":"product_cat","embeddable":true,"href":"https:\/\/snoeck.de\/fr\/wp-json\/wp\/v2\/product_cat?post=3472"},{"taxonomy":"product_tag","embeddable":true,"href":"https:\/\/snoeck.de\/fr\/wp-json\/wp\/v2\/product_tag?post=3472"}],"curies":[{"name":"wp","href":"https:\/\/api.w.org\/{rel}","templated":true}]}}