{"id":3473,"date":"2025-01-31T11:29:27","date_gmt":"2025-01-31T11:29:27","guid":{"rendered":"https:\/\/snoeck.process-vision.de\/shop\/stephan-balkenhol\/"},"modified":"2026-04-08T15:33:42","modified_gmt":"2026-04-08T14:33:42","slug":"stephan-balkenhol","status":"publish","type":"product","link":"https:\/\/snoeck.de\/fr\/shop\/stephan-balkenhol\/","title":{"rendered":"Stephan Balkenhol"},"content":{"rendered":"<h3>Stephan Balkenhol : sculpteur<\/h3>\n<p>N\u00e9 en 1957, il fait partie des sculpteurs allemands pionniers qui ont \u00e9galement donn\u00e9 des impulsions importantes au niveau international au cours des deux derni\u00e8res d\u00e9cennies. La Staatliche Kunsthalle de Baden-Baden consacre une exposition compl\u00e8te \u00e0 l'\u0153uvre de ce sculpteur qui enseigne depuis 1992 \u00e0 l'Acad\u00e9mie des Beaux-Arts de Karlsruhe. Le vaste savoir-faire de Balkenhol y est mis en \u00e9vidence, tout comme la diversit\u00e9 de ses r\u00e9f\u00e9rences \u00e0 l'histoire de l'esprit et de la culture. Balkenhol choisit la figure humaine, la t\u00eate, les animaux et l'architecture comme motifs de ses sculptures, reliefs, dessins et photographies. D'une certaine mani\u00e8re, l'approche artistique de Balkenhol est une r\u00e9ponse aux strat\u00e9gies minimalistes d'Ullrich R\u00fcckriem, qui fut son professeur \u00e0 la Hochschule f\u00fcr bildende K\u00fcnste de Hambourg de 1976 \u00e0 1982. Depuis le d\u00e9but des ann\u00e9es 1980, Stephan Balkenhol explore ce qui peut \u00eatre montr\u00e9, ressenti, vu aujourd'hui \u00e0 travers l'\u0153uvre statuaire dans une confrontation actualisante avec la tradition de la sculpture classique. La figure humaine est au centre de l'\u0153uvre de Stephan Balkenhol. Il d\u00e9coupe ses figures \u00e0 la gouge dans un tronc d'arbre, les traces d'outils, les n\u0153uds et les fissures restent visibles. L'utilisation de la peinture lui sert \u00e0 structurer la sculpture. Les personnages apparaissent \u00e0 la fois personnels et anonymes. Le geste, la posture et l'expression du visage sugg\u00e8rent \u00e0 la fois une distance int\u00e9rieure et une ouverture attentive vers le spectateur. Les personnages de Balkenhol ne sont pas des \"conteurs\" expressifs. Il semble plut\u00f4t chercher un concentr\u00e9 de la physionomie et de l'apparence humaine. Ainsi, ses personnages semblent sans pr\u00e9tention, discrets et en m\u00eame temps intemporels : \"Je ne veux pas de personnages bavards, expressifs et expressifs. C'est pourquoi je cherche l'expression ouverte, \u00e0 partir de laquelle tous les \u00e9tats sont possibles\". L'ouverture de ses figures, le renoncement aux gestes et \u00e0 un contexte narratif, est une position oppos\u00e9e \u00e0 la figuration d\u00e9lib\u00e9r\u00e9ment contemporaine ou illustrative, qui th\u00e9matise certes un aspect particulier, mais limite ainsi, dans une sorte d'instantan\u00e9, toute possibilit\u00e9 d'interpr\u00e9tation. Outre les sculptures et reliefs consacr\u00e9s \u00e0 la figure humaine, \u00e0 l'animal, aux motifs mythiques et \u00e0 l'architecture, les multiples facettes, souvent moins connues, de son \u0153uvre sculpturale sont illustr\u00e9es dans ce livre volumineux, en m\u00eame temps que de grands dessins et travaux photographiques.<\/p>\n<p>Expositions :<br \/>\nKunsthalle Baden-Baden, 15\/07 - 17\/09\/06<br \/>\nMus\u00e9e K\u00fcppersm\u00fchle d'art moderne, Duisburg, 28\/09 - 03\/12\/06<br \/>\nMus\u00e9e de la modernit\u00e9 de Salzbourg, M\u00f6nchsberg, 17\/02 - 24\/06\/07<\/p>","protected":false},"excerpt":{"rendered":"<p>Catalogue d'exposition, Kunsthalle Baden-Baden, \u00e9d. par Matthias Winzen<br \/>\nTextes (all.\/angl.) de Matthias Winzen, Harriet Zilch<br \/>\n304 p. avec 400 illustrations en couleur<br \/>\nformat 29 x 23 cm, couverture rigide<\/p>","protected":false},"featured_media":4888,"template":"","meta":[],"product_brand":[],"product_cat":[95],"product_tag":[],"class_list":{"0":"post-3473","1":"product","2":"type-product","3":"status-publish","4":"has-post-thumbnail","6":"product_cat-vergriffen","8":"first","9":"outofstock","10":"taxable","11":"shipping-taxable","12":"product-type-simple"},"aioseo_notices":[],"_wp_attached_file":null,"_wp_attachment_metadata":null,"_wc_attachment_source":null,"_elementor_inline_svg":null,"_elementor_is_screenshot":null,"_elementor_source_image_hash":null,"_source_url":null,"_wp_attachment_context":null,"_menu_item_type":null,"_menu_item_menu_item_parent":null,"_menu_item_object_id":null,"_menu_item_object":null,"_menu_item_target":null,"_menu_item_classes":null,"_menu_item_xfn":null,"_menu_item_url":null,"__elementor_forms_snapshot":null,"_unit":"","_unit_base":"","_unit_product":"","_unit_price_auto":"no","_unit_price_regular":"","_unit_price":"","_unit_price_sale":"","_sale_price_label":"","_sale_price_regular_label":"","_manufacturer_slug":"","_mini_desc":"","_defect_description":"","_safety_instructions":"","_allergen_ids":[],"_warranty_attachment_id":"","_safety_attachment_ids":[],"_min_age":"","_ts_gtin":"","_ts_mpn":"","_delivery_time_countries":[],"_free_shipping":"no","_service":"no","_photovoltaic_system":"no","_used_good":"no","_defective_copy":"no","_wireless_electronic_device":"no","_device_contains_power_supply":"no","_device_charging_supports_usb_pd":"no","_device_charging_watt_min":"0","_device_charging_watt_max":"0","_is_food":"no","_differential_taxation":"no","_gzd_version":"3.18.7","_hs_code":"","_customs_description":"","_manufacture_country":"0","_is_non_returnable":"no","_shipping_length":"","_shipping_width":"","_shipping_height":"","_sku":"ISBN 978-3-936859-46-1","_global_unique_id":"978-3-936859-46-1","_regular_price":null,"total_sales":"0","_tax_status":"taxable","_tax_class":"","_manage_stock":"no","_backorders":"no","_sold_individually":"no","_weight":"2","_virtual":"no","_downloadable":"no","_download_limit":"-1","_download_expiry":"-1","_stock":"","_stock_status":"outofstock","_wc_average_rating":"0","_wc_review_count":"0","_product_version":"10.1.4","_price":"","shopengine_product_views_count":"2890","_thumbnail_id":"4888","_product_attributes":{"erscheinungsdatum":{"name":"Date de publication","value":"15.07.2006","position":0,"is_visible":1,"is_variation":0,"is_taxonomy":0,"checkout_visible":0}},"_nutrient_ids":[],"_upsell_ids":null,"pswc_subtitle":null,"_default_delivery_time":"","_wp_desired_post_slug":null,"_isbn":null,"pageType":null,"isExternalUrl":null,"pageId":null,"externalUrl":null,"hideCookieBanner":null,"isTargetBlank":null,"isProviderCurrentWebsite":null,"isEmbeddingOnlyExternalResources":null,"legalBasis":null,"dataProcessingInCountries":null,"dataProcessingInCountriesSpecialTreatments":null,"technicalDefinitions":null,"googleConsentModeConsentTypes":null,"executePriority":null,"executeCodeOptInWhenNoTagManagerConsentIsGiven":null,"executeCodeOptOutWhenNoTagManagerConsentIsGiven":null,"deleteTechnicalDefinitionsAfterOptOut":null,"presetId":null,"presetVersion":null,"provider":null,"providerContactPhone":null,"providerContactEmail":null,"providerContactLink":null,"uniqueName":null,"providerPrivacyPolicyUrl":null,"providerLegalNoticeUrl":null,"codeOptIn":null,"codeOptOut":null,"codeOnPageLoad":null,"language_code":null,"shopengine_template__post_meta__type":null,"shopengine_template__post_meta":null,"shopengine_template__post_meta__edit_with":null,"origin":null,"_enabled":null,"_filters":null,"_layout":null,"_elementor_import_session_id":null,"_wp_trash_meta_status":null,"_wp_trash_meta_time":null,"_edit_lock":"1743602684:2","_elementor_floating_elements_type":null,"_elementor_edit_mode":null,"_elementor_template_type":null,"tc-thumb-fld":{"_thumb_id":4888,"_thumb_type":"thumb"},"_wp_page_template":"default","_elementor_version":null,"_elementor_pro_version":null,"_elementor_page_settings":null,"_elementor_data":null,"_elementor_conditions":null,"_elementor_popup_display_settings":null,"_edit_last":"2","_elementor_template_sub_type":null,"_elementor_controls_usage":null,"_elementor_screenshot":null,"_elementor_css":null,"_elementor_page_assets":[],"_elementor_element_cache":null,"_elementor_screenshot_failed":null,"_elementor_source":null,"_wp_old_date":null,"layout_key":"","post_slider_check_key":"0","_links":{"self":[{"href":"https:\/\/snoeck.de\/fr\/wp-json\/wp\/v2\/product\/3473","targetHints":{"allow":["GET"]}}],"collection":[{"href":"https:\/\/snoeck.de\/fr\/wp-json\/wp\/v2\/product"}],"about":[{"href":"https:\/\/snoeck.de\/fr\/wp-json\/wp\/v2\/types\/product"}],"wp:featuredmedia":[{"embeddable":true,"href":"https:\/\/snoeck.de\/fr\/wp-json\/wp\/v2\/media\/4888"}],"wp:attachment":[{"href":"https:\/\/snoeck.de\/fr\/wp-json\/wp\/v2\/media?parent=3473"}],"wp:term":[{"taxonomy":"product_brand","embeddable":true,"href":"https:\/\/snoeck.de\/fr\/wp-json\/wp\/v2\/product_brand?post=3473"},{"taxonomy":"product_cat","embeddable":true,"href":"https:\/\/snoeck.de\/fr\/wp-json\/wp\/v2\/product_cat?post=3473"},{"taxonomy":"product_tag","embeddable":true,"href":"https:\/\/snoeck.de\/fr\/wp-json\/wp\/v2\/product_tag?post=3473"}],"curies":[{"name":"wp","href":"https:\/\/api.w.org\/{rel}","templated":true}]}}