{"id":3474,"date":"2025-01-31T11:29:27","date_gmt":"2025-01-31T11:29:27","guid":{"rendered":"https:\/\/snoeck.process-vision.de\/shop\/stephan-balkenhol-in-sankt-elisabeth\/"},"modified":"2026-04-08T14:19:24","modified_gmt":"2026-04-08T13:19:24","slug":"stephan-balkenhol-in-sankt-elisabeth","status":"publish","type":"product","link":"https:\/\/snoeck.de\/fr\/shop\/stephan-balkenhol-in-sankt-elisabeth\/","title":{"rendered":"Stephan Balkenhol \u00e0 Sainte-Elisabeth"},"content":{"rendered":"<h3>Stephan Balkenhol \u00e0 Kassel<\/h3>\n<p>Outre des \u0153uvres existantes telles que Sempre Pi\u00f9 et la Grande T\u00eate, Stephan Balkenhol pr\u00e9sente dans la paroisse Sainte-Elisabeth de Kassel sur la Friedrichsplatz, \u00e0 l'invitation de l'\u00e9v\u00each\u00e9 de Fulda et de l'\u00e9glise catholique de Kassel, sept nouveaux reliefs en bois de grand format pour la nef centrale, une figure f\u00e9minine pour la chapelle de la tour ainsi qu'une figure masculine sur une sph\u00e8re dor\u00e9e pour l'espace libre situ\u00e9 tout en haut du clocher. Le grand \u00e9v\u00e9nement estival de Kassel, qui transforme tous les cinq ans la ville en Mecque du monde de l'art, est enrichi par cette exposition d'une attraction suppl\u00e9mentaire qui attire le public. En m\u00eame temps, l'artiste s'int\u00e9resse \u00e0 des th\u00e8mes aussi concrets que la douleur, la mort et l'amour, qui s'associent au sens cach\u00e9 et \u00e0 la perception et doivent ainsi \u00e9tablir avec les attributs chr\u00e9tiens que sont la croix et la b\u00e9n\u00e9diction le lien ancien de l'art.<\/p>\n<p>Exposition :<br \/>\nSainte Elisabeth, Kassel, Friedrichsplatz, 3\/6 - 18\/9\/2012<\/p>","protected":false},"excerpt":{"rendered":"<p>Catalogue d'exposition, \u00e9dit\u00e9 par le vicariat g\u00e9n\u00e9ral \u00e9piscopal de Fulda, pr\u00e9face de l'\u00e9v\u00eaque de Fulda Heinz Josef Algermissen<br \/>\nTextes (all.\/ang.) de Helmut Krausser, Rainer Marten, Josef Meyer zu Schlochtern, Matthias Winzen<br \/>\n96 p. avec 90 illustrations en couleur<br \/>\nformat 28 x 23 cm, couverture rigide<\/p>","protected":false},"featured_media":4889,"template":"","meta":[],"product_brand":[],"product_cat":[95],"product_tag":[],"class_list":{"0":"post-3474","1":"product","2":"type-product","3":"status-publish","4":"has-post-thumbnail","6":"product_cat-vergriffen","8":"first","9":"outofstock","10":"taxable","11":"shipping-taxable","12":"product-type-simple"},"aioseo_notices":[],"_wp_attached_file":null,"_wp_attachment_metadata":null,"_wc_attachment_source":null,"_elementor_inline_svg":null,"_elementor_is_screenshot":null,"_elementor_source_image_hash":null,"_source_url":null,"_wp_attachment_context":null,"_menu_item_type":null,"_menu_item_menu_item_parent":null,"_menu_item_object_id":null,"_menu_item_object":null,"_menu_item_target":null,"_menu_item_classes":null,"_menu_item_xfn":null,"_menu_item_url":null,"__elementor_forms_snapshot":null,"_unit":"","_unit_base":"","_unit_product":"","_unit_price_auto":"no","_unit_price_regular":"","_unit_price":"","_unit_price_sale":"","_sale_price_label":"","_sale_price_regular_label":"","_manufacturer_slug":"","_mini_desc":"","_defect_description":"","_safety_instructions":"","_allergen_ids":[],"_warranty_attachment_id":"","_safety_attachment_ids":[],"_min_age":"","_ts_gtin":"","_ts_mpn":"","_delivery_time_countries":[],"_free_shipping":"no","_service":"no","_photovoltaic_system":"no","_used_good":"no","_defective_copy":"no","_wireless_electronic_device":"no","_device_contains_power_supply":"no","_device_charging_supports_usb_pd":"no","_device_charging_watt_min":"0","_device_charging_watt_max":"0","_is_food":"no","_differential_taxation":"no","_gzd_version":"3.18.7","_hs_code":"","_customs_description":"","_manufacture_country":"0","_is_non_returnable":"no","_shipping_length":"","_shipping_width":"","_shipping_height":"","_sku":"ISBN 978-3-86442-020-7","_global_unique_id":"978-3-86442-020-7","_regular_price":null,"total_sales":"2","_tax_status":"taxable","_tax_class":"","_manage_stock":"no","_backorders":"no","_sold_individually":"no","_weight":"1","_virtual":"no","_downloadable":"no","_download_limit":"-1","_download_expiry":"-1","_stock":"","_stock_status":"outofstock","_wc_average_rating":"0","_wc_review_count":"0","_product_version":"10.1.4","_price":"","shopengine_product_views_count":"3066","_thumbnail_id":"4889","_product_attributes":{"erscheinungsdatum":{"name":"Date de publication","value":"01.06.2012","position":0,"is_visible":1,"is_variation":0,"is_taxonomy":0,"checkout_visible":0}},"_nutrient_ids":[],"_upsell_ids":null,"pswc_subtitle":null,"_default_delivery_time":"","_wp_desired_post_slug":null,"_isbn":null,"pageType":null,"isExternalUrl":null,"pageId":null,"externalUrl":null,"hideCookieBanner":null,"isTargetBlank":null,"isProviderCurrentWebsite":null,"isEmbeddingOnlyExternalResources":null,"legalBasis":null,"dataProcessingInCountries":null,"dataProcessingInCountriesSpecialTreatments":null,"technicalDefinitions":null,"googleConsentModeConsentTypes":null,"executePriority":null,"executeCodeOptInWhenNoTagManagerConsentIsGiven":null,"executeCodeOptOutWhenNoTagManagerConsentIsGiven":null,"deleteTechnicalDefinitionsAfterOptOut":null,"presetId":null,"presetVersion":null,"provider":null,"providerContactPhone":null,"providerContactEmail":null,"providerContactLink":null,"uniqueName":null,"providerPrivacyPolicyUrl":null,"providerLegalNoticeUrl":null,"codeOptIn":null,"codeOptOut":null,"codeOnPageLoad":null,"language_code":null,"shopengine_template__post_meta__type":null,"shopengine_template__post_meta":null,"shopengine_template__post_meta__edit_with":null,"origin":null,"_enabled":null,"_filters":null,"_layout":null,"_elementor_import_session_id":null,"_wp_trash_meta_status":null,"_wp_trash_meta_time":null,"_edit_lock":"1743602516:2","_elementor_floating_elements_type":null,"_elementor_edit_mode":null,"_elementor_template_type":null,"tc-thumb-fld":{"_thumb_id":4889,"_thumb_type":"thumb"},"_wp_page_template":"default","_elementor_version":null,"_elementor_pro_version":null,"_elementor_page_settings":null,"_elementor_data":null,"_elementor_conditions":null,"_elementor_popup_display_settings":null,"_edit_last":"2","_elementor_template_sub_type":null,"_elementor_controls_usage":null,"_elementor_screenshot":null,"_elementor_css":null,"_elementor_page_assets":[],"_elementor_element_cache":null,"_elementor_screenshot_failed":null,"_elementor_source":null,"_wp_old_date":null,"layout_key":"","post_slider_check_key":"0","_links":{"self":[{"href":"https:\/\/snoeck.de\/fr\/wp-json\/wp\/v2\/product\/3474","targetHints":{"allow":["GET"]}}],"collection":[{"href":"https:\/\/snoeck.de\/fr\/wp-json\/wp\/v2\/product"}],"about":[{"href":"https:\/\/snoeck.de\/fr\/wp-json\/wp\/v2\/types\/product"}],"wp:featuredmedia":[{"embeddable":true,"href":"https:\/\/snoeck.de\/fr\/wp-json\/wp\/v2\/media\/4889"}],"wp:attachment":[{"href":"https:\/\/snoeck.de\/fr\/wp-json\/wp\/v2\/media?parent=3474"}],"wp:term":[{"taxonomy":"product_brand","embeddable":true,"href":"https:\/\/snoeck.de\/fr\/wp-json\/wp\/v2\/product_brand?post=3474"},{"taxonomy":"product_cat","embeddable":true,"href":"https:\/\/snoeck.de\/fr\/wp-json\/wp\/v2\/product_cat?post=3474"},{"taxonomy":"product_tag","embeddable":true,"href":"https:\/\/snoeck.de\/fr\/wp-json\/wp\/v2\/product_tag?post=3474"}],"curies":[{"name":"wp","href":"https:\/\/api.w.org\/{rel}","templated":true}]}}