{"id":3475,"date":"2025-01-31T11:29:28","date_gmt":"2025-01-31T11:29:28","guid":{"rendered":"https:\/\/snoeck.process-vision.de\/shop\/georg-baselitz-akademie-rousseau\/"},"modified":"2025-04-02T13:59:47","modified_gmt":"2025-04-02T13:59:47","slug":"georg-baselitz-akademie-rousseau","status":"publish","type":"product","link":"https:\/\/snoeck.de\/fr\/shop\/georg-baselitz-akademie-rousseau\/","title":{"rendered":"Georg Baselitz : Acad\u00e9mie Rousseau"},"content":{"rendered":"<h3>Acad\u00e9mie Rousseau de Georg Baselitz<\/h3>\n<p>\"Dans la salle Picasso du Kunstmuseum de B\u00e2le, il y a un tableau particulier, un portrait en pied de Guillaume Apollinaire avec sa muse Marie Laurencin. Henri Rousseau a peint ce magnifique tableau. Mais j'ai toujours pens\u00e9 qu'il s'agissait d'un portrait de Rousseau lui-m\u00eame avec Madame Rousseau. Marie Laurencin \u00e9tait la muse d'Apollinaire, Cl\u00e9mence Rousseau la muse de Rousseau. Franz Marc, quant \u00e0 lui, a peint un portrait de Rousseau pour le Blaue Reiter. Et Picasso poss\u00e9dait lui aussi un autoportrait d'Henri. Il existe une photo intime, prise par Andr\u00e9 Gom\u00e9s, sur laquelle on voit Picasso, tenant dans sa main droite l'autoportrait de Rousseau et dans sa main gauche le portrait de sa femme. Picasso, le constructeur d'objets in\u00e9dits et d'images audacieuses, aimait Rousseau, le peintre de choses \u00e0 la gr\u00e2ce fig\u00e9e. Le regard du peintre lui-m\u00eame sur son autoportrait est \u00e9galement fig\u00e9. Il est dirig\u00e9 vers sa propre \u0153uvre, dans laquelle des objets que nous connaissons \u00e9galement sont repr\u00e9sent\u00e9s de mani\u00e8re inhabituelle, gothique, byzantine, en quelque sorte diff\u00e9rente de ce que nous connaissions jusqu'\u00e0 pr\u00e9sent. Le Picasso \u00e9gyptien n'est pas le seul \u00e0 avoir des images de Rousseau, d'autres constructeurs d'images, par exemple Kandinsky, et Wassily le petit tableau Le peintre et sa femme. De Chirico dessine Picasso avec des amis sous l'autoportrait de Rousseau \u00e0 la palette. Beckmann n'a-t-il pas peint le Ballon et l'All\u00e9e de Rousseau ? J'ai la lithographie rouge La guerre de Rousseau, vers 1895, qu'il y a aussi d'Ensor, d'Uccello, quelque chose de similaire aussi de B\u00f6cklin et aussi de Stefano della Bella. J'ai peint beaucoup de portraits de ma femme et de moi ces derni\u00e8res ann\u00e9es, et aussi beaucoup de ces portraits de nous deux sous des habits \u00e9trangers, parfois comme mes parents, parfois comme L\u00e9nine et Staline, mais le plus souvent comme les parents d'Otto Dix. Ce double portrait des parents de Dix est \u00e9galement un tableau du mus\u00e9e de B\u00e2le, avec une variation \u00e0 Hanovre. Il devait \u00e0 nouveau s'agir d'un tel double portrait d'Elke et de moi-m\u00eame, transform\u00e9s en Marie Laurencin et Apollinaire, le beau cadre de ce tableau \u00e0 B\u00e2le \u00e9tant \u00e9galement important - dans mon souvenir, pas en face. L'ann\u00e9e derni\u00e8re, j'ai achet\u00e9 beaucoup de vieux cadres italiens et j'ai fait des portraits de Winfried Dierske, de moi, de ma femme et aussi des variations des vieux tableaux de Rayski de 1960. Jusqu'ici, tout va bien. Finalement, je n'ai pas mis ces portraits dans les vieux cadres, mais le double portrait de Rousseau \u00e0 B\u00e2le dans le vieux cadre peint me trottait toujours dans la t\u00eate. C'\u00e9tait tout un fatras dans ma t\u00eate de tous ces portraits et cadres et du peintre antir\u00e9aliste Rousseau. Finalement, en Italie, j'ai peint Elke et moi comme des nus et je nous ai donn\u00e9 les visages de Madame Rousseau et d'Henri. C'est devenu une construction dans le sens du fer \u00e0 repasser et du cheval de course, ce qui n'\u00e9tait pas dans mon esprit. Alors, on s'en est d\u00e9barrass\u00e9 et j'ai recommenc\u00e9 autrement, de z\u00e9ro, sans stimulation, sobrement, simplement, modestement, mais quand m\u00eame obstin\u00e9ment, avec le magnifique autoportrait de Rousseau, 1902-1903, avec la barbe en scie sous le nez, cet autoportrait que Picasso poss\u00e9dait. \u00c7a s'est bien pass\u00e9, \u00e7a s'est bien pass\u00e9, et le romantisme avait gagn\u00e9. Ensuite, j'ai bri\u00e8vement quitt\u00e9 le chemin et j'ai peint Madame Rousseau, mais ce n'\u00e9tait justement pas l'autoportrait d'un artiste, mais le portrait de sa muse. Il y a un livre dans ma biblioth\u00e8que, Cinq cents autoportraits de l'Antiquit\u00e9 \u00e0 nos jours, 1936, de Ludwig Goldscheider. Je l'ai feuillet\u00e9, mais j'y ai trouv\u00e9 peu de choses qui me soient utiles. Une critique du Saarbr\u00fccker Zeitung disait de ce livre : \"Un livre d'images pour adultes, au meilleur sens du terme, un livre pour les yeux fatigu\u00e9s qui n'aiment plus lire, seulement regarder\". Et tout \u00e0 la fin : \"Qui appelle \u00e0 la modestie et \u00e0 l'humilit\u00e9\". C'est ainsi, c'\u00e9tait ainsi. O\u00f9 \u00e9tait ma t\u00eate, mon amour ? Quels artistes, quels autoportraits ? Y avait-il par exemple un seul autoportrait de Pollock ? Il y a ce petit portrait d'un gar\u00e7on mexicain, il \u00e9tait r\u00e9cemment accroch\u00e9 dans une exposition, \u00e0 c\u00f4t\u00e9 d'un autoportrait de Rothko, lui aussi tr\u00e8s petit. C'\u00e9tait donc le d\u00e9but des mois suivants dans l'atelier : Rousseau, Madame, Munch, Kirchner, Heckel, Schmidt-Rottluff. Franz Marc a peint le portrait de Rousseau, je peins Marc, de Kooning, Tracey Emin, Modersohn-Becker, Clyfford Still et ainsi de suite, j'aime aussi l'autoportrait d'Arnold Sch\u00f6nberg, sa musique aussi. Malheureusement, Wolfgang Rihm ne peint pas. Les portraits devraient \u00eatre comme appliqu\u00e9s sur la toile, donc le fond noir et aussi plat que possible, sans espace, la t\u00eate dessus, g\u00e9n\u00e9ralement avec beaucoup de peinture blanche, appliqu\u00e9e assez \u00e9paisse comme d\u00e9j\u00e0 ces derni\u00e8res ann\u00e9es, mais toujours en pensant \u00e0 Rousseau, ne pas glisser dans le stupre, pas dans la r\u00e9alit\u00e9, pas dans la v\u00e9rit\u00e9 d'Ingres, mais rester dans le romantisme, l'humilit\u00e9 aussi. Le rire est permis\". (Georg Baselitz)<\/p>","protected":false},"excerpt":{"rendered":"<p>Catalogue d'exposition, Contemporary Fine Arts CFA Berlin, \u00e9d. Bruno Brunnet et Nicole Hackert<br \/>\nTextes (all.\/ang.) de Georg Baselitz, Siegfried Gohr<br \/>\n64 p. avec 44 illustrations en couleur<br \/>\nformat 28 x 20 cm, broch\u00e9<\/p>","protected":false},"featured_media":4890,"template":"","meta":[],"product_brand":[],"product_cat":[84,59],"product_tag":[],"class_list":{"0":"post-3475","1":"product","2":"type-product","3":"status-publish","4":"has-post-thumbnail","6":"product_cat-84","7":"product_cat-b","9":"first","10":"instock","11":"taxable","12":"shipping-taxable","13":"purchasable","14":"product-type-simple"},"aioseo_notices":[],"_wp_attached_file":null,"_wp_attachment_metadata":null,"_wc_attachment_source":null,"_elementor_inline_svg":null,"_elementor_is_screenshot":null,"_elementor_source_image_hash":null,"_source_url":null,"_wp_attachment_context":null,"_menu_item_type":null,"_menu_item_menu_item_parent":null,"_menu_item_object_id":null,"_menu_item_object":null,"_menu_item_target":null,"_menu_item_classes":null,"_menu_item_xfn":null,"_menu_item_url":null,"__elementor_forms_snapshot":null,"_unit":"","_unit_base":"","_unit_product":"","_unit_price_auto":"no","_unit_price_regular":"","_unit_price":"","_unit_price_sale":"","_sale_price_label":"","_sale_price_regular_label":"","_manufacturer_slug":"","_mini_desc":"","_defect_description":"","_safety_instructions":"","_allergen_ids":[],"_warranty_attachment_id":"","_safety_attachment_ids":[],"_min_age":"","_ts_gtin":"","_ts_mpn":"","_delivery_time_countries":[],"_free_shipping":"no","_service":"no","_photovoltaic_system":"no","_used_good":"no","_defective_copy":"no","_wireless_electronic_device":"no","_device_contains_power_supply":"no","_device_charging_supports_usb_pd":"no","_device_charging_watt_min":"0","_device_charging_watt_max":"0","_is_food":"no","_differential_taxation":"no","_gzd_version":"3.18.7","_hs_code":"","_customs_description":"","_manufacture_country":"0","_is_non_returnable":"no","_shipping_length":"","_shipping_width":"","_shipping_height":"","_sku":"ISBN 978-3-86442-316-1","_global_unique_id":"978-3-86442-316-1","_regular_price":"24.8","total_sales":"0","_tax_status":"taxable","_tax_class":"","_manage_stock":"no","_backorders":"no","_sold_individually":"no","_weight":"1","_virtual":"no","_downloadable":"no","_download_limit":"-1","_download_expiry":"-1","_stock":"","_stock_status":"instock","_wc_average_rating":"0","_wc_review_count":"0","_product_version":"9.7.1","_price":"24.8","shopengine_product_views_count":"3358","_thumbnail_id":"4890","_product_attributes":{"erscheinungsdatum":{"name":"Date de publication","value":"13.03.2020","position":0,"is_visible":1,"is_variation":0,"is_taxonomy":0,"checkout_visible":0}},"_nutrient_ids":[],"_upsell_ids":null,"pswc_subtitle":null,"_default_delivery_time":null,"_wp_desired_post_slug":null,"_isbn":null,"pageType":null,"isExternalUrl":null,"pageId":null,"externalUrl":null,"hideCookieBanner":null,"isTargetBlank":null,"isProviderCurrentWebsite":null,"isEmbeddingOnlyExternalResources":null,"legalBasis":null,"dataProcessingInCountries":null,"dataProcessingInCountriesSpecialTreatments":null,"technicalDefinitions":null,"googleConsentModeConsentTypes":null,"executePriority":null,"executeCodeOptInWhenNoTagManagerConsentIsGiven":null,"executeCodeOptOutWhenNoTagManagerConsentIsGiven":null,"deleteTechnicalDefinitionsAfterOptOut":null,"presetId":null,"presetVersion":null,"provider":null,"providerContactPhone":null,"providerContactEmail":null,"providerContactLink":null,"uniqueName":null,"providerPrivacyPolicyUrl":null,"providerLegalNoticeUrl":null,"codeOptIn":null,"codeOptOut":null,"codeOnPageLoad":null,"language_code":null,"shopengine_template__post_meta__type":null,"shopengine_template__post_meta":null,"shopengine_template__post_meta__edit_with":null,"origin":null,"_enabled":null,"_filters":null,"_layout":null,"_elementor_import_session_id":null,"_wp_trash_meta_status":null,"_wp_trash_meta_time":null,"_edit_lock":"1743602248:2","_elementor_floating_elements_type":null,"_elementor_edit_mode":null,"_elementor_template_type":null,"tc-thumb-fld":{"_thumb_id":4890,"_thumb_type":"thumb"},"_wp_page_template":"default","_elementor_version":null,"_elementor_pro_version":null,"_elementor_page_settings":null,"_elementor_data":null,"_elementor_conditions":null,"_elementor_popup_display_settings":null,"_edit_last":"2","_elementor_template_sub_type":null,"_elementor_controls_usage":null,"_elementor_screenshot":null,"_elementor_css":null,"_elementor_page_assets":[],"_elementor_element_cache":null,"_elementor_screenshot_failed":null,"_elementor_source":null,"_wp_old_date":null,"layout_key":"","post_slider_check_key":"0","_links":{"self":[{"href":"https:\/\/snoeck.de\/fr\/wp-json\/wp\/v2\/product\/3475","targetHints":{"allow":["GET"]}}],"collection":[{"href":"https:\/\/snoeck.de\/fr\/wp-json\/wp\/v2\/product"}],"about":[{"href":"https:\/\/snoeck.de\/fr\/wp-json\/wp\/v2\/types\/product"}],"wp:featuredmedia":[{"embeddable":true,"href":"https:\/\/snoeck.de\/fr\/wp-json\/wp\/v2\/media\/4890"}],"wp:attachment":[{"href":"https:\/\/snoeck.de\/fr\/wp-json\/wp\/v2\/media?parent=3475"}],"wp:term":[{"taxonomy":"product_brand","embeddable":true,"href":"https:\/\/snoeck.de\/fr\/wp-json\/wp\/v2\/product_brand?post=3475"},{"taxonomy":"product_cat","embeddable":true,"href":"https:\/\/snoeck.de\/fr\/wp-json\/wp\/v2\/product_cat?post=3475"},{"taxonomy":"product_tag","embeddable":true,"href":"https:\/\/snoeck.de\/fr\/wp-json\/wp\/v2\/product_tag?post=3475"}],"curies":[{"name":"wp","href":"https:\/\/api.w.org\/{rel}","templated":true}]}}