{"id":3476,"date":"2025-01-31T11:29:28","date_gmt":"2025-01-31T11:29:28","guid":{"rendered":"https:\/\/snoeck.process-vision.de\/shop\/georg-baselitz-peintre-graveur-iii\/"},"modified":"2025-04-02T13:56:41","modified_gmt":"2025-04-02T13:56:41","slug":"georg-baselitz-peintre-graveur-iii","status":"publish","type":"product","link":"https:\/\/snoeck.de\/fr\/shop\/georg-baselitz-peintre-graveur-iii\/","title":{"rendered":"Georg Baselitz : Peintre - Graveur III"},"content":{"rendered":"<h3>La virtuosit\u00e9 au premier rang de l'art du modernisme d'apr\u00e8s-guerre<\/h3>\n<p>D\u00e8s le d\u00e9but de sa carri\u00e8re artistique, Georg Baselitz s'int\u00e9resse \u00e0 la gravure. En 1965, alors qu'il est boursier \u00e0 la Villa Romana de Florence, il commence \u00e0 collectionner le mani\u00e9riste italien Parmigianino. Il d\u00e9clare \u00e0 ce sujet dans une interview : \"J'aimais l'art de l'estampe pour deux raisons : D'une part, elle est la mani\u00e8re la plus simple de reproduire une id\u00e9e artistique. D'autre part, elle \u00e9tait aussi faite pour le petit porte-monnaie, pour les petites gens\". Ses propres gravures datent de 1963\/64, ses premi\u00e8res gravures sur bois de 1966, suivies en 1977 par des linogravures - des travaux qui ont \u00e9t\u00e9 publi\u00e9s par Fred Jahn et Johannes Gachnang dans un catalogue raisonn\u00e9 en deux volumes, principalement en noir et blanc (vol. I : 1963-1974 ; vol. II : 1974-1982). Le travail de Johannes Gachnanung et Fred Jahn a maintenant \u00e9t\u00e9 repris par Rainer Michael Mason et Detlev Gretenkort et poursuivi pour la p\u00e9riode allant de novembre 1982 \u00e0 juillet 1989. Comme dans sa peinture et sa sculpture, on retrouve dans ses gravures l'\u00e9tude de th\u00e8mes complexes tels que les h\u00e9ros, les bergers, les aigles, les arbres et bien d'autres encore. Le pr\u00e9sent ouvrage, enti\u00e8rement reproduit en couleur, rassemble avec une brillance technique unique les num\u00e9ros d'\u0153uvres des ann\u00e9es 1983-1989. Il ne fait aucun doute que l'\u0153uvre imprim\u00e9 de Georg Baselitz est autonome par rapport \u00e0 son \u0153uvre peint et sculpt\u00e9. L'artiste a non seulement impr\u00e9gn\u00e9 le m\u00e9dium de la diversit\u00e9 de ses diff\u00e9rentes approches et solutions techniques depuis des d\u00e9cennies, mais il a \u00e9galement contribu\u00e9 \u00e0 le placer au premier rang de l'art du modernisme d'apr\u00e8s-guerre gr\u00e2ce \u00e0 sa virtuosit\u00e9 in\u00e9gal\u00e9e. Le troisi\u00e8me volume du catalogue raisonn\u00e9 de l'\u0153uvre graphique de Georg Baselitz est d\u00e9sormais disponible.<\/p>","protected":false},"excerpt":{"rendered":"<p>\u00c9dit\u00e9 par Rainer Michael Mason et Detlev Gretenkort<br \/>\nTextes (all.\/angl.\/fran\u00e7ais) de Rainer Michael Mason<br \/>\n368 p. avec 300 illustrations en couleur<br \/>\nFormat 34 x 24,5 cm, toile avec jaquette<\/p>","protected":false},"featured_media":4891,"template":"","meta":[],"product_brand":[],"product_cat":[110,59],"product_tag":[],"class_list":{"0":"post-3476","1":"product","2":"type-product","3":"status-publish","4":"has-post-thumbnail","6":"product_cat-110","7":"product_cat-b","9":"first","10":"instock","11":"taxable","12":"shipping-taxable","13":"purchasable","14":"product-type-simple"},"aioseo_notices":[],"_wp_attached_file":null,"_wp_attachment_metadata":null,"_wc_attachment_source":null,"_elementor_inline_svg":null,"_elementor_is_screenshot":null,"_elementor_source_image_hash":null,"_source_url":null,"_wp_attachment_context":null,"_menu_item_type":null,"_menu_item_menu_item_parent":null,"_menu_item_object_id":null,"_menu_item_object":null,"_menu_item_target":null,"_menu_item_classes":null,"_menu_item_xfn":null,"_menu_item_url":null,"__elementor_forms_snapshot":null,"_unit":"","_unit_base":"","_unit_product":"","_unit_price_auto":"no","_unit_price_regular":"","_unit_price":"","_unit_price_sale":"","_sale_price_label":"","_sale_price_regular_label":"","_manufacturer_slug":"","_mini_desc":"","_defect_description":"","_safety_instructions":"","_allergen_ids":[],"_warranty_attachment_id":"","_safety_attachment_ids":[],"_min_age":"","_ts_gtin":"","_ts_mpn":"","_delivery_time_countries":[],"_free_shipping":"no","_service":"no","_photovoltaic_system":"no","_used_good":"no","_defective_copy":"no","_wireless_electronic_device":"no","_device_contains_power_supply":"no","_device_charging_supports_usb_pd":"no","_device_charging_watt_min":"0","_device_charging_watt_max":"0","_is_food":"no","_differential_taxation":"no","_gzd_version":"3.18.7","_hs_code":"","_customs_description":"","_manufacture_country":"0","_is_non_returnable":"no","_shipping_length":"","_shipping_width":"","_shipping_height":"","_sku":"ISBN 978-3-86442-185-3","_global_unique_id":"978-3-86442-185-3","_regular_price":"148","total_sales":"0","_tax_status":"taxable","_tax_class":"","_manage_stock":"no","_backorders":"no","_sold_individually":"no","_weight":"3","_virtual":"no","_downloadable":"no","_download_limit":"-1","_download_expiry":"-1","_stock":"","_stock_status":"instock","_wc_average_rating":"0","_wc_review_count":"0","_product_version":"9.7.1","_price":"148","shopengine_product_views_count":"2828","_thumbnail_id":"4891","_product_attributes":{"erscheinungsdatum":{"name":"Date de publication","value":"18.04.2019","position":0,"is_visible":1,"is_variation":0,"is_taxonomy":0,"checkout_visible":0}},"_nutrient_ids":[],"_upsell_ids":null,"pswc_subtitle":null,"_default_delivery_time":null,"_wp_desired_post_slug":null,"_isbn":null,"pageType":null,"isExternalUrl":null,"pageId":null,"externalUrl":null,"hideCookieBanner":null,"isTargetBlank":null,"isProviderCurrentWebsite":null,"isEmbeddingOnlyExternalResources":null,"legalBasis":null,"dataProcessingInCountries":null,"dataProcessingInCountriesSpecialTreatments":null,"technicalDefinitions":null,"googleConsentModeConsentTypes":null,"executePriority":null,"executeCodeOptInWhenNoTagManagerConsentIsGiven":null,"executeCodeOptOutWhenNoTagManagerConsentIsGiven":null,"deleteTechnicalDefinitionsAfterOptOut":null,"presetId":null,"presetVersion":null,"provider":null,"providerContactPhone":null,"providerContactEmail":null,"providerContactLink":null,"uniqueName":null,"providerPrivacyPolicyUrl":null,"providerLegalNoticeUrl":null,"codeOptIn":null,"codeOptOut":null,"codeOnPageLoad":null,"language_code":null,"shopengine_template__post_meta__type":null,"shopengine_template__post_meta":null,"shopengine_template__post_meta__edit_with":null,"origin":null,"_enabled":null,"_filters":null,"_layout":null,"_elementor_import_session_id":null,"_wp_trash_meta_status":null,"_wp_trash_meta_time":null,"_edit_lock":"1743602070:2","_elementor_floating_elements_type":null,"_elementor_edit_mode":null,"_elementor_template_type":null,"tc-thumb-fld":{"_thumb_id":4891,"_thumb_type":"thumb"},"_wp_page_template":"default","_elementor_version":null,"_elementor_pro_version":null,"_elementor_page_settings":null,"_elementor_data":null,"_elementor_conditions":null,"_elementor_popup_display_settings":null,"_edit_last":"2","_elementor_template_sub_type":null,"_elementor_controls_usage":null,"_elementor_screenshot":null,"_elementor_css":null,"_elementor_page_assets":[],"_elementor_element_cache":null,"_elementor_screenshot_failed":null,"_elementor_source":null,"_wp_old_date":null,"layout_key":"","post_slider_check_key":"0","_links":{"self":[{"href":"https:\/\/snoeck.de\/fr\/wp-json\/wp\/v2\/product\/3476","targetHints":{"allow":["GET"]}}],"collection":[{"href":"https:\/\/snoeck.de\/fr\/wp-json\/wp\/v2\/product"}],"about":[{"href":"https:\/\/snoeck.de\/fr\/wp-json\/wp\/v2\/types\/product"}],"wp:featuredmedia":[{"embeddable":true,"href":"https:\/\/snoeck.de\/fr\/wp-json\/wp\/v2\/media\/4891"}],"wp:attachment":[{"href":"https:\/\/snoeck.de\/fr\/wp-json\/wp\/v2\/media?parent=3476"}],"wp:term":[{"taxonomy":"product_brand","embeddable":true,"href":"https:\/\/snoeck.de\/fr\/wp-json\/wp\/v2\/product_brand?post=3476"},{"taxonomy":"product_cat","embeddable":true,"href":"https:\/\/snoeck.de\/fr\/wp-json\/wp\/v2\/product_cat?post=3476"},{"taxonomy":"product_tag","embeddable":true,"href":"https:\/\/snoeck.de\/fr\/wp-json\/wp\/v2\/product_tag?post=3476"}],"curies":[{"name":"wp","href":"https:\/\/api.w.org\/{rel}","templated":true}]}}