{"id":3477,"date":"2025-01-31T11:29:29","date_gmt":"2025-01-31T11:29:29","guid":{"rendered":"https:\/\/snoeck.process-vision.de\/shop\/georg-baselitz-peintre-graveur-iii-iv\/"},"modified":"2025-04-02T13:51:24","modified_gmt":"2025-04-02T13:51:24","slug":"georg-baselitz-peintre-graveur-iii-iv","status":"publish","type":"product","link":"https:\/\/snoeck.de\/fr\/shop\/georg-baselitz-peintre-graveur-iii-iv\/","title":{"rendered":"Georg Baselitz : Peintre - Graveur III &amp; IV"},"content":{"rendered":"<h3>Les tomes III et IV sont d\u00e9sormais disponibles ensemble !<\/h3>\n<p>2023 a \u00e9t\u00e9 une ann\u00e9e r\u00e9jouissante pour Georg Baselitz, avec des expositions remarqu\u00e9es dans le monde entier, notamment celle du Kunsthistorisches Museum de Vienne, o\u00f9 ses \u0153uvres ont pu briller en correspondance avec d'excellents comme de c\u00e9l\u00e8bres ma\u00eetres anciens. Nous pr\u00e9sentons maintenant en avril 2024 le volume IV tant attendu du catalogue raisonn\u00e9 de l'\u0153uvre grav\u00e9, \"Peintre-Graveur IV\". Les suites de Corona ont sans cesse retard\u00e9 l'ach\u00e8vement des travaux. Les variantes de la gravure sur bois \"32 points\" de 1991 (n\u00b0 861), dont nous reproduisons la s\u00e9rie compl\u00e8te en pleine page, sont particuli\u00e8rement impressionnantes dans ce volume. Les volumes III (1983-1989) et IV (1989-1992) maintenant disponibles, avec les travaux sur \"Malelade\" (nos 584-717 de 1989), la s\u00e9rie grand format \"32 points\" de 1991 (no. 861 en 6 \u00e9tats avec 17 variantes d'impression), la petite s\u00e9rie \"Winter\" (1992), qui accompagne un po\u00e8me de Joseph Brodsky, ainsi que des \u00e9tudes et des travaux finaux sur la \"Grosse Bertelsmann Lexikothek\" (n\u00b0 931-999 de 1992) constituent une d\u00e9cennie incroyablement productive pour l'artiste.<\/p>","protected":false},"excerpt":{"rendered":"<p>\u00c9dit\u00e9 par Rainer Michael Mason et Detlev Gretenkort<br \/>\nTextes (all.\/angl.\/fran\u00e7ais) de Rainer Michael Mason<br \/>\nVol. III : 368 p. avec 300 illustrations en couleur<br \/>\nVol. IV : 376 p. avec 340 illustrations en couleur<br \/>\nFormat 34 x 24,5 cm, toile avec jaquette<\/p>","protected":false},"featured_media":4892,"template":"","meta":[],"product_brand":[],"product_cat":[88,59],"product_tag":[],"class_list":{"0":"post-3477","1":"product","2":"type-product","3":"status-publish","4":"has-post-thumbnail","6":"product_cat-88","7":"product_cat-b","9":"first","10":"instock","11":"taxable","12":"shipping-taxable","13":"purchasable","14":"product-type-simple"},"aioseo_notices":[],"_wp_attached_file":null,"_wp_attachment_metadata":null,"_wc_attachment_source":null,"_elementor_inline_svg":null,"_elementor_is_screenshot":null,"_elementor_source_image_hash":null,"_source_url":null,"_wp_attachment_context":null,"_menu_item_type":null,"_menu_item_menu_item_parent":null,"_menu_item_object_id":null,"_menu_item_object":null,"_menu_item_target":null,"_menu_item_classes":null,"_menu_item_xfn":null,"_menu_item_url":null,"__elementor_forms_snapshot":null,"_unit":"","_unit_base":"","_unit_product":"","_unit_price_auto":"no","_unit_price_regular":"","_unit_price":"","_unit_price_sale":"","_sale_price_label":"","_sale_price_regular_label":"","_manufacturer_slug":"","_mini_desc":"","_defect_description":"","_safety_instructions":"","_allergen_ids":[],"_warranty_attachment_id":"","_safety_attachment_ids":[],"_min_age":"","_ts_gtin":"","_ts_mpn":"","_delivery_time_countries":[],"_free_shipping":"no","_service":"no","_photovoltaic_system":"no","_used_good":"no","_defective_copy":"no","_wireless_electronic_device":"no","_device_contains_power_supply":"no","_device_charging_supports_usb_pd":"no","_device_charging_watt_min":"0","_device_charging_watt_max":"0","_is_food":"no","_differential_taxation":"no","_gzd_version":"3.18.7","_hs_code":"","_customs_description":"","_manufacture_country":"0","_is_non_returnable":"no","_shipping_length":"","_shipping_width":"","_shipping_height":"","_sku":"ISBN 978-3-86442-440-3","_global_unique_id":"978-3-86442-440-3","_regular_price":"198","total_sales":"0","_tax_status":"taxable","_tax_class":"","_manage_stock":"no","_backorders":"no","_sold_individually":"no","_weight":"6","_virtual":"no","_downloadable":"no","_download_limit":"-1","_download_expiry":"-1","_stock":"","_stock_status":"instock","_wc_average_rating":"0","_wc_review_count":"0","_product_version":"9.7.1","_price":"198","shopengine_product_views_count":"2891","_thumbnail_id":"4892","_product_attributes":{"erscheinungsdatum":{"name":"Date de publication","value":"20.04.2024","position":0,"is_visible":1,"is_variation":0,"is_taxonomy":0,"checkout_visible":0}},"_nutrient_ids":[],"_upsell_ids":null,"pswc_subtitle":null,"_default_delivery_time":null,"_wp_desired_post_slug":null,"_isbn":null,"pageType":null,"isExternalUrl":null,"pageId":null,"externalUrl":null,"hideCookieBanner":null,"isTargetBlank":null,"isProviderCurrentWebsite":null,"isEmbeddingOnlyExternalResources":null,"legalBasis":null,"dataProcessingInCountries":null,"dataProcessingInCountriesSpecialTreatments":null,"technicalDefinitions":null,"googleConsentModeConsentTypes":null,"executePriority":null,"executeCodeOptInWhenNoTagManagerConsentIsGiven":null,"executeCodeOptOutWhenNoTagManagerConsentIsGiven":null,"deleteTechnicalDefinitionsAfterOptOut":null,"presetId":null,"presetVersion":null,"provider":null,"providerContactPhone":null,"providerContactEmail":null,"providerContactLink":null,"uniqueName":null,"providerPrivacyPolicyUrl":null,"providerLegalNoticeUrl":null,"codeOptIn":null,"codeOptOut":null,"codeOnPageLoad":null,"language_code":null,"shopengine_template__post_meta__type":null,"shopengine_template__post_meta":null,"shopengine_template__post_meta__edit_with":null,"origin":null,"_enabled":null,"_filters":null,"_layout":null,"_elementor_import_session_id":null,"_wp_trash_meta_status":null,"_wp_trash_meta_time":null,"_edit_lock":"1743601745:2","_elementor_floating_elements_type":null,"_elementor_edit_mode":null,"_elementor_template_type":null,"tc-thumb-fld":{"_thumb_id":4892,"_thumb_type":"thumb"},"_wp_page_template":"default","_elementor_version":null,"_elementor_pro_version":null,"_elementor_page_settings":null,"_elementor_data":null,"_elementor_conditions":null,"_elementor_popup_display_settings":null,"_edit_last":"2","_elementor_template_sub_type":null,"_elementor_controls_usage":null,"_elementor_screenshot":null,"_elementor_css":null,"_elementor_page_assets":[],"_elementor_element_cache":null,"_elementor_screenshot_failed":null,"_elementor_source":null,"_wp_old_date":null,"layout_key":"","post_slider_check_key":"0","_links":{"self":[{"href":"https:\/\/snoeck.de\/fr\/wp-json\/wp\/v2\/product\/3477","targetHints":{"allow":["GET"]}}],"collection":[{"href":"https:\/\/snoeck.de\/fr\/wp-json\/wp\/v2\/product"}],"about":[{"href":"https:\/\/snoeck.de\/fr\/wp-json\/wp\/v2\/types\/product"}],"wp:featuredmedia":[{"embeddable":true,"href":"https:\/\/snoeck.de\/fr\/wp-json\/wp\/v2\/media\/4892"}],"wp:attachment":[{"href":"https:\/\/snoeck.de\/fr\/wp-json\/wp\/v2\/media?parent=3477"}],"wp:term":[{"taxonomy":"product_brand","embeddable":true,"href":"https:\/\/snoeck.de\/fr\/wp-json\/wp\/v2\/product_brand?post=3477"},{"taxonomy":"product_cat","embeddable":true,"href":"https:\/\/snoeck.de\/fr\/wp-json\/wp\/v2\/product_cat?post=3477"},{"taxonomy":"product_tag","embeddable":true,"href":"https:\/\/snoeck.de\/fr\/wp-json\/wp\/v2\/product_tag?post=3477"}],"curies":[{"name":"wp","href":"https:\/\/api.w.org\/{rel}","templated":true}]}}