{"id":3478,"date":"2025-01-31T11:29:30","date_gmt":"2025-01-31T11:29:30","guid":{"rendered":"https:\/\/snoeck.process-vision.de\/shop\/georg-baselitz-peintre-graveur-iv\/"},"modified":"2025-04-02T13:46:56","modified_gmt":"2025-04-02T13:46:56","slug":"georg-baselitz-peintre-graveur-iv","status":"publish","type":"product","link":"https:\/\/snoeck.de\/fr\/shop\/georg-baselitz-peintre-graveur-iv\/","title":{"rendered":"Georg Baselitz : Peintre - Graveur IV"},"content":{"rendered":"<h3>\"Le partisan de la peinture\"<\/h3>\n<p>\"Der malende Partisan\", c'est ainsi que Georg Baselitz a \u00e9t\u00e9 surnomm\u00e9 par Cornelius Tittel dans un compte-rendu (3.11.2021) publi\u00e9 dans Die Welt \u00e0 propos de la grande r\u00e9trospective du Centre Pompidou. Pour Heiner M\u00fcller, dans un entretien avec Alexander Kluge (1991), le partisan \u00e9tait \"dans une structure moderne, donc d\u00e9finie de mani\u00e8re technocratique, quelque chose comme un chien sur l'autoroute\". Et c'est dans cette marginalit\u00e9 que Tittel voit l'artiste Georg Baselitz devenir, au fil des d\u00e9cennies, un monolithe que \"l'Acad\u00e9mie des Beaux-Arts est d\u00e9sormais le seul Allemand \u00e0 avoir admis dans ses rangs. L'\u00e9p\u00e9e qu'il a re\u00e7ue lors de la c\u00e9r\u00e9monie solennelle est cens\u00e9e symboliser son immortalit\u00e9. Il n'en aurait plus eu besoin\". Avec les \u00e9diteurs Rainer Michael Mason et Detlev Gretenkort, nous annon\u00e7ons maintenant la parution du volume IV (1989-1992) de l'\u0153uvre graphique ; il contient les num\u00e9ros d'\u0153uvres 718-1010. Comme nous l'avons d\u00e9j\u00e0 expliqu\u00e9 lors de la parution du volume III, il ne fait aucun doute que l'\u0153uvre graphique de Georg Baselitz est autonome par rapport \u00e0 son \u0153uvre picturale et sculpturale. L'artiste a non seulement marqu\u00e9 ce m\u00e9dium par la diversit\u00e9 de ses diff\u00e9rentes approches et solutions techniques depuis des d\u00e9cennies, mais il l'a \u00e9galement plac\u00e9 au premier rang de l'art du modernisme d'apr\u00e8s-guerre par sa virtuosit\u00e9 sans pr\u00e9c\u00e9dent.<\/p>","protected":false},"excerpt":{"rendered":"<p>\u00c9dit\u00e9 par Rainer Michael Mason et Detlev Gretenkort<br \/>\nTexte (all.\/angl.-fran\u00e7ais) de Rainer Michael Mason<br \/>\n376 p. avec 340 illustrations en couleur<br \/>\nFormat 34 x 24,5 cm, toile avec jaquette<\/p>","protected":false},"featured_media":4893,"template":"","meta":[],"product_brand":[],"product_cat":[88,59],"product_tag":[],"class_list":{"0":"post-3478","1":"product","2":"type-product","3":"status-publish","4":"has-post-thumbnail","6":"product_cat-88","7":"product_cat-b","9":"first","10":"instock","11":"taxable","12":"shipping-taxable","13":"purchasable","14":"product-type-simple"},"aioseo_notices":[],"_wp_attached_file":null,"_wp_attachment_metadata":null,"_wc_attachment_source":null,"_elementor_inline_svg":null,"_elementor_is_screenshot":null,"_elementor_source_image_hash":null,"_source_url":null,"_wp_attachment_context":null,"_menu_item_type":null,"_menu_item_menu_item_parent":null,"_menu_item_object_id":null,"_menu_item_object":null,"_menu_item_target":null,"_menu_item_classes":null,"_menu_item_xfn":null,"_menu_item_url":null,"__elementor_forms_snapshot":null,"_unit":"","_unit_base":"","_unit_product":"","_unit_price_auto":"no","_unit_price_regular":"","_unit_price":"","_unit_price_sale":"","_sale_price_label":"","_sale_price_regular_label":"","_manufacturer_slug":"","_mini_desc":"","_defect_description":"","_safety_instructions":"","_allergen_ids":[],"_warranty_attachment_id":"","_safety_attachment_ids":[],"_min_age":"","_ts_gtin":"","_ts_mpn":"","_delivery_time_countries":[],"_free_shipping":"no","_service":"no","_photovoltaic_system":"no","_used_good":"no","_defective_copy":"no","_wireless_electronic_device":"no","_device_contains_power_supply":"no","_device_charging_supports_usb_pd":"no","_device_charging_watt_min":"0","_device_charging_watt_max":"0","_is_food":"no","_differential_taxation":"no","_gzd_version":"3.18.7","_hs_code":"","_customs_description":"","_manufacture_country":"0","_is_non_returnable":"no","_shipping_length":"","_shipping_width":"","_shipping_height":"","_sku":"ISBN 978-3-86442-380-2","_global_unique_id":"978-3-86442-380-2","_regular_price":"98","total_sales":"1","_tax_status":"taxable","_tax_class":"","_manage_stock":"no","_backorders":"no","_sold_individually":"no","_weight":"4","_virtual":"no","_downloadable":"no","_download_limit":"-1","_download_expiry":"-1","_stock":"","_stock_status":"instock","_wc_average_rating":"0","_wc_review_count":"0","_product_version":"9.7.1","_price":"98","shopengine_product_views_count":"3163","_thumbnail_id":"4893","_product_attributes":{"erscheinungsdatum":{"name":"Date de publication","value":"20.04.2024","position":0,"is_visible":1,"is_variation":0,"is_taxonomy":0,"checkout_visible":0}},"_nutrient_ids":[],"_upsell_ids":null,"pswc_subtitle":null,"_default_delivery_time":null,"_wp_desired_post_slug":null,"_isbn":null,"pageType":null,"isExternalUrl":null,"pageId":null,"externalUrl":null,"hideCookieBanner":null,"isTargetBlank":null,"isProviderCurrentWebsite":null,"isEmbeddingOnlyExternalResources":null,"legalBasis":null,"dataProcessingInCountries":null,"dataProcessingInCountriesSpecialTreatments":null,"technicalDefinitions":null,"googleConsentModeConsentTypes":null,"executePriority":null,"executeCodeOptInWhenNoTagManagerConsentIsGiven":null,"executeCodeOptOutWhenNoTagManagerConsentIsGiven":null,"deleteTechnicalDefinitionsAfterOptOut":null,"presetId":null,"presetVersion":null,"provider":null,"providerContactPhone":null,"providerContactEmail":null,"providerContactLink":null,"uniqueName":null,"providerPrivacyPolicyUrl":null,"providerLegalNoticeUrl":null,"codeOptIn":null,"codeOptOut":null,"codeOnPageLoad":null,"language_code":null,"shopengine_template__post_meta__type":null,"shopengine_template__post_meta":null,"shopengine_template__post_meta__edit_with":null,"origin":null,"_enabled":null,"_filters":null,"_layout":null,"_elementor_import_session_id":null,"_wp_trash_meta_status":null,"_wp_trash_meta_time":null,"_edit_lock":"1743601479:2","_elementor_floating_elements_type":null,"_elementor_edit_mode":null,"_elementor_template_type":null,"tc-thumb-fld":{"_thumb_id":4893,"_thumb_type":"thumb"},"_wp_page_template":"default","_elementor_version":null,"_elementor_pro_version":null,"_elementor_page_settings":null,"_elementor_data":null,"_elementor_conditions":null,"_elementor_popup_display_settings":null,"_edit_last":"2","_elementor_template_sub_type":null,"_elementor_controls_usage":null,"_elementor_screenshot":null,"_elementor_css":null,"_elementor_page_assets":[],"_elementor_element_cache":null,"_elementor_screenshot_failed":null,"_elementor_source":null,"_wp_old_date":null,"layout_key":"","post_slider_check_key":"0","_links":{"self":[{"href":"https:\/\/snoeck.de\/fr\/wp-json\/wp\/v2\/product\/3478","targetHints":{"allow":["GET"]}}],"collection":[{"href":"https:\/\/snoeck.de\/fr\/wp-json\/wp\/v2\/product"}],"about":[{"href":"https:\/\/snoeck.de\/fr\/wp-json\/wp\/v2\/types\/product"}],"wp:featuredmedia":[{"embeddable":true,"href":"https:\/\/snoeck.de\/fr\/wp-json\/wp\/v2\/media\/4893"}],"wp:attachment":[{"href":"https:\/\/snoeck.de\/fr\/wp-json\/wp\/v2\/media?parent=3478"}],"wp:term":[{"taxonomy":"product_brand","embeddable":true,"href":"https:\/\/snoeck.de\/fr\/wp-json\/wp\/v2\/product_brand?post=3478"},{"taxonomy":"product_cat","embeddable":true,"href":"https:\/\/snoeck.de\/fr\/wp-json\/wp\/v2\/product_cat?post=3478"},{"taxonomy":"product_tag","embeddable":true,"href":"https:\/\/snoeck.de\/fr\/wp-json\/wp\/v2\/product_tag?post=3478"}],"curies":[{"name":"wp","href":"https:\/\/api.w.org\/{rel}","templated":true}]}}