{"id":3479,"date":"2025-01-31T11:29:30","date_gmt":"2025-01-31T11:29:30","guid":{"rendered":"https:\/\/snoeck.process-vision.de\/shop\/georg-baselitz-sigmunds-hoehle\/"},"modified":"2025-04-02T13:48:35","modified_gmt":"2025-04-02T13:48:35","slug":"georg-baselitz-sigmunds-hoehle","status":"publish","type":"product","link":"https:\/\/snoeck.de\/fr\/shop\/georg-baselitz-sigmunds-hoehle\/","title":{"rendered":"Georg Baselitz : La grotte de Sigmund"},"content":{"rendered":"<h3>Peinture en doggystyle, pour ainsi dire<\/h3>\n<p>L'essai d'Anselm Wagner, qui vaut la peine d'\u00eatre lu, commence imm\u00e9diatement par un voyage dans le monde de la pens\u00e9e picturale du grand peintre allemand Georg Baselitz, avec toutes les implications et les histoires qui constituent le th\u00e8me de sa derni\u00e8re s\u00e9rie d'\u0153uvres : \"La grotte de Sigmund\". Le titre \u00e0 lui seul sugg\u00e8re une histoire \u00e0 faire dresser les cheveux sur la t\u00eate. En 1938, le p\u00e8re de la psychanalyse, \u00e2g\u00e9 de 82 ans et assign\u00e9 \u00e0 r\u00e9sidence par la Gestapo, traduisit en allemand, avec sa fille Anna, un livre fran\u00e7ais sur une chienne chow-chow qui, comme lui, souffrait d'un carcinome dans le pharynx droit et dut subir de multiples op\u00e9rations et radioth\u00e9rapies avant d'\u00eatre finalement gu\u00e9rie ; un happy-end donc, dont on sait qu'il fut refus\u00e9 \u00e0 Freud. L'original fran\u00e7ais du livre a \u00e9t\u00e9 \u00e9crit par Marie Bonaparte, patiente, amie et m\u00e9c\u00e8ne de Freud, qui l'a ensuite aid\u00e9 \u00e0 \u00e9migrer avec sa famille. Comme pour de nombreux propri\u00e9taires de chiens, les relations des Freud avec leurs compagnons \u00e0 quatre pattes sont contradictoires - Freud a eu successivement trois chow-chows, Anna un berger allemand. D'une part, selon Wagner, \"ils incarnent une existence quasi paradisiaque, \u00e9pargn\u00e9e par la culture et le malaise qu'elle provoque\", d'autre part, Freud et avec lui la psychanalyse \"s'inscrivent dans la tradition mat\u00e9rialiste des cyniques, des philosophes canins ... qui accomplissaient leurs besoins physiques \u00e0 la mani\u00e8re des chiens, en public, m\u00e9prisant les acquis et les tabous de la civilisation et combattant l'id\u00e9alisme platonicien par un actionnisme grossier\". Et m\u00eame si Georg Baselitz, lui-m\u00eame propri\u00e9taire de chiens, peint, comme le montrent certaines photos de ce livre, \"des chiens ou d'autres animaux, ils font d'abord partie, comme les paysages, les natures mortes, les nus et les portraits, des th\u00e8mes conventionnels, \"banals\", qui doivent d\u00e9tourner le moins possible l'attention de la peinture en tant que telle\". Mais d'un autre c\u00f4t\u00e9, le peintre se livre \u00e0 toutes sortes d'espi\u00e8gleries avec des id\u00e9es aussi grandioses qu'une sorte de \"trou pictural\" au milieu de ces portraits de chiens ou l'ornement de bande de nuages qu'il noue autour de l'abdomen des chiens en guise de tablier, \"dont le motif n'est pas sans rappeler un anus ou une vulve\".<\/p>\n<p>Exposition :<br \/>\nCFA Contemporary Fine Arts Berlin, 1\/10 - 14\/11\/2015<\/p>","protected":false},"excerpt":{"rendered":"<p>Catalogue d'exposition, Contemporary Fine Arts CFA Berlin, \u00e9d. Bruno Brunnet et Nicole Hackert<br \/>\nTexte (all.\/ang.) d'Anselm Wagner<br \/>\n48 p. avec 32 illustrations en couleur<br \/>\nFormat 32,5 x 23,5 cm, couverture rigide<\/p>","protected":false},"featured_media":4894,"template":"","meta":[],"product_brand":[],"product_cat":[102,59],"product_tag":[],"class_list":{"0":"post-3479","1":"product","2":"type-product","3":"status-publish","4":"has-post-thumbnail","6":"product_cat-102","7":"product_cat-b","9":"first","10":"instock","11":"taxable","12":"shipping-taxable","13":"purchasable","14":"product-type-simple"},"aioseo_notices":[],"_wp_attached_file":null,"_wp_attachment_metadata":null,"_wc_attachment_source":null,"_elementor_inline_svg":null,"_elementor_is_screenshot":null,"_elementor_source_image_hash":null,"_source_url":null,"_wp_attachment_context":null,"_menu_item_type":null,"_menu_item_menu_item_parent":null,"_menu_item_object_id":null,"_menu_item_object":null,"_menu_item_target":null,"_menu_item_classes":null,"_menu_item_xfn":null,"_menu_item_url":null,"__elementor_forms_snapshot":null,"_unit":"","_unit_base":"","_unit_product":"","_unit_price_auto":"no","_unit_price_regular":"","_unit_price":"","_unit_price_sale":"","_sale_price_label":"","_sale_price_regular_label":"","_manufacturer_slug":"","_mini_desc":"","_defect_description":"","_safety_instructions":"","_allergen_ids":[],"_warranty_attachment_id":"","_safety_attachment_ids":[],"_min_age":"","_ts_gtin":"","_ts_mpn":"","_delivery_time_countries":[],"_free_shipping":"no","_service":"no","_photovoltaic_system":"no","_used_good":"no","_defective_copy":"no","_wireless_electronic_device":"no","_device_contains_power_supply":"no","_device_charging_supports_usb_pd":"no","_device_charging_watt_min":"0","_device_charging_watt_max":"0","_is_food":"no","_differential_taxation":"no","_gzd_version":"3.18.7","_hs_code":"","_customs_description":"","_manufacture_country":"0","_is_non_returnable":"no","_shipping_length":"","_shipping_width":"","_shipping_height":"","_sku":"ISBN 978-3-86442-154-9","_global_unique_id":"978-3-86442-154-9","_regular_price":"29.8","total_sales":"0","_tax_status":"taxable","_tax_class":"","_manage_stock":"no","_backorders":"no","_sold_individually":"no","_weight":"1","_virtual":"no","_downloadable":"no","_download_limit":"-1","_download_expiry":"-1","_stock":"","_stock_status":"instock","_wc_average_rating":"0","_wc_review_count":"0","_product_version":"9.7.1","_price":"29.8","shopengine_product_views_count":"2999","_thumbnail_id":"4894","_product_attributes":{"erscheinungsdatum":{"name":"Date de publication","value":"28.09.2015","position":0,"is_visible":1,"is_variation":0,"is_taxonomy":0,"checkout_visible":0}},"_nutrient_ids":[],"_upsell_ids":null,"pswc_subtitle":null,"_default_delivery_time":null,"_wp_desired_post_slug":null,"_isbn":null,"pageType":null,"isExternalUrl":null,"pageId":null,"externalUrl":null,"hideCookieBanner":null,"isTargetBlank":null,"isProviderCurrentWebsite":null,"isEmbeddingOnlyExternalResources":null,"legalBasis":null,"dataProcessingInCountries":null,"dataProcessingInCountriesSpecialTreatments":null,"technicalDefinitions":null,"googleConsentModeConsentTypes":null,"executePriority":null,"executeCodeOptInWhenNoTagManagerConsentIsGiven":null,"executeCodeOptOutWhenNoTagManagerConsentIsGiven":null,"deleteTechnicalDefinitionsAfterOptOut":null,"presetId":null,"presetVersion":null,"provider":null,"providerContactPhone":null,"providerContactEmail":null,"providerContactLink":null,"uniqueName":null,"providerPrivacyPolicyUrl":null,"providerLegalNoticeUrl":null,"codeOptIn":null,"codeOptOut":null,"codeOnPageLoad":null,"language_code":null,"shopengine_template__post_meta__type":null,"shopengine_template__post_meta":null,"shopengine_template__post_meta__edit_with":null,"origin":null,"_enabled":null,"_filters":null,"_layout":null,"_elementor_import_session_id":null,"_wp_trash_meta_status":null,"_wp_trash_meta_time":null,"_edit_lock":"1743601577:2","_elementor_floating_elements_type":null,"_elementor_edit_mode":null,"_elementor_template_type":null,"tc-thumb-fld":{"_thumb_id":4894,"_thumb_type":"thumb"},"_wp_page_template":"default","_elementor_version":null,"_elementor_pro_version":null,"_elementor_page_settings":null,"_elementor_data":null,"_elementor_conditions":null,"_elementor_popup_display_settings":null,"_edit_last":"2","_elementor_template_sub_type":null,"_elementor_controls_usage":null,"_elementor_screenshot":null,"_elementor_css":null,"_elementor_page_assets":[],"_elementor_element_cache":null,"_elementor_screenshot_failed":null,"_elementor_source":null,"_wp_old_date":null,"layout_key":"","post_slider_check_key":"0","_links":{"self":[{"href":"https:\/\/snoeck.de\/fr\/wp-json\/wp\/v2\/product\/3479","targetHints":{"allow":["GET"]}}],"collection":[{"href":"https:\/\/snoeck.de\/fr\/wp-json\/wp\/v2\/product"}],"about":[{"href":"https:\/\/snoeck.de\/fr\/wp-json\/wp\/v2\/types\/product"}],"wp:featuredmedia":[{"embeddable":true,"href":"https:\/\/snoeck.de\/fr\/wp-json\/wp\/v2\/media\/4894"}],"wp:attachment":[{"href":"https:\/\/snoeck.de\/fr\/wp-json\/wp\/v2\/media?parent=3479"}],"wp:term":[{"taxonomy":"product_brand","embeddable":true,"href":"https:\/\/snoeck.de\/fr\/wp-json\/wp\/v2\/product_brand?post=3479"},{"taxonomy":"product_cat","embeddable":true,"href":"https:\/\/snoeck.de\/fr\/wp-json\/wp\/v2\/product_cat?post=3479"},{"taxonomy":"product_tag","embeddable":true,"href":"https:\/\/snoeck.de\/fr\/wp-json\/wp\/v2\/product_tag?post=3479"}],"curies":[{"name":"wp","href":"https:\/\/api.w.org\/{rel}","templated":true}]}}