{"id":3481,"date":"2025-01-31T11:29:31","date_gmt":"2025-01-31T11:29:31","guid":{"rendered":"https:\/\/snoeck.process-vision.de\/shop\/begriffslexikon-zur-zeitgenoessischen-kunst\/"},"modified":"2025-04-02T13:38:48","modified_gmt":"2025-04-02T13:38:48","slug":"begriffslexikon-zur-zeitgenoessischen-kunst","status":"publish","type":"product","link":"https:\/\/snoeck.de\/fr\/shop\/begriffslexikon-zur-zeitgenoessischen-kunst\/","title":{"rendered":"Lexique des termes relatifs \u00e0 l'art contemporain"},"content":{"rendered":"<h3>Indispensable !<\/h3>\n<p>Le \"Lexique conceptuel de l'art contemporain\" offre toujours, en 376 pages, un aper\u00e7u concis des principaux ph\u00e9nom\u00e8nes de l'art contemporain, sauvegard\u00e9s jusqu'au milieu\/\u00e0 la fin des ann\u00e9es 2010. Des th\u00e9oriciens de premier plan de notre \u00e9poque d\u00e9crivent, analysent et \u00e9valuent de mani\u00e8re pointue l'\u00e9volution de l'art de 1960 \u00e0 nos jours dans 90 essais. Parall\u00e8lement, les discours influents pour l'art sont pr\u00e9sent\u00e9s et leur pouvoir de d\u00e9finition culturelle est \u00e9clair\u00e9 et remis en question. L'intellectualisation de l'histoire de l'art et de la th\u00e9orie de l'art que l'on observe depuis quelques d\u00e9cennies se caract\u00e9rise entre autres par son ambition interdisciplinaire : Outre les questions et m\u00e9thodes traditionnelles, des points de vue tels que l'analyse du discours, l'histoire sociale, la th\u00e9orie du genre, l'analyse des m\u00e9dias, les sciences postcoloniales et les sciences de l'image se sont \u00e9tablis depuis longtemps. Cela concerne \u00e9galement l'art contemporain, dont la r\u00e9ception exigeante requiert des connaissances de plus en plus larges et une conscience th\u00e9orique accrue. Le pr\u00e9sent lexique conceptuel a pour but de fournir une possibilit\u00e9 d'orientation : Les lecteurs peuvent se procurer une vue d'ensemble de l'art contemporain ainsi que des d\u00e9bats th\u00e9oriques qui en sont indissociables. Les textes n'ont pas pour but de transmettre une vision clarifi\u00e9e et canonique, mais doivent plut\u00f4t \u00eatre consid\u00e9r\u00e9s comme faisant partie des d\u00e9bats actuels, d'autant plus que de nombreux th\u00e8mes et discours sont encore en cours d'\u00e9laboration. C'est pourquoi les contributions pr\u00e9sentent une forme qui se situe entre l'entr\u00e9e classique dans un dictionnaire et l'essai critique. A la fin de chaque texte, qui contient de nombreuses illustrations, se trouve \u00e9galement une s\u00e9lection d'ouvrages pertinents pour une \u00e9tude th\u00e9matique plus approfondie.<\/p>","protected":false},"excerpt":{"rendered":"<p>\u00c9dit\u00e9 par Hubertus Butin<br \/>\n376 p. avec 150 illustrations n\/b<br \/>\nformat 28 x 21 cm, couverture souple<\/p>","protected":false},"featured_media":4896,"template":"","meta":[],"product_brand":[],"product_cat":[104,59,68,83],"product_tag":[],"class_list":{"0":"post-3481","1":"product","2":"type-product","3":"status-publish","4":"has-post-thumbnail","6":"product_cat-104","7":"product_cat-b","8":"product_cat-k","9":"product_cat-z","11":"first","12":"instock","13":"taxable","14":"shipping-taxable","15":"purchasable","16":"product-type-simple"},"aioseo_notices":[],"_wp_attached_file":null,"_wp_attachment_metadata":null,"_wc_attachment_source":null,"_elementor_inline_svg":null,"_elementor_is_screenshot":null,"_elementor_source_image_hash":null,"_source_url":null,"_wp_attachment_context":null,"_menu_item_type":null,"_menu_item_menu_item_parent":null,"_menu_item_object_id":null,"_menu_item_object":null,"_menu_item_target":null,"_menu_item_classes":null,"_menu_item_xfn":null,"_menu_item_url":null,"__elementor_forms_snapshot":null,"_unit":"","_unit_base":"","_unit_product":"","_unit_price_auto":"no","_unit_price_regular":"","_unit_price":"","_unit_price_sale":"","_sale_price_label":"","_sale_price_regular_label":"","_manufacturer_slug":"","_mini_desc":"","_defect_description":"","_safety_instructions":"","_allergen_ids":[],"_warranty_attachment_id":"","_safety_attachment_ids":[],"_min_age":"","_ts_gtin":"","_ts_mpn":"","_delivery_time_countries":[],"_free_shipping":"no","_service":"no","_photovoltaic_system":"no","_used_good":"no","_defective_copy":"no","_wireless_electronic_device":"no","_device_contains_power_supply":"no","_device_charging_supports_usb_pd":"no","_device_charging_watt_min":"0","_device_charging_watt_max":"0","_is_food":"no","_differential_taxation":"no","_gzd_version":"3.18.7","_hs_code":"","_customs_description":"","_manufacture_country":"0","_is_non_returnable":"no","_shipping_length":"","_shipping_width":"","_shipping_height":"","_sku":"ISBN 978-3-86442-100-6","_global_unique_id":"978-3-86442-100-6","_regular_price":"24.8","total_sales":"0","_tax_status":"taxable","_tax_class":"","_manage_stock":"no","_backorders":"no","_sold_individually":"no","_weight":"2","_virtual":"no","_downloadable":"no","_download_limit":"-1","_download_expiry":"-1","_stock":"","_stock_status":"instock","_wc_average_rating":"0","_wc_review_count":"0","_product_version":"9.7.1","_price":"24.8","shopengine_product_views_count":"3271","_thumbnail_id":"4896","_product_attributes":{"erscheinungsdatum":{"name":"Date de publication","value":"15.12.2014","position":0,"is_visible":1,"is_variation":0,"is_taxonomy":0,"checkout_visible":0}},"_nutrient_ids":[],"_upsell_ids":null,"pswc_subtitle":null,"_default_delivery_time":null,"_wp_desired_post_slug":null,"_isbn":null,"pageType":null,"isExternalUrl":null,"pageId":null,"externalUrl":null,"hideCookieBanner":null,"isTargetBlank":null,"isProviderCurrentWebsite":null,"isEmbeddingOnlyExternalResources":null,"legalBasis":null,"dataProcessingInCountries":null,"dataProcessingInCountriesSpecialTreatments":null,"technicalDefinitions":null,"googleConsentModeConsentTypes":null,"executePriority":null,"executeCodeOptInWhenNoTagManagerConsentIsGiven":null,"executeCodeOptOutWhenNoTagManagerConsentIsGiven":null,"deleteTechnicalDefinitionsAfterOptOut":null,"presetId":null,"presetVersion":null,"provider":null,"providerContactPhone":null,"providerContactEmail":null,"providerContactLink":null,"uniqueName":null,"providerPrivacyPolicyUrl":null,"providerLegalNoticeUrl":null,"codeOptIn":null,"codeOptOut":null,"codeOnPageLoad":null,"language_code":null,"shopengine_template__post_meta__type":null,"shopengine_template__post_meta":null,"shopengine_template__post_meta__edit_with":null,"origin":null,"_enabled":null,"_filters":null,"_layout":null,"_elementor_import_session_id":null,"_wp_trash_meta_status":null,"_wp_trash_meta_time":null,"_edit_lock":"1743600989:2","_elementor_floating_elements_type":null,"_elementor_edit_mode":null,"_elementor_template_type":null,"tc-thumb-fld":{"_thumb_id":4896,"_thumb_type":"thumb"},"_wp_page_template":"default","_elementor_version":null,"_elementor_pro_version":null,"_elementor_page_settings":null,"_elementor_data":null,"_elementor_conditions":null,"_elementor_popup_display_settings":null,"_edit_last":"2","_elementor_template_sub_type":null,"_elementor_controls_usage":null,"_elementor_screenshot":null,"_elementor_css":null,"_elementor_page_assets":[],"_elementor_element_cache":null,"_elementor_screenshot_failed":null,"_elementor_source":null,"_wp_old_date":null,"layout_key":"","post_slider_check_key":"0","_links":{"self":[{"href":"https:\/\/snoeck.de\/fr\/wp-json\/wp\/v2\/product\/3481","targetHints":{"allow":["GET"]}}],"collection":[{"href":"https:\/\/snoeck.de\/fr\/wp-json\/wp\/v2\/product"}],"about":[{"href":"https:\/\/snoeck.de\/fr\/wp-json\/wp\/v2\/types\/product"}],"wp:featuredmedia":[{"embeddable":true,"href":"https:\/\/snoeck.de\/fr\/wp-json\/wp\/v2\/media\/4896"}],"wp:attachment":[{"href":"https:\/\/snoeck.de\/fr\/wp-json\/wp\/v2\/media?parent=3481"}],"wp:term":[{"taxonomy":"product_brand","embeddable":true,"href":"https:\/\/snoeck.de\/fr\/wp-json\/wp\/v2\/product_brand?post=3481"},{"taxonomy":"product_cat","embeddable":true,"href":"https:\/\/snoeck.de\/fr\/wp-json\/wp\/v2\/product_cat?post=3481"},{"taxonomy":"product_tag","embeddable":true,"href":"https:\/\/snoeck.de\/fr\/wp-json\/wp\/v2\/product_tag?post=3481"}],"curies":[{"name":"wp","href":"https:\/\/api.w.org\/{rel}","templated":true}]}}