{"id":3482,"date":"2025-01-31T11:29:32","date_gmt":"2025-01-31T11:29:32","guid":{"rendered":"https:\/\/snoeck.process-vision.de\/shop\/eva-berendes-thoughts-and-feelings\/"},"modified":"2025-04-02T13:28:40","modified_gmt":"2025-04-02T13:28:40","slug":"eva-berendes-thoughts-and-feelings","status":"publish","type":"product","link":"https:\/\/snoeck.de\/fr\/shop\/eva-berendes-thoughts-and-feelings\/","title":{"rendered":"Eva Berendes : Pens\u00e9es et sentiments"},"content":{"rendered":"<h3>Maintenant, le textile \u00e0 nouveau<\/h3>\n<p>Eva Berendes travaille avec la peinture comme m\u00e9dium afin d'\u00e9largir son champ de production. Elle \u00e9tend ce m\u00e9dium \u00e0 la sculpture et \u00e0 l'espace public. Avec cette m\u00e9thodologie artistique, elle n'interroge pas seulement les moyens de production d'images, mais sait habilement faire dialoguer leur base avec l'architecture, l'infrastructure urbaine ou les objets du quotidien. Pour ce faire, elle utilise, comme dans le cas du pr\u00e9sent livre d'artiste, diff\u00e9rents tissus, peints ou non, qu'elle d\u00e9coupe ensuite, relie entre eux en les cousant grossi\u00e8rement ou en les drapant les uns sur les autres et en les fixant avec des \u00e9pingles \u00e0 t\u00eate. De tels assemblages d'Eva Berendes \u00e9taient d\u00e9j\u00e0 visibles \u00e0 Bonn, sous forme d'objets, devant le Kunstmuseum, lorsqu'elle a re\u00e7u le Bonner Kunstpreis 2021 et qu'elle a mis en sc\u00e8ne ses travaux dans l'espace int\u00e9rieur et ext\u00e9rieur, comme des fragments d'architecture ou des \u00e9l\u00e9ments de fa\u00e7ade. Cela a quelque chose de fluide, bien qu'il s'agisse de mat\u00e9riaux solides. Ceux-ci peuvent toutefois \u00eatre soumis \u00e0 de multiples transformations, de sorte qu'ils peuvent perdre leur sens et leur forme - les objets s'envolent alors !<\/p>","protected":false},"excerpt":{"rendered":"<p>Kienbaum Artists' Books 2024, \u00e9d. par Jochen et Laura Kienbaum<br \/>\nExtraits de conversations par e-mail de l'artiste<br \/>\n136 p. avec 87 illustrations en couleur, la plupart sur double page<br \/>\nformat 32 x 24 cm, reliure ouverte avec couverture en PVC<\/p>","protected":false},"featured_media":4897,"template":"","meta":[],"product_brand":[],"product_cat":[87,59,68],"product_tag":[],"class_list":{"0":"post-3482","1":"product","2":"type-product","3":"status-publish","4":"has-post-thumbnail","6":"product_cat-87","7":"product_cat-b","8":"product_cat-k","10":"first","11":"instock","12":"taxable","13":"shipping-taxable","14":"purchasable","15":"product-type-simple"},"aioseo_notices":[],"_wp_attached_file":null,"_wp_attachment_metadata":null,"_wc_attachment_source":null,"_elementor_inline_svg":null,"_elementor_is_screenshot":null,"_elementor_source_image_hash":null,"_source_url":null,"_wp_attachment_context":null,"_menu_item_type":null,"_menu_item_menu_item_parent":null,"_menu_item_object_id":null,"_menu_item_object":null,"_menu_item_target":null,"_menu_item_classes":null,"_menu_item_xfn":null,"_menu_item_url":null,"__elementor_forms_snapshot":null,"_unit":"","_unit_base":"","_unit_product":"","_unit_price_auto":"no","_unit_price_regular":"","_unit_price":"","_unit_price_sale":"","_sale_price_label":"","_sale_price_regular_label":"","_manufacturer_slug":"","_mini_desc":"","_defect_description":"","_safety_instructions":"","_allergen_ids":[],"_warranty_attachment_id":"","_safety_attachment_ids":[],"_min_age":"","_ts_gtin":"","_ts_mpn":"","_delivery_time_countries":[],"_free_shipping":"no","_service":"no","_photovoltaic_system":"no","_used_good":"no","_defective_copy":"no","_wireless_electronic_device":"no","_device_contains_power_supply":"no","_device_charging_supports_usb_pd":"no","_device_charging_watt_min":"0","_device_charging_watt_max":"0","_is_food":"no","_differential_taxation":"no","_gzd_version":"3.18.7","_hs_code":"","_customs_description":"","_manufacture_country":"0","_is_non_returnable":"no","_shipping_length":"","_shipping_width":"","_shipping_height":"","_sku":"ISBN 978-3-86442-432-8","_global_unique_id":"978-3-86442-432-8","_regular_price":"48","total_sales":"0","_tax_status":"taxable","_tax_class":"","_manage_stock":"no","_backorders":"no","_sold_individually":"no","_weight":"1","_virtual":"no","_downloadable":"no","_download_limit":"-1","_download_expiry":"-1","_stock":"","_stock_status":"instock","_wc_average_rating":"0","_wc_review_count":"0","_product_version":"9.7.1","_price":"48","shopengine_product_views_count":"3365","_thumbnail_id":"4897","_product_attributes":{"erscheinungsdatum":{"name":"Date de publication","value":"18.12.2023","position":0,"is_visible":1,"is_variation":0,"is_taxonomy":0,"checkout_visible":0}},"_nutrient_ids":[],"_upsell_ids":null,"pswc_subtitle":null,"_default_delivery_time":null,"_wp_desired_post_slug":null,"_isbn":null,"pageType":null,"isExternalUrl":null,"pageId":null,"externalUrl":null,"hideCookieBanner":null,"isTargetBlank":null,"isProviderCurrentWebsite":null,"isEmbeddingOnlyExternalResources":null,"legalBasis":null,"dataProcessingInCountries":null,"dataProcessingInCountriesSpecialTreatments":null,"technicalDefinitions":null,"googleConsentModeConsentTypes":null,"executePriority":null,"executeCodeOptInWhenNoTagManagerConsentIsGiven":null,"executeCodeOptOutWhenNoTagManagerConsentIsGiven":null,"deleteTechnicalDefinitionsAfterOptOut":null,"presetId":null,"presetVersion":null,"provider":null,"providerContactPhone":null,"providerContactEmail":null,"providerContactLink":null,"uniqueName":null,"providerPrivacyPolicyUrl":null,"providerLegalNoticeUrl":null,"codeOptIn":null,"codeOptOut":null,"codeOnPageLoad":null,"language_code":null,"shopengine_template__post_meta__type":null,"shopengine_template__post_meta":null,"shopengine_template__post_meta__edit_with":null,"origin":null,"_enabled":null,"_filters":null,"_layout":null,"_elementor_import_session_id":null,"_wp_trash_meta_status":null,"_wp_trash_meta_time":null,"_edit_lock":"1743600391:2","_elementor_floating_elements_type":null,"_elementor_edit_mode":null,"_elementor_template_type":null,"tc-thumb-fld":{"_thumb_id":4897,"_thumb_type":"thumb"},"_wp_page_template":"default","_elementor_version":null,"_elementor_pro_version":null,"_elementor_page_settings":null,"_elementor_data":null,"_elementor_conditions":null,"_elementor_popup_display_settings":null,"_edit_last":"2","_elementor_template_sub_type":null,"_elementor_controls_usage":null,"_elementor_screenshot":null,"_elementor_css":null,"_elementor_page_assets":[],"_elementor_element_cache":null,"_elementor_screenshot_failed":null,"_elementor_source":null,"_wp_old_date":null,"layout_key":"","post_slider_check_key":"0","_links":{"self":[{"href":"https:\/\/snoeck.de\/fr\/wp-json\/wp\/v2\/product\/3482","targetHints":{"allow":["GET"]}}],"collection":[{"href":"https:\/\/snoeck.de\/fr\/wp-json\/wp\/v2\/product"}],"about":[{"href":"https:\/\/snoeck.de\/fr\/wp-json\/wp\/v2\/types\/product"}],"wp:featuredmedia":[{"embeddable":true,"href":"https:\/\/snoeck.de\/fr\/wp-json\/wp\/v2\/media\/4897"}],"wp:attachment":[{"href":"https:\/\/snoeck.de\/fr\/wp-json\/wp\/v2\/media?parent=3482"}],"wp:term":[{"taxonomy":"product_brand","embeddable":true,"href":"https:\/\/snoeck.de\/fr\/wp-json\/wp\/v2\/product_brand?post=3482"},{"taxonomy":"product_cat","embeddable":true,"href":"https:\/\/snoeck.de\/fr\/wp-json\/wp\/v2\/product_cat?post=3482"},{"taxonomy":"product_tag","embeddable":true,"href":"https:\/\/snoeck.de\/fr\/wp-json\/wp\/v2\/product_tag?post=3482"}],"curies":[{"name":"wp","href":"https:\/\/api.w.org\/{rel}","templated":true}]}}