{"id":3483,"date":"2025-01-31T11:29:32","date_gmt":"2025-01-31T11:29:32","guid":{"rendered":"https:\/\/snoeck.process-vision.de\/shop\/witterungen-landschaften-und-lebenswelten-von-laurenz-berges\/"},"modified":"2026-04-08T15:15:02","modified_gmt":"2026-04-08T14:15:02","slug":"witterungen-landschaften-und-lebenswelten-von-laurenz-berges","status":"publish","type":"product","link":"https:\/\/snoeck.de\/fr\/shop\/witterungen-landschaften-und-lebenswelten-von-laurenz-berges\/","title":{"rendered":"Witterungen - Paysages et milieux de vie de Laurenz Berges"},"content":{"rendered":"<h3>Les zones d'habitation abandonn\u00e9es de Laurenz Berges<\/h3>\n<p>Les trois leporellos d'artistes qui paraissent s\u00e9par\u00e9ment et dans un coffret \u00e0 l'occasion de l'exposition commune \"Witterungen\" de Laurenz Berges (D\u00fcsseldorf), Michael Collins (Londres) et Paola De Pietri (Reggio Emilia) ont un caract\u00e8re d'objet de grande valeur. Des s\u00e9ries d'\u0153uvres photographiques sont pr\u00e9sent\u00e9es, qui traitent de la transformation imperceptible des paysages et, par cons\u00e9quent, des milieux de vie. Laurenz Berges (*1966) se concentre sur les lieux, les b\u00e2timents et les vestiges de la r\u00e9gion industrielle de la Ruhr et y recherche des signes et des traces discrets des \u00e9poques pass\u00e9es ; Michael Collins (*1961) pr\u00e9sente deux \"morceaux de mer\" panoramiques presque identiques, des marais marqu\u00e9s par le vent et les intemp\u00e9ries - on voit au loin des installations industrielles - ainsi que des int\u00e9rieurs et des vues rapproch\u00e9es d'usines sid\u00e9rurgiques et \u00e9lectriques ; Paola De Pietri (*1960) a consacr\u00e9 sa s\u00e9rie \u00e0 des arbres imposants. En noir et blanc froid, singulier dans un vaste paysage, chaque arbre montre ses ramifications et sa forme individuelles. Les trois positions, r\u00e9unies pour la premi\u00e8re fois dans ce projet, ont en commun la sensibilit\u00e9 et le regard pr\u00e9cis pour la (les) r\u00e9alit\u00e9(s) conditionn\u00e9e(s) par le temps et intemporelle(s) - pour les faits, les transformations progressives et l'esth\u00e9tique sp\u00e9cifique qui les accompagne. D'une composition extr\u00eamement \u00e9labor\u00e9e, les photographies de Laurenz Berges, Michael Collins et Paola De Pietri laissent parfois transpara\u00eetre un malaise qui provient de la contradiction entre urbanit\u00e9 et paysage naturel et\/ou de l'impression ambivalente de territoires \"inutilis\u00e9s\", soit reconquis par la nature, soit soumis \u00e0 une nouvelle utilisation par l'homme.<\/p>\n<p>Exposition :<br \/>\nLa collection photographique\/SK Stiftung Kultur, Cologne, 2\/3-8\/7\/2018<\/p>","protected":false},"excerpt":{"rendered":"<p>Catalogue d'exposition, Die Photographische Sammlung\/SK Stiftung Kultur K\u00f6ln<br \/>\nTextes (all.\/ang.) de Gabriele Conrath-Scholl et Claudia Schubert<br \/>\nLeporello, 9 pi\u00e8ces, format pli\u00e9 21 x 20 cm<\/p>","protected":false},"featured_media":4898,"template":"","meta":[],"product_brand":[],"product_cat":[95],"product_tag":[],"class_list":{"0":"post-3483","1":"product","2":"type-product","3":"status-publish","4":"has-post-thumbnail","6":"product_cat-vergriffen","8":"first","9":"outofstock","10":"taxable","11":"shipping-taxable","12":"product-type-simple"},"aioseo_notices":[],"_wp_attached_file":null,"_wp_attachment_metadata":null,"_wc_attachment_source":null,"_elementor_inline_svg":null,"_elementor_is_screenshot":null,"_elementor_source_image_hash":null,"_source_url":null,"_wp_attachment_context":null,"_menu_item_type":null,"_menu_item_menu_item_parent":null,"_menu_item_object_id":null,"_menu_item_object":null,"_menu_item_target":null,"_menu_item_classes":null,"_menu_item_xfn":null,"_menu_item_url":null,"__elementor_forms_snapshot":null,"_unit":"","_unit_base":"","_unit_product":"","_unit_price_auto":"no","_unit_price_regular":"","_unit_price":"","_unit_price_sale":"","_sale_price_label":"","_sale_price_regular_label":"","_manufacturer_slug":"","_mini_desc":"","_defect_description":"","_safety_instructions":"","_allergen_ids":[],"_warranty_attachment_id":"","_safety_attachment_ids":[],"_min_age":"","_ts_gtin":"","_ts_mpn":"","_delivery_time_countries":[],"_free_shipping":"no","_service":"no","_photovoltaic_system":"no","_used_good":"no","_defective_copy":"no","_wireless_electronic_device":"no","_device_contains_power_supply":"no","_device_charging_supports_usb_pd":"no","_device_charging_watt_min":"0","_device_charging_watt_max":"0","_is_food":"no","_differential_taxation":"no","_gzd_version":"3.18.7","_hs_code":"","_customs_description":"","_manufacture_country":"0","_is_non_returnable":"no","_shipping_length":"","_shipping_width":"","_shipping_height":"","_sku":"ISBN 978-3-86442-239-3","_global_unique_id":"978-3-86442-239-3","_regular_price":null,"total_sales":"0","_tax_status":"taxable","_tax_class":"","_manage_stock":"no","_backorders":"no","_sold_individually":"no","_weight":"1","_virtual":"no","_downloadable":"no","_download_limit":"-1","_download_expiry":"-1","_stock":"","_stock_status":"outofstock","_wc_average_rating":"0","_wc_review_count":"0","_product_version":"10.1.4","_price":"","shopengine_product_views_count":"3030","_thumbnail_id":"4898","_product_attributes":{"erscheinungsdatum":{"name":"Date de publication","value":"30.04.2018","position":0,"is_visible":1,"is_variation":0,"is_taxonomy":0,"checkout_visible":0}},"_nutrient_ids":[],"_upsell_ids":[3514,3524],"pswc_subtitle":null,"_default_delivery_time":null,"_wp_desired_post_slug":null,"_isbn":null,"pageType":null,"isExternalUrl":null,"pageId":null,"externalUrl":null,"hideCookieBanner":null,"isTargetBlank":null,"isProviderCurrentWebsite":null,"isEmbeddingOnlyExternalResources":null,"legalBasis":null,"dataProcessingInCountries":null,"dataProcessingInCountriesSpecialTreatments":null,"technicalDefinitions":null,"googleConsentModeConsentTypes":null,"executePriority":null,"executeCodeOptInWhenNoTagManagerConsentIsGiven":null,"executeCodeOptOutWhenNoTagManagerConsentIsGiven":null,"deleteTechnicalDefinitionsAfterOptOut":null,"presetId":null,"presetVersion":null,"provider":null,"providerContactPhone":null,"providerContactEmail":null,"providerContactLink":null,"uniqueName":null,"providerPrivacyPolicyUrl":null,"providerLegalNoticeUrl":null,"codeOptIn":null,"codeOptOut":null,"codeOnPageLoad":null,"language_code":null,"shopengine_template__post_meta__type":null,"shopengine_template__post_meta":null,"shopengine_template__post_meta__edit_with":null,"origin":null,"_enabled":null,"_filters":null,"_layout":null,"_elementor_import_session_id":null,"_wp_trash_meta_status":null,"_wp_trash_meta_time":null,"_edit_lock":"1743759119:2","_elementor_floating_elements_type":null,"_elementor_edit_mode":null,"_elementor_template_type":null,"tc-thumb-fld":{"_thumb_id":4898,"_thumb_type":"thumb"},"_wp_page_template":"default","_elementor_version":null,"_elementor_pro_version":null,"_elementor_page_settings":null,"_elementor_data":null,"_elementor_conditions":null,"_elementor_popup_display_settings":null,"_edit_last":"1","_elementor_template_sub_type":null,"_elementor_controls_usage":null,"_elementor_screenshot":null,"_elementor_css":null,"_elementor_page_assets":[],"_elementor_element_cache":null,"_elementor_screenshot_failed":null,"_elementor_source":null,"_wp_old_date":null,"layout_key":"","post_slider_check_key":"0","_links":{"self":[{"href":"https:\/\/snoeck.de\/fr\/wp-json\/wp\/v2\/product\/3483","targetHints":{"allow":["GET"]}}],"collection":[{"href":"https:\/\/snoeck.de\/fr\/wp-json\/wp\/v2\/product"}],"about":[{"href":"https:\/\/snoeck.de\/fr\/wp-json\/wp\/v2\/types\/product"}],"wp:featuredmedia":[{"embeddable":true,"href":"https:\/\/snoeck.de\/fr\/wp-json\/wp\/v2\/media\/4898"}],"wp:attachment":[{"href":"https:\/\/snoeck.de\/fr\/wp-json\/wp\/v2\/media?parent=3483"}],"wp:term":[{"taxonomy":"product_brand","embeddable":true,"href":"https:\/\/snoeck.de\/fr\/wp-json\/wp\/v2\/product_brand?post=3483"},{"taxonomy":"product_cat","embeddable":true,"href":"https:\/\/snoeck.de\/fr\/wp-json\/wp\/v2\/product_cat?post=3483"},{"taxonomy":"product_tag","embeddable":true,"href":"https:\/\/snoeck.de\/fr\/wp-json\/wp\/v2\/product_tag?post=3483"}],"curies":[{"name":"wp","href":"https:\/\/api.w.org\/{rel}","templated":true}]}}