{"id":3484,"date":"2025-01-31T11:29:33","date_gmt":"2025-01-31T11:29:33","guid":{"rendered":"https:\/\/snoeck.process-vision.de\/shop\/ella-bergmann-michel-und-robert-michel-ein-kuenstlerpaar-der-moderne\/"},"modified":"2025-04-02T13:23:05","modified_gmt":"2025-04-02T13:23:05","slug":"ella-bergmann-michel-und-robert-michel-ein-kuenstlerpaar-der-moderne","status":"publish","type":"product","link":"https:\/\/snoeck.de\/fr\/shop\/ella-bergmann-michel-und-robert-michel-ein-kuenstlerpaar-der-moderne\/","title":{"rendered":"Ella Bergmann-Michel et Robert Michel. Un couple d'artistes de la modernit\u00e9"},"content":{"rendered":"<h3>\"Heimatmuseum of Modern Art\"<\/h3>\n<p>Ella Bergmann-Michel (1895-1971) et Robert Michel (1897-1983) font partie des artistes du modernisme d'avant-garde tomb\u00e9s quelque peu dans l'oubli, et ce de mani\u00e8re tout \u00e0 fait injustifi\u00e9e. En effet, l'ensemble de leurs tableaux, dessins et collages repr\u00e9sente sans aucun doute l'une des synth\u00e8ses les plus r\u00e9ussies des approches expressives comme dada\u00efstes et des tendances constructivistes. Tous deux se sont int\u00e9ress\u00e9s de pr\u00e8s aux nouveaux m\u00e9dias de leur \u00e9poque, c'est-\u00e0-dire \u00e0 la typographie, aux enseignes lumineuses, \u00e0 la photographie et au cin\u00e9ma. En 1920, le couple, qui s'est rencontr\u00e9 en 1917 alors qu'il \u00e9tudiait \u00e0 l'\u00e9cole des arts et m\u00e9tiers de Weimar, d\u00e9m\u00e9nage \u00e0 Vockenhausen dans le Taunus, o\u00f9 ils ont r\u00e9sid\u00e9 jusqu'\u00e0 la fin. En 1926, ils devinrent membres de l'association \"das neue frankfurt\", travaill\u00e8rent avec Ernst May et exploit\u00e8rent leur propre atelier de graphisme publicitaire, d'architecture et de photographie publicitaire \u00e0 Francfort. Parall\u00e8lement, le couple participe \u00e0 des expositions \u00e0 la Kestner Gesellschaft de Hanovre, au Nassauischer Kunstverein de Wiesbaden et \u00e0 la Sturm Galerie ainsi qu'\u00e0 la Galerie Nierendorf de Berlin. Depuis 1921, ils \u00e9taient tr\u00e8s amis avec Kurt Schwitters, firent des voyages ensemble et particip\u00e8rent, par son interm\u00e9diaire, \u00e0 une exposition itin\u00e9rante de la Soci\u00e9t\u00e9 Anonyme \u00e0 travers les Etats-Unis. En 1928, Robert Michel fonda, entre autres avec Schwitters, Willi Baumeister et Jan Tschichold, le \"ring neuer werbegestalter\". Ils sont consid\u00e9r\u00e9s comme les \"pionniers du collage d'images\", mais leurs dessins et leur \u0153uvre graphique, dans laquelle ils devaient avant tout r\u00e9ussir une extraordinaire synth\u00e8se du chaos organique et de la technique m\u00e9canique s\u00e9rielle, sont \u00e9galement particuli\u00e8rement convaincants. En observant les gravures sur bois de poissons m\u00e9caniques et les dessins d\u00e9licats au crayon d'architectures utopiques, on a parfois l'impression de faire la navette sur un pont reliant les ateliers industriels aux ateliers artistiques et avant-gardistes de l'\u00e9poque moderne. L'exposition et le livre, consacr\u00e9s \u00e0 l'\u0153uvre du couple d'artistes sous toutes ses facettes int\u00e9ressantes, puisent dans la fabuleuse succession, un pr\u00eat permanent au Sprengel Museum, avec plus de 2.000 collages, dessins, esquisses, projets de publicit\u00e9 et de typographie.<\/p>\n<p>Exposition :<br \/>\nMus\u00e9e Sprengel de Hanovre, 26\/5 - 2\/9\/2018<\/p>","protected":false},"excerpt":{"rendered":"<p>Catalogue d'exposition, \u00e9dit\u00e9 pour le Sprengel Museum Hannover et la succession Robert Michel et Ella Bergmann-Michel par Karin Orchard<br \/>\nTextes (all.) de Megan R. Luke, Lisa Felicitas Mattheis, Philipp Michel, S\u00fcnke Michel, Karin Orchard, D\u00f6rte Wiegand<br \/>\n176 p. avec 220 illustrations en couleur<br \/>\nformat 26 x 22 cm, couverture rigide<\/p>","protected":false},"featured_media":4899,"template":"","meta":[],"product_brand":[],"product_cat":[111,59,70],"product_tag":[],"class_list":{"0":"post-3484","1":"product","2":"type-product","3":"status-publish","4":"has-post-thumbnail","6":"product_cat-111","7":"product_cat-b","8":"product_cat-m","10":"first","11":"instock","12":"taxable","13":"shipping-taxable","14":"purchasable","15":"product-type-simple"},"aioseo_notices":[],"_wp_attached_file":null,"_wp_attachment_metadata":null,"_wc_attachment_source":null,"_elementor_inline_svg":null,"_elementor_is_screenshot":null,"_elementor_source_image_hash":null,"_source_url":null,"_wp_attachment_context":null,"_menu_item_type":null,"_menu_item_menu_item_parent":null,"_menu_item_object_id":null,"_menu_item_object":null,"_menu_item_target":null,"_menu_item_classes":null,"_menu_item_xfn":null,"_menu_item_url":null,"__elementor_forms_snapshot":null,"_unit":"","_unit_base":"","_unit_product":"","_unit_price_auto":"no","_unit_price_regular":"","_unit_price":"","_unit_price_sale":"","_sale_price_label":"","_sale_price_regular_label":"","_manufacturer_slug":"","_mini_desc":"","_defect_description":"","_safety_instructions":"","_allergen_ids":[],"_warranty_attachment_id":"","_safety_attachment_ids":[],"_min_age":"","_ts_gtin":"","_ts_mpn":"","_delivery_time_countries":[],"_free_shipping":"no","_service":"no","_photovoltaic_system":"no","_used_good":"no","_defective_copy":"no","_wireless_electronic_device":"no","_device_contains_power_supply":"no","_device_charging_supports_usb_pd":"no","_device_charging_watt_min":"0","_device_charging_watt_max":"0","_is_food":"no","_differential_taxation":"no","_gzd_version":"3.18.7","_hs_code":"","_customs_description":"","_manufacture_country":"0","_is_non_returnable":"no","_shipping_length":"","_shipping_width":"","_shipping_height":"","_sku":"ISBN 978-3-86442-249-2","_global_unique_id":"978-3-86442-249-2","_regular_price":"29.8","total_sales":"1","_tax_status":"taxable","_tax_class":"","_manage_stock":"no","_backorders":"no","_sold_individually":"no","_weight":"2","_virtual":"no","_downloadable":"no","_download_limit":"-1","_download_expiry":"-1","_stock":"","_stock_status":"instock","_wc_average_rating":"0","_wc_review_count":"0","_product_version":"9.7.1","_price":"29.8","shopengine_product_views_count":"2789","_thumbnail_id":"4899","_product_attributes":{"erscheinungsdatum":{"name":"Erscheinungsdatum","value":"18.05.2018","position":0,"is_visible":1,"is_variation":0,"is_taxonomy":0,"checkout_visible":0}},"_nutrient_ids":[],"_upsell_ids":null,"pswc_subtitle":null,"_default_delivery_time":null,"_wp_desired_post_slug":null,"_isbn":null,"pageType":null,"isExternalUrl":null,"pageId":null,"externalUrl":null,"hideCookieBanner":null,"isTargetBlank":null,"isProviderCurrentWebsite":null,"isEmbeddingOnlyExternalResources":null,"legalBasis":null,"dataProcessingInCountries":null,"dataProcessingInCountriesSpecialTreatments":null,"technicalDefinitions":null,"googleConsentModeConsentTypes":null,"executePriority":null,"executeCodeOptInWhenNoTagManagerConsentIsGiven":null,"executeCodeOptOutWhenNoTagManagerConsentIsGiven":null,"deleteTechnicalDefinitionsAfterOptOut":null,"presetId":null,"presetVersion":null,"provider":null,"providerContactPhone":null,"providerContactEmail":null,"providerContactLink":null,"uniqueName":null,"providerPrivacyPolicyUrl":null,"providerLegalNoticeUrl":null,"codeOptIn":null,"codeOptOut":null,"codeOnPageLoad":null,"language_code":null,"shopengine_template__post_meta__type":null,"shopengine_template__post_meta":null,"shopengine_template__post_meta__edit_with":null,"origin":null,"_enabled":null,"_filters":null,"_layout":null,"_elementor_import_session_id":null,"_wp_trash_meta_status":null,"_wp_trash_meta_time":null,"_edit_lock":"1743600046:2","_elementor_floating_elements_type":null,"_elementor_edit_mode":null,"_elementor_template_type":null,"tc-thumb-fld":{"_thumb_id":4899,"_thumb_type":"thumb"},"_wp_page_template":"default","_elementor_version":null,"_elementor_pro_version":null,"_elementor_page_settings":null,"_elementor_data":null,"_elementor_conditions":null,"_elementor_popup_display_settings":null,"_edit_last":"2","_elementor_template_sub_type":null,"_elementor_controls_usage":null,"_elementor_screenshot":null,"_elementor_css":null,"_elementor_page_assets":[],"_elementor_element_cache":null,"_elementor_screenshot_failed":null,"_elementor_source":null,"_wp_old_date":null,"layout_key":"","post_slider_check_key":"0","_links":{"self":[{"href":"https:\/\/snoeck.de\/fr\/wp-json\/wp\/v2\/product\/3484","targetHints":{"allow":["GET"]}}],"collection":[{"href":"https:\/\/snoeck.de\/fr\/wp-json\/wp\/v2\/product"}],"about":[{"href":"https:\/\/snoeck.de\/fr\/wp-json\/wp\/v2\/types\/product"}],"wp:featuredmedia":[{"embeddable":true,"href":"https:\/\/snoeck.de\/fr\/wp-json\/wp\/v2\/media\/4899"}],"wp:attachment":[{"href":"https:\/\/snoeck.de\/fr\/wp-json\/wp\/v2\/media?parent=3484"}],"wp:term":[{"taxonomy":"product_brand","embeddable":true,"href":"https:\/\/snoeck.de\/fr\/wp-json\/wp\/v2\/product_brand?post=3484"},{"taxonomy":"product_cat","embeddable":true,"href":"https:\/\/snoeck.de\/fr\/wp-json\/wp\/v2\/product_cat?post=3484"},{"taxonomy":"product_tag","embeddable":true,"href":"https:\/\/snoeck.de\/fr\/wp-json\/wp\/v2\/product_tag?post=3484"}],"curies":[{"name":"wp","href":"https:\/\/api.w.org\/{rel}","templated":true}]}}