{"id":3485,"date":"2025-01-31T11:29:33","date_gmt":"2025-01-31T11:29:33","guid":{"rendered":"https:\/\/snoeck.process-vision.de\/shop\/better-than-de-kooning\/"},"modified":"2025-04-02T13:24:37","modified_gmt":"2025-04-02T13:24:37","slug":"better-than-de-kooning","status":"publish","type":"product","link":"https:\/\/snoeck.de\/fr\/shop\/better-than-de-kooning\/","title":{"rendered":"Better than de Kooning"},"content":{"rendered":"<h3>\"STONED AGIN\"<\/h3>\n<p>\"Better than de Kooning\", cela sonne comme une blague de g\u00e8ne rat\u00e9e, car \"personne ne peut peindre mieux que de Kooning\", et c'est pourtant un titre id\u00e9al pour une exposition de groupe. Au milieu des ann\u00e9es 1970, Peter Saul a peint une s\u00e9rie de tableaux de femmes qui se r\u00e9f\u00e8rent de mani\u00e8re parodique aux tableaux \"Woman\" (1950-53) de Willem de Koonig. Il imite m\u00e9ticuleusement les \"brush strokes\" et l'emp\u00e2tement dans un m\u00e9lange stylistique de pointillisme et de graffiti art, mais pousse les curseurs de couleur \u00e0 fondre la peinture expressionniste abstraite et les femmes elles-m\u00eames de mani\u00e8re \"daliesque\", comme de la glace molle (voir \u00e0 ce sujet l'article \"Un Autre Monde\" de Marcus Weber et \"Ice Creams, Atom Bomb, I-Screens, Data Bomb\" dans le livre d'Esther Leslie). En 2008, Saul a de nouveau peint une version de ces avatars en n\u00e9on, semblables \u00e0 des cartoons, et a intitul\u00e9 ce tableau : \"Better than de Kooning\" ... un relief de la r\u00e9alit\u00e9 am\u00e9ricaine.<\/p>\n<p>Artistes* :<br \/>\nTim Berresheim, Jana Euler, Maria Lassnig, Lee Lozano, Michel Majerus, Dieter Krieg, Katrin Plav\u010dak, Jon Rafman, Gunter Reski, Peter Saul, Matthias Schaufler, Jim Shaw, Amy Sillman, Sue Williams<\/p>\n<p>Exposition :<br \/>\nVilla Merkel Galeries de la ville d'Esslingen : 12\/9-15\/11\/2015<\/p>","protected":false},"excerpt":{"rendered":"<p>Catalogue d'exposition, Villa Merkel Esslingen, \u00e9d. par Andreas Baur et Marcus Weber<br \/>\nTextes (all.\/ang.) d'Andreas Baur, Esther Leslie, Marcus Weber ainsi qu'une conversation par e-mail de Marcus Weber avec Peter Saul<br \/>\n152 p. avec 50 illustrations en noir et blanc et 120 en couleur<br \/>\nformat 28 x 21 cm, brochure \u00e0 rabats<\/p>","protected":false},"featured_media":4900,"template":"","meta":[],"product_brand":[],"product_cat":[102,59,61,68],"product_tag":[],"class_list":{"0":"post-3485","1":"product","2":"type-product","3":"status-publish","4":"has-post-thumbnail","6":"product_cat-102","7":"product_cat-b","8":"product_cat-d","9":"product_cat-k","11":"first","12":"instock","13":"taxable","14":"shipping-taxable","15":"purchasable","16":"product-type-simple"},"aioseo_notices":[],"_wp_attached_file":null,"_wp_attachment_metadata":null,"_wc_attachment_source":null,"_elementor_inline_svg":null,"_elementor_is_screenshot":null,"_elementor_source_image_hash":null,"_source_url":null,"_wp_attachment_context":null,"_menu_item_type":null,"_menu_item_menu_item_parent":null,"_menu_item_object_id":null,"_menu_item_object":null,"_menu_item_target":null,"_menu_item_classes":null,"_menu_item_xfn":null,"_menu_item_url":null,"__elementor_forms_snapshot":null,"_unit":"","_unit_base":"","_unit_product":"","_unit_price_auto":"no","_unit_price_regular":"","_unit_price":"","_unit_price_sale":"","_sale_price_label":"","_sale_price_regular_label":"","_manufacturer_slug":"","_mini_desc":"","_defect_description":"","_safety_instructions":"","_allergen_ids":[],"_warranty_attachment_id":"","_safety_attachment_ids":[],"_min_age":"","_ts_gtin":"","_ts_mpn":"","_delivery_time_countries":[],"_free_shipping":"no","_service":"no","_photovoltaic_system":"no","_used_good":"no","_defective_copy":"no","_wireless_electronic_device":"no","_device_contains_power_supply":"no","_device_charging_supports_usb_pd":"no","_device_charging_watt_min":"0","_device_charging_watt_max":"0","_is_food":"no","_differential_taxation":"no","_gzd_version":"3.18.7","_hs_code":"","_customs_description":"","_manufacture_country":"0","_is_non_returnable":"no","_shipping_length":"","_shipping_width":"","_shipping_height":"","_sku":"ISBN 978-3-86442-137-2","_global_unique_id":"978-3-86442-137-2","_regular_price":"29.8","total_sales":"0","_tax_status":"taxable","_tax_class":"","_manage_stock":"no","_backorders":"no","_sold_individually":"no","_weight":"1","_virtual":"no","_downloadable":"no","_download_limit":"-1","_download_expiry":"-1","_stock":"","_stock_status":"instock","_wc_average_rating":"0","_wc_review_count":"0","_product_version":"9.7.1","_price":"29.8","shopengine_product_views_count":"2676","_thumbnail_id":"4900","_product_attributes":{"erscheinungsdatum":{"name":"Erscheinungsdatum","value":"07.12.2015","position":0,"is_visible":1,"is_variation":0,"is_taxonomy":0,"checkout_visible":0}},"_nutrient_ids":[],"_upsell_ids":null,"pswc_subtitle":null,"_default_delivery_time":null,"_wp_desired_post_slug":null,"_isbn":null,"pageType":null,"isExternalUrl":null,"pageId":null,"externalUrl":null,"hideCookieBanner":null,"isTargetBlank":null,"isProviderCurrentWebsite":null,"isEmbeddingOnlyExternalResources":null,"legalBasis":null,"dataProcessingInCountries":null,"dataProcessingInCountriesSpecialTreatments":null,"technicalDefinitions":null,"googleConsentModeConsentTypes":null,"executePriority":null,"executeCodeOptInWhenNoTagManagerConsentIsGiven":null,"executeCodeOptOutWhenNoTagManagerConsentIsGiven":null,"deleteTechnicalDefinitionsAfterOptOut":null,"presetId":null,"presetVersion":null,"provider":null,"providerContactPhone":null,"providerContactEmail":null,"providerContactLink":null,"uniqueName":null,"providerPrivacyPolicyUrl":null,"providerLegalNoticeUrl":null,"codeOptIn":null,"codeOptOut":null,"codeOnPageLoad":null,"language_code":null,"shopengine_template__post_meta__type":null,"shopengine_template__post_meta":null,"shopengine_template__post_meta__edit_with":null,"origin":null,"_enabled":null,"_filters":null,"_layout":null,"_elementor_import_session_id":null,"_wp_trash_meta_status":null,"_wp_trash_meta_time":null,"_edit_lock":"1743600137:2","_elementor_floating_elements_type":null,"_elementor_edit_mode":null,"_elementor_template_type":null,"tc-thumb-fld":{"_thumb_id":4900,"_thumb_type":"thumb"},"_wp_page_template":"default","_elementor_version":null,"_elementor_pro_version":null,"_elementor_page_settings":null,"_elementor_data":null,"_elementor_conditions":null,"_elementor_popup_display_settings":null,"_edit_last":"2","_elementor_template_sub_type":null,"_elementor_controls_usage":null,"_elementor_screenshot":null,"_elementor_css":null,"_elementor_page_assets":[],"_elementor_element_cache":null,"_elementor_screenshot_failed":null,"_elementor_source":null,"_wp_old_date":null,"layout_key":"","post_slider_check_key":"0","_links":{"self":[{"href":"https:\/\/snoeck.de\/fr\/wp-json\/wp\/v2\/product\/3485","targetHints":{"allow":["GET"]}}],"collection":[{"href":"https:\/\/snoeck.de\/fr\/wp-json\/wp\/v2\/product"}],"about":[{"href":"https:\/\/snoeck.de\/fr\/wp-json\/wp\/v2\/types\/product"}],"wp:featuredmedia":[{"embeddable":true,"href":"https:\/\/snoeck.de\/fr\/wp-json\/wp\/v2\/media\/4900"}],"wp:attachment":[{"href":"https:\/\/snoeck.de\/fr\/wp-json\/wp\/v2\/media?parent=3485"}],"wp:term":[{"taxonomy":"product_brand","embeddable":true,"href":"https:\/\/snoeck.de\/fr\/wp-json\/wp\/v2\/product_brand?post=3485"},{"taxonomy":"product_cat","embeddable":true,"href":"https:\/\/snoeck.de\/fr\/wp-json\/wp\/v2\/product_cat?post=3485"},{"taxonomy":"product_tag","embeddable":true,"href":"https:\/\/snoeck.de\/fr\/wp-json\/wp\/v2\/product_tag?post=3485"}],"curies":[{"name":"wp","href":"https:\/\/api.w.org\/{rel}","templated":true}]}}