{"id":3487,"date":"2025-01-31T11:29:34","date_gmt":"2025-01-31T11:29:34","guid":{"rendered":"https:\/\/snoeck.process-vision.de\/shop\/bhqf-the-transubstantiation-of-bruce\/"},"modified":"2026-04-08T14:22:55","modified_gmt":"2026-04-08T13:22:55","slug":"bhqf-the-transubstantiation-of-bruce","status":"publish","type":"product","link":"https:\/\/snoeck.de\/fr\/shop\/bhqf-the-transubstantiation-of-bruce\/","title":{"rendered":"BHQF : La transsubstantiation de Bruce"},"content":{"rendered":"<h3>Le manifeste de la Fondation Bruce High Quality<\/h3>\n<p>Beaucoup seront surpris d'apprendre que Bruce High Quality allait \u00e0 la messe une fois par semaine. Il est difficile d'imaginer le plus grand ironiste du monde et, de ce fait, l'otage de la gauche radicale comme de la droite religieuse, comme un croyant. Mais il \u00e9tait l\u00e0, semaine apr\u00e8s semaine, et se pr\u00e9sentait \u00e0 l'homme l\u00e0-haut. M\u00eame si nous ne pouvons pas pr\u00e9tendre conna\u00eetre le c\u0153ur sacr\u00e9 de tous les c\u0153urs, il est maintenant clair, douze ans apr\u00e8s sa disparition, que Bruce High Quality avait pour objectif de laisser des objets de d\u00e9votion v\u00e9ritablement iconographiques pour une \u00e8re v\u00e9ritablement la\u00efque. L'exposition \"The Transubstantial Bruce\" est consacr\u00e9e pour la premi\u00e8re fois aux pr\u00e9occupations spirituelles de High Quality. Avec \"The Sacraments\" - Sa s\u00e9rie magistrale de reliques moul\u00e9es en p\u00e2te \u00e0 modeler - ainsi que Son immense triptyque \"Father, Son, and Holy Ghost\" - un autoportrait repr\u00e9sentant le masque mortuaire de Bruce High Quality, une croix de fortune et un rat gonflable et grima\u00e7ant comme une trinit\u00e9 \u00e9ternelle et \u00e9gale - l'intention effront\u00e9e de High Quality de nous confronter directement \u00e0 l'au-del\u00e0 devient \u00e9vidente. Cette mission n'est nulle part plus \u00e9vidente que dans son chef-d'\u0153uvre \"Stations of the Cross\". C'est la premi\u00e8re fois qu'elles sont pr\u00e9sent\u00e9es au public : Les 14 panneaux de \"Stations of the Cross\" racontent l'histoire du chemin vers la crucifixion. Chaque \u00e9tape tragique ouvre une parabole du sacrifice et de la droiture terrestres. L'exposition est compl\u00e9t\u00e9e par une s\u00e9lection soigneusement choisie d'autoportraits intimes de Bruce High Quality : des sc\u00e8nes de la vie quotidienne qui le montrent au milieu de sa famille et de ses amis - sur la terre comme au ciel.<\/p>\n<p>Exposition :<br \/>\nMus\u00e9e de Brooklyn, New York, 28\/6 - 22\/9\/2013<\/p>","protected":false},"excerpt":{"rendered":"<p>Catalogue d'exposition, Contemporary Fine Arts CFA Berlin, \u00e9d. Bruno Brunnet et Nicole Hackert<br \/>\nAvec un manifeste (all.\/angl.)<br \/>\n32 p. avec 50 illustrations en couleur<br \/>\nFormat 32 x 23,5 cm, cahier agraf\u00e9<\/p>","protected":false},"featured_media":4902,"template":"","meta":[],"product_brand":[],"product_cat":[95],"product_tag":[],"class_list":{"0":"post-3487","1":"product","2":"type-product","3":"status-publish","4":"has-post-thumbnail","6":"product_cat-vergriffen","8":"first","9":"outofstock","10":"taxable","11":"shipping-taxable","12":"product-type-simple"},"aioseo_notices":[],"_wp_attached_file":null,"_wp_attachment_metadata":null,"_wc_attachment_source":null,"_elementor_inline_svg":null,"_elementor_is_screenshot":null,"_elementor_source_image_hash":null,"_source_url":null,"_wp_attachment_context":null,"_menu_item_type":null,"_menu_item_menu_item_parent":null,"_menu_item_object_id":null,"_menu_item_object":null,"_menu_item_target":null,"_menu_item_classes":null,"_menu_item_xfn":null,"_menu_item_url":null,"__elementor_forms_snapshot":null,"_unit":"","_unit_base":"","_unit_product":"","_unit_price_auto":"no","_unit_price_regular":"","_unit_price":"","_unit_price_sale":"","_sale_price_label":"","_sale_price_regular_label":"","_manufacturer_slug":"","_mini_desc":"","_defect_description":"","_safety_instructions":"","_allergen_ids":[],"_warranty_attachment_id":"","_safety_attachment_ids":[],"_min_age":"","_ts_gtin":"","_ts_mpn":"","_delivery_time_countries":[],"_free_shipping":"no","_service":"no","_photovoltaic_system":"no","_used_good":"no","_defective_copy":"no","_wireless_electronic_device":"no","_device_contains_power_supply":"no","_device_charging_supports_usb_pd":"no","_device_charging_watt_min":"0","_device_charging_watt_max":"0","_is_food":"no","_differential_taxation":"no","_gzd_version":"3.18.7","_hs_code":"","_customs_description":"","_manufacture_country":"0","_is_non_returnable":"no","_shipping_length":"","_shipping_width":"","_shipping_height":"","_sku":"ISBN 978-3-86442-050-4","_global_unique_id":"978-3-86442-050-4","_regular_price":null,"total_sales":"0","_tax_status":"taxable","_tax_class":"","_manage_stock":"no","_backorders":"no","_sold_individually":"no","_weight":"1","_virtual":"no","_downloadable":"no","_download_limit":"-1","_download_expiry":"-1","_stock":"","_stock_status":"outofstock","_wc_average_rating":"0","_wc_review_count":"0","_product_version":"10.1.4","_price":"","shopengine_product_views_count":"3096","_thumbnail_id":"4902","_product_attributes":{"erscheinungsdatum":{"name":"Date de publication","value":"30.05.2013","position":0,"is_visible":1,"is_variation":0,"is_taxonomy":0,"checkout_visible":0}},"_nutrient_ids":[],"_upsell_ids":null,"pswc_subtitle":null,"_default_delivery_time":"","_wp_desired_post_slug":null,"_isbn":null,"pageType":null,"isExternalUrl":null,"pageId":null,"externalUrl":null,"hideCookieBanner":null,"isTargetBlank":null,"isProviderCurrentWebsite":null,"isEmbeddingOnlyExternalResources":null,"legalBasis":null,"dataProcessingInCountries":null,"dataProcessingInCountriesSpecialTreatments":null,"technicalDefinitions":null,"googleConsentModeConsentTypes":null,"executePriority":null,"executeCodeOptInWhenNoTagManagerConsentIsGiven":null,"executeCodeOptOutWhenNoTagManagerConsentIsGiven":null,"deleteTechnicalDefinitionsAfterOptOut":null,"presetId":null,"presetVersion":null,"provider":null,"providerContactPhone":null,"providerContactEmail":null,"providerContactLink":null,"uniqueName":null,"providerPrivacyPolicyUrl":null,"providerLegalNoticeUrl":null,"codeOptIn":null,"codeOptOut":null,"codeOnPageLoad":null,"language_code":null,"shopengine_template__post_meta__type":null,"shopengine_template__post_meta":null,"shopengine_template__post_meta__edit_with":null,"origin":null,"_enabled":null,"_filters":null,"_layout":null,"_elementor_import_session_id":null,"_wp_trash_meta_status":null,"_wp_trash_meta_time":null,"_edit_lock":"1743599770:2","_elementor_floating_elements_type":null,"_elementor_edit_mode":null,"_elementor_template_type":null,"tc-thumb-fld":{"_thumb_id":4902,"_thumb_type":"thumb"},"_wp_page_template":"default","_elementor_version":null,"_elementor_pro_version":null,"_elementor_page_settings":null,"_elementor_data":null,"_elementor_conditions":null,"_elementor_popup_display_settings":null,"_edit_last":"2","_elementor_template_sub_type":null,"_elementor_controls_usage":null,"_elementor_screenshot":null,"_elementor_css":null,"_elementor_page_assets":[],"_elementor_element_cache":null,"_elementor_screenshot_failed":null,"_elementor_source":null,"_wp_old_date":null,"layout_key":"","post_slider_check_key":"0","_links":{"self":[{"href":"https:\/\/snoeck.de\/fr\/wp-json\/wp\/v2\/product\/3487","targetHints":{"allow":["GET"]}}],"collection":[{"href":"https:\/\/snoeck.de\/fr\/wp-json\/wp\/v2\/product"}],"about":[{"href":"https:\/\/snoeck.de\/fr\/wp-json\/wp\/v2\/types\/product"}],"wp:featuredmedia":[{"embeddable":true,"href":"https:\/\/snoeck.de\/fr\/wp-json\/wp\/v2\/media\/4902"}],"wp:attachment":[{"href":"https:\/\/snoeck.de\/fr\/wp-json\/wp\/v2\/media?parent=3487"}],"wp:term":[{"taxonomy":"product_brand","embeddable":true,"href":"https:\/\/snoeck.de\/fr\/wp-json\/wp\/v2\/product_brand?post=3487"},{"taxonomy":"product_cat","embeddable":true,"href":"https:\/\/snoeck.de\/fr\/wp-json\/wp\/v2\/product_cat?post=3487"},{"taxonomy":"product_tag","embeddable":true,"href":"https:\/\/snoeck.de\/fr\/wp-json\/wp\/v2\/product_tag?post=3487"}],"curies":[{"name":"wp","href":"https:\/\/api.w.org\/{rel}","templated":true}]}}