{"id":3488,"date":"2025-01-31T11:29:35","date_gmt":"2025-01-31T11:29:35","guid":{"rendered":"https:\/\/snoeck.process-vision.de\/shop\/big-orchestra\/"},"modified":"2026-04-08T15:19:57","modified_gmt":"2026-04-08T14:19:57","slug":"big-orchestra","status":"publish","type":"product","link":"https:\/\/snoeck.de\/fr\/shop\/big-orchestra\/","title":{"rendered":"BIG ORCHESTRA"},"content":{"rendered":"<h3>L'art contemporain a son propre son<\/h3>\n<p>Les instruments de musique, qui sont en quelque sorte des sculptures, repr\u00e9sentent une \u00e9volution encore jeune et relativement peu connue de l'art contemporain. Tous les travaux artistiques pr\u00e9sent\u00e9s dans cette publication accompagnant l'exposition de groupe internationale poss\u00e8dent en m\u00eame temps toutes les caract\u00e9ristiques d'un instrument de musique. Le jeu sur les instruments sculpturaux constitue le point central de cette exposition en constante \u00e9volution. Pendant sa dur\u00e9e, Schirn se transforme temporairement en une salle de concert dans laquelle les \u0153uvres sont activ\u00e9es et r\u00e9sonnent. Les visiteurs peuvent vivre en direct le son des \u0153uvres d'art, le son des instruments est explor\u00e9 par des ensembles sans cesse renouvel\u00e9s et pr\u00e9sent\u00e9 ensuite en concert, parfois les artistes* font r\u00e9sonner leurs propres \u0153uvres dans des performances. Le point de d\u00e9part du concept est une notion \u00e9largie de l'art et de la musique, telle qu'elle est connue du mouvement Fluxus des ann\u00e9es 1960 : les happenings ou les actions \u00e9taient consid\u00e9r\u00e9s comme des \"concerts\", car ils \u00e9taient structur\u00e9s comme des compositions et combinaient diff\u00e9rents m\u00e9dias et mat\u00e9riaux.<\/p>\n<p>Artistes* :<br \/>\nDoug Aitken, Nevin Aladag , Allora &amp; Calzadilla, Carlos Amorales, Tarek Atoui, Cevdet Erek, Guillermo Galindo, Constantin Luser, Christian Marclay, Caroline Mesquita, Rie Nakajima, Carsten Nicolai, Pedro Reyes, Naama Tsabar, Hans van Koolwijk, David Zink Yi<\/p>\n<p>Exposition :<br \/>\nSchirn Kunsthalle Francfort, 19\/6 - 8\/9\/2019<\/p>","protected":false},"excerpt":{"rendered":"<p>Catalogue d'exposition, Schirn Kunsthalle Frankfurt, \u00e9d. par Matthias Ulrich<br \/>\nTextes (all.\/ang.) de Irene Noy, Marion Saxer, Matthias Ulrich, Salom\u00e9 Voegelin<br \/>\n2 cahiers de 64 p. au total avec 50 illustrations en couleur<br \/>\nFormat 25,4 x 25,4 cm, double couverture EP avec cahiers ins\u00e9r\u00e9s<\/p>","protected":false},"featured_media":4903,"template":"","meta":[],"product_brand":[],"product_cat":[95],"product_tag":[],"class_list":{"0":"post-3488","1":"product","2":"type-product","3":"status-publish","4":"has-post-thumbnail","6":"product_cat-vergriffen","8":"first","9":"outofstock","10":"taxable","11":"shipping-taxable","12":"product-type-simple"},"aioseo_notices":[],"_wp_attached_file":null,"_wp_attachment_metadata":null,"_wc_attachment_source":null,"_elementor_inline_svg":null,"_elementor_is_screenshot":null,"_elementor_source_image_hash":null,"_source_url":null,"_wp_attachment_context":null,"_menu_item_type":null,"_menu_item_menu_item_parent":null,"_menu_item_object_id":null,"_menu_item_object":null,"_menu_item_target":null,"_menu_item_classes":null,"_menu_item_xfn":null,"_menu_item_url":null,"__elementor_forms_snapshot":null,"_unit":"","_unit_base":"","_unit_product":"","_unit_price_auto":"no","_unit_price_regular":"","_unit_price":"","_unit_price_sale":"","_sale_price_label":"","_sale_price_regular_label":"","_manufacturer_slug":"","_mini_desc":"","_defect_description":"","_safety_instructions":"","_allergen_ids":[],"_warranty_attachment_id":"","_safety_attachment_ids":[],"_min_age":"","_ts_gtin":"","_ts_mpn":"","_delivery_time_countries":[],"_free_shipping":"no","_service":"no","_photovoltaic_system":"no","_used_good":"no","_defective_copy":"no","_wireless_electronic_device":"no","_device_contains_power_supply":"no","_device_charging_supports_usb_pd":"no","_device_charging_watt_min":"0","_device_charging_watt_max":"0","_is_food":"no","_differential_taxation":"no","_gzd_version":"3.18.7","_hs_code":"","_customs_description":"","_manufacture_country":"0","_is_non_returnable":"no","_shipping_length":"","_shipping_width":"","_shipping_height":"","_sku":"ISBN 978-3-86442-285-0","_global_unique_id":"978-3-86442-285-0","_regular_price":null,"total_sales":"0","_tax_status":"taxable","_tax_class":"","_manage_stock":"no","_backorders":"no","_sold_individually":"no","_weight":"1","_virtual":"no","_downloadable":"no","_download_limit":"-1","_download_expiry":"-1","_stock":"","_stock_status":"outofstock","_wc_average_rating":"0","_wc_review_count":"0","_product_version":"10.1.4","_price":"","shopengine_product_views_count":"3010","_thumbnail_id":"4903","_product_attributes":{"erscheinungsdatum":{"name":"Date de publication","value":"19.06.2019","position":0,"is_visible":1,"is_variation":0,"is_taxonomy":0,"checkout_visible":0}},"_nutrient_ids":[],"_upsell_ids":null,"pswc_subtitle":null,"_default_delivery_time":null,"_wp_desired_post_slug":null,"_isbn":null,"pageType":null,"isExternalUrl":null,"pageId":null,"externalUrl":null,"hideCookieBanner":null,"isTargetBlank":null,"isProviderCurrentWebsite":null,"isEmbeddingOnlyExternalResources":null,"legalBasis":null,"dataProcessingInCountries":null,"dataProcessingInCountriesSpecialTreatments":null,"technicalDefinitions":null,"googleConsentModeConsentTypes":null,"executePriority":null,"executeCodeOptInWhenNoTagManagerConsentIsGiven":null,"executeCodeOptOutWhenNoTagManagerConsentIsGiven":null,"deleteTechnicalDefinitionsAfterOptOut":null,"presetId":null,"presetVersion":null,"provider":null,"providerContactPhone":null,"providerContactEmail":null,"providerContactLink":null,"uniqueName":null,"providerPrivacyPolicyUrl":null,"providerLegalNoticeUrl":null,"codeOptIn":null,"codeOptOut":null,"codeOnPageLoad":null,"language_code":null,"shopengine_template__post_meta__type":null,"shopengine_template__post_meta":null,"shopengine_template__post_meta__edit_with":null,"origin":null,"_enabled":null,"_filters":null,"_layout":null,"_elementor_import_session_id":null,"_wp_trash_meta_status":null,"_wp_trash_meta_time":null,"_edit_lock":"1743599487:2","_elementor_floating_elements_type":null,"_elementor_edit_mode":null,"_elementor_template_type":null,"tc-thumb-fld":{"_thumb_id":4903,"_thumb_type":"thumb"},"_wp_page_template":"default","_elementor_version":null,"_elementor_pro_version":null,"_elementor_page_settings":null,"_elementor_data":null,"_elementor_conditions":null,"_elementor_popup_display_settings":null,"_edit_last":"2","_elementor_template_sub_type":null,"_elementor_controls_usage":null,"_elementor_screenshot":null,"_elementor_css":null,"_elementor_page_assets":[],"_elementor_element_cache":null,"_elementor_screenshot_failed":null,"_elementor_source":null,"_wp_old_date":null,"layout_key":"","post_slider_check_key":"0","_links":{"self":[{"href":"https:\/\/snoeck.de\/fr\/wp-json\/wp\/v2\/product\/3488","targetHints":{"allow":["GET"]}}],"collection":[{"href":"https:\/\/snoeck.de\/fr\/wp-json\/wp\/v2\/product"}],"about":[{"href":"https:\/\/snoeck.de\/fr\/wp-json\/wp\/v2\/types\/product"}],"wp:featuredmedia":[{"embeddable":true,"href":"https:\/\/snoeck.de\/fr\/wp-json\/wp\/v2\/media\/4903"}],"wp:attachment":[{"href":"https:\/\/snoeck.de\/fr\/wp-json\/wp\/v2\/media?parent=3488"}],"wp:term":[{"taxonomy":"product_brand","embeddable":true,"href":"https:\/\/snoeck.de\/fr\/wp-json\/wp\/v2\/product_brand?post=3488"},{"taxonomy":"product_cat","embeddable":true,"href":"https:\/\/snoeck.de\/fr\/wp-json\/wp\/v2\/product_cat?post=3488"},{"taxonomy":"product_tag","embeddable":true,"href":"https:\/\/snoeck.de\/fr\/wp-json\/wp\/v2\/product_tag?post=3488"}],"curies":[{"name":"wp","href":"https:\/\/api.w.org\/{rel}","templated":true}]}}