{"id":3489,"date":"2025-01-31T11:29:35","date_gmt":"2025-01-31T11:29:35","guid":{"rendered":"https:\/\/snoeck.process-vision.de\/shop\/bill-viola-im-dialog-ausgewaehlte-schriften-vortraege\/"},"modified":"2026-04-08T15:29:55","modified_gmt":"2026-04-08T14:29:55","slug":"bill-viola-im-dialog-ausgewaehlte-schriften-vortraege","status":"publish","type":"product","link":"https:\/\/snoeck.de\/fr\/shop\/bill-viola-im-dialog-ausgewaehlte-schriften-vortraege\/","title":{"rendered":"Bill Viola en dialogue - S\u00e9lection d'\u00e9crits et de conf\u00e9rences"},"content":{"rendered":"<h3>Pour la premi\u00e8re fois, \"\u00c9crits choisis et conf\u00e9rences\" en allemand<\/h3>\n<p>Bill Viola (n\u00e9 en 1951 \u00e0 New York) est consid\u00e9r\u00e9 comme l'un des principaux pionniers et repr\u00e9sentants de l'art vid\u00e9o. Le livre est con\u00e7u comme un lecteur qui permet aux personnes int\u00e9ress\u00e9es de d\u00e9couvrir l'\u0153uvre visuelle impressionnante de Viola \u00e0 travers son propre langage imag\u00e9. En compl\u00e9ment, les textes dialogu\u00e9s donnent un aper\u00e7u de la profondeur de sa pens\u00e9e artistique, qui se forme \u00e0 partir d'un vaste r\u00e9seau d'influences et de pens\u00e9es.<\/p>\n<p>Exposition :<br \/>\nMus\u00e9e de la modernit\u00e9 de Salzbourg, 16\/7 - 30\/10\/2022<\/p>","protected":false},"excerpt":{"rendered":"<p>Reader, Museum der Moderne Salzburg, \u00e9d. par Thorsten Sadowsky et Otto Neumaier<br \/>\nTextes (all.) de William Blake, John Cage, Peter Campus, Ananda K. Coomaraswamy, Hollis Frampton, Kira Perov, Peter Sellars, Andrej Tarkowski, David Tudor, Jal\u0101l ad-D\u012bn Mohammad R\u016bm\u012b et Bill Viola ainsi qu'une introduction d'Otto Neumaier et une pr\u00e9face de Thorsten Sadowsky<br \/>\n368 p. avec 40 illustrations en couleur<br \/>\nFormat 23,5 x 16,5 cm, couverture souple<\/p>","protected":false},"featured_media":4904,"template":"","meta":[],"product_brand":[],"product_cat":[95],"product_tag":[],"class_list":{"0":"post-3489","1":"product","2":"type-product","3":"status-publish","4":"has-post-thumbnail","6":"product_cat-vergriffen","8":"first","9":"outofstock","10":"taxable","11":"shipping-taxable","12":"product-type-simple"},"aioseo_notices":[],"_wp_attached_file":null,"_wp_attachment_metadata":null,"_wc_attachment_source":null,"_elementor_inline_svg":null,"_elementor_is_screenshot":null,"_elementor_source_image_hash":null,"_source_url":null,"_wp_attachment_context":null,"_menu_item_type":null,"_menu_item_menu_item_parent":null,"_menu_item_object_id":null,"_menu_item_object":null,"_menu_item_target":null,"_menu_item_classes":null,"_menu_item_xfn":null,"_menu_item_url":null,"__elementor_forms_snapshot":null,"_unit":"","_unit_base":"","_unit_product":"","_unit_price_auto":"no","_unit_price_regular":"","_unit_price":"","_unit_price_sale":"","_sale_price_label":"","_sale_price_regular_label":"","_manufacturer_slug":"","_mini_desc":"","_defect_description":"","_safety_instructions":"","_allergen_ids":[],"_warranty_attachment_id":"","_safety_attachment_ids":[],"_min_age":"","_ts_gtin":"","_ts_mpn":"","_delivery_time_countries":[],"_free_shipping":"no","_service":"no","_photovoltaic_system":"no","_used_good":"no","_defective_copy":"no","_wireless_electronic_device":"no","_device_contains_power_supply":"no","_device_charging_supports_usb_pd":"no","_device_charging_watt_min":"0","_device_charging_watt_max":"0","_is_food":"no","_differential_taxation":"no","_gzd_version":"3.18.7","_hs_code":"","_customs_description":"","_manufacture_country":"0","_is_non_returnable":"no","_shipping_length":"","_shipping_width":"","_shipping_height":"","_sku":"ISBN 978-3-86442-383-3","_global_unique_id":"978-3-86442-383-3","_regular_price":null,"total_sales":"0","_tax_status":"taxable","_tax_class":"","_manage_stock":"no","_backorders":"no","_sold_individually":"no","_weight":"1","_virtual":"no","_downloadable":"no","_download_limit":"-1","_download_expiry":"-1","_stock":"","_stock_status":"outofstock","_wc_average_rating":"0","_wc_review_count":"0","_product_version":"10.1.4","_price":"","shopengine_product_views_count":"2658","_thumbnail_id":"4904","_product_attributes":{"erscheinungsdatum":{"name":"Date de publication","value":"19.07.2022","position":0,"is_visible":1,"is_variation":0,"is_taxonomy":0,"checkout_visible":0}},"_nutrient_ids":[],"_upsell_ids":null,"pswc_subtitle":null,"_default_delivery_time":null,"_wp_desired_post_slug":null,"_isbn":null,"pageType":null,"isExternalUrl":null,"pageId":null,"externalUrl":null,"hideCookieBanner":null,"isTargetBlank":null,"isProviderCurrentWebsite":null,"isEmbeddingOnlyExternalResources":null,"legalBasis":null,"dataProcessingInCountries":null,"dataProcessingInCountriesSpecialTreatments":null,"technicalDefinitions":null,"googleConsentModeConsentTypes":null,"executePriority":null,"executeCodeOptInWhenNoTagManagerConsentIsGiven":null,"executeCodeOptOutWhenNoTagManagerConsentIsGiven":null,"deleteTechnicalDefinitionsAfterOptOut":null,"presetId":null,"presetVersion":null,"provider":null,"providerContactPhone":null,"providerContactEmail":null,"providerContactLink":null,"uniqueName":null,"providerPrivacyPolicyUrl":null,"providerLegalNoticeUrl":null,"codeOptIn":null,"codeOptOut":null,"codeOnPageLoad":null,"language_code":null,"shopengine_template__post_meta__type":null,"shopengine_template__post_meta":null,"shopengine_template__post_meta__edit_with":null,"origin":null,"_enabled":null,"_filters":null,"_layout":null,"_elementor_import_session_id":null,"_wp_trash_meta_status":null,"_wp_trash_meta_time":null,"_edit_lock":"1759338769:2","_elementor_floating_elements_type":null,"_elementor_edit_mode":null,"_elementor_template_type":null,"tc-thumb-fld":{"_thumb_id":4904,"_thumb_type":"thumb"},"_wp_page_template":"default","_elementor_version":null,"_elementor_pro_version":null,"_elementor_page_settings":null,"_elementor_data":null,"_elementor_conditions":null,"_elementor_popup_display_settings":null,"_edit_last":"2","_elementor_template_sub_type":null,"_elementor_controls_usage":null,"_elementor_screenshot":null,"_elementor_css":null,"_elementor_page_assets":[],"_elementor_element_cache":null,"_elementor_screenshot_failed":null,"_elementor_source":null,"_wp_old_date":null,"layout_key":"","post_slider_check_key":"0","_links":{"self":[{"href":"https:\/\/snoeck.de\/fr\/wp-json\/wp\/v2\/product\/3489","targetHints":{"allow":["GET"]}}],"collection":[{"href":"https:\/\/snoeck.de\/fr\/wp-json\/wp\/v2\/product"}],"about":[{"href":"https:\/\/snoeck.de\/fr\/wp-json\/wp\/v2\/types\/product"}],"wp:featuredmedia":[{"embeddable":true,"href":"https:\/\/snoeck.de\/fr\/wp-json\/wp\/v2\/media\/4904"}],"wp:attachment":[{"href":"https:\/\/snoeck.de\/fr\/wp-json\/wp\/v2\/media?parent=3489"}],"wp:term":[{"taxonomy":"product_brand","embeddable":true,"href":"https:\/\/snoeck.de\/fr\/wp-json\/wp\/v2\/product_brand?post=3489"},{"taxonomy":"product_cat","embeddable":true,"href":"https:\/\/snoeck.de\/fr\/wp-json\/wp\/v2\/product_cat?post=3489"},{"taxonomy":"product_tag","embeddable":true,"href":"https:\/\/snoeck.de\/fr\/wp-json\/wp\/v2\/product_tag?post=3489"}],"curies":[{"name":"wp","href":"https:\/\/api.w.org\/{rel}","templated":true}]}}