{"id":3491,"date":"2025-01-31T11:29:38","date_gmt":"2025-01-31T11:29:38","guid":{"rendered":"https:\/\/snoeck.process-vision.de\/shop\/sofie-bird-moller\/"},"modified":"2026-04-08T15:36:56","modified_gmt":"2026-04-08T14:36:56","slug":"sofie-bird-moller","status":"publish","type":"product","link":"https:\/\/snoeck.de\/fr\/shop\/sofie-bird-moller\/","title":{"rendered":"Sofie Bird M\u00f8ller"},"content":{"rendered":"<h3>Bon pour les omissions !<\/h3>\n<p>Pour Wilhelm Sch\u00fcrmann, \u00e9minent collectionneur et organisateur d'expositions d'Aix-la-Chapelle, Sofie Bird M\u00f8ller \"excelle dans l'omission\", et c'est ainsi qu'il lui noue un lien dans son texte d'introduction pour ses omissions et ses repeints admir\u00e9s. L'\u0153uvre encore mince de l'\u00e9l\u00e8ve de G\u00fcnther F\u00f6rg est pour la premi\u00e8re fois document\u00e9e en solo et pr\u00e9sent\u00e9e de mani\u00e8re compl\u00e8te avec cette publication individuelle. Ce qui est peut-\u00eatre le plus \u00e9tonnant dans ces repeints, qui fonctionnent aussi bien dans un petit format que sur les grands panneaux d'affichage repeints que la jeune artiste a d\u00e9j\u00e0 r\u00e9alis\u00e9s \u00e0 plusieurs reprises \"la nuit\" \u00e0 Munich, Londres et Berlin, c'est que le sujet semble \u00eatre fait pour ce type d'attaque expressive, comme si une circonstance terriblement ennuyeuse attendait pr\u00e9cis\u00e9ment cette ivresse, une telle explosion. L'ex\u00e9cution semble rapide, ce qui renforce encore cette impression, et pourtant elle est si pr\u00e9cise que l'effondrement en forme de puzzle semble tout \u00e0 fait logique. Outre les travaux acryliques, Sofie Bird M\u00f8ller appelle ses pages de magazines et ses panneaux d'affichage repeints Interf\u00e9rences, le volume pr\u00e9sente toute une s\u00e9rie de gravures retravaill\u00e9es. Les interventions de l'artiste ressemblent \u00e0 des retouches, des corrections qui dissolvent l'historique du mat\u00e9riau de base dans l'intemporel.<\/p>","protected":false},"excerpt":{"rendered":"<p>Textes (all.\/ang.) de Laura Henseler, Anders Kold, Wilhelm Sch\u00fcrmann<br \/>\n232 p. avec 100 illustrations grand format, dont certaines sur double page<br \/>\nformat 24 x 17 cm, broch\u00e9<\/p>","protected":false},"featured_media":4906,"template":"","meta":[],"product_brand":[],"product_cat":[95],"product_tag":[],"class_list":{"0":"post-3491","1":"product","2":"type-product","3":"status-publish","4":"has-post-thumbnail","6":"product_cat-vergriffen","8":"first","9":"outofstock","10":"taxable","11":"shipping-taxable","12":"product-type-simple"},"aioseo_notices":[],"_wp_attached_file":null,"_wp_attachment_metadata":null,"_wc_attachment_source":null,"_elementor_inline_svg":null,"_elementor_is_screenshot":null,"_elementor_source_image_hash":null,"_source_url":null,"_wp_attachment_context":null,"_menu_item_type":null,"_menu_item_menu_item_parent":null,"_menu_item_object_id":null,"_menu_item_object":null,"_menu_item_target":null,"_menu_item_classes":null,"_menu_item_xfn":null,"_menu_item_url":null,"__elementor_forms_snapshot":null,"_unit":"","_unit_base":"","_unit_product":"","_unit_price_auto":"no","_unit_price_regular":"","_unit_price":"","_unit_price_sale":"","_sale_price_label":"","_sale_price_regular_label":"","_manufacturer_slug":"","_mini_desc":"","_defect_description":"","_safety_instructions":"","_allergen_ids":[],"_warranty_attachment_id":"","_safety_attachment_ids":[],"_min_age":"","_ts_gtin":"","_ts_mpn":"","_delivery_time_countries":[],"_free_shipping":"no","_service":"no","_photovoltaic_system":"no","_used_good":"no","_defective_copy":"no","_wireless_electronic_device":"no","_device_contains_power_supply":"no","_device_charging_supports_usb_pd":"no","_device_charging_watt_min":"0","_device_charging_watt_max":"0","_is_food":"no","_differential_taxation":"no","_gzd_version":"3.18.7","_hs_code":"","_customs_description":"","_manufacture_country":"0","_is_non_returnable":"no","_shipping_length":"","_shipping_width":"","_shipping_height":"","_sku":"ISBN 978-3-940953-69-8","_global_unique_id":"978-3-940953-69-8","_regular_price":null,"total_sales":"0","_tax_status":"taxable","_tax_class":"","_manage_stock":"no","_backorders":"no","_sold_individually":"no","_weight":"1","_virtual":"no","_downloadable":"no","_download_limit":"-1","_download_expiry":"-1","_stock":"","_stock_status":"outofstock","_wc_average_rating":"0","_wc_review_count":"0","_product_version":"10.1.4","_price":"","shopengine_product_views_count":"2715","_thumbnail_id":"4906","_product_attributes":{"erscheinungsdatum":{"name":"Date de publication","value":"01.01.2012","position":0,"is_visible":1,"is_variation":0,"is_taxonomy":0,"checkout_visible":0}},"_nutrient_ids":[],"_upsell_ids":null,"pswc_subtitle":null,"_default_delivery_time":null,"_wp_desired_post_slug":null,"_isbn":null,"pageType":null,"isExternalUrl":null,"pageId":null,"externalUrl":null,"hideCookieBanner":null,"isTargetBlank":null,"isProviderCurrentWebsite":null,"isEmbeddingOnlyExternalResources":null,"legalBasis":null,"dataProcessingInCountries":null,"dataProcessingInCountriesSpecialTreatments":null,"technicalDefinitions":null,"googleConsentModeConsentTypes":null,"executePriority":null,"executeCodeOptInWhenNoTagManagerConsentIsGiven":null,"executeCodeOptOutWhenNoTagManagerConsentIsGiven":null,"deleteTechnicalDefinitionsAfterOptOut":null,"presetId":null,"presetVersion":null,"provider":null,"providerContactPhone":null,"providerContactEmail":null,"providerContactLink":null,"uniqueName":null,"providerPrivacyPolicyUrl":null,"providerLegalNoticeUrl":null,"codeOptIn":null,"codeOptOut":null,"codeOnPageLoad":null,"language_code":null,"shopengine_template__post_meta__type":null,"shopengine_template__post_meta":null,"shopengine_template__post_meta__edit_with":null,"origin":null,"_enabled":null,"_filters":null,"_layout":null,"_elementor_import_session_id":null,"_wp_trash_meta_status":null,"_wp_trash_meta_time":null,"_edit_lock":"1743599141:2","_elementor_floating_elements_type":null,"_elementor_edit_mode":null,"_elementor_template_type":null,"tc-thumb-fld":{"_thumb_id":4906,"_thumb_type":"thumb"},"_wp_page_template":"default","_elementor_version":null,"_elementor_pro_version":null,"_elementor_page_settings":null,"_elementor_data":null,"_elementor_conditions":null,"_elementor_popup_display_settings":null,"_edit_last":"2","_elementor_template_sub_type":null,"_elementor_controls_usage":null,"_elementor_screenshot":null,"_elementor_css":null,"_elementor_page_assets":[],"_elementor_element_cache":null,"_elementor_screenshot_failed":null,"_elementor_source":null,"_wp_old_date":null,"layout_key":"","post_slider_check_key":"0","_links":{"self":[{"href":"https:\/\/snoeck.de\/fr\/wp-json\/wp\/v2\/product\/3491","targetHints":{"allow":["GET"]}}],"collection":[{"href":"https:\/\/snoeck.de\/fr\/wp-json\/wp\/v2\/product"}],"about":[{"href":"https:\/\/snoeck.de\/fr\/wp-json\/wp\/v2\/types\/product"}],"wp:featuredmedia":[{"embeddable":true,"href":"https:\/\/snoeck.de\/fr\/wp-json\/wp\/v2\/media\/4906"}],"wp:attachment":[{"href":"https:\/\/snoeck.de\/fr\/wp-json\/wp\/v2\/media?parent=3491"}],"wp:term":[{"taxonomy":"product_brand","embeddable":true,"href":"https:\/\/snoeck.de\/fr\/wp-json\/wp\/v2\/product_brand?post=3491"},{"taxonomy":"product_cat","embeddable":true,"href":"https:\/\/snoeck.de\/fr\/wp-json\/wp\/v2\/product_cat?post=3491"},{"taxonomy":"product_tag","embeddable":true,"href":"https:\/\/snoeck.de\/fr\/wp-json\/wp\/v2\/product_tag?post=3491"}],"curies":[{"name":"wp","href":"https:\/\/api.w.org\/{rel}","templated":true}]}}