{"id":3492,"date":"2025-01-31T11:29:39","date_gmt":"2025-01-31T11:29:39","guid":{"rendered":"https:\/\/snoeck.process-vision.de\/shop\/flurin-bisig-gestaltloses-verlangen\/"},"modified":"2025-04-02T13:06:37","modified_gmt":"2025-04-02T13:06:37","slug":"flurin-bisig-gestaltloses-verlangen","status":"publish","type":"product","link":"https:\/\/snoeck.de\/fr\/shop\/flurin-bisig-gestaltloses-verlangen\/","title":{"rendered":"Flurin Bisig : D\u00e9sir sans forme"},"content":{"rendered":"<h3>Le royaume disparate de l'amour<\/h3>\n<p>\"La d\u00e9marche artistique de Flurin Bisig est celle d'un chercheur. Avec une ouverture d'esprit impressionnante, il se lance dans une aventure qui commence par un crayon \u00e0 dessin sur papier, se manifeste ensuite par des bricolages en mat\u00e9riaux d'atelier, mais prend aussi forme dans le bois, la t\u00f4le et m\u00eame le marbre. Parall\u00e8lement, des moments sculpturaux int\u00e9ressants se r\u00e9v\u00e8lent au regard vagabond de l'observateur attentif dans l'environnement de l'artiste. Ils font \u00e9cho \u00e0 son propre travail et lui donnent en m\u00eame temps de nouvelles impulsions. Chez Flurin Bisig, la coexistence de ces activit\u00e9s conduit \u00e0 bien plus qu'une simple diff\u00e9renciation des possibilit\u00e9s sculpturales. Depuis le d\u00e9but, il ne con\u00e7oit pas son travail comme la poursuite d'un discours artistique dans un sens moderniste, mais comme une r\u00e9action et une condensation du monde de la vie - il assimile donc volontiers ses \u0153uvres \u00e0 un album de chansons de l'histoire du rock, \u00e0 un passage d'une \u0153uvre philosophique ou \u00e0 un po\u00e8me. Peut-\u00eatre vaut-il mieux aborder l'\u0153uvre de Flurin Bisig de l'ext\u00e9rieur que de l'int\u00e9rieur ? Les formes r\u00e9sultent de la situation, de l'exp\u00e9rience v\u00e9cue, et ne d\u00e9coulent pas de lois impos\u00e9es par l'art. L'\u0153uvre r\u00e9alis\u00e9e jusqu'\u00e0 pr\u00e9sent appara\u00eet donc disparate en termes de forme, de mat\u00e9riau et de r\u00e9alisation. La coh\u00e9rence interne d\u00e9coule de l'attitude de Flurin Bisig face au monde, et non d'une volont\u00e9 artistique indispensable. Ses sculptures sont sa mani\u00e8re de s'exprimer, qui se nourrit de diff\u00e9rentes sources, peut prendre diff\u00e9rentes formes et laisse une marge de man\u0153uvre \u00e0 ses propres exp\u00e9riences, y compris \u00e0 celles des spectateurs. Le chemin qui m\u00e8ne \u00e0 ces \u0153uvres est tout sauf rectiligne\". Stephan Kunz<\/p>\n<p>Exposition :<br \/>\nMus\u00e9e d'art des Grisons Coire, 16\/3 - 18\/8\/2019<\/p>","protected":false},"excerpt":{"rendered":"<p>Catalogue d'exposition, B\u00fcndner Kunstmuseum Chur, \u00e9d. par Stephan Kunz et Lynn Kost<br \/>\nTextes (all.\/ang.) de Stephan Kunz, Lynn Kost<br \/>\n176 p. avec 140 illustrations en couleur<br \/>\nFormat 23,5 x 17 cm, couverture souple avec jaquette d\u00e9coup\u00e9e<\/p>","protected":false},"featured_media":4907,"template":"","meta":[],"product_brand":[],"product_cat":[86,59],"product_tag":[],"class_list":{"0":"post-3492","1":"product","2":"type-product","3":"status-publish","4":"has-post-thumbnail","6":"product_cat-86","7":"product_cat-b","9":"first","10":"instock","11":"taxable","12":"shipping-taxable","13":"purchasable","14":"product-type-simple"},"aioseo_notices":[],"_wp_attached_file":null,"_wp_attachment_metadata":null,"_wc_attachment_source":null,"_elementor_inline_svg":null,"_elementor_is_screenshot":null,"_elementor_source_image_hash":null,"_source_url":null,"_wp_attachment_context":null,"_menu_item_type":null,"_menu_item_menu_item_parent":null,"_menu_item_object_id":null,"_menu_item_object":null,"_menu_item_target":null,"_menu_item_classes":null,"_menu_item_xfn":null,"_menu_item_url":null,"__elementor_forms_snapshot":null,"_unit":"","_unit_base":"","_unit_product":"","_unit_price_auto":"no","_unit_price_regular":"","_unit_price":"","_unit_price_sale":"","_sale_price_label":"","_sale_price_regular_label":"","_manufacturer_slug":"","_mini_desc":"","_defect_description":"","_safety_instructions":"","_allergen_ids":[],"_warranty_attachment_id":"","_safety_attachment_ids":[],"_min_age":"","_ts_gtin":"","_ts_mpn":"","_delivery_time_countries":[],"_free_shipping":"no","_service":"no","_photovoltaic_system":"no","_used_good":"no","_defective_copy":"no","_wireless_electronic_device":"no","_device_contains_power_supply":"no","_device_charging_supports_usb_pd":"no","_device_charging_watt_min":"0","_device_charging_watt_max":"0","_is_food":"no","_differential_taxation":"no","_gzd_version":"3.18.7","_hs_code":"","_customs_description":"","_manufacture_country":"0","_is_non_returnable":"no","_shipping_length":"","_shipping_width":"","_shipping_height":"","_sku":"ISBN 978-3-86442-388-8","_global_unique_id":"978-3-86442-388-8","_regular_price":"39.8","total_sales":"0","_tax_status":"taxable","_tax_class":"","_manage_stock":"no","_backorders":"no","_sold_individually":"no","_weight":"1","_virtual":"no","_downloadable":"no","_download_limit":"-1","_download_expiry":"-1","_stock":"","_stock_status":"instock","_wc_average_rating":"0","_wc_review_count":"0","_product_version":"9.7.1","_price":"39.8","shopengine_product_views_count":"2296","_thumbnail_id":"4907","_product_attributes":{"erscheinungsdatum":{"name":"Date de publication","value":"24.06.2022","position":0,"is_visible":1,"is_variation":0,"is_taxonomy":0,"checkout_visible":0}},"_nutrient_ids":[],"_upsell_ids":null,"pswc_subtitle":null,"_default_delivery_time":null,"_wp_desired_post_slug":null,"_isbn":null,"pageType":null,"isExternalUrl":null,"pageId":null,"externalUrl":null,"hideCookieBanner":null,"isTargetBlank":null,"isProviderCurrentWebsite":null,"isEmbeddingOnlyExternalResources":null,"legalBasis":null,"dataProcessingInCountries":null,"dataProcessingInCountriesSpecialTreatments":null,"technicalDefinitions":null,"googleConsentModeConsentTypes":null,"executePriority":null,"executeCodeOptInWhenNoTagManagerConsentIsGiven":null,"executeCodeOptOutWhenNoTagManagerConsentIsGiven":null,"deleteTechnicalDefinitionsAfterOptOut":null,"presetId":null,"presetVersion":null,"provider":null,"providerContactPhone":null,"providerContactEmail":null,"providerContactLink":null,"uniqueName":null,"providerPrivacyPolicyUrl":null,"providerLegalNoticeUrl":null,"codeOptIn":null,"codeOptOut":null,"codeOnPageLoad":null,"language_code":null,"shopengine_template__post_meta__type":null,"shopengine_template__post_meta":null,"shopengine_template__post_meta__edit_with":null,"origin":null,"_enabled":null,"_filters":null,"_layout":null,"_elementor_import_session_id":null,"_wp_trash_meta_status":null,"_wp_trash_meta_time":null,"_edit_lock":"1743599198:2","_elementor_floating_elements_type":null,"_elementor_edit_mode":null,"_elementor_template_type":null,"tc-thumb-fld":{"_thumb_id":4907,"_thumb_type":"thumb"},"_wp_page_template":"default","_elementor_version":null,"_elementor_pro_version":null,"_elementor_page_settings":null,"_elementor_data":null,"_elementor_conditions":null,"_elementor_popup_display_settings":null,"_edit_last":"2","_elementor_template_sub_type":null,"_elementor_controls_usage":null,"_elementor_screenshot":null,"_elementor_css":null,"_elementor_page_assets":[],"_elementor_element_cache":null,"_elementor_screenshot_failed":null,"_elementor_source":null,"_wp_old_date":null,"layout_key":"","post_slider_check_key":"0","_links":{"self":[{"href":"https:\/\/snoeck.de\/fr\/wp-json\/wp\/v2\/product\/3492","targetHints":{"allow":["GET"]}}],"collection":[{"href":"https:\/\/snoeck.de\/fr\/wp-json\/wp\/v2\/product"}],"about":[{"href":"https:\/\/snoeck.de\/fr\/wp-json\/wp\/v2\/types\/product"}],"wp:featuredmedia":[{"embeddable":true,"href":"https:\/\/snoeck.de\/fr\/wp-json\/wp\/v2\/media\/4907"}],"wp:attachment":[{"href":"https:\/\/snoeck.de\/fr\/wp-json\/wp\/v2\/media?parent=3492"}],"wp:term":[{"taxonomy":"product_brand","embeddable":true,"href":"https:\/\/snoeck.de\/fr\/wp-json\/wp\/v2\/product_brand?post=3492"},{"taxonomy":"product_cat","embeddable":true,"href":"https:\/\/snoeck.de\/fr\/wp-json\/wp\/v2\/product_cat?post=3492"},{"taxonomy":"product_tag","embeddable":true,"href":"https:\/\/snoeck.de\/fr\/wp-json\/wp\/v2\/product_tag?post=3492"}],"curies":[{"name":"wp","href":"https:\/\/api.w.org\/{rel}","templated":true}]}}