{"id":3493,"date":"2025-01-31T11:29:39","date_gmt":"2025-01-31T11:29:39","guid":{"rendered":"https:\/\/snoeck.process-vision.de\/shop\/bodycheck-martin-kippenberger-maria-lassnig\/"},"modified":"2025-04-02T13:00:04","modified_gmt":"2025-04-02T13:00:04","slug":"bodycheck-martin-kippenberger-maria-lassnig","status":"publish","type":"product","link":"https:\/\/snoeck.de\/fr\/shop\/bodycheck-martin-kippenberger-maria-lassnig\/","title":{"rendered":"Bodycheck - Martin Kippenberger - Maria Lassnig"},"content":{"rendered":"<h3>Le moi, son propre corps<\/h3>\n<p>Sous le titre BODYCHECK sont pr\u00e9sent\u00e9es deux grandes personnalit\u00e9s artistiques de la fin du 20e si\u00e8cle qui, \u00e0 l'\u00e9poque de l'abstraction picturale et de l'\u00e9mergence du \"politiquement correct\", ont compris le travail artistique avec le corps comme une mise en sc\u00e8ne grotesque du corps f\u00e9minin et du corps masculin comme une th\u00e9\u00e2tralit\u00e9 du corps et des membres ainsi que de la t\u00eate et des yeux. Pendant des d\u00e9cennies, Maria Lassnig (1919-2014) n'a cess\u00e9 de reprendre ce discours grotesque plein d'humour comme moyen d'expression artistique plein d'autod\u00e9rision et comme arme f\u00e9ministe dans ses tableaux, se pr\u00e9sentant elle-m\u00eame comme un torse, un animal avec des proth\u00e8ses et en m\u00e9tamorphose organique permanente. Les peintures, sculptures et dessins de Martin Kippenberger (1953-1997) sont constamment port\u00e9s par un grotesque sous-jacent, dans lequel la bande dessin\u00e9e et l'humour abyssal sont les moyens d'expression d'une exp\u00e9rience du monde douloureuse, voire tragique, o\u00f9 la r\u00e8gle est : \"Personne n'aide personne\". Le moi, son propre corps, est emp\u00eatr\u00e9 ou fragment\u00e9 de mani\u00e8re all\u00e9gorique dans des artefacts et des constructions linguistiques. Le salut reste une utopie. Lassnig et Kippenberger ne se sont jamais rencontr\u00e9s, mais la proximit\u00e9 dans le choix des motifs est \u00e9tonnante. Kippenberger a tr\u00e8s probablement vu des expositions de Lassnig (D\u00fcsseldorf 1985), et inversement, l'artiste autrichienne s'est manifestement pench\u00e9e sur son \u0153uvre apr\u00e8s sa mort pr\u00e9matur\u00e9e. L'exposition, qui n'est pr\u00e9sent\u00e9e qu'\u00e0 Bolzano, ainsi que le livre, mettent en parall\u00e8le des images du corps des deux artistes sur deux d\u00e9cennies et donnent ainsi un aper\u00e7u de la conception sexu\u00e9e des r\u00f4les dans l'art \u00e0 la fin du 20e si\u00e8cle.<\/p>\n<p>Exposition :<br \/>\nMuseion Bozen, 3\/2 - 6\/5\/2018<br \/>\nLenbachhaus Munich, 21\/5 - 15\/9\/2019<\/p>","protected":false},"excerpt":{"rendered":"<p>Catalogue d'exposition, Museion Bozen, \u00e9d. par Veith Loers<br \/>\nTextes (all.\/angl.\/ital.) de Kristy Bell, Anna Fricke, Veit Loers, Peter Pakesch<br \/>\n176 p. avec 137 illustrations en couleur<br \/>\nformat 28 x 22 cm, couverture souple<\/p>","protected":false},"featured_media":4908,"template":"","meta":[],"product_brand":[],"product_cat":[111,59,68,69],"product_tag":[],"class_list":{"0":"post-3493","1":"product","2":"type-product","3":"status-publish","4":"has-post-thumbnail","6":"product_cat-111","7":"product_cat-b","8":"product_cat-k","9":"product_cat-l","11":"first","12":"instock","13":"taxable","14":"shipping-taxable","15":"purchasable","16":"product-type-simple"},"aioseo_notices":[],"_wp_attached_file":null,"_wp_attachment_metadata":null,"_wc_attachment_source":null,"_elementor_inline_svg":null,"_elementor_is_screenshot":null,"_elementor_source_image_hash":null,"_source_url":null,"_wp_attachment_context":null,"_menu_item_type":null,"_menu_item_menu_item_parent":null,"_menu_item_object_id":null,"_menu_item_object":null,"_menu_item_target":null,"_menu_item_classes":null,"_menu_item_xfn":null,"_menu_item_url":null,"__elementor_forms_snapshot":null,"_unit":"","_unit_base":"","_unit_product":"","_unit_price_auto":"no","_unit_price_regular":"","_unit_price":"","_unit_price_sale":"","_sale_price_label":"","_sale_price_regular_label":"","_manufacturer_slug":"","_mini_desc":"","_defect_description":"","_safety_instructions":"","_allergen_ids":[],"_warranty_attachment_id":"","_safety_attachment_ids":[],"_min_age":"","_ts_gtin":"","_ts_mpn":"","_delivery_time_countries":[],"_free_shipping":"no","_service":"no","_photovoltaic_system":"no","_used_good":"no","_defective_copy":"no","_wireless_electronic_device":"no","_device_contains_power_supply":"no","_device_charging_supports_usb_pd":"no","_device_charging_watt_min":"0","_device_charging_watt_max":"0","_is_food":"no","_differential_taxation":"no","_gzd_version":"3.18.7","_hs_code":"","_customs_description":"","_manufacture_country":"0","_is_non_returnable":"no","_shipping_length":"","_shipping_width":"","_shipping_height":"","_sku":"ISBN 978-3-86442-234-8","_global_unique_id":"978-3-86442-234-8","_regular_price":"36","total_sales":"0","_tax_status":"taxable","_tax_class":"","_manage_stock":"no","_backorders":"no","_sold_individually":"no","_weight":"1","_virtual":"no","_downloadable":"no","_download_limit":"-1","_download_expiry":"-1","_stock":"","_stock_status":"instock","_wc_average_rating":"0","_wc_review_count":"0","_product_version":"9.7.1","_price":"36","shopengine_product_views_count":"3271","_thumbnail_id":"4908","_product_attributes":{"erscheinungsdatum":{"name":"Date de publication","value":"18.03.2018","position":0,"is_visible":1,"is_variation":0,"is_taxonomy":0,"checkout_visible":0}},"_nutrient_ids":[],"_upsell_ids":null,"pswc_subtitle":null,"_default_delivery_time":null,"_wp_desired_post_slug":null,"_isbn":null,"pageType":null,"isExternalUrl":null,"pageId":null,"externalUrl":null,"hideCookieBanner":null,"isTargetBlank":null,"isProviderCurrentWebsite":null,"isEmbeddingOnlyExternalResources":null,"legalBasis":null,"dataProcessingInCountries":null,"dataProcessingInCountriesSpecialTreatments":null,"technicalDefinitions":null,"googleConsentModeConsentTypes":null,"executePriority":null,"executeCodeOptInWhenNoTagManagerConsentIsGiven":null,"executeCodeOptOutWhenNoTagManagerConsentIsGiven":null,"deleteTechnicalDefinitionsAfterOptOut":null,"presetId":null,"presetVersion":null,"provider":null,"providerContactPhone":null,"providerContactEmail":null,"providerContactLink":null,"uniqueName":null,"providerPrivacyPolicyUrl":null,"providerLegalNoticeUrl":null,"codeOptIn":null,"codeOptOut":null,"codeOnPageLoad":null,"language_code":null,"shopengine_template__post_meta__type":null,"shopengine_template__post_meta":null,"shopengine_template__post_meta__edit_with":null,"origin":null,"_enabled":null,"_filters":null,"_layout":null,"_elementor_import_session_id":null,"_wp_trash_meta_status":null,"_wp_trash_meta_time":null,"_edit_lock":"1743598665:2","_elementor_floating_elements_type":null,"_elementor_edit_mode":null,"_elementor_template_type":null,"tc-thumb-fld":{"_thumb_id":4908,"_thumb_type":"thumb"},"_wp_page_template":"default","_elementor_version":null,"_elementor_pro_version":null,"_elementor_page_settings":null,"_elementor_data":null,"_elementor_conditions":null,"_elementor_popup_display_settings":null,"_edit_last":"2","_elementor_template_sub_type":null,"_elementor_controls_usage":null,"_elementor_screenshot":null,"_elementor_css":null,"_elementor_page_assets":[],"_elementor_element_cache":null,"_elementor_screenshot_failed":null,"_elementor_source":null,"_wp_old_date":null,"layout_key":"","post_slider_check_key":"0","_links":{"self":[{"href":"https:\/\/snoeck.de\/fr\/wp-json\/wp\/v2\/product\/3493","targetHints":{"allow":["GET"]}}],"collection":[{"href":"https:\/\/snoeck.de\/fr\/wp-json\/wp\/v2\/product"}],"about":[{"href":"https:\/\/snoeck.de\/fr\/wp-json\/wp\/v2\/types\/product"}],"wp:featuredmedia":[{"embeddable":true,"href":"https:\/\/snoeck.de\/fr\/wp-json\/wp\/v2\/media\/4908"}],"wp:attachment":[{"href":"https:\/\/snoeck.de\/fr\/wp-json\/wp\/v2\/media?parent=3493"}],"wp:term":[{"taxonomy":"product_brand","embeddable":true,"href":"https:\/\/snoeck.de\/fr\/wp-json\/wp\/v2\/product_brand?post=3493"},{"taxonomy":"product_cat","embeddable":true,"href":"https:\/\/snoeck.de\/fr\/wp-json\/wp\/v2\/product_cat?post=3493"},{"taxonomy":"product_tag","embeddable":true,"href":"https:\/\/snoeck.de\/fr\/wp-json\/wp\/v2\/product_tag?post=3493"}],"curies":[{"name":"wp","href":"https:\/\/api.w.org\/{rel}","templated":true}]}}