{"id":3494,"date":"2025-01-31T11:29:40","date_gmt":"2025-01-31T11:29:40","guid":{"rendered":"https:\/\/snoeck.process-vision.de\/shop\/monica-bonvicini\/"},"modified":"2025-04-02T12:53:11","modified_gmt":"2025-04-02T12:53:11","slug":"monica-bonvicini","status":"publish","type":"product","link":"https:\/\/snoeck.de\/fr\/shop\/monica-bonvicini\/","title":{"rendered":"Monica Bonvicini"},"content":{"rendered":"<h3>Pouvoir Sexe Espace<\/h3>\n<p>Avec ses installations, ses sculptures et ses dessins, Monica Bonvicini a cr\u00e9\u00e9 une \u0153uvre complexe et internationalement reconnue, pour laquelle elle a notamment re\u00e7u le Lion d'or de la Biennale de Venise en 1999 ou, tout r\u00e9cemment, le prix Oskar Kokoschka \u00e0 Vienne en 2020. Ce volume pr\u00e9sente deux s\u00e9ries de dessins r\u00e9cents : L'une poursuit la s\u00e9rie \"Hurricanes and Other Catastrophes\" commenc\u00e9e en 2006 \u00e0 l'occasion des ravages de l'ouragan Katrina et \u00e9largit le regard, d'abord focalis\u00e9 sur les destructions soudaines caus\u00e9es par l'ouragan \u00e0 la Nouvelle-Orl\u00e9ans, \u00e0 des vues de maisons pr\u00e9sentant des dommages dus \u00e0 des changements climatiques \u00e0 long terme. La deuxi\u00e8me s\u00e9rie - r\u00e9alis\u00e9e pendant le lockdown - nous entra\u00eene dans des paysages gris fonc\u00e9 et roses, domin\u00e9s par des cl\u00f4tures, des cha\u00eenes et des lignes de texte. Ces derni\u00e8res contrastent avec les arri\u00e8re-plans doux et semblent \u00e9tonnamment r\u00e9elles et pr\u00e9sentes. Monica Bonvicini a vaporis\u00e9 des mots qui sont \u00e0 l'origine des \u0153uvres de Roland Barthes, Judith Butler, Natalie Diaz, Soraya Chemaly ou Andrea Dworkin - mais qui sont d\u00e9form\u00e9s, raccourcis ou modifi\u00e9s d'une autre mani\u00e8re, ce qui donne alors naissance \u00e0 une toute nouvelle dimension po\u00e9tique : \"Weep Me Crude\", \"Power Joy Humor &amp; Widerstand\", \"I Never Tire\", etc.<\/p>\n<p>Exposition :<br \/>\nKunsthalle Bielefeld, Lover's Material, 10\/10\/2020 - 30\/5\/2021<\/p>","protected":false},"excerpt":{"rendered":"<p>Catalogue d'exposition, Kunsthalle Bielefeld, \u00e9d. par Christina V\u00e9gh<br \/>\nTextes (all.\/ang.) de Colin Lang, Christina V\u00e9gh<br \/>\n224 p. avec 100 illustrations en couleur<br \/>\nformat 31,5 x 24 cm, brochure \u00e0 rabats<\/p>","protected":false},"featured_media":4909,"template":"","meta":[],"product_brand":[],"product_cat":[85,59],"product_tag":[],"class_list":{"0":"post-3494","1":"product","2":"type-product","3":"status-publish","4":"has-post-thumbnail","6":"product_cat-85","7":"product_cat-b","9":"first","10":"instock","11":"taxable","12":"shipping-taxable","13":"purchasable","14":"product-type-simple"},"aioseo_notices":[],"_wp_attached_file":null,"_wp_attachment_metadata":null,"_wc_attachment_source":null,"_elementor_inline_svg":null,"_elementor_is_screenshot":null,"_elementor_source_image_hash":null,"_source_url":null,"_wp_attachment_context":null,"_menu_item_type":null,"_menu_item_menu_item_parent":null,"_menu_item_object_id":null,"_menu_item_object":null,"_menu_item_target":null,"_menu_item_classes":null,"_menu_item_xfn":null,"_menu_item_url":null,"__elementor_forms_snapshot":null,"_unit":"","_unit_base":"","_unit_product":"","_unit_price_auto":"no","_unit_price_regular":"","_unit_price":"","_unit_price_sale":"","_sale_price_label":"","_sale_price_regular_label":"","_manufacturer_slug":"","_mini_desc":"","_defect_description":"","_safety_instructions":"","_allergen_ids":[],"_warranty_attachment_id":"","_safety_attachment_ids":[],"_min_age":"","_ts_gtin":"","_ts_mpn":"","_delivery_time_countries":[],"_free_shipping":"no","_service":"no","_photovoltaic_system":"no","_used_good":"no","_defective_copy":"no","_wireless_electronic_device":"no","_device_contains_power_supply":"no","_device_charging_supports_usb_pd":"no","_device_charging_watt_min":"0","_device_charging_watt_max":"0","_is_food":"no","_differential_taxation":"no","_gzd_version":"3.18.7","_hs_code":"","_customs_description":"","_manufacture_country":"0","_is_non_returnable":"no","_shipping_length":"","_shipping_width":"","_shipping_height":"","_sku":"ISBN 978-3-86442-336-9","_global_unique_id":"978-3-86442-336-9","_regular_price":"48","total_sales":"0","_tax_status":"taxable","_tax_class":"","_manage_stock":"no","_backorders":"no","_sold_individually":"no","_weight":"2","_virtual":"no","_downloadable":"no","_download_limit":"-1","_download_expiry":"-1","_stock":"","_stock_status":"instock","_wc_average_rating":"0","_wc_review_count":"0","_product_version":"9.7.1","_price":"48","shopengine_product_views_count":"3029","_thumbnail_id":"4909","_product_attributes":{"erscheinungsdatum":{"name":"Erscheinungsdatum","value":"08.02.2021","position":0,"is_visible":1,"is_variation":0,"is_taxonomy":0,"checkout_visible":0}},"_nutrient_ids":[],"_upsell_ids":null,"pswc_subtitle":null,"_default_delivery_time":null,"_wp_desired_post_slug":null,"_isbn":null,"pageType":null,"isExternalUrl":null,"pageId":null,"externalUrl":null,"hideCookieBanner":null,"isTargetBlank":null,"isProviderCurrentWebsite":null,"isEmbeddingOnlyExternalResources":null,"legalBasis":null,"dataProcessingInCountries":null,"dataProcessingInCountriesSpecialTreatments":null,"technicalDefinitions":null,"googleConsentModeConsentTypes":null,"executePriority":null,"executeCodeOptInWhenNoTagManagerConsentIsGiven":null,"executeCodeOptOutWhenNoTagManagerConsentIsGiven":null,"deleteTechnicalDefinitionsAfterOptOut":null,"presetId":null,"presetVersion":null,"provider":null,"providerContactPhone":null,"providerContactEmail":null,"providerContactLink":null,"uniqueName":null,"providerPrivacyPolicyUrl":null,"providerLegalNoticeUrl":null,"codeOptIn":null,"codeOptOut":null,"codeOnPageLoad":null,"language_code":null,"shopengine_template__post_meta__type":null,"shopengine_template__post_meta":null,"shopengine_template__post_meta__edit_with":null,"origin":null,"_enabled":null,"_filters":null,"_layout":null,"_elementor_import_session_id":null,"_wp_trash_meta_status":null,"_wp_trash_meta_time":null,"_edit_lock":"1743598251:2","_elementor_floating_elements_type":null,"_elementor_edit_mode":null,"_elementor_template_type":null,"tc-thumb-fld":{"_thumb_id":4909,"_thumb_type":"thumb"},"_wp_page_template":"default","_elementor_version":null,"_elementor_pro_version":null,"_elementor_page_settings":null,"_elementor_data":null,"_elementor_conditions":null,"_elementor_popup_display_settings":null,"_edit_last":"2","_elementor_template_sub_type":null,"_elementor_controls_usage":null,"_elementor_screenshot":null,"_elementor_css":null,"_elementor_page_assets":[],"_elementor_element_cache":null,"_elementor_screenshot_failed":null,"_elementor_source":null,"_wp_old_date":null,"layout_key":"","post_slider_check_key":"0","_links":{"self":[{"href":"https:\/\/snoeck.de\/fr\/wp-json\/wp\/v2\/product\/3494","targetHints":{"allow":["GET"]}}],"collection":[{"href":"https:\/\/snoeck.de\/fr\/wp-json\/wp\/v2\/product"}],"about":[{"href":"https:\/\/snoeck.de\/fr\/wp-json\/wp\/v2\/types\/product"}],"wp:featuredmedia":[{"embeddable":true,"href":"https:\/\/snoeck.de\/fr\/wp-json\/wp\/v2\/media\/4909"}],"wp:attachment":[{"href":"https:\/\/snoeck.de\/fr\/wp-json\/wp\/v2\/media?parent=3494"}],"wp:term":[{"taxonomy":"product_brand","embeddable":true,"href":"https:\/\/snoeck.de\/fr\/wp-json\/wp\/v2\/product_brand?post=3494"},{"taxonomy":"product_cat","embeddable":true,"href":"https:\/\/snoeck.de\/fr\/wp-json\/wp\/v2\/product_cat?post=3494"},{"taxonomy":"product_tag","embeddable":true,"href":"https:\/\/snoeck.de\/fr\/wp-json\/wp\/v2\/product_tag?post=3494"}],"curies":[{"name":"wp","href":"https:\/\/api.w.org\/{rel}","templated":true}]}}