{"id":3495,"date":"2025-01-31T11:29:40","date_gmt":"2025-01-31T11:29:40","guid":{"rendered":"https:\/\/snoeck.process-vision.de\/shop\/tanja-boukal-haben-sie-auch-so-schoene-motive\/"},"modified":"2026-04-08T15:29:03","modified_gmt":"2026-04-08T14:29:03","slug":"tanja-boukal-haben-sie-auch-so-schoene-motive","status":"publish","type":"product","link":"https:\/\/snoeck.de\/fr\/shop\/tanja-boukal-haben-sie-auch-so-schoene-motive\/","title":{"rendered":"Tanja Boukal : Avez-vous aussi de si beaux motifs ?"},"content":{"rendered":"<h3>De r\u00e9voltes et de fuites<\/h3>\n<p>Le travail de Tanja Boukal (*1976) est centr\u00e9 sur les gens et leurs interactions dans des contextes sociaux. L'artiste ne s'int\u00e9resse pas \u00e0 l'impression ext\u00e9rieure que les gens donnent habituellement, mais \u00e0 ce dont ils sont capables lorsqu'ils sont confront\u00e9s \u00e0 des situations hors du commun : Comment parviennent-ils \u00e0 trouver des solutions, quelles sont leurs strat\u00e9gies et, enfin et surtout, quelle force de volont\u00e9 doivent-ils d\u00e9ployer pour atteindre leurs objectifs ? Et : est-ce que cela fait aussi partie de leur joie de vivre, poursuivent-ils leur bonheur pour eux-m\u00eames ou le recherchent-ils avec d'autres ? Pour Tanja Boukal, tout part de la notion de dignit\u00e9 humaine et ses travaux mettent en lumi\u00e8re des personnes qui, autrement, resteraient dans l'ombre. Il s'agit souvent de femmes qui associent l'artisanat traditionnel \u00e0 la cr\u00e9ativit\u00e9 et \u00e0 la joie de vivre. Tanja Boukal veut donner de l'espace aux personnes pour leurs activit\u00e9s de ce genre, elles doivent rester dans la m\u00e9moire de ceux qui les regardent en cr\u00e9ant quelque chose de significatif ; mais les personnes dont elle fait le portrait en profitent \u00e9galement dans leur propre compr\u00e9hension, en contribuant \u00e0 l'art de Tanja Boukal - une situation humaniste gagnant-gagnant qui, dans ce cas, m\u00e9rite vraiment son nom.<\/p>\n<p>Expositions :<br \/>\nGalerie Allerart Remise, Bludenz, 12\/11 - 30\/12\/2021<br \/>\nBrno House of Arts, Brno, 24\/11\/2021 - 6\/3\/2022<\/p>","protected":false},"excerpt":{"rendered":"<p>Texte (all.\/ang.) de Tina Teufel ainsi qu'un entretien entre Tanja Boukal et Sandrine Wyman<br \/>\n208 p. avec 350 illustrations en couleur<br \/>\nformat 28,5 x 24,5 cm, couverture rigide<\/p>","protected":false},"featured_media":4910,"template":"","meta":[],"product_brand":[],"product_cat":[95],"product_tag":[],"class_list":{"0":"post-3495","1":"product","2":"type-product","3":"status-publish","4":"has-post-thumbnail","6":"product_cat-vergriffen","8":"first","9":"outofstock","10":"taxable","11":"shipping-taxable","12":"product-type-simple"},"aioseo_notices":[],"_wp_attached_file":null,"_wp_attachment_metadata":null,"_wc_attachment_source":null,"_elementor_inline_svg":null,"_elementor_is_screenshot":null,"_elementor_source_image_hash":null,"_source_url":null,"_wp_attachment_context":null,"_menu_item_type":null,"_menu_item_menu_item_parent":null,"_menu_item_object_id":null,"_menu_item_object":null,"_menu_item_target":null,"_menu_item_classes":null,"_menu_item_xfn":null,"_menu_item_url":null,"__elementor_forms_snapshot":null,"_unit":"","_unit_base":"","_unit_product":"","_unit_price_auto":"no","_unit_price_regular":"","_unit_price":"","_unit_price_sale":"","_sale_price_label":"","_sale_price_regular_label":"","_manufacturer_slug":"","_mini_desc":"","_defect_description":"","_safety_instructions":"","_allergen_ids":[],"_warranty_attachment_id":"","_safety_attachment_ids":[],"_min_age":"","_ts_gtin":"","_ts_mpn":"","_delivery_time_countries":[],"_free_shipping":"no","_service":"no","_photovoltaic_system":"no","_used_good":"no","_defective_copy":"no","_wireless_electronic_device":"no","_device_contains_power_supply":"no","_device_charging_supports_usb_pd":"no","_device_charging_watt_min":"0","_device_charging_watt_max":"0","_is_food":"no","_differential_taxation":"no","_gzd_version":"3.18.7","_hs_code":"","_customs_description":"","_manufacture_country":"0","_is_non_returnable":"no","_shipping_length":"","_shipping_width":"","_shipping_height":"","_sku":"ISBN 978-3-86442-368-0","_global_unique_id":"978-3-86442-368-0","_regular_price":null,"total_sales":"0","_tax_status":"taxable","_tax_class":"","_manage_stock":"no","_backorders":"no","_sold_individually":"no","_weight":"2","_virtual":"no","_downloadable":"no","_download_limit":"-1","_download_expiry":"-1","_stock":"","_stock_status":"outofstock","_wc_average_rating":"0","_wc_review_count":"0","_product_version":"10.1.4","_price":"","shopengine_product_views_count":"2296","_thumbnail_id":"4910","_product_attributes":{"erscheinungsdatum":{"name":"Date de publication","value":"09.11.2021","position":0,"is_visible":1,"is_variation":0,"is_taxonomy":0,"checkout_visible":0}},"_nutrient_ids":[],"_upsell_ids":null,"pswc_subtitle":null,"_default_delivery_time":null,"_wp_desired_post_slug":null,"_isbn":null,"pageType":null,"isExternalUrl":null,"pageId":null,"externalUrl":null,"hideCookieBanner":null,"isTargetBlank":null,"isProviderCurrentWebsite":null,"isEmbeddingOnlyExternalResources":null,"legalBasis":null,"dataProcessingInCountries":null,"dataProcessingInCountriesSpecialTreatments":null,"technicalDefinitions":null,"googleConsentModeConsentTypes":null,"executePriority":null,"executeCodeOptInWhenNoTagManagerConsentIsGiven":null,"executeCodeOptOutWhenNoTagManagerConsentIsGiven":null,"deleteTechnicalDefinitionsAfterOptOut":null,"presetId":null,"presetVersion":null,"provider":null,"providerContactPhone":null,"providerContactEmail":null,"providerContactLink":null,"uniqueName":null,"providerPrivacyPolicyUrl":null,"providerLegalNoticeUrl":null,"codeOptIn":null,"codeOptOut":null,"codeOnPageLoad":null,"language_code":null,"shopengine_template__post_meta__type":null,"shopengine_template__post_meta":null,"shopengine_template__post_meta__edit_with":null,"origin":null,"_enabled":null,"_filters":null,"_layout":null,"_elementor_import_session_id":null,"_wp_trash_meta_status":null,"_wp_trash_meta_time":null,"_edit_lock":"1743598703:2","_elementor_floating_elements_type":null,"_elementor_edit_mode":null,"_elementor_template_type":null,"tc-thumb-fld":{"_thumb_id":4910,"_thumb_type":"thumb"},"_wp_page_template":"default","_elementor_version":null,"_elementor_pro_version":null,"_elementor_page_settings":null,"_elementor_data":null,"_elementor_conditions":null,"_elementor_popup_display_settings":null,"_edit_last":"2","_elementor_template_sub_type":null,"_elementor_controls_usage":null,"_elementor_screenshot":null,"_elementor_css":null,"_elementor_page_assets":[],"_elementor_element_cache":null,"_elementor_screenshot_failed":null,"_elementor_source":null,"_wp_old_date":null,"layout_key":"","post_slider_check_key":"0","_links":{"self":[{"href":"https:\/\/snoeck.de\/fr\/wp-json\/wp\/v2\/product\/3495","targetHints":{"allow":["GET"]}}],"collection":[{"href":"https:\/\/snoeck.de\/fr\/wp-json\/wp\/v2\/product"}],"about":[{"href":"https:\/\/snoeck.de\/fr\/wp-json\/wp\/v2\/types\/product"}],"wp:featuredmedia":[{"embeddable":true,"href":"https:\/\/snoeck.de\/fr\/wp-json\/wp\/v2\/media\/4910"}],"wp:attachment":[{"href":"https:\/\/snoeck.de\/fr\/wp-json\/wp\/v2\/media?parent=3495"}],"wp:term":[{"taxonomy":"product_brand","embeddable":true,"href":"https:\/\/snoeck.de\/fr\/wp-json\/wp\/v2\/product_brand?post=3495"},{"taxonomy":"product_cat","embeddable":true,"href":"https:\/\/snoeck.de\/fr\/wp-json\/wp\/v2\/product_cat?post=3495"},{"taxonomy":"product_tag","embeddable":true,"href":"https:\/\/snoeck.de\/fr\/wp-json\/wp\/v2\/product_tag?post=3495"}],"curies":[{"name":"wp","href":"https:\/\/api.w.org\/{rel}","templated":true}]}}