{"id":3496,"date":"2025-01-31T11:29:41","date_gmt":"2025-01-31T11:29:41","guid":{"rendered":"https:\/\/snoeck.process-vision.de\/shop\/martin-boyce\/"},"modified":"2026-04-08T14:17:56","modified_gmt":"2026-04-08T13:17:56","slug":"martin-boyce","status":"publish","type":"product","link":"https:\/\/snoeck.de\/fr\/shop\/martin-boyce\/","title":{"rendered":"Martin Boyce"},"content":{"rendered":"<h3>Prix Turner 2011<\/h3>\n<p>Mes sculptures peuvent-elles r\u00eaver ? Aussi surprenante que puisse para\u00eetre cette question, Martin Boyce en rajoute une couche, \u00e0 savoir \"si les sculptures, comme les r\u00e9plicants du film Blade Runner, sont dot\u00e9es d'une intelligence artificielle ou si leur conception et leur r\u00e9alisation leur conf\u00e8rent une vie propre\". De telles questions nous conduisent au c\u0153ur d'une \u0153uvre sculpturale surprenante, que Martin Boyce, n\u00e9 en 1967 \u00e0 Glasgow et y vivant toujours, d\u00e9veloppe depuis 2005 \u00e0 partir d'un alphabet cubique de formes pentagonales pour un syst\u00e8me modulaire aux ramifications \u00e9tendues. Les formes qui composent les abat-jour, les sculptures au sol, les sculptures d'ext\u00e9rieur ou les cabines t\u00e9l\u00e9phoniques ont \u00e9t\u00e9 d\u00e9velopp\u00e9es par Martin Boyce apr\u00e8s la d\u00e9couverte fortuite d'une photo de 1925 d'une sculpture d'arbre en b\u00e9ton des fr\u00e8res Jo\u00ebl et Jan Martel : \"J'ai pos\u00e9 des formes coup\u00e9es \u00e0 plat sur la table et je suis tomb\u00e9 sur un motif lin\u00e9aire bas\u00e9 sur la structure de base des arbres. Lentement, j'ai commenc\u00e9 \u00e0 lire des lettres \u00e0 partir de ces lignes r\u00e9p\u00e9titives\". Et ce n'est pas seulement cette loi qui est \u00e0 la base de ses travaux et \u00e0 laquelle il faut attribuer le succ\u00e8s de Martin Boyce avec ses sculptures incomparables, il r\u00e9ussit plut\u00f4t, par exemple avec son installation en 2009 dans un pavillon v\u00e9nitien \u00e0 la Biennale de Venise, \u00e0 r\u00e9aliser simplement, m\u00eame pour un large public, une imbrication presque symbiotique entre l'espace int\u00e9rieur et ext\u00e9rieur, la sculpture abstraite et la nature. Il est donc fort possible que Martin Boyce doive en premier lieu le Turner Prize 2011 \u00e0 une approche aussi touchante de son travail.<\/p>\n<p>Exposition :<br \/>\nBaltic Center for Contemporary Art, Gateshead, 21\/10\/2011 - 8\/1\/2012<\/p>","protected":false},"excerpt":{"rendered":"<p>Catalogue d'exposition, \u00e9dit\u00e9 pour la Daimler Art Collection, par Renate Wiehager et Christian Ganzenberg<br \/>\nTexte (all.\/ang.) de Renate Wiehager ainsi qu'une interview de l'artiste par Christian Ganzenberg<br \/>\n80 p. avec 40 illustrations en couleur<br \/>\nformat 19 x 25 cm, toile avec titre et dos estamp\u00e9s<\/p>","protected":false},"featured_media":4911,"template":"","meta":[],"product_brand":[],"product_cat":[95],"product_tag":[],"class_list":{"0":"post-3496","1":"product","2":"type-product","3":"status-publish","4":"has-post-thumbnail","6":"product_cat-vergriffen","8":"first","9":"outofstock","10":"taxable","11":"shipping-taxable","12":"product-type-simple"},"aioseo_notices":[],"_wp_attached_file":null,"_wp_attachment_metadata":null,"_wc_attachment_source":null,"_elementor_inline_svg":null,"_elementor_is_screenshot":null,"_elementor_source_image_hash":null,"_source_url":null,"_wp_attachment_context":null,"_menu_item_type":null,"_menu_item_menu_item_parent":null,"_menu_item_object_id":null,"_menu_item_object":null,"_menu_item_target":null,"_menu_item_classes":null,"_menu_item_xfn":null,"_menu_item_url":null,"__elementor_forms_snapshot":null,"_unit":"","_unit_base":"","_unit_product":"","_unit_price_auto":"no","_unit_price_regular":"","_unit_price":"","_unit_price_sale":"","_sale_price_label":"","_sale_price_regular_label":"","_manufacturer_slug":"","_mini_desc":"","_defect_description":"","_safety_instructions":"","_allergen_ids":[],"_warranty_attachment_id":"","_safety_attachment_ids":[],"_min_age":"","_ts_gtin":"","_ts_mpn":"","_delivery_time_countries":[],"_free_shipping":"no","_service":"no","_photovoltaic_system":"no","_used_good":"no","_defective_copy":"no","_wireless_electronic_device":"no","_device_contains_power_supply":"no","_device_charging_supports_usb_pd":"no","_device_charging_watt_min":"0","_device_charging_watt_max":"0","_is_food":"no","_differential_taxation":"no","_gzd_version":"3.18.7","_hs_code":"","_customs_description":"","_manufacture_country":"0","_is_non_returnable":"no","_shipping_length":"","_shipping_width":"","_shipping_height":"","_sku":"ISBN 978-3-86442-005-4","_global_unique_id":"978-3-86442-005-4","_regular_price":null,"total_sales":"0","_tax_status":"taxable","_tax_class":"","_manage_stock":"no","_backorders":"no","_sold_individually":"no","_weight":"1","_virtual":"no","_downloadable":"no","_download_limit":"-1","_download_expiry":"-1","_stock":"","_stock_status":"outofstock","_wc_average_rating":"0","_wc_review_count":"0","_product_version":"10.1.4","_price":"","shopengine_product_views_count":"2720","_thumbnail_id":"4911","_product_attributes":{"erscheinungsdatum":{"name":"Date de publication","value":"20.01.2012","position":0,"is_visible":1,"is_variation":0,"is_taxonomy":0,"checkout_visible":0}},"_nutrient_ids":[],"_upsell_ids":null,"pswc_subtitle":null,"_default_delivery_time":null,"_wp_desired_post_slug":null,"_isbn":null,"pageType":null,"isExternalUrl":null,"pageId":null,"externalUrl":null,"hideCookieBanner":null,"isTargetBlank":null,"isProviderCurrentWebsite":null,"isEmbeddingOnlyExternalResources":null,"legalBasis":null,"dataProcessingInCountries":null,"dataProcessingInCountriesSpecialTreatments":null,"technicalDefinitions":null,"googleConsentModeConsentTypes":null,"executePriority":null,"executeCodeOptInWhenNoTagManagerConsentIsGiven":null,"executeCodeOptOutWhenNoTagManagerConsentIsGiven":null,"deleteTechnicalDefinitionsAfterOptOut":null,"presetId":null,"presetVersion":null,"provider":null,"providerContactPhone":null,"providerContactEmail":null,"providerContactLink":null,"uniqueName":null,"providerPrivacyPolicyUrl":null,"providerLegalNoticeUrl":null,"codeOptIn":null,"codeOptOut":null,"codeOnPageLoad":null,"language_code":null,"shopengine_template__post_meta__type":null,"shopengine_template__post_meta":null,"shopengine_template__post_meta__edit_with":null,"origin":null,"_enabled":null,"_filters":null,"_layout":null,"_elementor_import_session_id":null,"_wp_trash_meta_status":null,"_wp_trash_meta_time":null,"_edit_lock":"1743598126:2","_elementor_floating_elements_type":null,"_elementor_edit_mode":null,"_elementor_template_type":null,"tc-thumb-fld":{"_thumb_id":4911,"_thumb_type":"thumb"},"_wp_page_template":"default","_elementor_version":null,"_elementor_pro_version":null,"_elementor_page_settings":null,"_elementor_data":null,"_elementor_conditions":null,"_elementor_popup_display_settings":null,"_edit_last":"2","_elementor_template_sub_type":null,"_elementor_controls_usage":null,"_elementor_screenshot":null,"_elementor_css":null,"_elementor_page_assets":[],"_elementor_element_cache":null,"_elementor_screenshot_failed":null,"_elementor_source":null,"_wp_old_date":null,"layout_key":"","post_slider_check_key":"0","_links":{"self":[{"href":"https:\/\/snoeck.de\/fr\/wp-json\/wp\/v2\/product\/3496","targetHints":{"allow":["GET"]}}],"collection":[{"href":"https:\/\/snoeck.de\/fr\/wp-json\/wp\/v2\/product"}],"about":[{"href":"https:\/\/snoeck.de\/fr\/wp-json\/wp\/v2\/types\/product"}],"wp:featuredmedia":[{"embeddable":true,"href":"https:\/\/snoeck.de\/fr\/wp-json\/wp\/v2\/media\/4911"}],"wp:attachment":[{"href":"https:\/\/snoeck.de\/fr\/wp-json\/wp\/v2\/media?parent=3496"}],"wp:term":[{"taxonomy":"product_brand","embeddable":true,"href":"https:\/\/snoeck.de\/fr\/wp-json\/wp\/v2\/product_brand?post=3496"},{"taxonomy":"product_cat","embeddable":true,"href":"https:\/\/snoeck.de\/fr\/wp-json\/wp\/v2\/product_cat?post=3496"},{"taxonomy":"product_tag","embeddable":true,"href":"https:\/\/snoeck.de\/fr\/wp-json\/wp\/v2\/product_tag?post=3496"}],"curies":[{"name":"wp","href":"https:\/\/api.w.org\/{rel}","templated":true}]}}