{"id":3497,"date":"2025-01-31T11:29:42","date_gmt":"2025-01-31T11:29:42","guid":{"rendered":"https:\/\/snoeck.process-vision.de\/shop\/carina-brandes-mothers-tongue\/"},"modified":"2025-04-02T12:48:41","modified_gmt":"2025-04-02T12:48:41","slug":"carina-brandes-mothers-tongue","status":"publish","type":"product","link":"https:\/\/snoeck.de\/fr\/shop\/carina-brandes-mothers-tongue\/","title":{"rendered":"Carina Brandes : La langue de la m\u00e8re"},"content":{"rendered":"<h3>Abjet\/objet\/sujet<\/h3>\n<p>Le travail photographique de Carina Brandes (*1982) - qu'elle a pr\u00e9sent\u00e9 en 2018 au Kunstverein Heilbronn - est centr\u00e9 sur son propre corps, qu'elle utilise - de mani\u00e8re presque cool, selon une lecture courante aujourd'hui - comme mat\u00e9riau de sa production artistique. Il en r\u00e9sulte des confrontations surr\u00e9alistes entre son corps et les mondes d'objets les plus divers, ce qui transforme les settings d'apparence quotidienne en \u00e9v\u00e9nements myst\u00e9rieux pleins de convoitise latente. Dans le contexte de la politique actuelle en mati\u00e8re de genre et de corps, le corps f\u00e9minin est g\u00e9n\u00e9ralement synonyme d'horreur et de sexe, associ\u00e9 \u00e0 des victimes maltrait\u00e9es ou d\u00e9grad\u00e9 en un moyen publicitaire aguicheur. Carina Brandes oppose \u00e0 cela son apparence ambigu\u00eb dans un monde d\u00e9lib\u00e9r\u00e9ment sans hommes, qui peut \u00eatre d\u00e9termin\u00e9 aussi bien par une objectivit\u00e9 abjecte que par des moments sensuels et humoristiques. Ancienne gymnaste, l'artiste est familiaris\u00e9e depuis sa plus tendre enfance avec son corps en tant que m\u00e9dium de l'autoportrait. Elle travaille le plus souvent seule et utilise syst\u00e9matiquement la technique photographique analogique. Son approche \u00e0 la fois ludique et dynamique pousse l'interaction entre la sensation et le stimulus ext\u00e9rieur, entre le sujet et l'objet, au-del\u00e0 des questions f\u00e9ministes formul\u00e9es par les positions d'Ana Mendieta, Maria Lassnig, Valie Export ou Cindy Sherman, que l'on peut d\u00e9j\u00e0 qualifier de classiques. En tant que laur\u00e9ate de la Villa Romana 2017, elle a d\u00e9velopp\u00e9 de nouveaux travaux \u00e0 Florence, qui ont \u00e9t\u00e9 int\u00e9gr\u00e9s dans le vaste aper\u00e7u de ses travaux r\u00e9alis\u00e9 pour la premi\u00e8re fois par cette publication.<\/p>\n<p>Exposition :<br \/>\nKunstverein Heilbronn, 22\/9 - 25\/11\/2019<\/p>","protected":false},"excerpt":{"rendered":"<p>Catalogue d'exposition, Kunstverein Heilbronn, \u00e9d. par Matthia L\u00f6bke<br \/>\nTexte (all.\/ang.) de Sebastian Jaehn, Matthia L\u00f6bke<br \/>\n112 p. avec 110 illustrations en duotone<br \/>\nformat 30 x 22,5 cm, couverture souple<\/p>","protected":false},"featured_media":4912,"template":"","meta":[],"product_brand":[],"product_cat":[110,59,70],"product_tag":[],"class_list":{"0":"post-3497","1":"product","2":"type-product","3":"status-publish","4":"has-post-thumbnail","6":"product_cat-110","7":"product_cat-b","8":"product_cat-m","10":"first","11":"instock","12":"taxable","13":"shipping-taxable","14":"purchasable","15":"product-type-simple"},"aioseo_notices":[],"_wp_attached_file":null,"_wp_attachment_metadata":null,"_wc_attachment_source":null,"_elementor_inline_svg":null,"_elementor_is_screenshot":null,"_elementor_source_image_hash":null,"_source_url":null,"_wp_attachment_context":null,"_menu_item_type":null,"_menu_item_menu_item_parent":null,"_menu_item_object_id":null,"_menu_item_object":null,"_menu_item_target":null,"_menu_item_classes":null,"_menu_item_xfn":null,"_menu_item_url":null,"__elementor_forms_snapshot":null,"_unit":"","_unit_base":"","_unit_product":"","_unit_price_auto":"no","_unit_price_regular":"","_unit_price":"","_unit_price_sale":"","_sale_price_label":"","_sale_price_regular_label":"","_manufacturer_slug":"","_mini_desc":"","_defect_description":"","_safety_instructions":"","_allergen_ids":[],"_warranty_attachment_id":"","_safety_attachment_ids":[],"_min_age":"","_ts_gtin":"","_ts_mpn":"","_delivery_time_countries":[],"_free_shipping":"no","_service":"no","_photovoltaic_system":"no","_used_good":"no","_defective_copy":"no","_wireless_electronic_device":"no","_device_contains_power_supply":"no","_device_charging_supports_usb_pd":"no","_device_charging_watt_min":"0","_device_charging_watt_max":"0","_is_food":"no","_differential_taxation":"no","_gzd_version":"3.18.7","_hs_code":"","_customs_description":"","_manufacture_country":"0","_is_non_returnable":"no","_shipping_length":"","_shipping_width":"","_shipping_height":"","_sku":"ISBN 978-3-86442-261-4","_global_unique_id":"978-3-86442-261-4","_regular_price":"26","total_sales":"0","_tax_status":"taxable","_tax_class":"","_manage_stock":"no","_backorders":"no","_sold_individually":"no","_weight":"1","_virtual":"no","_downloadable":"no","_download_limit":"-1","_download_expiry":"-1","_stock":"","_stock_status":"instock","_wc_average_rating":"0","_wc_review_count":"0","_product_version":"9.7.1","_price":"26","shopengine_product_views_count":"3310","_thumbnail_id":"4912","_product_attributes":{"erscheinungsdatum":{"name":"Date de publication","value":"17.09.2019","position":0,"is_visible":1,"is_variation":0,"is_taxonomy":0,"checkout_visible":0}},"_nutrient_ids":[],"_upsell_ids":null,"pswc_subtitle":null,"_default_delivery_time":null,"_wp_desired_post_slug":null,"_isbn":null,"pageType":null,"isExternalUrl":null,"pageId":null,"externalUrl":null,"hideCookieBanner":null,"isTargetBlank":null,"isProviderCurrentWebsite":null,"isEmbeddingOnlyExternalResources":null,"legalBasis":null,"dataProcessingInCountries":null,"dataProcessingInCountriesSpecialTreatments":null,"technicalDefinitions":null,"googleConsentModeConsentTypes":null,"executePriority":null,"executeCodeOptInWhenNoTagManagerConsentIsGiven":null,"executeCodeOptOutWhenNoTagManagerConsentIsGiven":null,"deleteTechnicalDefinitionsAfterOptOut":null,"presetId":null,"presetVersion":null,"provider":null,"providerContactPhone":null,"providerContactEmail":null,"providerContactLink":null,"uniqueName":null,"providerPrivacyPolicyUrl":null,"providerLegalNoticeUrl":null,"codeOptIn":null,"codeOptOut":null,"codeOnPageLoad":null,"language_code":null,"shopengine_template__post_meta__type":null,"shopengine_template__post_meta":null,"shopengine_template__post_meta__edit_with":null,"origin":null,"_enabled":null,"_filters":null,"_layout":null,"_elementor_import_session_id":null,"_wp_trash_meta_status":null,"_wp_trash_meta_time":null,"_edit_lock":"1743597981:2","_elementor_floating_elements_type":null,"_elementor_edit_mode":null,"_elementor_template_type":null,"tc-thumb-fld":{"_thumb_id":4912,"_thumb_type":"thumb"},"_wp_page_template":"default","_elementor_version":null,"_elementor_pro_version":null,"_elementor_page_settings":null,"_elementor_data":null,"_elementor_conditions":null,"_elementor_popup_display_settings":null,"_edit_last":"2","_elementor_template_sub_type":null,"_elementor_controls_usage":null,"_elementor_screenshot":null,"_elementor_css":null,"_elementor_page_assets":[],"_elementor_element_cache":null,"_elementor_screenshot_failed":null,"_elementor_source":null,"_wp_old_date":null,"layout_key":"","post_slider_check_key":"0","_links":{"self":[{"href":"https:\/\/snoeck.de\/fr\/wp-json\/wp\/v2\/product\/3497","targetHints":{"allow":["GET"]}}],"collection":[{"href":"https:\/\/snoeck.de\/fr\/wp-json\/wp\/v2\/product"}],"about":[{"href":"https:\/\/snoeck.de\/fr\/wp-json\/wp\/v2\/types\/product"}],"wp:featuredmedia":[{"embeddable":true,"href":"https:\/\/snoeck.de\/fr\/wp-json\/wp\/v2\/media\/4912"}],"wp:attachment":[{"href":"https:\/\/snoeck.de\/fr\/wp-json\/wp\/v2\/media?parent=3497"}],"wp:term":[{"taxonomy":"product_brand","embeddable":true,"href":"https:\/\/snoeck.de\/fr\/wp-json\/wp\/v2\/product_brand?post=3497"},{"taxonomy":"product_cat","embeddable":true,"href":"https:\/\/snoeck.de\/fr\/wp-json\/wp\/v2\/product_cat?post=3497"},{"taxonomy":"product_tag","embeddable":true,"href":"https:\/\/snoeck.de\/fr\/wp-json\/wp\/v2\/product_tag?post=3497"}],"curies":[{"name":"wp","href":"https:\/\/api.w.org\/{rel}","templated":true}]}}