{"id":3498,"date":"2025-01-31T11:29:42","date_gmt":"2025-01-31T11:29:42","guid":{"rendered":"https:\/\/snoeck.process-vision.de\/shop\/monika-brandmeier-eine-tropische-stimmung-nur-um-einiges-kuehler\/"},"modified":"2025-04-02T12:43:25","modified_gmt":"2025-04-02T12:43:25","slug":"monika-brandmeier-eine-tropische-stimmung-nur-um-einiges-kuehler","status":"publish","type":"product","link":"https:\/\/snoeck.de\/fr\/shop\/monika-brandmeier-eine-tropische-stimmung-nur-um-einiges-kuehler\/","title":{"rendered":"Monika Brandmeier : Une ambiance tropicale, mais un peu plus fra\u00eeche"},"content":{"rendered":"<h3>Impr\u00e9cis, mais d\u00e9termin\u00e9<\/h3>\n<p>Au cours du d\u00e9but des ann\u00e9es 1980, une pluralit\u00e9 de perspectives s'est impos\u00e9e dans le postmodernisme, qui d'une part ne trouvait plus de consensus dans les go\u00fbts, comme l'a fait remarquer Jean-Fran\u00e7ois Lyotard, mais qui d'autre part offrait une diversit\u00e9 croissante de styles et de projets de vie. C'est sous ces auspices que Monika Brandmeier commence son \u0153uvre artistique, qui se d\u00e9marque de ses jeunes contemporains sauvages par des tons \u00e9trangement \u00e9nigmatiques et sensibles. Elle travaille avec le langage comme source d'inspiration et moyen d'expression et parvient \u00e0 un langage formel essentiellement g\u00e9om\u00e9trique, qu'elle essaie toujours de charger s\u00e9mantiquement au-del\u00e0 de la simple mat\u00e9rialit\u00e9. \"Elle\", \u00e9crit Christian Ganzenberg dans son article, \"qui, au lieu de miser sur l'immersion physique et \u00e9motionnelle, mise sur la distance intellectuelle et physique du spectateur par rapport \u00e0 l'\u0153uvre d'art, d\u00e9couvre dans l'intersection de l'abstraction et de la concr\u00e9tisation le point de d\u00e9part personnel pour poursuivre des tendances r\u00e9ductionnistes et surr\u00e9alistes ainsi qu'une confrontation sensuelle et intellectuelle avec l'espace et le langage. Ses \u0153uvres se d\u00e9ploient au-del\u00e0 de la rigueur et de l'understatement calcul\u00e9 d'une pratique artistique rationnelle, elles sont toujours impr\u00e9gn\u00e9es d'un humour sous-jacent, comme nous le trouvons aussi dans les textes-machines de Francis Picabia, les exp\u00e9riences linguistiques et typographiques d'une Gertrude Stein ou d'une Friederike Mayr\u00f6cker, et aussi dans les po\u00e8mes de Rolf-Dieter Brinkmann\".<\/p>\n<p>Exposition :<br \/>\nKunsthalle Recklinghausen, 22\/9 - 17\/11\/2019<br \/>\nCentre d'art contemporain Zitadelle Spandau, 12\/6 - 19\/9\/2021<\/p>","protected":false},"excerpt":{"rendered":"<p>Catalogue d'exposition, Kunsthalle Recklinghausen, Centre d'art contemporain Zitadelle Spandau<br \/>\nTextes (all.\/ang.) de Christian Ganzenberg, Ludwig Seyfarth<br \/>\n176 pages avec 140 illustrations en couleur<br \/>\nformat 22 x 32 cm, brochure \u00e0 rabats<\/p>","protected":false},"featured_media":4913,"template":"","meta":[],"product_brand":[],"product_cat":[86,59],"product_tag":[],"class_list":{"0":"post-3498","1":"product","2":"type-product","3":"status-publish","4":"has-post-thumbnail","6":"product_cat-86","7":"product_cat-b","9":"first","10":"instock","11":"taxable","12":"shipping-taxable","13":"purchasable","14":"product-type-simple"},"aioseo_notices":[],"_wp_attached_file":null,"_wp_attachment_metadata":null,"_wc_attachment_source":null,"_elementor_inline_svg":null,"_elementor_is_screenshot":null,"_elementor_source_image_hash":null,"_source_url":null,"_wp_attachment_context":null,"_menu_item_type":null,"_menu_item_menu_item_parent":null,"_menu_item_object_id":null,"_menu_item_object":null,"_menu_item_target":null,"_menu_item_classes":null,"_menu_item_xfn":null,"_menu_item_url":null,"__elementor_forms_snapshot":null,"_unit":"","_unit_base":"","_unit_product":"","_unit_price_auto":"no","_unit_price_regular":"","_unit_price":"","_unit_price_sale":"","_sale_price_label":"","_sale_price_regular_label":"","_manufacturer_slug":"","_mini_desc":"","_defect_description":"","_safety_instructions":"","_allergen_ids":[],"_warranty_attachment_id":"","_safety_attachment_ids":[],"_min_age":"","_ts_gtin":"","_ts_mpn":"","_delivery_time_countries":[],"_free_shipping":"no","_service":"no","_photovoltaic_system":"no","_used_good":"no","_defective_copy":"no","_wireless_electronic_device":"no","_device_contains_power_supply":"no","_device_charging_supports_usb_pd":"no","_device_charging_watt_min":"0","_device_charging_watt_max":"0","_is_food":"no","_differential_taxation":"no","_gzd_version":"3.18.7","_hs_code":"","_customs_description":"","_manufacture_country":"0","_is_non_returnable":"no","_shipping_length":"","_shipping_width":"","_shipping_height":"","_sku":"ISBN 978-3-86442-369-7","_global_unique_id":"978-3-86442-369-7","_regular_price":"48","total_sales":"0","_tax_status":"taxable","_tax_class":"","_manage_stock":"no","_backorders":"no","_sold_individually":"no","_weight":"2","_virtual":"no","_downloadable":"no","_download_limit":"-1","_download_expiry":"-1","_stock":"","_stock_status":"instock","_wc_average_rating":"0","_wc_review_count":"0","_product_version":"9.7.1","_price":"48","shopengine_product_views_count":"2242","_thumbnail_id":"4913","_product_attributes":{"erscheinungsdatum":{"name":"Erscheinungsdatum","value":"10.06.2022","position":0,"is_visible":1,"is_variation":0,"is_taxonomy":0,"checkout_visible":0}},"_nutrient_ids":[],"_upsell_ids":null,"pswc_subtitle":null,"_default_delivery_time":null,"_wp_desired_post_slug":null,"_isbn":null,"pageType":null,"isExternalUrl":null,"pageId":null,"externalUrl":null,"hideCookieBanner":null,"isTargetBlank":null,"isProviderCurrentWebsite":null,"isEmbeddingOnlyExternalResources":null,"legalBasis":null,"dataProcessingInCountries":null,"dataProcessingInCountriesSpecialTreatments":null,"technicalDefinitions":null,"googleConsentModeConsentTypes":null,"executePriority":null,"executeCodeOptInWhenNoTagManagerConsentIsGiven":null,"executeCodeOptOutWhenNoTagManagerConsentIsGiven":null,"deleteTechnicalDefinitionsAfterOptOut":null,"presetId":null,"presetVersion":null,"provider":null,"providerContactPhone":null,"providerContactEmail":null,"providerContactLink":null,"uniqueName":null,"providerPrivacyPolicyUrl":null,"providerLegalNoticeUrl":null,"codeOptIn":null,"codeOptOut":null,"codeOnPageLoad":null,"language_code":null,"shopengine_template__post_meta__type":null,"shopengine_template__post_meta":null,"shopengine_template__post_meta__edit_with":null,"origin":null,"_enabled":null,"_filters":null,"_layout":null,"_elementor_import_session_id":null,"_wp_trash_meta_status":null,"_wp_trash_meta_time":null,"_edit_lock":"1743597682:2","_elementor_floating_elements_type":null,"_elementor_edit_mode":null,"_elementor_template_type":null,"tc-thumb-fld":{"_thumb_id":4913,"_thumb_type":"thumb"},"_wp_page_template":"default","_elementor_version":null,"_elementor_pro_version":null,"_elementor_page_settings":null,"_elementor_data":null,"_elementor_conditions":null,"_elementor_popup_display_settings":null,"_edit_last":"2","_elementor_template_sub_type":null,"_elementor_controls_usage":null,"_elementor_screenshot":null,"_elementor_css":null,"_elementor_page_assets":[],"_elementor_element_cache":null,"_elementor_screenshot_failed":null,"_elementor_source":null,"_wp_old_date":null,"layout_key":"","post_slider_check_key":"0","_links":{"self":[{"href":"https:\/\/snoeck.de\/fr\/wp-json\/wp\/v2\/product\/3498","targetHints":{"allow":["GET"]}}],"collection":[{"href":"https:\/\/snoeck.de\/fr\/wp-json\/wp\/v2\/product"}],"about":[{"href":"https:\/\/snoeck.de\/fr\/wp-json\/wp\/v2\/types\/product"}],"wp:featuredmedia":[{"embeddable":true,"href":"https:\/\/snoeck.de\/fr\/wp-json\/wp\/v2\/media\/4913"}],"wp:attachment":[{"href":"https:\/\/snoeck.de\/fr\/wp-json\/wp\/v2\/media?parent=3498"}],"wp:term":[{"taxonomy":"product_brand","embeddable":true,"href":"https:\/\/snoeck.de\/fr\/wp-json\/wp\/v2\/product_brand?post=3498"},{"taxonomy":"product_cat","embeddable":true,"href":"https:\/\/snoeck.de\/fr\/wp-json\/wp\/v2\/product_cat?post=3498"},{"taxonomy":"product_tag","embeddable":true,"href":"https:\/\/snoeck.de\/fr\/wp-json\/wp\/v2\/product_tag?post=3498"}],"curies":[{"name":"wp","href":"https:\/\/api.w.org\/{rel}","templated":true}]}}