{"id":3500,"date":"2025-01-31T11:29:43","date_gmt":"2025-01-31T11:29:43","guid":{"rendered":"https:\/\/snoeck.process-vision.de\/shop\/geta-bratescu\/"},"modified":"2025-04-02T12:31:10","modified_gmt":"2025-04-02T12:31:10","slug":"geta-bratescu","status":"publish","type":"product","link":"https:\/\/snoeck.de\/fr\/shop\/geta-bratescu\/","title":{"rendered":"Geta Br\u0103tescu"},"content":{"rendered":"<h3>L'art est un jeu s\u00e9rieux<\/h3>\n<p>Geta Br\u0103tescu est consid\u00e9r\u00e9e comme la grande dame de l'art conceptuel en Roumanie. Elle s'est fait conna\u00eetre du grand public \u00e0 l'occasion de la 55e Biennale de Venise en 2013 ; le magazine d'art BLAU lui a rendu hommage en d\u00e9tail dans son \u00e9dition de d\u00e9cembre\/janvier 2015\/16. Le catalogue complet para\u00eet maintenant \u00e0 l'occasion de l'exposition d'\u0153uvres organis\u00e9e par la Hamburger Kunsthalle \u00e0 l'occasion de son 90e anniversaire, qui rassemble des \u0153uvres cl\u00e9s et des s\u00e9ries d'\u0153uvres importantes sur plus de six d\u00e9cennies. Il s'agit de la premi\u00e8re exposition mus\u00e9ale r\u00e9trospective de l'artiste en dehors de son pays natal. La m\u00e9moire et l'histoire, les processus de s\u00e9dimentation historique et de croissance organique, la conformit\u00e9 et la d\u00e9viance, le questionnement et l'affirmation de soi sont des th\u00e8mes que Geta Br\u0103tescu n'a cess\u00e9 de retravailler et de remettre en question au cours de son long parcours artistique. L'\u0153uvre de l'artiste, qui vit \u00e0 Bucarest, est extraordinairement vari\u00e9e et ne peut \u00eatre rattach\u00e9e \u00e0 un seul style. Geta Br\u0103tescu travaille aussi bien dans l'abstrait que dans le figuratif, \u00e0 petite \u00e9chelle ou dans l'espace, et elle utilise diff\u00e9rents m\u00e9dias comme le dessin, la photographie, le film, le travail sur tissu et la sculpture. Elle se consid\u00e8re elle-m\u00eame avant tout comme une dessinatrice au service de la ligne et d\u00e9crit ses collages de papier aux couleurs vives comme un \"dessin avec des ciseaux\", ses travaux sur tissu comme un \"dessin avec une machine \u00e0 coudre\". Parall\u00e8lement, dans de nouvelles s\u00e9ries d'\u0153uvres abstraites, les \"Cut Outs\" (d\u00e9coupages), l'int\u00e9r\u00eat de l'artiste se porte sur la relation entre la ligne et la surface, d\u00e9clinant cette relation en s\u00e9ries et modulations apparemment infinies. Fascin\u00e9e par la litt\u00e9rature et la philosophie, elle se consacre en connaissance de cause aux grandes figures de la litt\u00e9rature mondiale comme M\u00e9d\u00e9e, Didon ou Faust. Pendant de nombreuses d\u00e9cennies, Geta Br\u0103tescu a \u00e9galement \u00e9t\u00e9 responsable de la conception graphique du magazine Secolul 20 (aujourd'hui Secolul 21), le plus important organe de publication culturel et intellectuel de Roumanie, auquel elle est rest\u00e9e fid\u00e8le jusqu'\u00e0 aujourd'hui.<\/p>\n<p>Exposition :<br \/>\nGalerie du pr\u00e9sent, Hamburger Kunsthalle, 30\/4 - 7\/8\/2016<\/p>","protected":false},"excerpt":{"rendered":"<p>Catalogue d'exposition, Galerie der Gegenwart\/Hamburger Kunsthalle, \u00e9d. par Hubertus Ga\u00dfner, Brigitte K\u00f6lle<br \/>\nTextes (all.\/ang.) de Hubertus Ga\u00dfner et Brigitte K\u00f6lle, Michael K\u00f6hlmeier, Magda Radu et un entretien de Brigitte K\u00f6lle avec Geta Br\u0103tescu ainsi que des contributions d'artistes de Cristina David, Ion Grigorescu, Ciprian Muresan, Lia Perjovschi, Mircea Cantor, Dan Perjovschi<br \/>\n192 p. avec 110 illustrations en couleur et 15 en noir et blanc<br \/>\nFormat 23,2 x 16,9 cm, couverture rigide<\/p>","protected":false},"featured_media":4915,"template":"","meta":[],"product_brand":[],"product_cat":[108,59,90],"product_tag":[],"class_list":{"0":"post-3500","1":"product","2":"type-product","3":"status-publish","4":"has-post-thumbnail","6":"product_cat-108","7":"product_cat-b","8":"product_cat-rare-books","10":"first","11":"instock","12":"taxable","13":"shipping-taxable","14":"purchasable","15":"product-type-simple"},"aioseo_notices":[],"_wp_attached_file":null,"_wp_attachment_metadata":null,"_wc_attachment_source":null,"_elementor_inline_svg":null,"_elementor_is_screenshot":null,"_elementor_source_image_hash":null,"_source_url":null,"_wp_attachment_context":null,"_menu_item_type":null,"_menu_item_menu_item_parent":null,"_menu_item_object_id":null,"_menu_item_object":null,"_menu_item_target":null,"_menu_item_classes":null,"_menu_item_xfn":null,"_menu_item_url":null,"__elementor_forms_snapshot":null,"_unit":"","_unit_base":"","_unit_product":"","_unit_price_auto":"no","_unit_price_regular":"","_unit_price":"","_unit_price_sale":"","_sale_price_label":"","_sale_price_regular_label":"","_manufacturer_slug":"","_mini_desc":"","_defect_description":"","_safety_instructions":"","_allergen_ids":[],"_warranty_attachment_id":"","_safety_attachment_ids":[],"_min_age":"","_ts_gtin":"","_ts_mpn":"","_delivery_time_countries":[],"_free_shipping":"no","_service":"no","_photovoltaic_system":"no","_used_good":"no","_defective_copy":"no","_wireless_electronic_device":"no","_device_contains_power_supply":"no","_device_charging_supports_usb_pd":"no","_device_charging_watt_min":"0","_device_charging_watt_max":"0","_is_food":"no","_differential_taxation":"no","_gzd_version":"3.18.7","_hs_code":"","_customs_description":"","_manufacture_country":"0","_is_non_returnable":"no","_shipping_length":"","_shipping_width":"","_shipping_height":"","_sku":"ISBN 978-3-86442-172-3","_global_unique_id":"978-3-86442-172-3","_regular_price":"98","total_sales":"0","_tax_status":"taxable","_tax_class":"","_manage_stock":"no","_backorders":"no","_sold_individually":"no","_weight":"1","_virtual":"no","_downloadable":"no","_download_limit":"-1","_download_expiry":"-1","_stock":"","_stock_status":"instock","_wc_average_rating":"0","_wc_review_count":"0","_product_version":"9.7.1","_price":"98","shopengine_product_views_count":"3370","_thumbnail_id":"4915","_product_attributes":{"erscheinungsdatum":{"name":"Date de publication","value":"25.04.2016","position":0,"is_visible":1,"is_variation":0,"is_taxonomy":0,"checkout_visible":0}},"_nutrient_ids":[],"_upsell_ids":null,"pswc_subtitle":null,"_default_delivery_time":"","_wp_desired_post_slug":null,"_isbn":null,"pageType":null,"isExternalUrl":null,"pageId":null,"externalUrl":null,"hideCookieBanner":null,"isTargetBlank":null,"isProviderCurrentWebsite":null,"isEmbeddingOnlyExternalResources":null,"legalBasis":null,"dataProcessingInCountries":null,"dataProcessingInCountriesSpecialTreatments":null,"technicalDefinitions":null,"googleConsentModeConsentTypes":null,"executePriority":null,"executeCodeOptInWhenNoTagManagerConsentIsGiven":null,"executeCodeOptOutWhenNoTagManagerConsentIsGiven":null,"deleteTechnicalDefinitionsAfterOptOut":null,"presetId":null,"presetVersion":null,"provider":null,"providerContactPhone":null,"providerContactEmail":null,"providerContactLink":null,"uniqueName":null,"providerPrivacyPolicyUrl":null,"providerLegalNoticeUrl":null,"codeOptIn":null,"codeOptOut":null,"codeOnPageLoad":null,"language_code":null,"shopengine_template__post_meta__type":null,"shopengine_template__post_meta":null,"shopengine_template__post_meta__edit_with":null,"origin":null,"_enabled":null,"_filters":null,"_layout":null,"_elementor_import_session_id":null,"_wp_trash_meta_status":null,"_wp_trash_meta_time":null,"_edit_lock":"1743596932:2","_elementor_floating_elements_type":null,"_elementor_edit_mode":null,"_elementor_template_type":null,"tc-thumb-fld":{"_thumb_id":4915,"_thumb_type":"thumb"},"_wp_page_template":"default","_elementor_version":null,"_elementor_pro_version":null,"_elementor_page_settings":null,"_elementor_data":null,"_elementor_conditions":null,"_elementor_popup_display_settings":null,"_edit_last":"2","_elementor_template_sub_type":null,"_elementor_controls_usage":null,"_elementor_screenshot":null,"_elementor_css":null,"_elementor_page_assets":[],"_elementor_element_cache":null,"_elementor_screenshot_failed":null,"_elementor_source":null,"_wp_old_date":null,"layout_key":"","post_slider_check_key":"0","_links":{"self":[{"href":"https:\/\/snoeck.de\/fr\/wp-json\/wp\/v2\/product\/3500","targetHints":{"allow":["GET"]}}],"collection":[{"href":"https:\/\/snoeck.de\/fr\/wp-json\/wp\/v2\/product"}],"about":[{"href":"https:\/\/snoeck.de\/fr\/wp-json\/wp\/v2\/types\/product"}],"wp:featuredmedia":[{"embeddable":true,"href":"https:\/\/snoeck.de\/fr\/wp-json\/wp\/v2\/media\/4915"}],"wp:attachment":[{"href":"https:\/\/snoeck.de\/fr\/wp-json\/wp\/v2\/media?parent=3500"}],"wp:term":[{"taxonomy":"product_brand","embeddable":true,"href":"https:\/\/snoeck.de\/fr\/wp-json\/wp\/v2\/product_brand?post=3500"},{"taxonomy":"product_cat","embeddable":true,"href":"https:\/\/snoeck.de\/fr\/wp-json\/wp\/v2\/product_cat?post=3500"},{"taxonomy":"product_tag","embeddable":true,"href":"https:\/\/snoeck.de\/fr\/wp-json\/wp\/v2\/product_tag?post=3500"}],"curies":[{"name":"wp","href":"https:\/\/api.w.org\/{rel}","templated":true}]}}